{"id":36,"date":"2018-10-31T08:46:33","date_gmt":"2018-10-31T10:46:33","guid":{"rendered":"https:\/\/www3.unicentro.br\/sesi\/?page_id=36"},"modified":"2022-10-20T18:06:01","modified_gmt":"2022-10-20T21:06:01","slug":"ppgdc","status":"publish","type":"page","link":"https:\/\/www3.unicentro.br\/sesi\/ppgdc\/","title":{"rendered":"P\u00f3s-Gradua\u00e7\u00e3o em Desenvolvimento Comunit\u00e1rio"},"content":{"rendered":"<div class=\"wpb-content-wrapper\"><p>[vc_row][vc_column width=&#8221;1\/4&#8243;][vc_column_text]<span style=\"font-family: georgia, palatino, serif;font-size: 16pt;color: #333333\"><strong>Contato:<\/strong><\/span><\/p>\n<p><span style=\"font-family: georgia, palatino, serif;font-size: 10pt;color: #333333\">E-mail:\u00a0ppidc.unicentro@gmail.com<\/span><br \/>\n<span style=\"font-family: georgia, palatino, serif;font-size: 10pt;color: #333333\">Fone:\u00a0(42) 3421-3114<\/span>[\/vc_column_text][vc_btn title=&#8221;Site do Mestrado&#8221; shape=&#8221;square&#8221; color=&#8221;primary&#8221; size=&#8221;lg&#8221; link=&#8221;url:https%3A%2F%2Fwww3.unicentro.br%2Fppgdc%2F|target:_blank&#8221;][\/vc_column][vc_column width=&#8221;3\/4&#8243;][vc_column_text]<\/p>\n<p style=\"text-align: justify\"><span style=\"font-family: georgia, palatino, serif;font-size: 12pt;color: #333333\">Estudo das pr\u00e1ticas e saberes interdisciplinares em contextos comunit\u00e1rios, englobando seus aspectos sociais, culturais, socioambientais, educacionais, formativos, de trabalho e de sa\u00fade.<\/span><\/p>\n<p><span style=\"font-size: 12pt;font-family: georgia, palatino, serif;color: #333333\"><strong>Nome do Programa:<\/strong>\u00a0Desenvolvimento Comunit\u00e1rio<\/span><br \/>\n<span style=\"font-size: 12pt;font-family: georgia, palatino, serif;color: #333333\"><strong>\u00c1rea Avalia\u00e7\u00e3o:<\/strong>\u00a0Interdisciplinar<\/span><br \/>\n<span style=\"font-size: 12pt;font-family: georgia, palatino, serif;color: #333333\"><strong>C\u00e2mara:<\/strong>\u00a0Sociais e Humanidades<\/span><br \/>\n<span style=\"font-size: 12pt;font-family: georgia, palatino, serif;color: #333333\"><strong>N\u00edvel:<\/strong>\u00a0Mestrado<\/span><br \/>\n<span style=\"font-size: 12pt;font-family: georgia, palatino, serif;color: #333333\"><strong>Hist\u00f3rico:<\/strong>\u00a0Aprovado pela CAPES em Novembro de 2012<\/span>[\/vc_column_text][\/vc_column][\/vc_row]<\/p>\n<\/div>","protected":false},"excerpt":{"rendered":"<p>[vc_row][vc_column width=&#8221;1\/4&#8243;][vc_column_text]Contato: E-mail:\u00a0ppidc.unicentro@gmail.com Fone:\u00a0(42) 3421-3114[\/vc_column_text][vc_btn title=&#8221;Site do Mestrado&#8221; shape=&#8221;square&#8221; color=&#8221;primary&#8221; size=&#8221;lg&#8221; link=&#8221;url:https%3A%2F%2Fwww3.unicentro.br%2Fppgdc%2F|target:_blank&#8221;][\/vc_column][vc_column width=&#8221;3\/4&#8243;][vc_column_text] Estudo das pr\u00e1ticas e saberes interdisciplinares em contextos comunit\u00e1rios, englobando seus aspectos sociais, culturais, socioambientais, educacionais, formativos, de trabalho e de sa\u00fade. Nome do Programa:\u00a0Desenvolvimento Comunit\u00e1rio \u00c1rea Avalia\u00e7\u00e3o:\u00a0Interdisciplinar C\u00e2mara:\u00a0Sociais e Humanidades N\u00edvel:\u00a0Mestrado Hist\u00f3rico:\u00a0Aprovado pela CAPES em Novembro de 2012[\/vc_column_text][\/vc_column][\/vc_row]<\/p>\n","protected":false},"author":3,"featured_media":0,"parent":0,"menu_order":0,"comment_status":"closed","ping_status":"closed","template":"","meta":{"_exactmetrics_skip_tracking":false,"_exactmetrics_sitenote_active":false,"_exactmetrics_sitenote_note":"","_exactmetrics_sitenote_category":0,"footnotes":"","_links_to":"","_links_to_target":""},"class_list":["post-36","page","type-page","status-publish","hentry"],"_links":{"self":[{"href":"https:\/\/www3.unicentro.br\/sesi\/wp-json\/wp\/v2\/pages\/36","targetHints":{"allow":["GET"]}}],"collection":[{"href":"https:\/\/www3.unicentro.br\/sesi\/wp-json\/wp\/v2\/pages"}],"about":[{"href":"https:\/\/www3.unicentro.br\/sesi\/wp-json\/wp\/v2\/types\/page"}],"author":[{"embeddable":true,"href":"https:\/\/www3.unicentro.br\/sesi\/wp-json\/wp\/v2\/users\/3"}],"replies":[{"embeddable":true,"href":"https:\/\/www3.unicentro.br\/sesi\/wp-json\/wp\/v2\/comments?post=36"}],"version-history":[{"count":0,"href":"https:\/\/www3.unicentro.br\/sesi\/wp-json\/wp\/v2\/pages\/36\/revisions"}],"wp:attachment":[{"href":"https:\/\/www3.unicentro.br\/sesi\/wp-json\/wp\/v2\/media?parent=36"}],"curies":[{"name":"wp","href":"https:\/\/api.w.org\/{rel}","templated":true}]}}