{"id":32,"date":"2018-10-31T08:43:54","date_gmt":"2018-10-31T10:43:54","guid":{"rendered":"https:\/\/www3.unicentro.br\/sesi\/?page_id=32"},"modified":"2023-02-24T14:59:27","modified_gmt":"2023-02-24T17:59:27","slug":"deduf","status":"publish","type":"page","link":"https:\/\/www3.unicentro.br\/sesi\/departamentos\/deduf\/","title":{"rendered":"Departamento de Educa\u00e7\u00e3o F\u00edsica"},"content":{"rendered":"<div class=\"wpb-content-wrapper\"><p>[vc_row][vc_column width=&#8221;1\/4&#8243;][vc_column_text]<span style=\"color: #333333;font-family: georgia, palatino, serif\"><strong><span style=\"font-size: 16pt\">CHEFIA<\/span><\/strong><\/span><\/p>\n<p><span style=\"color: #333333;font-family: georgia, palatino, serif;font-size: 10pt\">Chefe: Debora Gomes<\/span><br \/>\n<span style=\"color: #333333;font-family: georgia, palatino, serif;font-size: 10pt\">Vice-chefe: <\/span><span style=\"color: #333333;font-family: georgia, palatino, serif;font-size: 10pt\">Silvano da Silva Coutinho<\/span><\/p>\n<p><span style=\"color: #333333;font-family: georgia, palatino, serif;font-size: 10pt\">E-mail: deduf.irati@hotmail.com<\/span><br \/>\n<span style=\"color: #333333;font-family: georgia, palatino, serif;font-size: 10pt\">Fone: (42) 3421-3032<\/span>[\/vc_column_text][vc_btn title=&#8221;Site do Departamento&#8221; shape=&#8221;square&#8221; color=&#8221;primary&#8221; size=&#8221;lg&#8221; link=&#8221;url:https%3A%2F%2Fwww3.unicentro.br%2Fcursos%2Feducacao-fisica-irati%2F||target:%20_blank|&#8221;][\/vc_column][vc_column width=&#8221;3\/4&#8243;][vc_column_text]Curso Educa\u00e7\u00e3o F\u00edsica (Licenciatura &#8211; Bacharelado)<\/p>\n<p>Licenciatura<\/p>\n<p style=\"text-align: justify\"><span style=\"font-family: georgia, palatino, serif;font-size: 12pt;color: #333333\">O curso forma professores para interven\u00e7\u00e3o acad\u00eamico-profissional em Educa\u00e7\u00e3o F\u00edsica, \u00e1rea de conhecimento que tem como objeto de estudo e de aplica\u00e7\u00e3o as manifesta\u00e7\u00f5es e express\u00f5es culturais do movimento humano, com foco nas diferentes formas e modalidades do exerc\u00edcio f\u00edsico, da gin\u00e1stica, do jogo, do esporte, da luta\/arte marcial, da dan\u00e7a. Os professores de Educa\u00e7\u00e3o F\u00edsica s\u00e3o dotados de vis\u00e3o generalista, humanista e cr\u00edtica, qualificadora da interven\u00e7\u00e3o acad\u00eamico-profissional, fundamentada no rigor cient\u00edfico, na reflex\u00e3o filos\u00f3fica e na conduta \u00e9tica. Os professores de Educa\u00e7\u00e3o F\u00edsica s\u00e3o qualificados para analisar criticamente a realidade social, para nela intervir acad\u00eamica e profissionalmente por meio das diferentes manifesta\u00e7\u00f5es e express\u00f5es culturais do movimento humano, nas perspectivas da educa\u00e7\u00e3o, da cultura, da sa\u00fade, do lazer, entre outras.<\/span><\/p>\n<p>Bacharelado[\/vc_column_text][\/vc_column][\/vc_row]<\/p>\n<\/div>","protected":false},"excerpt":{"rendered":"<p>[vc_row][vc_column width=&#8221;1\/4&#8243;][vc_column_text]CHEFIA Chefe: Debora Gomes Vice-chefe: Silvano da Silva Coutinho E-mail: deduf.irati@hotmail.com Fone: (42) 3421-3032[\/vc_column_text][vc_btn title=&#8221;Site do Departamento&#8221; shape=&#8221;square&#8221; color=&#8221;primary&#8221; size=&#8221;lg&#8221; link=&#8221;url:https%3A%2F%2Fwww3.unicentro.br%2Fcursos%2Feducacao-fisica-irati%2F||target:%20_blank|&#8221;][\/vc_column][vc_column width=&#8221;3\/4&#8243;][vc_column_text]Curso Educa\u00e7\u00e3o F\u00edsica (Licenciatura &#8211; Bacharelado) Licenciatura O curso forma professores para interven\u00e7\u00e3o acad\u00eamico-profissional em Educa\u00e7\u00e3o F\u00edsica, \u00e1rea de conhecimento que tem como objeto de estudo e de aplica\u00e7\u00e3o as manifesta\u00e7\u00f5es e express\u00f5es [&hellip;]<\/p>\n","protected":false},"author":3,"featured_media":0,"parent":28,"menu_order":0,"comment_status":"closed","ping_status":"closed","template":"","meta":{"_exactmetrics_skip_tracking":false,"_exactmetrics_sitenote_active":false,"_exactmetrics_sitenote_note":"","_exactmetrics_sitenote_category":0,"footnotes":"","_links_to":"","_links_to_target":""},"class_list":["post-32","page","type-page","status-publish","hentry"],"_links":{"self":[{"href":"https:\/\/www3.unicentro.br\/sesi\/wp-json\/wp\/v2\/pages\/32","targetHints":{"allow":["GET"]}}],"collection":[{"href":"https:\/\/www3.unicentro.br\/sesi\/wp-json\/wp\/v2\/pages"}],"about":[{"href":"https:\/\/www3.unicentro.br\/sesi\/wp-json\/wp\/v2\/types\/page"}],"author":[{"embeddable":true,"href":"https:\/\/www3.unicentro.br\/sesi\/wp-json\/wp\/v2\/users\/3"}],"replies":[{"embeddable":true,"href":"https:\/\/www3.unicentro.br\/sesi\/wp-json\/wp\/v2\/comments?post=32"}],"version-history":[{"count":0,"href":"https:\/\/www3.unicentro.br\/sesi\/wp-json\/wp\/v2\/pages\/32\/revisions"}],"up":[{"embeddable":true,"href":"https:\/\/www3.unicentro.br\/sesi\/wp-json\/wp\/v2\/pages\/28"}],"wp:attachment":[{"href":"https:\/\/www3.unicentro.br\/sesi\/wp-json\/wp\/v2\/media?parent=32"}],"curies":[{"name":"wp","href":"https:\/\/api.w.org\/{rel}","templated":true}]}}