{"id":28,"date":"2018-10-31T08:40:09","date_gmt":"2018-10-31T10:40:09","guid":{"rendered":"https:\/\/www3.unicentro.br\/sesi\/?page_id=28"},"modified":"2023-06-15T16:03:14","modified_gmt":"2023-06-15T19:03:14","slug":"departamentos","status":"publish","type":"page","link":"https:\/\/www3.unicentro.br\/sesi\/departamentos\/","title":{"rendered":"Departamentos"},"content":{"rendered":"<div class=\"wpb-content-wrapper\"><p>[vc_row][vc_column width=&#8221;1\/3&#8243;][vc_column_text]<\/p>\n<p style=\"text-align: center\"><span style=\"color: #333333\"><a style=\"color: #333333\" href=\"https:\/\/www3.unicentro.br\/sesi\/departamentos\/deduf\/\"><strong><span style=\"font-family: georgia, palatino, serif;font-size: 20pt\"><span style=\"color: #333333\">Departamento de Educa\u00e7\u00e3o F\u00edsica<\/span><img loading=\"lazy\" decoding=\"async\" class=\"aligncenter wp-image-109\" src=\"https:\/\/www3.unicentro.br\/sesi\/wp-content\/uploads\/sites\/60\/2018\/11\/logoeduca\u00e7\u00e3of\u00edsica2-editado.png\" alt=\"\" width=\"223\" height=\"223\" srcset=\"https:\/\/www3.unicentro.br\/sesi\/wp-content\/uploads\/sites\/60\/2018\/11\/logoeduca\u00e7\u00e3of\u00edsica2-editado.png 198w, https:\/\/www3.unicentro.br\/sesi\/wp-content\/uploads\/sites\/60\/2018\/11\/logoeduca\u00e7\u00e3of\u00edsica2-editado-150x150.png 150w, https:\/\/www3.unicentro.br\/sesi\/wp-content\/uploads\/sites\/60\/2018\/11\/logoeduca\u00e7\u00e3of\u00edsica2-editado-50x50.png 50w, https:\/\/www3.unicentro.br\/sesi\/wp-content\/uploads\/sites\/60\/2018\/11\/logoeduca\u00e7\u00e3of\u00edsica2-editado-80x80.png 80w, https:\/\/www3.unicentro.br\/sesi\/wp-content\/uploads\/sites\/60\/2018\/11\/logoeduca\u00e7\u00e3of\u00edsica2-editado-100x100.png 100w\" sizes=\"auto, (max-width: 223px) 100vw, 223px\" \/><\/span><\/strong><\/a><\/span><\/p>\n<p>[\/vc_column_text][\/vc_column][vc_column width=&#8221;1\/3&#8243;][vc_column_text]<\/p>\n<p style=\"text-align: center\"><span style=\"color: #333333\"><strong style=\"color: #333333\"><span style=\"font-size: 20pt;font-family: georgia, palatino, serif\"><a style=\"color: #333333\" href=\"https:\/\/www3.unicentro.br\/sesi\/departamentos\/defono\/\">Departamento de Fonoaudiologia<\/a><a href=\"https:\/\/www3.unicentro.br\/sesi\/departamentos\/defono\/\"><img loading=\"lazy\" decoding=\"async\" class=\"alignnone wp-image-105 size-post-thumbnail\" src=\"https:\/\/www3.unicentro.br\/sesi\/wp-content\/uploads\/sites\/60\/2018\/11\/Logo-FONO-255x255.png\" alt=\"\" width=\"255\" height=\"255\" srcset=\"https:\/\/www3.unicentro.br\/sesi\/wp-content\/uploads\/sites\/60\/2018\/11\/Logo-FONO-255x255.png 255w, https:\/\/www3.unicentro.br\/sesi\/wp-content\/uploads\/sites\/60\/2018\/11\/Logo-FONO-150x150.png 150w, https:\/\/www3.unicentro.br\/sesi\/wp-content\/uploads\/sites\/60\/2018\/11\/Logo-FONO-50x50.png 50w, https:\/\/www3.unicentro.br\/sesi\/wp-content\/uploads\/sites\/60\/2018\/11\/Logo-FONO-80x80.png 80w, https:\/\/www3.unicentro.br\/sesi\/wp-content\/uploads\/sites\/60\/2018\/11\/Logo-FONO-263x263.png 263w, https:\/\/www3.unicentro.br\/sesi\/wp-content\/uploads\/sites\/60\/2018\/11\/Logo-FONO-100x100.png 100w, https:\/\/www3.unicentro.br\/sesi\/wp-content\/uploads\/sites\/60\/2018\/11\/Logo-FONO.png 300w\" sizes=\"auto, (max-width: 255px) 100vw, 255px\" \/><\/a><\/span><\/strong><\/span><\/p>\n<p>[\/vc_column_text][\/vc_column][vc_column width=&#8221;1\/3&#8243;][vc_column_text]<\/p>\n<p style=\"text-align: center\"><span style=\"color: #333333\"><a style=\"color: #333333\" href=\"https:\/\/www3.unicentro.br\/sesi\/departamentos\/depsi\/\"><strong><span style=\"font-size: 20pt;font-family: georgia, palatino, serif\">Departamento de Psicologia<img loading=\"lazy\" decoding=\"async\" class=\"aligncenter wp-image-107\" src=\"https:\/\/www3.unicentro.br\/sesi\/wp-content\/uploads\/sites\/60\/2018\/11\/logo-psicologia-255x232.png\" alt=\"\" width=\"280\" height=\"255\" \/><\/span><\/strong><\/a><\/span><\/p>\n<p>[\/vc_column_text][\/vc_column][\/vc_row]<\/p>\n<\/div>","protected":false},"excerpt":{"rendered":"<p>[vc_row][vc_column width=&#8221;1\/3&#8243;][vc_column_text] Departamento de Educa\u00e7\u00e3o F\u00edsica [\/vc_column_text][\/vc_column][vc_column width=&#8221;1\/3&#8243;][vc_column_text] Departamento de Fonoaudiologia [\/vc_column_text][\/vc_column][vc_column width=&#8221;1\/3&#8243;][vc_column_text] Departamento de Psicologia [\/vc_column_text][\/vc_column][\/vc_row]<\/p>\n","protected":false},"author":3,"featured_media":0,"parent":0,"menu_order":0,"comment_status":"closed","ping_status":"closed","template":"","meta":{"_exactmetrics_skip_tracking":false,"_exactmetrics_sitenote_active":false,"_exactmetrics_sitenote_note":"","_exactmetrics_sitenote_category":0,"footnotes":"","_links_to":"","_links_to_target":""},"class_list":["post-28","page","type-page","status-publish","hentry"],"_links":{"self":[{"href":"https:\/\/www3.unicentro.br\/sesi\/wp-json\/wp\/v2\/pages\/28","targetHints":{"allow":["GET"]}}],"collection":[{"href":"https:\/\/www3.unicentro.br\/sesi\/wp-json\/wp\/v2\/pages"}],"about":[{"href":"https:\/\/www3.unicentro.br\/sesi\/wp-json\/wp\/v2\/types\/page"}],"author":[{"embeddable":true,"href":"https:\/\/www3.unicentro.br\/sesi\/wp-json\/wp\/v2\/users\/3"}],"replies":[{"embeddable":true,"href":"https:\/\/www3.unicentro.br\/sesi\/wp-json\/wp\/v2\/comments?post=28"}],"version-history":[{"count":0,"href":"https:\/\/www3.unicentro.br\/sesi\/wp-json\/wp\/v2\/pages\/28\/revisions"}],"wp:attachment":[{"href":"https:\/\/www3.unicentro.br\/sesi\/wp-json\/wp\/v2\/media?parent=28"}],"curies":[{"name":"wp","href":"https:\/\/api.w.org\/{rel}","templated":true}]}}