{"id":222,"date":"2019-07-26T09:30:48","date_gmt":"2019-07-26T12:30:48","guid":{"rendered":"https:\/\/www3.unicentro.br\/sesi\/?page_id=222"},"modified":"2023-06-15T16:32:29","modified_gmt":"2023-06-15T19:32:29","slug":"secretaria","status":"publish","type":"page","link":"https:\/\/www3.unicentro.br\/sesi\/sobre-o-setor\/secretaria\/","title":{"rendered":"Secretaria"},"content":{"rendered":"<p>Edilson Miguel Cardoso Maia &#8211; Coordenador de Apoio \u00e0 Dire\u00e7\u00e3o do Setor de Ci\u00eancias da Sa\u00fade, SES, Unidade Universit\u00e1ria de Irati<\/p>\n","protected":false},"excerpt":{"rendered":"<p>Edilson Miguel Cardoso Maia &#8211; Coordenador de Apoio \u00e0 Dire\u00e7\u00e3o do Setor de Ci\u00eancias da Sa\u00fade, SES, Unidade Universit\u00e1ria de Irati<\/p>\n","protected":false},"author":3,"featured_media":0,"parent":38,"menu_order":0,"comment_status":"closed","ping_status":"closed","template":"","meta":{"_exactmetrics_skip_tracking":false,"_exactmetrics_sitenote_active":false,"_exactmetrics_sitenote_note":"","_exactmetrics_sitenote_category":0,"footnotes":"","_links_to":"","_links_to_target":""},"class_list":["post-222","page","type-page","status-publish","hentry"],"_links":{"self":[{"href":"https:\/\/www3.unicentro.br\/sesi\/wp-json\/wp\/v2\/pages\/222","targetHints":{"allow":["GET"]}}],"collection":[{"href":"https:\/\/www3.unicentro.br\/sesi\/wp-json\/wp\/v2\/pages"}],"about":[{"href":"https:\/\/www3.unicentro.br\/sesi\/wp-json\/wp\/v2\/types\/page"}],"author":[{"embeddable":true,"href":"https:\/\/www3.unicentro.br\/sesi\/wp-json\/wp\/v2\/users\/3"}],"replies":[{"embeddable":true,"href":"https:\/\/www3.unicentro.br\/sesi\/wp-json\/wp\/v2\/comments?post=222"}],"version-history":[{"count":0,"href":"https:\/\/www3.unicentro.br\/sesi\/wp-json\/wp\/v2\/pages\/222\/revisions"}],"up":[{"embeddable":true,"href":"https:\/\/www3.unicentro.br\/sesi\/wp-json\/wp\/v2\/pages\/38"}],"wp:attachment":[{"href":"https:\/\/www3.unicentro.br\/sesi\/wp-json\/wp\/v2\/media?parent=222"}],"curies":[{"name":"wp","href":"https:\/\/api.w.org\/{rel}","templated":true}]}}