{"id":218,"date":"2019-07-26T09:29:56","date_gmt":"2019-07-26T12:29:56","guid":{"rendered":"https:\/\/www3.unicentro.br\/sesi\/?page_id=218"},"modified":"2023-06-15T16:44:19","modified_gmt":"2023-06-15T19:44:19","slug":"apresentacao","status":"publish","type":"page","link":"https:\/\/www3.unicentro.br\/sesi\/sobre-o-setor\/apresentacao\/","title":{"rendered":"Apresenta\u00e7\u00e3o"},"content":{"rendered":"<p align=\"justify\"><span style=\"font-size: 14pt\">Os Setores da Unicentro s\u00e3o unidades universit\u00e1rias articuladas \u00e0 administra\u00e7\u00e3o superior e intermedi\u00e1ria que planejam e desenvolvem o ensino, a pesquisa e a extens\u00e3o, caracterizando-se como unidades de execu\u00e7\u00e3o e coordena\u00e7\u00e3o did\u00e1tico pedag\u00f3gica que t\u00eam as seguintes finalidades: <\/span><\/p>\n<p align=\"justify\"><span style=\"font-size: 14pt\">I \u2013 operacionaliza\u00e7\u00e3o do ensino, da pesquisa e da extens\u00e3o e a presta\u00e7\u00e3o de servi\u00e7os correspondentes; <\/span><\/p>\n<p align=\"justify\"><span style=\"font-size: 14pt\">II \u2013 gest\u00e3o operacional das atividades-fim; <\/span><\/p>\n<p align=\"justify\"><span style=\"font-size: 14pt\">III \u2013 articula\u00e7\u00e3o e integra\u00e7\u00e3o com os demais \u00f3rg\u00e3os da estrutura organizacional da Universidade e com o sistema geral de gest\u00e3o.<\/span><\/p>\n<p align=\"justify\"><span style=\"font-size: 14pt\">A Dire\u00e7\u00e3o do Setor, unidade executiva intermedi\u00e1ria, que orienta, coordena e supervisiona as atividades de ensino, pesquisa, extens\u00e3o e administra\u00e7\u00e3o no \u00e2mbito do Setor, \u00e9 exercida de forma compartilhada por um(a) Diretor(a) e por um(a) Vice-Diretor(a).<\/span><\/p>\n<p align=\"justify\"><span style=\"font-size: 14pt\">(RESOLU\u00c7\u00c3O N\u00ba 29-COU\/UNICENTRO, DE 21 DE SETEMBRO DE 2016)<\/span><\/p>\n","protected":false},"excerpt":{"rendered":"<p>Os Setores da Unicentro s\u00e3o unidades universit\u00e1rias articuladas \u00e0 administra\u00e7\u00e3o superior e intermedi\u00e1ria que planejam e desenvolvem o ensino, a pesquisa e a extens\u00e3o, caracterizando-se como unidades de execu\u00e7\u00e3o e coordena\u00e7\u00e3o did\u00e1tico pedag\u00f3gica que t\u00eam as seguintes finalidades: I \u2013 operacionaliza\u00e7\u00e3o do ensino, da pesquisa e da extens\u00e3o e a presta\u00e7\u00e3o de servi\u00e7os correspondentes; II [&hellip;]<\/p>\n","protected":false},"author":3,"featured_media":0,"parent":38,"menu_order":0,"comment_status":"closed","ping_status":"closed","template":"","meta":{"_exactmetrics_skip_tracking":false,"_exactmetrics_sitenote_active":false,"_exactmetrics_sitenote_note":"","_exactmetrics_sitenote_category":0,"footnotes":"","_links_to":"","_links_to_target":""},"class_list":["post-218","page","type-page","status-publish","hentry"],"_links":{"self":[{"href":"https:\/\/www3.unicentro.br\/sesi\/wp-json\/wp\/v2\/pages\/218","targetHints":{"allow":["GET"]}}],"collection":[{"href":"https:\/\/www3.unicentro.br\/sesi\/wp-json\/wp\/v2\/pages"}],"about":[{"href":"https:\/\/www3.unicentro.br\/sesi\/wp-json\/wp\/v2\/types\/page"}],"author":[{"embeddable":true,"href":"https:\/\/www3.unicentro.br\/sesi\/wp-json\/wp\/v2\/users\/3"}],"replies":[{"embeddable":true,"href":"https:\/\/www3.unicentro.br\/sesi\/wp-json\/wp\/v2\/comments?post=218"}],"version-history":[{"count":0,"href":"https:\/\/www3.unicentro.br\/sesi\/wp-json\/wp\/v2\/pages\/218\/revisions"}],"up":[{"embeddable":true,"href":"https:\/\/www3.unicentro.br\/sesi\/wp-json\/wp\/v2\/pages\/38"}],"wp:attachment":[{"href":"https:\/\/www3.unicentro.br\/sesi\/wp-json\/wp\/v2\/media?parent=218"}],"curies":[{"name":"wp","href":"https:\/\/api.w.org\/{rel}","templated":true}]}}