{"id":586,"date":"2024-06-25T16:43:53","date_gmt":"2024-06-25T19:43:53","guid":{"rendered":"https:\/\/www3.unicentro.br\/sehlai\/?page_id=586"},"modified":"2025-05-29T15:58:42","modified_gmt":"2025-05-29T18:58:42","slug":"instrucoes-normativas","status":"publish","type":"page","link":"https:\/\/www3.unicentro.br\/sehlai\/instrucoes-normativas\/","title":{"rendered":"Instru\u00e7\u00f5es Normativas"},"content":{"rendered":"<ul>\n<li><a href=\"https:\/\/www3.unicentro.br\/sehlai\/wp-content\/uploads\/sites\/66\/2025\/05\/Instru_o_Normativa_01_2025_SEHLA_I_6838a5d920ec6.pdf\"><strong>INSTRU\u00c7\u00c3O NORMATIVA N\u00ba 01-SEHLA\/I\/UNICENTRO, DE 29 DE MAIO DE 2025<\/strong> &#8211; Instrui sobre procedimentos para flexibilizar o Est\u00e1gio Curricular Supervisionado Obrigat\u00f3rio do Curso Letras Espanhol para o ano letivo de 2025 e de 2026<\/a><\/li>\n<li><a href=\"https:\/\/www3.unicentro.br\/sehlai\/wp-content\/uploads\/sites\/66\/2024\/06\/Instru_o_Normativa_01_2024_SEHLA_I_667b02d573c39.pdf\"><strong>INSTRU\u00c7\u00c3O NORMATIVA N\u00ba 01-SEHLA\/I\/UNICENTRO, DE 25 DE JUNHO DE 2024<\/strong> &#8211; Instrui sobre procedimentos para flexibilizar o Est\u00e1gio Curricular Supervisionado Obrigat\u00f3rio do Curso Letras Espanhol para o ano letivo de 2024<\/a><\/li>\n<\/ul>\n","protected":false},"excerpt":{"rendered":"<p>INSTRU\u00c7\u00c3O NORMATIVA N\u00ba 01-SEHLA\/I\/UNICENTRO, DE 29 DE MAIO DE 2025 &#8211; Instrui sobre procedimentos para flexibilizar o Est\u00e1gio Curricular Supervisionado Obrigat\u00f3rio do Curso Letras Espanhol para o ano letivo de 2025 e de 2026 INSTRU\u00c7\u00c3O NORMATIVA N\u00ba 01-SEHLA\/I\/UNICENTRO, DE 25 DE JUNHO DE 2024 &#8211; Instrui sobre procedimentos para flexibilizar o Est\u00e1gio Curricular Supervisionado Obrigat\u00f3rio [&hellip;]<\/p>\n","protected":false},"author":6,"featured_media":0,"parent":0,"menu_order":0,"comment_status":"closed","ping_status":"closed","template":"","meta":{"_exactmetrics_skip_tracking":false,"_exactmetrics_sitenote_active":false,"_exactmetrics_sitenote_note":"","_exactmetrics_sitenote_category":0,"footnotes":"","_links_to":"","_links_to_target":""},"class_list":["post-586","page","type-page","status-publish","hentry"],"_links":{"self":[{"href":"https:\/\/www3.unicentro.br\/sehlai\/wp-json\/wp\/v2\/pages\/586","targetHints":{"allow":["GET"]}}],"collection":[{"href":"https:\/\/www3.unicentro.br\/sehlai\/wp-json\/wp\/v2\/pages"}],"about":[{"href":"https:\/\/www3.unicentro.br\/sehlai\/wp-json\/wp\/v2\/types\/page"}],"author":[{"embeddable":true,"href":"https:\/\/www3.unicentro.br\/sehlai\/wp-json\/wp\/v2\/users\/6"}],"replies":[{"embeddable":true,"href":"https:\/\/www3.unicentro.br\/sehlai\/wp-json\/wp\/v2\/comments?post=586"}],"version-history":[{"count":2,"href":"https:\/\/www3.unicentro.br\/sehlai\/wp-json\/wp\/v2\/pages\/586\/revisions"}],"predecessor-version":[{"id":664,"href":"https:\/\/www3.unicentro.br\/sehlai\/wp-json\/wp\/v2\/pages\/586\/revisions\/664"}],"wp:attachment":[{"href":"https:\/\/www3.unicentro.br\/sehlai\/wp-json\/wp\/v2\/media?parent=586"}],"curies":[{"name":"wp","href":"https:\/\/api.w.org\/{rel}","templated":true}]}}