{"id":12,"date":"2019-02-27T09:26:56","date_gmt":"2019-02-27T12:26:56","guid":{"rendered":"https:\/\/www3.unicentro.br\/sehlai\/?page_id=12"},"modified":"2024-06-25T16:44:59","modified_gmt":"2024-06-25T19:44:59","slug":"documentos","status":"publish","type":"page","link":"https:\/\/www3.unicentro.br\/sehlai\/documentos\/","title":{"rendered":"Editais"},"content":{"rendered":"<div class=\"wpb-content-wrapper\"><p>[vc_row][vc_column]<aside class=\"ul-custom-css-inline\">\t\t\t\t\t\t\t\t\t\t\r\n\t\t\t\t\t\t\t\t\t\t<link rel=\"stylesheet\" id=\"ul-google-fonts-css\" href=\"https:\/\/fonts.googleapis.com\/css?family=Open+Sans%7COpen+Sans%7COpen+Sans%7COpen+Sans%7COpen+Sans%7COpen+Sans\" type=\"text\/css\" media=\"all\" \/><style type=\"text\/css\">#ul24471.ultimate-layouts-container h3.ultimate-layouts-title, \r\n\t\t\t\t\t\t\t\t\t#ul24471.ultimate-layouts-container h3.ultimate-layouts-title a{font-family:\"Open Sans\" !important;font-size:12px !important;}.ul_quickview_p_ul24471.ul-quick-view-style h3.ultimate-layouts-title,\r\n\t\t\t\t\t\t\t\t\t\t.ul_quickview_p_ul24471.ul-quick-view-style h3.ultimate-layouts-title a{font-family:\"Open Sans\" !important;}#ul24471.ultimate-layouts-container .ul-cb-style-listing h3.ultimate-layouts-title, \r\n\t\t\t\t\t\t\t\t\t\t#ul24471.ultimate-layouts-container .ul-cb-style-listing h3.ultimate-layouts-title a{\r\n\t\t\t\t\t\t\t\t\t\t\tfont-size:calc(12px * 0.78) !important;\r\n\t\t\t\t\t\t\t\t\t\t\tfont-size:-webkit-calc(12px * 0.78) !important;\r\n\t\t\t\t\t\t\t\t\t\t\tfont-size:-moz-calc(12px * 0.78) !important;\r\n\t\t\t\t\t\t\t\t\t\t\tfont-size:-ms-calc(12px * 0.78) !important;\r\n\t\t\t\t\t\t\t\t\t\t\tfont-size:-o-calc(12px * 0.78) !important;\r\n\t\t\t\t\t\t\t\t\t\t}#ul24471.ultimate-layouts-container .ultimate-layouts-excerpt,#ul24471.ultimate-layouts-container .ultimate-layouts-excerpt p,\r\n\t\t\t\t\t\t\t\t\t.ul_quickview_p_ul24471.ul-quick-view-style .ul-quick-view-content .ul-quick-view-body .ul-single-post-content,\r\n\t\t\t\t\t\t\t\t\t.ul_quickview_p_ul24471.ul-quick-view-style .ul-quick-view-content .ul-quick-view-body .ul-single-post-content p{font-family:\"Open Sans\" !important;}#ul24471.ultimate-layouts-container .ultimate-layouts-metas>.ultimate-layouts-metas-wrap>*, \r\n\t\t\t\t\t\t\t\t\t#ul24471.ultimate-layouts-container .ultimate-layouts-metas-st2>.ultimate-layouts-metas-wrap>*,\r\n\t\t\t\t\t\t\t\t\t#ul24471.ultimate-layouts-container .ultimate-layouts-metas a, \r\n\t\t\t\t\t\t\t\t\t#ul24471.ultimate-layouts-container .ultimate-layouts-metas-st2 a,\r\n\t\t\t\t\t\t\t\t\t#ul24471.ultimate-layouts-container .ultimate-layouts-categories>a,\r\n\t\t\t\t\t\t\t\t\t#ul24471.ultimate-layouts-container .ultimate-layouts-metas>.ultimate-layouts-metas-wrap>* .ldc-ul_cont span, \r\n\t\t\t\t\t\t\t\t\t#ul24471.ultimate-layouts-container .ultimate-layouts-metas-st2>.ultimate-layouts-metas-wrap>* .ldc-ul_cont span,\r\n\t\t\t\t\t\t\t\t\t.ul_quickview_p_ul24471.ul-quick-view-style .ultimate-layouts-metas>.ultimate-layouts-metas-wrap>*,\r\n\t\t\t\t\t\t\t\t\t.ul_quickview_p_ul24471.ul-quick-view-style .ultimate-layouts-metas a,\r\n\t\t\t\t\t\t\t\t\t.ul_quickview_p_ul24471.ul-quick-view-style .ultimate-layouts-categories>a,\r\n\t\t\t\t\t\t\t\t\t.ul_quickview_p_ul24471.ul-quick-view-style .ultimate-layouts-metas>.ultimate-layouts-metas-wrap>* .ldc-ul_cont span,\r\n\t\t\t\t\t\t\t\t\t.ul_quickview_p_ul24471.ul-quick-view-style .ultimate-layouts-metas-st2>.ultimate-layouts-metas-wrap>* .ldc-ul_cont span{font-family:\"Open Sans\" !important;}#ul24471.ultimate-layouts-container .ultimate-layouts-filter-container .ultimate-layouts-sc-filter-container .ultimate-layouts-filter-item{font-family:\"Open Sans\" !important;}#ul24471.ultimate-layouts-container .ultimate-layouts-filter-container .ul-smart-tab-filter .ul-smart-tab-title-wrap .ul-smart-tab-title{font-family:\"Open Sans\" !important;}#ul24471.ultimate-layouts-container .ul-pagination-wrap .ul-loadmore-style,\r\n\t\t\t\t\t\t\t\t\t\t#ul24471.ultimate-layouts-container .ul-pagination-wrap .ul-page-numbers .paginationjs .paginationjs-pages ul li>a {font-family:\"Open Sans\" !important;}<\/style><style type=\"text\/css\">#ul24471.ultimate-layouts-container .ultimate-layouts-metas-st2 > .ultimate-layouts-metas-wrap{background-color:#fb4c35 !important;}#ul24471.ultimate-layouts-container .ultimate-layouts-item{background-color:#e5e5e5 !important;}#ul24471.ultimate-layouts-container .ultimate-layouts-filter-container .ul-smart-tab-filter{border-bottom-color:#fb4c35 !important;}#ul24471.ultimate-layouts-container .ultimate-layouts-filter-container .ul-smart-tab-filter .ul-smart-tab-title-wrap .ul-smart-tab-title{background-color:#fb4c35 !important;}<\/style>\r\n\t\t\t\t\t\t\t\t\t\t<h6>h6<\/h6>\r\n\t\t\t\t\t\t\t\t\t<\/aside><script>if(typeof(ultimate_layouts_ajax_url)==\"undefined\"){var ultimate_layouts_ajax_url=[]};ultimate_layouts_ajax_url[\"ul24471\"]=\"https:\/\/www3.unicentro.br\/sehlai\/wp-admin\/admin-ajax.php\";if(typeof(ultimate_layouts_query_params)==\"undefined\"){var ultimate_layouts_query_params=[]};ultimate_layouts_query_params[\"ul24471\"]={\"post_types\":\"post\",\"i_attachment\":\"\",\"taxonomies\":\"category\",\"multi_post_types\":\"\",\"multi_taxonomies\":\"\",\"query_types\":\"0\",\"i_taxonomies\":\"2, 3, 4\",\"e_taxonomies\":\"\",\"i_ids\":\"\",\"cq_operator\":\"0\",\"e_ids\":\"\",\"query_author\":\"\",\"query_offset\":\"\",\"query_include_children\":\"1\",\"today_post\":\"0\",\"datetime_meta\":\"\",\"woo_query\":\"0\",\"post_count\":\"-1\",\"posts_per_page\":\"10\",\"d_i_filter\":\"\"};if(typeof(ultimate_layouts_filter)==\"undefined\"){var ultimate_layouts_filter=[]};ultimate_layouts_filter[\"ul24471\"]=\"\";if(typeof(ultimate_layouts_order)==\"undefined\"){var ultimate_layouts_order=[]};ultimate_layouts_order[\"ul24471\"]=\"DESC\";if(typeof(ultimate_layouts_orderby)==\"undefined\"){var ultimate_layouts_orderby=[]};ultimate_layouts_orderby[\"ul24471\"]=\"date\";if(typeof(ultimate_layouts_sub_opt_query)==\"undefined\"){var ultimate_layouts_sub_opt_query=[]};ultimate_layouts_sub_opt_query[\"ul24471\"]={\"meta_key_query\":\"\",\"paged\":1,\"first_query\":\"on\",\"total_pages\":14,\"items_last_page\":6};if(typeof(ultimate_layouts_options)==\"undefined\"){var ultimate_layouts_options=[]};ultimate_layouts_options[\"ul24471\"]={\"layout_style\":\"4\",\"button_gallery_name\":\"Gallery\",\"grid_style\":\"0\",\"list_style\":\"9\",\"carousel_t_style\":\"0\",\"carousel_f_style\":\"0\",\"creative_style\":\"0\",\"timeline_style\":\"0\",\"block_content_style\":\"0\",\"sync_slider_style\":\"0\",\"grid_masonry\":\"0\",\"show_arrows\":\"1\",\"arrows_outside\":\"0\",\"show_dots\":\"1\",\"infinite\":\"1\",\"autoplay\":\"1\",\"autoplayspeed\":5000,\"scrollperpage\":\"1\",\"speed\":500,\"centermode\":\"0\",\"sync_slider_height_d\":\"\",\"sync_slider_height_t\":\"\",\"sync_slider_height_m\":\"\",\"sync_slider_width_d\":\"\",\"sync_slider_width_t\":\"\",\"sync_slider_width_m\":\"\",\"show_elements\":\"0\",\"av_content\":\"0\",\"cc_mobile\":\"0\",\"cc_portrait_tablet\":\"0\",\"cc_landscape_tablet\":\"0\",\"cc_small_desktop\":\"0\",\"cc_medium_desktop\":\"0\",\"cc_large_desktop\":\"0\",\"cc_extra_large_desktop\":\"0\",\"image_size\":\"thumbnail\",\"image_size_s\":\"thumbnail\",\"s_image\":\"0\",\"s_image_link\":\"1\",\"s_image_link_target\":\"0\",\"s_icon_lightbox_video\":\"0\",\"video_url_meta\":\"0\",\"video_url_meta_key\":\"\",\"s_icon_lightbox_image\":\"1\",\"s_icon_link\":\"1\",\"s_icon_link_target\":\"0\",\"s_image_hover_effect\":\"0\",\"s_overlay_hover_effect\":\"\",\"s_overlay_settings\":\"0\",\"s_overlay_color\":\"\",\"s_image_post_format\":\"0\",\"s_image_post_format_pos\":\"ul-bottom-right\",\"s_image_avatar\":\"0\",\"s_title\":\"1\",\"s_title_limit\":\"0\",\"s_title_link\":\"1\",\"s_title_link_target\":\"0\",\"s_excerpt\":\"0\",\"s_excerpt_rbtn\":\"0\",\"s_excerpt_f\":\"get_the_excerpt\",\"s_excerpt_sc\":\"1\",\"s_excerpt_sh\":\"1\",\"s_excerpt_length\":0,\"s_categories\":\"0\",\"s_s_categories\":\"0\",\"s_s_categories_parent\":\"0\",\"ex_items_taxonomies\":\"\",\"s_c_categories\":\"0\",\"s_ct_categories\":\"\",\"s_cb_categories\":\"\",\"s_categories_target\":\"0\",\"s_metas_o\":\"0\",\"s_metas_o_author\":\"1\",\"s_metas_o_author_avatar\":\"0\",\"s_metas_o_time\":\"1\",\"time_format\":\"F j, Y\",\"s_metas_o_comment\":\"1\",\"s_metas_o_like\":\"0\",\"s_metas_o_share\":\"0\",\"custom_meta_o\":\"\",\"s_metas_t\":\"0\",\"s_metas_t_author\":\"0\",\"s_metas_t_author_avatar\":\"0\",\"s_metas_t_time\":\"0\",\"time_format_t\":\"F j, Y\",\"s_metas_t_comment\":\"0\",\"s_metas_t_like\":\"1\",\"s_metas_t_share\":\"1\",\"custom_meta_t\":\"\",\"s_metas_t_readmore\":\"1\",\"s_metas_t_readmore_link_target\":\"0\",\"share_text\":\"Compartilhar\",\"read_more_text\":\"\",\"before_author_text\":\"\",\"pagination\":\"1\",\"loadmore_text\":\"\",\"prev_text\":\"\",\"next_text\":\"\",\"animate\":\"default\",\"lazyload\":\"1\",\"lazyload_p\":\"\",\"geodirectory_rating\":\"0\",\"quick_view\":\"1\",\"quick_view_mode\":\"0\",\"extra_class\":\"\",\"rnd_id\":\"ul24471\",\"s_title_small\":\"1\",\"s_title_limit_small\":\"0\",\"s_title_link_small\":\"1\",\"s_title_link_target_small\":\"0\",\"s_categories_small\":\"1\",\"s_s_categories_small\":\"0\",\"s_s_categories_parent_small\":\"0\",\"ex_items_taxonomies_small\":\"\",\"s_c_categories_small\":\"0\",\"s_ct_categories_small\":\"\",\"s_cb_categories_small\":\"\",\"s_categories_target_small\":\"0\",\"s_metas_o_small\":\"1\",\"s_metas_o_author_small\":\"1\",\"s_metas_o_author_avatar_small\":\"0\",\"s_metas_o_time_small\":\"1\",\"time_format_small\":\"F j, Y\",\"s_metas_o_comment_small\":\"1\",\"s_metas_o_like_small\":\"0\",\"s_metas_o_share_small\":\"0\",\"custom_meta_o_small\":\"\",\"woo_show_price\":\"0\",\"woo_show_rating\":\"0\",\"woo_show_cart\":\"0\",\"qv_s_title\":\"1\",\"qv_s_categories\":\"0\",\"qv_s_s_categories\":\"0\",\"qv_s_s_categories_parent\":\"0\",\"qv_ex_items_taxonomies\":\"\",\"qv_s_c_categories\":\"0\",\"qv_s_ct_categories\":\"\",\"qv_s_cb_categories\":\"\",\"qv_s_categories_target\":\"0\",\"qv_s_metas_o\":\"1\",\"qv_s_metas_o_author\":\"0\",\"qv_s_metas_o_author_avatar\":\"0\",\"qv_s_metas_o_time\":\"0\",\"qv_time_format\":\"F j, Y\",\"qv_s_metas_o_comment\":\"0\",\"qv_s_metas_o_like\":\"0\",\"qv_custom_meta_o\":\"\",\"qv_show_content\":\"0\",\"qv_content_stripsc\":\"0\",\"qv_show_share\":\"1\",\"qv_woo_show_rating\":\"0\",\"qv_s_featured_image\":\"0\",\"goo_ads_client\":\"\",\"goo_ads_id\":\"\",\"goo_ads_offset\":\"1\",\"css_class\":\" vc_custom_1551362309951\"};<\/script><div id=\"ul24471\" class=\"ultimate-layouts-container ul-filter-gridlist-normal ultimate-layouts-wrapper-control   vc_custom_1551362309951\"><div class=\"ultimate-layouts-filter-container\" data-query-type=\"2\">\r\n\t\t\t\t\t\t\t\t\t\t\t\t\t\t<div class=\"ul-smart-tab-filter\">\r\n\t\t\t\t\t\t\t\t\t\t\t\t\t\t\t<div class=\"ul-smart-tab-title-wrap\"><div class=\"ul-smart-tab-title\">Documentos<\/div><\/div>\t\t\t\t\t\t\t\t\t\t\t\t\t\t\r\n\t\t\t\t\t\t\t\t\t\t\t\t\t\t\t<div class=\"ul-filter-elements-wrap\">\t\t\t\t\t\t\t\t\t\t\t\t\t\t\r\n\t\t\t\t\t\t\t\t\t\t\t\t                      <div class=\"ultimate-layouts-sc-filter-container \" data-display-type=\"2\" data-query-type=\"1\" data-query-operator=\"0\" data-query-relation=\"0\" data-query-child-tax=\"0\" data-secondary-cat=\"\" data-hash-filters=\"1\">\r\n                    \t\r\n\t\t\t\t\t\t\t\t\t\t\t\t<div class=\"filter-tab-wrapper\">\r\n\t\t\t\t\t\t\t\t\t\t\t\t\t<div class=\"filter-tab-wrapper-list\">\r\n\t\t\t\t\t\t\t\t\t\t\t\t                            <div class=\"ultimate-layouts-filter-item ul-filter-action ul-show-all-action active-elm\" data-filter=\"\" data-item-hf=\"all\">\r\n                                <span class=\"tax-name\">\r\n                                    Todos                                <\/span>\r\n                                <span class=\"tax-number\">(136)<\/span>                                \r\n                                <div class=\"ul-loading-item-filter-container\">\r\n                                    <div class=\"la-ball-scale-multiple la-2x ul-loading-item-filter\">\r\n                                        <div><\/div>\r\n                                        <div><\/div>\r\n                                        <div><\/div>\r\n                                    <\/div>\r\n                                <\/div>\r\n                            <\/div>                            \r\n                        <div class=\"ultimate-layouts-filter-item ul-filter-action \" data-filter=\"2\" data-total-children=\"1\" data-taxonomy=\"category\" data-show-number-post=\"1\" data-item-hf=\"editais\"><span class=\"tax-name\">Editais<\/span><span class=\"tax-number\"> (136) <\/span><span class=\"close-filter\"><\/span>\r\n\t\t\t\t\t\t\t\t\t\t\t\t\t\t\t<div class=\"ul-loading-item-filter-container\">\r\n\t\t\t\t\t\t\t\t\t\t\t\t\t\t\t\t<div class=\"la-ball-scale-multiple la-2x ul-loading-item-filter\">\r\n\t\t\t\t\t\t\t\t\t\t\t\t\t\t\t\t\t<div><\/div>\r\n\t\t\t\t\t\t\t\t\t\t\t\t\t\t\t\t\t<div><\/div>\r\n\t\t\t\t\t\t\t\t\t\t\t\t\t\t\t\t\t<div><\/div>\r\n\t\t\t\t\t\t\t\t\t\t\t\t\t\t\t\t<\/div>\r\n\t\t\t\t\t\t\t\t\t\t\t\t\t\t\t<\/div>\r\n\t\t\t\t\t\t\t\t\t\t\t\t\t\t<\/div>\r\n\t\t\t\t\t\t\t\t\t\t\t\t\t<\/div>\r\n\t\t\t\t\t\t\t\t\t\t\t\t<\/div>\r\n\t\t\t\t\t\t\t\t\t\t\t\t                    <\/div>\r\n                    \r\n\t\t\t\t\t\t\t\t\t\t\t\t  \t\t\t<\/div>\r\n\t\t\t\t\t\t\t\t\t\t\t\t\t\t<\/div>\t\r\n\t\t\t\t\t\t\t\t\t\t\t\t  <\/div>\r\n\t\t\t\t\t\t\t\t\t\t\t\t  <div class=\"\r\n\t\t\t\t\t\t\t\t\t\t\t\tultimate-layouts-listing-wrap \r\n\t\t\t\t\t\t\t\t\t\t\t\tultimate-layouts-listing-list-10\r\n\t\t\t\t\t\t\t\t\t\t\t\t\r\n\t\t\t\t\t\t\t\t\t\t\t\tultimate-layouts-effect-icon\r\n\t\t\t\t\t\t\t\t\t\t\t\"><!--post item--> \r\n<article class=\"ultimate-layouts-item hentry\">\r\n    <!--entry content-->\r\n    <div class=\"ultimate-layouts-entry-wrapper entry-content\">\r\n        <!--picture-->\r\n                <!--picture-->\r\n        <!--content-->\r\n        <div class=\"ultimate-layouts-content entry\">    \r\n        \t        \r\n            <h3 class=\"ultimate-layouts-title entry-title  \"><a  data-post-id=\"715\" href=\"https:\/\/www3.unicentro.br\/sehlai\/wp-content\/uploads\/sites\/66\/2026\/03\/Edital_007_2026_Edital_de_Resultado_Tutoria_69c43ff665a13.pdf\" title=\"EDITAL N\u00ba 007\/2026-SEHLA\/I\/UNICENTRO &#8211; RESULTADO DA SELE\u00c7\u00c3O PARA TUTORIA DISCENTE\"   class=\"ultimate-layouts-title-link\">EDITAL N\u00ba 007\/2026-SEHLA\/I\/UNICENTRO &#8211; RESULTADO DA SELE\u00c7\u00c3O PARA TUTORIA DISCENTE<\/a><\/h3>            \r\n                         \r\n                                        \r\n        <\/div><!--content-->\r\n    <\/div><!--entry content-->            \r\n<\/article><!--post item--><!--post item--> \r\n<article class=\"ultimate-layouts-item hentry\">\r\n    <!--entry content-->\r\n    <div class=\"ultimate-layouts-entry-wrapper entry-content\">\r\n        <!--picture-->\r\n                <!--picture-->\r\n        <!--content-->\r\n        <div class=\"ultimate-layouts-content entry\">    \r\n        \t        \r\n            <h3 class=\"ultimate-layouts-title entry-title  \"><a  data-post-id=\"713\" href=\"https:\/\/www3.unicentro.br\/wp-content\/uploads\/2026\/03\/Edital_006_2026_Edital_de_Resultado_EPV_69c413f992d34.pdf\" title=\"EDITAL N\u00ba 006\/2026-SEHLA\/I\/UNICENTRO &#8211; RESULTADO DA SELE\u00c7\u00c3O DO PROGRAMA DE EST\u00c1GIO PEDAG\u00d3GICO VOLUNT\u00c1RIO\"   class=\"ultimate-layouts-title-link\">EDITAL N\u00ba 006\/2026-SEHLA\/I\/UNICENTRO &#8211; RESULTADO DA SELE\u00c7\u00c3O DO PROGRAMA DE EST\u00c1GIO PEDAG\u00d3GICO VOLUNT\u00c1RIO<\/a><\/h3>            \r\n                         \r\n                                        \r\n        <\/div><!--content-->\r\n    <\/div><!--entry content-->            \r\n<\/article><!--post item--><!--post item--> \r\n<article class=\"ultimate-layouts-item hentry\">\r\n    <!--entry content-->\r\n    <div class=\"ultimate-layouts-entry-wrapper entry-content\">\r\n        <!--picture-->\r\n                <!--picture-->\r\n        <!--content-->\r\n        <div class=\"ultimate-layouts-content entry\">    \r\n        \t        \r\n            <h3 class=\"ultimate-layouts-title entry-title  \"><a  data-post-id=\"711\" href=\"https:\/\/www3.unicentro.br\/wp-content\/uploads\/2026\/03\/Edital_005_2026_Edital_de_Resultado_Monitoria_69c413f510897.pdf\" title=\"EDITAL N\u00ba 005\/2026-SEHLA\/I\/UNICENTRO &#8211; RESULTADO DA SELE\u00c7\u00c3O DO PROGRAMA DE MONITORIA DISCENTE\"   class=\"ultimate-layouts-title-link\">EDITAL N\u00ba 005\/2026-SEHLA\/I\/UNICENTRO &#8211; RESULTADO DA SELE\u00c7\u00c3O DO PROGRAMA DE MONITORIA DISCENTE<\/a><\/h3>            \r\n                         \r\n                                        \r\n        <\/div><!--content-->\r\n    <\/div><!--entry content-->            \r\n<\/article><!--post item--><!--post item--> \r\n<article class=\"ultimate-layouts-item hentry\">\r\n    <!--entry content-->\r\n    <div class=\"ultimate-layouts-entry-wrapper entry-content\">\r\n        <!--picture-->\r\n                <!--picture-->\r\n        <!--content-->\r\n        <div class=\"ultimate-layouts-content entry\">    \r\n        \t        \r\n            <h3 class=\"ultimate-layouts-title entry-title  \"><a  data-post-id=\"707\" href=\"https:\/\/www3.unicentro.br\/sehlai\/wp-content\/uploads\/sites\/66\/2026\/03\/Edital_004_2026_Abertura_Coordenador_do_Curso_de_P_s_Gradua_o_69bbd48f64e30.pdf\" title=\"EDITAL N\u00ba 004\/2026 &#8211; SEHLA\/I &#8211; A abertura de inscri\u00e7\u00f5es para o Processo Seletivo Simplificado com vistas \u00e0 sele\u00e7\u00e3o para o preenchimento de vaga e forma\u00e7\u00e3o de cadastro de reserva para a fun\u00e7\u00e3o de Coordenador do Curso de P\u00f3sGradua\u00e7\u00e3o Lato Sensu \u2013 Especializa\u00e7\u00e3o em Gest\u00e3o Escolar\"   class=\"ultimate-layouts-title-link\">EDITAL N\u00ba 004\/2026 &#8211; SEHLA\/I &#8211; A abertura de inscri\u00e7\u00f5es para o Processo Seletivo Simplificado com vistas \u00e0 sele\u00e7\u00e3o para o preenchimento de vaga e forma\u00e7\u00e3o de cadastro de reserva para a fun\u00e7\u00e3o de Coordenador do Curso de P\u00f3sGradua\u00e7\u00e3o Lato Sensu \u2013 Especializa\u00e7\u00e3o em Gest\u00e3o Escolar<\/a><\/h3>            \r\n                         \r\n                                        \r\n        <\/div><!--content-->\r\n    <\/div><!--entry content-->            \r\n<\/article><!--post item--><!--post item--> \r\n<article class=\"ultimate-layouts-item hentry\">\r\n    <!--entry content-->\r\n    <div class=\"ultimate-layouts-entry-wrapper entry-content\">\r\n        <!--picture-->\r\n                <!--picture-->\r\n        <!--content-->\r\n        <div class=\"ultimate-layouts-content entry\">    \r\n        \t        \r\n            <h3 class=\"ultimate-layouts-title entry-title  \"><a  data-post-id=\"703\" href=\"https:\/\/www3.unicentro.br\/sehlai\/wp-content\/uploads\/sites\/66\/2026\/03\/Edital_003_2026_Edital_de_abertura_Tutoria_69b31512a1cd7.pdf\" title=\"EDITAL N\u00ba 003\/2026-SEHLA\/I\/UNICENTRO &#8211; ABERTURA DE INSCRI\u00c7\u00d5ES PARA TUTORIA DISCENTE\"   class=\"ultimate-layouts-title-link\">EDITAL N\u00ba 003\/2026-SEHLA\/I\/UNICENTRO &#8211; ABERTURA DE INSCRI\u00c7\u00d5ES PARA TUTORIA DISCENTE<\/a><\/h3>            \r\n                         \r\n                                        \r\n        <\/div><!--content-->\r\n    <\/div><!--entry content-->            \r\n<\/article><!--post item--><!--post item--> \r\n<article class=\"ultimate-layouts-item hentry\">\r\n    <!--entry content-->\r\n    <div class=\"ultimate-layouts-entry-wrapper entry-content\">\r\n        <!--picture-->\r\n                <!--picture-->\r\n        <!--content-->\r\n        <div class=\"ultimate-layouts-content entry\">    \r\n        \t        \r\n            <h3 class=\"ultimate-layouts-title entry-title  \"><a  data-post-id=\"700\" href=\"https:\/\/www3.unicentro.br\/sehlai\/wp-content\/uploads\/sites\/66\/2026\/03\/Edital_002_2026_Edital_de_abertura_EPV_69aecda4a1536.pdf\" title=\"EDITAL N\u00ba 002\/2026 &#8211; SEHLA\/I\/UNICENTRO &#8211; ABERTURA DE INSCRI\u00c7\u00d5ES PARA EST\u00c1GIO PEDAG\u00d3GICO VOLUNT\u00c1RIO\"   class=\"ultimate-layouts-title-link\">EDITAL N\u00ba 002\/2026 &#8211; SEHLA\/I\/UNICENTRO &#8211; ABERTURA DE INSCRI\u00c7\u00d5ES PARA EST\u00c1GIO PEDAG\u00d3GICO VOLUNT\u00c1RIO<\/a><\/h3>            \r\n                         \r\n                                        \r\n        <\/div><!--content-->\r\n    <\/div><!--entry content-->            \r\n<\/article><!--post item--><!--post item--> \r\n<article class=\"ultimate-layouts-item hentry\">\r\n    <!--entry content-->\r\n    <div class=\"ultimate-layouts-entry-wrapper entry-content\">\r\n        <!--picture-->\r\n                <!--picture-->\r\n        <!--content-->\r\n        <div class=\"ultimate-layouts-content entry\">    \r\n        \t        \r\n            <h3 class=\"ultimate-layouts-title entry-title  \"><a  data-post-id=\"696\" href=\"https:\/\/www3.unicentro.br\/sehlai\/wp-content\/uploads\/sites\/66\/2026\/03\/Edital_001_2026_Edital_de_abertura_Monitoria_69aecda00d317.pdf\" title=\"EDITAL N\u00ba 001\/2026 &#8211; SEHLA\/I\/UNICENTRO &#8211; ABERTURA DE INSCRI\u00c7\u00d5ES PARA O PROGRAMA DE MONITORIA DISCENTE\"   class=\"ultimate-layouts-title-link\">EDITAL N\u00ba 001\/2026 &#8211; SEHLA\/I\/UNICENTRO &#8211; ABERTURA DE INSCRI\u00c7\u00d5ES PARA O PROGRAMA DE MONITORIA DISCENTE<\/a><\/h3>            \r\n                         \r\n                                        \r\n        <\/div><!--content-->\r\n    <\/div><!--entry content-->            \r\n<\/article><!--post item--><!--post item--> \r\n<article class=\"ultimate-layouts-item hentry\">\r\n    <!--entry content-->\r\n    <div class=\"ultimate-layouts-entry-wrapper entry-content\">\r\n        <!--picture-->\r\n                <!--picture-->\r\n        <!--content-->\r\n        <div class=\"ultimate-layouts-content entry\">    \r\n        \t        \r\n            <h3 class=\"ultimate-layouts-title entry-title  \"><a  data-post-id=\"687\" href=\"https:\/\/www3.unicentro.br\/sehlai\/wp-content\/uploads\/sites\/66\/2025\/08\/Edital_012_2025_Edital_de_Resultado_Monitoria_68a70d46adc27.pdf\" title=\"EDITAL N\u00ba 012\/2025-SEHLA\/I &#8211; RESULTADO DA SELE\u00c7\u00c3O DO PROGRAMA DE MONITORIA DISCENTE\"   class=\"ultimate-layouts-title-link\">EDITAL N\u00ba 012\/2025-SEHLA\/I &#8211; RESULTADO DA SELE\u00c7\u00c3O DO PROGRAMA DE MONITORIA DISCENTE<\/a><\/h3>            \r\n                         \r\n                                        \r\n        <\/div><!--content-->\r\n    <\/div><!--entry content-->            \r\n<\/article><!--post item--><!--post item--> \r\n<article class=\"ultimate-layouts-item hentry\">\r\n    <!--entry content-->\r\n    <div class=\"ultimate-layouts-entry-wrapper entry-content\">\r\n        <!--picture-->\r\n                <!--picture-->\r\n        <!--content-->\r\n        <div class=\"ultimate-layouts-content entry\">    \r\n        \t        \r\n            <h3 class=\"ultimate-layouts-title entry-title  \"><a  data-post-id=\"683\" href=\"https:\/\/www3.unicentro.br\/sehlai\/wp-content\/uploads\/sites\/66\/2025\/08\/Edital_011_2025_Edital_de_Resultado_EPV_68a5cb2668eef.pdf\" title=\"EDITAL N\u00ba 011\/2025-SEHLA\/I\/UNICENTRO RESULTADO DA SELE\u00c7\u00c3O DO PROGRAMA DE EST\u00c1GIO PEDAG\u00d3GICO VOLUNT\u00c1RIO\"   class=\"ultimate-layouts-title-link\">EDITAL N\u00ba 011\/2025-SEHLA\/I\/UNICENTRO RESULTADO DA SELE\u00c7\u00c3O DO PROGRAMA DE EST\u00c1GIO PEDAG\u00d3GICO VOLUNT\u00c1RIO<\/a><\/h3>            \r\n                         \r\n                                        \r\n        <\/div><!--content-->\r\n    <\/div><!--entry content-->            \r\n<\/article><!--post item--><!--post item--> \r\n<article class=\"ultimate-layouts-item hentry\">\r\n    <!--entry content-->\r\n    <div class=\"ultimate-layouts-entry-wrapper entry-content\">\r\n        <!--picture-->\r\n                <!--picture-->\r\n        <!--content-->\r\n        <div class=\"ultimate-layouts-content entry\">    \r\n        \t        \r\n            <h3 class=\"ultimate-layouts-title entry-title  \"><a  data-post-id=\"679\" href=\"https:\/\/www3.unicentro.br\/sehlai\/wp-content\/uploads\/sites\/66\/2025\/08\/Edital_010_2025_Edital_de_abertura_Monitoria_689ca2716c3de.pdf\" title=\"EDITAL N\u00ba 010\/2025-SEHLA\/I &#8211; ABERTURA DE INSCRI\u00c7\u00d5ES PARA O PROGRAMA DE MONITORIA DISCENTE\"   class=\"ultimate-layouts-title-link\">EDITAL N\u00ba 010\/2025-SEHLA\/I &#8211; ABERTURA DE INSCRI\u00c7\u00d5ES PARA O PROGRAMA DE MONITORIA DISCENTE<\/a><\/h3>            \r\n                         \r\n                                        \r\n        <\/div><!--content-->\r\n    <\/div><!--entry content-->            \r\n<\/article><!--post item--><\/div><div class=\"ul-pagination-wrap\">\r\n\t\t\t\t\t\t\t\t\t\t\t\t<div class=\"ul-page-numbers\">\r\n\t\t\t\t\t\t\t\t\t\t\t\t<\/div>\r\n\t\t\t\t\t\t\t\t\t\t\t<\/div><\/div>[\/vc_column][\/vc_row]<\/p>\n<\/div>","protected":false},"excerpt":{"rendered":"<p>[vc_row][vc_column][\/vc_column][\/vc_row]<\/p>\n","protected":false},"author":3,"featured_media":0,"parent":0,"menu_order":0,"comment_status":"closed","ping_status":"closed","template":"","meta":{"_exactmetrics_skip_tracking":false,"_exactmetrics_sitenote_active":false,"_exactmetrics_sitenote_note":"","_exactmetrics_sitenote_category":0,"footnotes":"","_links_to":"","_links_to_target":""},"class_list":["post-12","page","type-page","status-publish","hentry"],"_links":{"self":[{"href":"https:\/\/www3.unicentro.br\/sehlai\/wp-json\/wp\/v2\/pages\/12","targetHints":{"allow":["GET"]}}],"collection":[{"href":"https:\/\/www3.unicentro.br\/sehlai\/wp-json\/wp\/v2\/pages"}],"about":[{"href":"https:\/\/www3.unicentro.br\/sehlai\/wp-json\/wp\/v2\/types\/page"}],"author":[{"embeddable":true,"href":"https:\/\/www3.unicentro.br\/sehlai\/wp-json\/wp\/v2\/users\/3"}],"replies":[{"embeddable":true,"href":"https:\/\/www3.unicentro.br\/sehlai\/wp-json\/wp\/v2\/comments?post=12"}],"version-history":[{"count":1,"href":"https:\/\/www3.unicentro.br\/sehlai\/wp-json\/wp\/v2\/pages\/12\/revisions"}],"predecessor-version":[{"id":590,"href":"https:\/\/www3.unicentro.br\/sehlai\/wp-json\/wp\/v2\/pages\/12\/revisions\/590"}],"wp:attachment":[{"href":"https:\/\/www3.unicentro.br\/sehlai\/wp-json\/wp\/v2\/media?parent=12"}],"curies":[{"name":"wp","href":"https:\/\/api.w.org\/{rel}","templated":true}]}}