{"id":10,"date":"2019-02-27T09:26:31","date_gmt":"2019-02-27T12:26:31","guid":{"rendered":"https:\/\/www3.unicentro.br\/sehlai\/?page_id=10"},"modified":"2026-03-02T21:21:31","modified_gmt":"2026-03-03T00:21:31","slug":"apresentacao","status":"publish","type":"page","link":"https:\/\/www3.unicentro.br\/sehlai\/apresentacao\/","title":{"rendered":"Apresenta\u00e7\u00e3o"},"content":{"rendered":"<div class=\"wpb-content-wrapper\"><p>[vc_row][vc_column][vc_column_text]O Setor de Ci\u00eancias Humanas, Letras e Artes de Irati \u2013 Sehla\/I congrega os cursos de licenciatura em Hist\u00f3ria, Licenciatura em Letras (Espanhol, Ingl\u00eas e Portugu\u00eas) e Licenciatura em Pedagogia. Os cursos s\u00e3o noturnos e possibilitam a forma\u00e7\u00e3o para a doc\u00eancia com possibilidades de ingresso na p\u00f3s-gradua\u00e7\u00e3o tamb\u00e9m.[\/vc_column_text][\/vc_column][\/vc_row][vc_row css_animation=&#8221;fadeIn&#8221; u_row_style=&#8221;0&#8243; u_row_paralax=&#8221;0&#8243; u_row_scheme=&#8221;0&#8243; css=&#8221;.vc_custom_1551361142997{margin-bottom: 15px !important;padding-top: 5px !important;padding-right: 10px !important;padding-bottom: 5px !important;padding-left: 10px !important;background-color: #f4f4f4 !important;}&#8221;][vc_column width=&#8221;1\/3&#8243;][vc_cta h2=&#8221;DIRE\u00c7\u00c3O&#8221; shape=&#8221;square&#8221; style=&#8221;flat&#8221; color=&#8221;juicy-pink&#8221; el_class=&#8221;curso&#8221;][\/vc_cta][\/vc_column][vc_column width=&#8221;2\/3&#8243;][vc_column_text css=&#8221;&#8221;]<\/p>\n<ul>\n<li><strong>Gest\u00e3o 2023\/2027<br \/>\n<\/strong>Diretora: Luciane Trennephol da Costa<br \/>\nVice-Diretora: Miriam Adalgisa Bedim Godoy<br \/>\nCoordenador de Apoio: Daniel Fernando Lemes dos Santos<br \/>\nEmail: <a href=\"mailto:sehla@irati.unicentro.br\"><em>sehla@irati.unicentro.br<\/em><\/a><\/li>\n<\/ul>\n<p>[\/vc_column_text][\/vc_column][\/vc_row][vc_row css_animation=&#8221;fadeIn&#8221; u_row_style=&#8221;0&#8243; u_row_paralax=&#8221;0&#8243; u_row_scheme=&#8221;0&#8243; css=&#8221;.vc_custom_1551361142997{margin-bottom: 15px !important;padding-top: 5px !important;padding-right: 10px !important;padding-bottom: 5px !important;padding-left: 10px !important;background-color: #f4f4f4 !important;}&#8221;][vc_column width=&#8221;1\/3&#8243;][vc_cta h2=&#8221;HIST\u00d3RIA&#8221; shape=&#8221;square&#8221; style=&#8221;flat&#8221; color=&#8221;juicy-pink&#8221; el_class=&#8221;curso&#8221;][\/vc_cta][\/vc_column][vc_column width=&#8221;2\/3&#8243;][vc_column_text css=&#8221;&#8221;]<\/p>\n<ul>\n<li><strong>Departamento de Hist\u00f3ria \u2013 Dehis<br \/>\n<\/strong>Chefe: Os\u00e9ias de Oliveira<br \/>\nVice-chefe: Carlos Eduardo Fran\u00e7a de Oliveira<br \/>\nEmail: <a href=\"mailto:dehis.irati@gmail.com\"><em>dehis.irati@gmail.com<\/em><\/a><\/li>\n<\/ul>\n<p>[\/vc_column_text][\/vc_column][\/vc_row][vc_row css_animation=&#8221;fadeIn&#8221; u_row_style=&#8221;0&#8243; u_row_paralax=&#8221;0&#8243; u_row_scheme=&#8221;0&#8243; css=&#8221;.vc_custom_1551361151110{margin-bottom: 15px !important;padding-top: 5px !important;padding-right: 10px !important;padding-bottom: 5px !important;padding-left: 10px !important;background-color: #f4f4f4 !important;}&#8221;][vc_column width=&#8221;1\/3&#8243;][vc_cta h2=&#8221;LETRAS&#8221; shape=&#8221;square&#8221; style=&#8221;flat&#8221; color=&#8221;juicy-pink&#8221; el_class=&#8221;curso&#8221;][\/vc_cta][\/vc_column][vc_column width=&#8221;2\/3&#8243;][vc_column_text css=&#8221;&#8221;]<\/p>\n<ul>\n<li><strong>Departamento de Letras \u2013 Delet<br \/>\n<\/strong>Chefe: Cristiane Malinoski Pianaro Angelo<br \/>\nVice-chefe: Leonilda Procailo<br \/>\nEmail: <a href=\"mailto:deletunicentroirati@gmail.com\"><em>deletunicentroirati@gmail.com<\/em><\/a><\/li>\n<\/ul>\n<p>[\/vc_column_text][\/vc_column][\/vc_row][vc_row css_animation=&#8221;fadeIn&#8221; u_row_style=&#8221;0&#8243; u_row_paralax=&#8221;0&#8243; u_row_scheme=&#8221;0&#8243; css=&#8221;.vc_custom_1551361157779{margin-bottom: 15px !important;padding-top: 5px !important;padding-right: 10px !important;padding-bottom: 5px !important;padding-left: 10px !important;background-color: #f4f4f4 !important;}&#8221;][vc_column width=&#8221;1\/3&#8243;][vc_cta h2=&#8221;PEDAGOGIA&#8221; shape=&#8221;square&#8221; style=&#8221;flat&#8221; color=&#8221;juicy-pink&#8221; el_class=&#8221;curso&#8221;][\/vc_cta][\/vc_column][vc_column width=&#8221;2\/3&#8243;][vc_column_text css=&#8221;&#8221;]<\/p>\n<ul>\n<li><strong>Departamento de Pedagogia \u2013 Deped<br \/>\n<\/strong>Chefe: Rayane Regina Scheidt Gasparelo<br \/>\nVice-chefe: Eliziane de F\u00e1tima Alvaristo<br \/>\nEmail: <a href=\"mailto:depedirati@gmail.com\"><em>depedirati@gmail.com<\/em><\/a><\/li>\n<\/ul>\n<p>[\/vc_column_text][\/vc_column][\/vc_row][vc_row css_animation=&#8221;fadeIn&#8221; u_row_style=&#8221;0&#8243; u_row_paralax=&#8221;0&#8243; u_row_scheme=&#8221;0&#8243; css=&#8221;.vc_custom_1551361157779{margin-bottom: 15px !important;padding-top: 5px !important;padding-right: 10px !important;padding-bottom: 5px !important;padding-left: 10px !important;background-color: #f4f4f4 !important;}&#8221;][vc_column width=&#8221;1\/3&#8243;][vc_cta h2=&#8221;REPRESENTA\u00c7\u00c3O DISCENTE&#8221; shape=&#8221;square&#8221; style=&#8221;flat&#8221; color=&#8221;juicy-pink&#8221; el_class=&#8221;curso&#8221;][\/vc_cta][\/vc_column][vc_column width=&#8221;2\/3&#8243;][vc_column_text css=&#8221;&#8221;]<\/p>\n<ul>\n<li><strong>DEHIS<br \/>\n<\/strong>Centro Acad\u00eamico Olga Ben\u00e1rio<br \/>\nPresidente &#8211; Isaac Martins de Oliveira<\/li>\n<li><strong>DELET<br \/>\n<\/strong>Centro Acad\u00eamico Antonieta de Barros<br \/>\nPresidenta: Karolina Purfirio<\/li>\n<li><strong>DEPED<br \/>\n<\/strong>Centro Acad\u00eamico Maria Rita<br \/>\nPresidente: processo de elei\u00e7\u00e3o<\/li>\n<\/ul>\n<p>[\/vc_column_text][\/vc_column][\/vc_row][vc_row css_animation=&#8221;fadeIn&#8221; u_row_style=&#8221;0&#8243; u_row_paralax=&#8221;0&#8243; u_row_scheme=&#8221;0&#8243; css=&#8221;.vc_custom_1551361169164{margin-bottom: 15px !important;padding-top: 5px !important;padding-right: 10px !important;padding-bottom: 5px !important;padding-left: 10px !important;background-color: #f4f4f4 !important;}&#8221;][vc_column width=&#8221;1\/3&#8243;][vc_cta h2=&#8221;PPGH&#8221; shape=&#8221;square&#8221; style=&#8221;flat&#8221; color=&#8221;juicy-pink&#8221; el_class=&#8221;curso&#8221;][\/vc_cta][\/vc_column][vc_column width=&#8221;2\/3&#8243;][vc_column_text]<strong>Programa de P\u00f3s-Gradua\u00e7\u00e3o em Hist\u00f3ria<\/strong><\/p>\n<ul>\n<li><a href=\"https:\/\/www3.unicentro.br\/ppgh\">Site do Programa<\/a><\/li>\n<\/ul>\n<p>[\/vc_column_text][\/vc_column][\/vc_row][vc_row css_animation=&#8221;fadeIn&#8221; u_row_style=&#8221;0&#8243; u_row_paralax=&#8221;0&#8243; u_row_scheme=&#8221;0&#8243; css=&#8221;.vc_custom_1551361117998{padding-top: 5px !important;padding-right: 10px !important;padding-bottom: 5px !important;padding-left: 10px !important;background-color: #f4f4f4 !important;}&#8221;][vc_column width=&#8221;1\/3&#8243;][vc_cta h2=&#8221;PPGE&#8221; shape=&#8221;square&#8221; style=&#8221;flat&#8221; color=&#8221;juicy-pink&#8221; el_class=&#8221;curso&#8221;][\/vc_cta][\/vc_column][vc_column width=&#8221;2\/3&#8243;][vc_column_text]<strong>Programa de P\u00f3s-Gradua\u00e7\u00e3o em Educa\u00e7\u00e3o<\/strong><\/p>\n<ul>\n<li><a href=\"https:\/\/www2.unicentro.br\/ppge\">Site do Programa<\/a><\/li>\n<\/ul>\n<p>[\/vc_column_text][\/vc_column][\/vc_row]<\/p>\n<\/div>","protected":false},"excerpt":{"rendered":"<p>[vc_row][vc_column][vc_column_text]O Setor de Ci\u00eancias Humanas, Letras e Artes de Irati \u2013 Sehla\/I congrega os cursos de licenciatura em Hist\u00f3ria, Licenciatura em Letras (Espanhol, Ingl\u00eas e Portugu\u00eas) e Licenciatura em Pedagogia. Os cursos s\u00e3o noturnos e possibilitam a forma\u00e7\u00e3o para a doc\u00eancia com possibilidades de ingresso na p\u00f3s-gradua\u00e7\u00e3o tamb\u00e9m.[\/vc_column_text][\/vc_column][\/vc_row][vc_row css_animation=&#8221;fadeIn&#8221; u_row_style=&#8221;0&#8243; u_row_paralax=&#8221;0&#8243; u_row_scheme=&#8221;0&#8243; css=&#8221;.vc_custom_1551361142997{margin-bottom: 15px !important;padding-top: [&hellip;]<\/p>\n","protected":false},"author":3,"featured_media":0,"parent":0,"menu_order":0,"comment_status":"closed","ping_status":"closed","template":"","meta":{"_exactmetrics_skip_tracking":false,"_exactmetrics_sitenote_active":false,"_exactmetrics_sitenote_note":"","_exactmetrics_sitenote_category":0,"footnotes":"","_links_to":"","_links_to_target":""},"class_list":["post-10","page","type-page","status-publish","hentry"],"_links":{"self":[{"href":"https:\/\/www3.unicentro.br\/sehlai\/wp-json\/wp\/v2\/pages\/10","targetHints":{"allow":["GET"]}}],"collection":[{"href":"https:\/\/www3.unicentro.br\/sehlai\/wp-json\/wp\/v2\/pages"}],"about":[{"href":"https:\/\/www3.unicentro.br\/sehlai\/wp-json\/wp\/v2\/types\/page"}],"author":[{"embeddable":true,"href":"https:\/\/www3.unicentro.br\/sehlai\/wp-json\/wp\/v2\/users\/3"}],"replies":[{"embeddable":true,"href":"https:\/\/www3.unicentro.br\/sehlai\/wp-json\/wp\/v2\/comments?post=10"}],"version-history":[{"count":2,"href":"https:\/\/www3.unicentro.br\/sehlai\/wp-json\/wp\/v2\/pages\/10\/revisions"}],"predecessor-version":[{"id":694,"href":"https:\/\/www3.unicentro.br\/sehlai\/wp-json\/wp\/v2\/pages\/10\/revisions\/694"}],"wp:attachment":[{"href":"https:\/\/www3.unicentro.br\/sehlai\/wp-json\/wp\/v2\/media?parent=10"}],"curies":[{"name":"wp","href":"https:\/\/api.w.org\/{rel}","templated":true}]}}