{"id":47,"date":"2019-04-17T15:29:38","date_gmt":"2019-04-17T18:29:38","guid":{"rendered":"https:\/\/www3.unicentro.br\/sehlag\/?page_id=47"},"modified":"2023-02-24T14:30:31","modified_gmt":"2023-02-24T17:30:31","slug":"apresentacao","status":"publish","type":"page","link":"https:\/\/www3.unicentro.br\/sehlag\/apresentacao\/","title":{"rendered":"Apresenta\u00e7\u00e3o"},"content":{"rendered":"<div class=\"wpb-content-wrapper\"><p>[vc_row][vc_column width=&#8221;1\/2&#8243;][vc_column_text]O S<strong>etor de Humanas, Letras e Artes do Campus Santa Cruz- Guarapuava \u2013SEHLA\/G<\/strong>&#8211; \u00e9 o maior setor da UNICENTRO, \u00e9 composto por 170 professores e mais de 1400 alunos. O Setor agrega os cursos de Licenciatura em Arte, Hist\u00f3ria, Filosofia, Letras, Pedagogia e os cursos de Bacharelado : Jornalismo e Publicidade. Est\u00e3o lotados no SEHLA, tamb\u00e9m,\u00a0 o Programa de P\u00f3s-Gradua\u00e7\u00e3o Stricto Sensu em Letras, PPGL, N\u00edvel Mestrado e o Programa de P\u00f3s-Gradua\u00e7\u00e3o Stricto Sensu em Educa\u00e7\u00e3o, PPGE, N\u00edvel Mestrado.<\/p>\n<p>A dire\u00e7\u00e3o do SEHLA est\u00e1 a cargo do Professor Ademir Nunes e a Vice-dire\u00e7\u00e3o cabe ao professor Odinei Fabiano Ramos no per\u00edodo que vai de 2019 a 2022<\/p>\n<p>&nbsp;<\/p>\n<p><strong>Diretor do Setor:\u00a0<\/strong><\/p>\n<p>Odinei Fabiano Ramos<\/p>\n<p><strong> ramal<\/strong>:\u00a01330<\/p>\n<p><strong>e-mail: <\/strong>odineiramos@unicento.br<\/p>\n<p>&nbsp;<\/p>\n<p><strong>Vice-diretor:<\/strong><\/p>\n<p>Ademir Nunes Gon\u00e7alves<\/p>\n<p><strong> ramal<\/strong>: 1386<\/p>\n<p><strong>e-mail:<\/strong> ademir.unicentro@gmail.com[\/vc_column_text][\/vc_column][vc_column width=&#8221;1\/2&#8243;][vc_video link=&#8221;https:\/\/www.youtube.com\/watch?v=REbDWyqMQXM&amp;t&#8221; align=&#8221;center&#8221;][vc_video link=&#8221;https:\/\/www.youtube.com\/watch?v=_VZPqp6rXMs&#8221; title=&#8221;V\u00eddeo SEHLA-Libras&#8221;][\/vc_column][\/vc_row][vc_row][vc_column][\/vc_column][\/vc_row][vc_row][vc_column][vc_single_image image=&#8221;126&#8243; img_size=&#8221;&#8220;full&#8220;&#8221;][\/vc_column][\/vc_row]<\/p>\n<\/div>","protected":false},"excerpt":{"rendered":"<p>[vc_row][vc_column width=&#8221;1\/2&#8243;][vc_column_text]O Setor de Humanas, Letras e Artes do Campus Santa Cruz- Guarapuava \u2013SEHLA\/G&#8211; \u00e9 o maior setor da UNICENTRO, \u00e9 composto por 170 professores e mais de 1400 alunos. O Setor agrega os cursos de Licenciatura em Arte, Hist\u00f3ria, Filosofia, Letras, Pedagogia e os cursos de Bacharelado : Jornalismo e Publicidade. Est\u00e3o lotados no [&hellip;]<\/p>\n","protected":false},"author":3,"featured_media":0,"parent":0,"menu_order":0,"comment_status":"closed","ping_status":"closed","template":"","meta":{"_exactmetrics_skip_tracking":false,"_exactmetrics_sitenote_active":false,"_exactmetrics_sitenote_note":"","_exactmetrics_sitenote_category":0,"footnotes":"","_links_to":"","_links_to_target":""},"class_list":["post-47","page","type-page","status-publish","hentry"],"_links":{"self":[{"href":"https:\/\/www3.unicentro.br\/sehlag\/wp-json\/wp\/v2\/pages\/47","targetHints":{"allow":["GET"]}}],"collection":[{"href":"https:\/\/www3.unicentro.br\/sehlag\/wp-json\/wp\/v2\/pages"}],"about":[{"href":"https:\/\/www3.unicentro.br\/sehlag\/wp-json\/wp\/v2\/types\/page"}],"author":[{"embeddable":true,"href":"https:\/\/www3.unicentro.br\/sehlag\/wp-json\/wp\/v2\/users\/3"}],"replies":[{"embeddable":true,"href":"https:\/\/www3.unicentro.br\/sehlag\/wp-json\/wp\/v2\/comments?post=47"}],"version-history":[{"count":0,"href":"https:\/\/www3.unicentro.br\/sehlag\/wp-json\/wp\/v2\/pages\/47\/revisions"}],"wp:attachment":[{"href":"https:\/\/www3.unicentro.br\/sehlag\/wp-json\/wp\/v2\/media?parent=47"}],"curies":[{"name":"wp","href":"https:\/\/api.w.org\/{rel}","templated":true}]}}