{"id":34,"date":"2019-04-17T15:26:37","date_gmt":"2019-04-17T18:26:37","guid":{"rendered":"https:\/\/www3.unicentro.br\/sehlag\/?page_id=34"},"modified":"2019-06-04T10:59:49","modified_gmt":"2019-06-04T13:59:49","slug":"projetos","status":"publish","type":"page","link":"https:\/\/www3.unicentro.br\/sehlag\/projetos\/","title":{"rendered":"Projetos"},"content":{"rendered":"<p><strong><span style=\"font-size: 16pt\">DEPARTAMENTO DE ARTE<\/span><\/strong><\/p>\n<table style=\"height: 182px\" width=\"875\">\n<tbody>\n<tr>\n<td><strong>Nome<\/strong><\/td>\n<td><b>Descri\u00e7\u00e3o<\/b><\/td>\n<td><b>\u00a0<\/b><\/td>\n<td><b>Linha de pesquisa<\/b><\/td>\n<td><b>\u00a0<\/b><\/td>\n<\/tr>\n<tr>\n<td>CARLOS ALBERTO MACHADO<\/td>\n<td>Pesquisa continuada<\/td>\n<td><\/td>\n<td>Tecnologia, Educa\u00e7\u00e3o e Cultura<\/td>\n<td><\/td>\n<\/tr>\n<tr>\n<td>DAIANE SOLANGE STOEBERL DA CUNHA<\/td>\n<td>Pesquisa continuada<\/td>\n<td><\/td>\n<td>Arte e Ensino<\/td>\n<td><\/td>\n<\/tr>\n<tr>\n<td>DESIR\u00c9E PASCHOAL DE MELO<\/td>\n<td>Pesquisa continuada<\/td>\n<td><\/td>\n<td>Arte, tecnologia e design<\/td>\n<td><\/td>\n<\/tr>\n<tr>\n<td>EGLECY DO ROCIO LIPPMANN<\/td>\n<td>PqI &#8211; &#8220;Re vistas e La mentos: Grupo de Teatro LUZ da APADEVI\/Guarapuav<em>a&#8221;<\/em><\/td>\n<td><\/td>\n<td>Arte e Ensino<\/td>\n<td><\/td>\n<\/tr>\n<tr>\n<td>MARCIA CRISTINA CEBULSKI<\/td>\n<td>Pesquisa continuada<\/td>\n<td><\/td>\n<td>Arte e Ensino<\/td>\n<td><\/td>\n<\/tr>\n<tr>\n<td>ERICA DIAS GOMES<\/td>\n<td>Pesquisa continuada<\/td>\n<td><\/td>\n<td>Educa\u00e7\u00e3o, cultura e diversidade\u00a0 Arte e Ensino<\/p>\n<p>&nbsp;<\/td>\n<td><\/td>\n<\/tr>\n<\/tbody>\n<\/table>\n<p>&nbsp;<\/p>\n<p><strong><span style=\"font-size: 16pt\">DEPARTAMENTO DE COMUNICA\u00c7\u00c3O SOCIAL<\/span><\/strong><\/p>\n<table style=\"height: 311px\" width=\"872\">\n<tbody>\n<tr>\n<td><strong>Nome<\/strong><\/td>\n<td><strong>Descri\u00e7\u00e3o<\/strong><\/td>\n<td><strong>Linha de pesquisa<\/strong><\/td>\n<\/tr>\n<tr>\n<td>ALEXANDRE TORRESANI DE LARA<\/td>\n<td>Pesquisa continuada<\/td>\n<td>Homem, cultura e Produ\u00e7\u00e3o Audiovisual<\/td>\n<\/tr>\n<tr>\n<td>ARIANE CARLA PEREIRA FERNANDES<\/td>\n<td>Pesquisa continuada<\/td>\n<td>M\u00eddias, linguagens e Representa\u00e7\u00f5es<\/td>\n<\/tr>\n<tr>\n<td>EDUARDO YUJI YAMAMOTO<\/td>\n<td>Pesquisa continuada<\/td>\n<td>Homem, cultura e Produ\u00e7\u00e3o Audiovisual<\/td>\n<\/tr>\n<tr>\n<td>ELISA FERREIRA ROSEIRA LEONARDI<\/td>\n<td>PqI &#8220;Lan\u00e7ai Vossas Redes: Estrat\u00e9gias de Utiliza\u00e7\u00e3o de Redes Sociais na Evangeliza\u00e7\u00e3o em Par\u00f3quias Cat\u00f3licas.&#8221;<\/td>\n<td><\/td>\n<\/tr>\n<tr>\n<td>EVERLY PEGORARO<\/td>\n<td>Pesquisa continuada<\/td>\n<td>Processos Comunicativos e Sociabilidades<\/td>\n<\/tr>\n<tr>\n<td>FERNANDA PACHECO DE MORAES<\/td>\n<td>PqI\u00a0 &#8220;Arranjos Gr\u00e1ficos e Tipogr\u00e1ficos estampados em cartazes\/p\u00f4steres contempor\u00e2neos e suas (co) rela\u00e7\u00f5es hist\u00f3ricas, est\u00e9ticas e mercadol\u00f3gicas&#8221;<\/td>\n<td><\/td>\n<\/tr>\n<tr>\n<td>FRANCISMAR FORMENT\u00c3O<\/td>\n<td>Pesquisa continuada<\/td>\n<td>Est\u00e9tica do cinema<\/td>\n<\/tr>\n<tr>\n<td>IRIS YAE TOMITA<\/td>\n<td>Pesquisa continuada<\/td>\n<td>M\u00eddias, Linguagens e Representa\u00e7\u00f5es. | Processos Comunicativos e Sociabilidades<\/td>\n<\/tr>\n<tr>\n<td>MARCIO RONALDO SANTOS FERNANDES<\/td>\n<td>Pesquisa continuada<\/td>\n<td>M\u00eddia e Mem\u00f3ria<\/td>\n<\/tr>\n<\/tbody>\n<\/table>\n<p><strong><span style=\"font-size: 16pt\">DEPARTAMENTO DE FILOSOFIA<\/span><\/strong><\/p>\n<table style=\"height: 343px\" width=\"942\">\n<tbody>\n<tr>\n<td><strong>Nome<\/strong><\/td>\n<td><strong>Descri\u00e7\u00e3o<\/strong><\/td>\n<td><strong>Linha de pesquisa<\/strong><\/td>\n<\/tr>\n<tr>\n<td>CLAUDIO CESAR DE ANDRADE<\/td>\n<td>PqI\u00a0 &#8220;O exerc\u00edcio do cuidado de si e da pol\u00edtica individual em formas-de-vida: a requalifica\u00e7\u00e3o de Giorgio Agamben em t\u00e9cnicas de si de Michel Foucault&#8221;<\/td>\n<td><\/td>\n<\/tr>\n<tr>\n<td>DARLAN FACCIN WEIDE<\/td>\n<td>PqI &#8221; Rosa Luxemburgo frente ao Bernstein-Debatte&#8221;<\/td>\n<td><\/td>\n<\/tr>\n<tr>\n<td>ERNESTO MARIA GIUSTI<\/td>\n<td>PqI\u00a0 &#8220;Geometria, ci\u00eancia e fiosofia em Brentano e seu contexto hist\u00f3rico&#8221;<\/td>\n<td><\/td>\n<\/tr>\n<tr>\n<td>EVANDRO OLIVEIRA DE BRITO<\/td>\n<td>Pesquisa Continuada<\/td>\n<td>\u00a0Fundamenta\u00e7\u00e3o da A\u00e7\u00e3o Moral.<\/td>\n<\/tr>\n<tr>\n<td>GILMAR EVANDRO SZCZEPANIK<\/td>\n<td>Pesquisa Continuada<\/td>\n<td>\u00a0Arte, tecnologia e design | Ci\u00eancia e religi\u00e3o | Epistemologia da cren\u00e7a religiosa | T\u00e9cnica, Tecnologia, tecnoci\u00eancia: ontog\u00eanese dos objetos t\u00e9cnicos e cient\u00edficos<\/td>\n<\/tr>\n<tr>\n<td>MANUEL MOREIRA DA SILVA<\/td>\n<td>Pesquisa Continuada<\/td>\n<td>Psican\u00e1lise, Metaf\u00edsica e teoria do conhecimento | Ontologia, Psique p\u00f3s-moderna e Metapsicologia | \u00c9tica, Cl\u00ednica e Terapia Psicanal\u00edtica<\/td>\n<\/tr>\n<tr>\n<td>MARCIANO ADILIO SPICA<\/td>\n<td>Pesquisa Continuada<\/td>\n<td>\u00a0Secularismo, Pluralismo e Sociedade<\/td>\n<\/tr>\n<\/tbody>\n<\/table>\n<p><span style=\"font-size: 16pt\"><strong>DEPARTAMENTO DE HIST\u00d3RIA<\/strong><\/span><\/p>\n<table style=\"height: 272px\" width=\"848\">\n<tbody>\n<tr>\n<td><strong>Nome<\/strong><\/td>\n<td><strong>Descri\u00e7\u00e3o<\/strong><\/td>\n<td><strong>Linha de pesquisa<\/strong><\/td>\n<\/tr>\n<tr>\n<td>BEATRIZ ANSELMO OLINTO<\/td>\n<td>Pesquisa continuada<\/td>\n<td>Hist\u00f3ria e Regi\u00f5es | Cultura, Etnias e Identifica\u00e7\u00f5es | Hist\u00f3ria sociocultural das doen\u00e7as<\/td>\n<\/tr>\n<tr>\n<td>CARMEM L\u00daCIA GOMES DE SALIS<\/td>\n<td>Pesquisa continuada<\/td>\n<td>Ensino de Hist\u00f3ria<\/td>\n<\/tr>\n<tr>\n<td>FABIO RUELA DE OLIVEIRA<\/td>\n<td>Pesquisa continuada<\/td>\n<td>\u00a0Cultura, Etnias e Identifica\u00e7\u00f5es<\/td>\n<\/tr>\n<tr>\n<td>FLAMARION LABA DA COSTA<\/td>\n<td>PqI\u00a0 &#8220;O Discurso Esp\u00edrita de Hugo Reis nos Jornais O Progresso e Di\u00e1rio dos Campos no in\u00edcio do S\u00e9culo XX&#8221;<\/td>\n<td><\/td>\n<\/tr>\n<tr>\n<td>HELVIO ALEXANDRE MARIANO<\/td>\n<td>Pesquisa continuada<\/td>\n<td>Hist\u00f3ria e Regi\u00f5es<\/td>\n<\/tr>\n<tr>\n<td>ISMAEL ANTONIO VANNINI<\/td>\n<td>Pesquisa continuada<\/td>\n<td>\u00a0Hist\u00f3ria e Regi\u00f5es<\/td>\n<\/tr>\n<tr>\n<td>J\u00d3 KLANOVICZ<\/td>\n<td>Pesquisa continuada<\/td>\n<td>Hist\u00f3ria Ambiental, Global, Ci\u00eancia e Natureza<\/td>\n<\/tr>\n<tr>\n<td>LUCIANA ROSAR FORNAZARI KLANOVICZ<\/td>\n<td>Pesquisa continuada<\/td>\n<td>\u00a0Corporeidades, erotismo e hist\u00f3ria<\/td>\n<\/tr>\n<tr>\n<td>MARCIA TEREZINHA TEMBIL<\/td>\n<td>PqI &#8220;Guarapuava: seus espa\u00e7os metamorforseados&#8221;<\/td>\n<td><\/td>\n<\/tr>\n<tr>\n<td>MARIA PAULA COSTA<\/td>\n<td>Pesquisa continuada<\/td>\n<td>\u00a0Hist\u00f3ria, Ensino e Aprendizagem<\/td>\n<\/tr>\n<tr>\n<td>MARION REGINA STREMEL<\/td>\n<td>PqI &#8221; Higiene e Saneamento nos Escritos do M\u00e9dico Guarapuavano Eurico Branco Ribeiro (1920-1940)&#8221;<\/td>\n<td><\/td>\n<\/tr>\n<tr>\n<td>ODINEI FABIANO RAMOS<\/td>\n<td>PqI &#8220;Entre a Fronteira Identit\u00e1ria e a Integra\u00e7\u00e3o \u00c9tnica: imigra\u00e7\u00e3o Ucraniana e Polonesa na regi\u00e3o Centro-Sul do Paran\u00e1&#8221;<\/td>\n<td><\/td>\n<\/tr>\n<tr>\n<td>ROSEMERI MOREIRA<\/td>\n<td>Pesquisa continuada<\/td>\n<td>Corporeidades, erotismo e hist\u00f3ria<\/td>\n<\/tr>\n<tr>\n<td>SILVIA GOMES BENTO DE MELLO<\/td>\n<td>PqI &#8221; Sobre a modernidade na obra de Rocha Pombo: reflex\u00f5es a partir de No hosp\u00edcio&#8221;<\/td>\n<td><\/td>\n<\/tr>\n<tr>\n<td>TEREZINHA SALDANHA<\/td>\n<td>PqI\u00a0 &#8220;Cat\u00e1logo de Fontes &#8211; Correspond\u00eancias da Prefeitura Municipal de Guarapuava (1890 a 1970)&#8221;<\/td>\n<td><\/td>\n<\/tr>\n<tr>\n<td>VANDERLEI SEBASTI\u00c3O DE SOUZA<\/td>\n<td>Pesquisa continuada<\/td>\n<td>\u00a0Diagn\u00f3sticos sobre os males do Brasil | Ci\u00eancias Sociais e Sa\u00fade em perspectiva hist\u00f3rica | Intelectuais, Ra\u00e7a e Na\u00e7\u00e3o<\/td>\n<\/tr>\n<\/tbody>\n<\/table>\n<p>&nbsp;<\/p>\n<p><strong><span style=\"font-size: 16pt\">DEPARTAMENTO DE LETRAS<\/span><\/strong><\/p>\n<table style=\"height: 308px\" width=\"848\">\n<tbody>\n<tr>\n<td><strong>Nome<\/strong><\/td>\n<td><strong>Descri\u00e7\u00e3o<\/strong><\/td>\n<td><strong>Linha de pesquisa<\/strong><\/td>\n<\/tr>\n<tr>\n<td>ADENIZE APARECIDA FRANCO<\/td>\n<td>Pesquisa continuada<\/td>\n<td>Texto, Mem\u00f3ria e Cultura<\/td>\n<\/tr>\n<tr>\n<td>ALZIRA FABIANA DE CHRISTO<\/td>\n<td>PqI\u00a0 &#8220;Mem\u00f3ria e Experi\u00eancia nas Aulas de Literatura para o Ensino M\u00e9dio: Propostas Did\u00e1ticas&#8221;<\/td>\n<td><\/td>\n<\/tr>\n<tr>\n<td>CAROLINE DE ARA\u00daJO PUPO HAGEMAYER<\/td>\n<td>PqI &#8221; Compreensibilidade de advert\u00eancias e instru\u00e7\u00f5es escritas&#8221;<\/td>\n<td><\/td>\n<\/tr>\n<tr>\n<td>CELIA BASSUMA FERNANDES<\/td>\n<td>Pesquisa continuada<\/td>\n<td>\u00a0Texto, Mem\u00f3ria e Cultura | Sujeito, Discurso, Ideologia<\/td>\n<\/tr>\n<tr>\n<td>CLAUDIA MARIS TULLIO<\/td>\n<td>Pesquisa continuada<\/td>\n<td>\u00a0Linguagem e Direito | Intera\u00e7\u00e3o em Contextos Forenses<\/td>\n<\/tr>\n<tr>\n<td>CLAUDIO JOSE DE ALMEIDA MELLO<\/td>\n<td>Pesquisa continuada<\/td>\n<td>\u00a0Literatura, cultura e forma\u00e7\u00e3o humana | Po\u00e9ticas da Leitura e da Interpreta\u00e7\u00e3o<\/td>\n<\/tr>\n<tr>\n<td>DALILA OLIVA DE LIMA OLIVEIRA<\/td>\n<td>PqI &#8220;As Condi\u00e7\u00f5es de Trabalho dos Professores e a Manuten\u00e7\u00e3o da Sa\u00fade Mental&#8221;<\/td>\n<td><\/td>\n<\/tr>\n<tr>\n<td>DANIELA SILVA DA SILVA<\/td>\n<td>Pesquisa continuada<\/td>\n<td>\u00a0Texto, Mem\u00f3ria e Cultura | Artes, Jornalismo e Linguagem Audiovisual<\/td>\n<\/tr>\n<tr>\n<td>DENISE GABRIEL WITZEL<\/td>\n<td>Pesquisa continuada<\/td>\n<td>\u00a0Texto, Mem\u00f3ria e Cultura<\/td>\n<\/tr>\n<tr>\n<td>LIDIA STUTZ<\/td>\n<td>Pesquisa continuada<\/td>\n<td>Ensino e Aprendizagem e Forma\u00e7\u00e3o de Professores de L\u00ednguas Estrangeiras | Linguagens, leitura e interpreta\u00e7\u00e3o<\/td>\n<\/tr>\n<tr>\n<td>LUCIANA FRACASSI STEFANIU<\/td>\n<td>Pesquisa continuada<\/td>\n<td>Texto, Mem\u00f3ria e Cultura | Sujeito, Discurso, Ideologia | Abordagens Sociais e Hist\u00f3ricas da Enuncia\u00e7\u00e3o<\/td>\n<\/tr>\n<tr>\n<td>LUCIANE BARETTA<\/td>\n<td>Pesquisa continuada<\/td>\n<td>Texto, Mem\u00f3ria e Cultura | Linguagens, leitura e interpreta\u00e7\u00e3o | Ensino de l\u00edngua: pr\u00e1tica pedag\u00f3gica e forma\u00e7\u00e3o docente<\/td>\n<\/tr>\n<tr>\n<td>MARCIA REGINA PAWLAS CARAZZAI<\/td>\n<td>PqI<\/td>\n<td><\/td>\n<\/tr>\n<tr>\n<td>MARIA APARECIDA CRISSI KNUPPEL<\/td>\n<td>Pesquisa continuada<\/td>\n<td>\u00a0Hist\u00f3ria, Tecnologia e Saberes Escolares | Fundamentos e Metodologia em Educa\u00e7\u00e3o a Dist\u00e2ncia<\/td>\n<\/tr>\n<tr>\n<td>MARIA CLECI VENTURINI<\/td>\n<td>Pesquisa continuada<\/td>\n<td>\u00a0Texto, Mem\u00f3ria e Cultura | Sujeito, Discurso, Ideologia<\/td>\n<\/tr>\n<tr>\n<td>MARIA SALETE BORBA<\/td>\n<td>Pesquisa continuada<\/td>\n<td>\u00a0Texto, Mem\u00f3ria e Cultura<\/td>\n<\/tr>\n<tr>\n<td>NEIDE GARCIA PINHEIRO<\/td>\n<td>PqI\u00a0 &#8220;O Brasil nas Literaturas de L\u00edngua Inglesa: a poesia de Ricardo Sternberg e Elizabeth Bishop&#8221;<\/td>\n<td><\/td>\n<\/tr>\n<tr>\n<td>NILCEIA VALDATI<\/td>\n<td>Pesquisa continuada<\/td>\n<td>Linguagens, leitura e interpreta\u00e7\u00e3o | Teoria, Cr\u00edtica e Comparativismo<\/td>\n<\/tr>\n<tr>\n<td>NINCIA CECILIA RIBAS BORGES TEIXEIRA<\/td>\n<td>Pesquisa continuada<\/td>\n<td>\u00a0Texto, Mem\u00f3ria e Cultura<\/td>\n<\/tr>\n<tr>\n<td>RAQUEL CRISTINA MENDES DE CARVALHO<\/td>\n<td>PqI &#8220;O Discurso Do Professor Orientador no Programa PDE: media\u00e7\u00e3o facilitadora da forma\u00e7\u00e3o continuada&#8221;<\/td>\n<td><\/td>\n<\/tr>\n<tr>\n<td>RAQUEL TEREZINHA RODRIGUES<\/td>\n<td>PqI &#8221; Miguel Torga e a escrita Diar\u00edstica&#8221;<\/td>\n<td><\/td>\n<\/tr>\n<tr>\n<td>RICARDO HIROYUKI SHIBATA<\/td>\n<td>Pesquisa continuada<\/td>\n<td>\u00a0Corporeidades, erotismo e hist\u00f3ria<\/td>\n<\/tr>\n<tr>\n<td>SONIA MERITH CLARAS<\/td>\n<td>Pesquisa continuada<\/td>\n<td>\u00a0Forma\u00e7\u00e3o Iniciada de Professores | Ensino de L\u00edngua e Literatura<\/td>\n<\/tr>\n<tr>\n<td>TEREZINHA MARCONDES DINIZ<\/td>\n<td>PqI &#8221; An\u00e1lise de Redes Sociais&#8221;<\/td>\n<td><\/td>\n<\/tr>\n<\/tbody>\n<\/table>\n<p>&nbsp;<\/p>\n<p><span style=\"font-size: 16pt\"><strong>DEPARTAMENTO DE PEDAGOGIA<\/strong><\/span><\/p>\n<table style=\"height: 304px\" width=\"865\">\n<tbody>\n<tr>\n<td><strong>Nome<\/strong><\/td>\n<td><strong>Descri\u00e7\u00e3o<\/strong><\/td>\n<td><strong>Linha de pesquisa<\/strong><\/td>\n<\/tr>\n<tr>\n<td>ADAIR ANGELO DALAROSA<\/td>\n<td>Pesquisa continuada<\/td>\n<td>\u00a0Hist\u00f3ria, Educa\u00e7\u00e3o e Trabalho<\/td>\n<\/tr>\n<tr>\n<td>ADEMIR NUNES GON\u00c7ALVES<\/td>\n<td>Pesquisa continuada<\/td>\n<td>\u00a0Pol\u00edticas Educacionais | Hist\u00f3ria e Organiza\u00e7\u00e3o da Educa\u00e7\u00e3o<\/td>\n<\/tr>\n<tr>\n<td>ADNILSON JOSE DA SILVA<\/td>\n<td>Pesquisa continuada<\/td>\n<td>\u00a0Hist\u00f3ria, Educa\u00e7\u00e3o e Trabalho<\/td>\n<\/tr>\n<tr>\n<td>ALESSANDRO DE MELO<\/td>\n<td>Pesquisa continuada<\/td>\n<td>\u00a0Educa\u00e7\u00e3o e Descoloniza\u00e7\u00e3o<\/td>\n<\/tr>\n<tr>\n<td>ALIANDRA CRISTINA MESOMO LIRA<\/td>\n<td>Pesquisa continuada<\/td>\n<td>\u00a0Inf\u00e2ncia e Cultura. | Pr\u00e1ticas pedag\u00f3gicas Curr\u00edculo e Forma\u00e7\u00e3o de Professores da Educa\u00e7\u00e3o Infantil<\/td>\n<\/tr>\n<tr>\n<td>ANA APARECIDA DE OLIVEIRA MACHADO BARBY<\/td>\n<td>Pesquisa continuada<\/td>\n<td>\u00a0S\u00edndromes, condutas t\u00edpicas e processos inclusivos | Linguagem e Educa\u00e7\u00e3o | Dificuldades e dist\u00farbios de aprendizagem<\/td>\n<\/tr>\n<tr>\n<td>CARLA LUCIANE BLUM VESTENA<\/td>\n<td>Pesquisa continuada<\/td>\n<td>\u00a0Valores e Moralidades. | Moralidade e Educa\u00e7\u00e3o<\/td>\n<\/tr>\n<tr>\n<td>CLARICE SCHNEIDER LINHARES<\/td>\n<td>PqI\u00a0 &#8220;O lugar que a gest\u00e3o escolar ocupa no curso de Pedagogia: Da teoria a pr\u00e1tica&#8221;<\/td>\n<td><\/td>\n<\/tr>\n<tr>\n<td>CLAUDIA CABRAL REZENDE<\/td>\n<td>PqI\u00a0 &#8220;Inclus\u00e3o e Perman\u00eancia do Estudante no Ensino Superior: uma investiga\u00e7\u00e3o das propostas de a\u00e7\u00f5es inclusivas da Unicentro entre os anos de 2017 e 2019&#8221;<\/td>\n<td><\/td>\n<\/tr>\n<tr>\n<td>JAMILE SANTINELLO<\/td>\n<td>Pesquisa continuada<\/td>\n<td>\u00a0Processos Cognitivos | Intera\u00e7\u00e3o Social | Processos Comunicativos e Sociabilidades | M\u00eddias Educacionais<\/td>\n<\/tr>\n<tr>\n<td>JEFFERSON OLIVATTO DA SILVA<\/td>\n<td>Pesquisa continuada<\/td>\n<td>\u00a0Estudos Culturais, Rela\u00e7\u00f5es de G\u00eanero e Educa\u00e7\u00e3o<\/td>\n<\/tr>\n<tr>\n<td>LAURETE MARIA RUARO<\/td>\n<td>PqI &#8220;Ciberanima\u00e7\u00e3o: a Educa\u00e7\u00e3o Social no Espa\u00e7o Virtual&#8221;<\/td>\n<td><\/td>\n<\/tr>\n<tr>\n<td>LUCIANE NEUVALD<\/td>\n<td>Pesquisa continuada<\/td>\n<td>\u00a0Pressupostos hist\u00f3ricos, filos\u00f3ficos, sociol\u00f3gicos e pedag\u00f3gicos do processo formativo | Pr\u00e1ticas pedag\u00f3gicas Curr\u00cdculo e Forma\u00e7\u00e3o de Professores da Educa\u00e7\u00c3o Infanti<\/td>\n<\/tr>\n<tr>\n<td>MARGARETH DE FATIMA MACIEL<\/td>\n<td>PqI &#8221; Aplicando a cibern\u00e9tica em Ambientes Virtuais de Aprendizagem na Perspectiva de Autopoiese&#8221;<\/td>\n<td><\/td>\n<\/tr>\n<tr>\n<td>MARCOS GEHRKE<\/td>\n<td>Pesquisa continuada<\/td>\n<td>\u00a0Curr\u00edculo, forma\u00e7\u00e3o de professores e pr\u00e1ticas pedag\u00f3gicas em educa\u00e7\u00e3o do campo<\/td>\n<\/tr>\n<tr>\n<td>MARLENE LUCIA SIEBERT SAPELLI<\/td>\n<td>Pesquisa continuada<\/td>\n<td>\u00a0Curr\u00edculo, forma\u00e7\u00e3o de professores e pr\u00e1ticas pedag\u00f3gicas em educa\u00e7\u00e3o do campo<\/td>\n<\/tr>\n<tr>\n<td>NILSA DE OLIVEIRA PAWLAS<\/td>\n<td>PqI &#8221; Educa\u00e7\u00e3o matem\u00e1tica: constru\u00e7\u00e3o do conhecimento matem\u00e1tico a partir de metodologias significativas para uma realidade f\u00edsica e social&#8221;<\/td>\n<td><\/td>\n<\/tr>\n<tr>\n<td>PAULO DE NOBREGA<\/td>\n<td>PqI &#8221; Racionalidade Especial e os Grupos Escolares do Paran\u00e1 (1903-1930)&#8221;<\/td>\n<td><\/td>\n<\/tr>\n<tr>\n<td>PAULO GUILHERMETI<\/td>\n<td>Pesquisa continuada<\/td>\n<td>\u00a0Pol\u00edticas educacionais, hist\u00f3ria e organiza\u00e7\u00e3o da educa\u00e7\u00e3o<\/td>\n<\/tr>\n<tr>\n<td>SOLANGE APARECIDA DE OLIVEIRA COLLARES<\/td>\n<td>PqI\u00a0 &#8220;O desenvolvimento e o direito de brincar dentro dos espa\u00e7os das Institui\u00e7\u00f5es do Ensino Superior&#8221;<\/td>\n<td><\/td>\n<\/tr>\n<tr>\n<td>SUZETE TEREZINHA ORZECHOWSKI<\/td>\n<td>PqI\u00a0 &#8220;A Pedagogia \u00e9 Social: Fundamenta\u00e7\u00e3o para uma Pr\u00e1xis em Contextos Escolares e n\u00e3o Escolares&#8221;<\/td>\n<td><\/td>\n<\/tr>\n<\/tbody>\n<\/table>\n<p>Fonte: Pr\u00f3 Reitoria de Pesquisa UNICENTRO (pesquisas em andamento)<\/p>\n","protected":false},"excerpt":{"rendered":"<p>DEPARTAMENTO DE ARTE Nome Descri\u00e7\u00e3o \u00a0 Linha de pesquisa \u00a0 CARLOS ALBERTO MACHADO Pesquisa continuada Tecnologia, Educa\u00e7\u00e3o e Cultura DAIANE SOLANGE STOEBERL DA CUNHA Pesquisa continuada Arte e Ensino DESIR\u00c9E PASCHOAL DE MELO Pesquisa continuada Arte, tecnologia e design EGLECY DO ROCIO LIPPMANN PqI &#8211; &#8220;Re vistas e La mentos: Grupo de Teatro LUZ da [&hellip;]<\/p>\n","protected":false},"author":3,"featured_media":0,"parent":0,"menu_order":0,"comment_status":"closed","ping_status":"closed","template":"","meta":{"_exactmetrics_skip_tracking":false,"_exactmetrics_sitenote_active":false,"_exactmetrics_sitenote_note":"","_exactmetrics_sitenote_category":0,"footnotes":"","_links_to":"","_links_to_target":""},"class_list":["post-34","page","type-page","status-publish","hentry"],"_links":{"self":[{"href":"https:\/\/www3.unicentro.br\/sehlag\/wp-json\/wp\/v2\/pages\/34","targetHints":{"allow":["GET"]}}],"collection":[{"href":"https:\/\/www3.unicentro.br\/sehlag\/wp-json\/wp\/v2\/pages"}],"about":[{"href":"https:\/\/www3.unicentro.br\/sehlag\/wp-json\/wp\/v2\/types\/page"}],"author":[{"embeddable":true,"href":"https:\/\/www3.unicentro.br\/sehlag\/wp-json\/wp\/v2\/users\/3"}],"replies":[{"embeddable":true,"href":"https:\/\/www3.unicentro.br\/sehlag\/wp-json\/wp\/v2\/comments?post=34"}],"version-history":[{"count":0,"href":"https:\/\/www3.unicentro.br\/sehlag\/wp-json\/wp\/v2\/pages\/34\/revisions"}],"wp:attachment":[{"href":"https:\/\/www3.unicentro.br\/sehlag\/wp-json\/wp\/v2\/media?parent=34"}],"curies":[{"name":"wp","href":"https:\/\/api.w.org\/{rel}","templated":true}]}}