{"id":30,"date":"2019-04-17T15:11:23","date_gmt":"2019-04-17T18:11:23","guid":{"rendered":"https:\/\/www3.unicentro.br\/sehlag\/?page_id=30"},"modified":"2019-06-23T18:28:34","modified_gmt":"2019-06-23T21:28:34","slug":"noticias","status":"publish","type":"page","link":"https:\/\/www3.unicentro.br\/sehlag\/noticias\/","title":{"rendered":"Not\u00edcias"},"content":{"rendered":"<table style=\"height: 311px\" width=\"809\">\n<tbody>\n<tr>\n<td>\n<p style=\"text-align: center\">\n<p>&nbsp;<\/p>\n<p>&nbsp;<\/p>\n<p><span style=\"font-size: 20pt\">PARTICIPE! Evento do Departamento de Filosofia<\/span><\/p>\n<p>&nbsp;<\/p>\n<p style=\"text-align: center\"><strong><span style=\"font-size: 16pt\"><img loading=\"lazy\" decoding=\"async\" class=\"alignnone  wp-image-150\" src=\"https:\/\/www3.unicentro.br\/sehlag\/wp-content\/uploads\/sites\/72\/2019\/06\/filosofia-evento-213x300.png\" alt=\"\" width=\"282\" height=\"398\" srcset=\"https:\/\/www3.unicentro.br\/sehlag\/wp-content\/uploads\/sites\/72\/2019\/06\/filosofia-evento-213x300.png 213w, https:\/\/www3.unicentro.br\/sehlag\/wp-content\/uploads\/sites\/72\/2019\/06\/filosofia-evento.png 726w, https:\/\/www3.unicentro.br\/sehlag\/wp-content\/uploads\/sites\/72\/2019\/06\/filosofia-evento-255x360.png 255w\" sizes=\"auto, (max-width: 282px) 100vw, 282px\" \/><\/span><\/strong><\/p>\n<p>&nbsp;<\/p>\n<p style=\"text-align: center\"><strong><span style=\"font-size: 16pt\">F\u00f3rum das Humanidades<\/span><\/strong><\/p>\n<p>O F\u00f3rum das Humanidades: \u201cConstruir pontes e quebrar barreiras: as Humanidades no cen\u00e1rio das p\u00f3s-verdades\u201d ocorrer\u00e1 entre os dias 25 de junho a 27 de junho no Campus Santa Cruz. Tem como objetivo geral, discutir e promover debates e reflex\u00f5es em diversas \u00e1reas do conhecimento, que agreguem as medica\u00e7\u00f5es poss\u00edveis entre educa\u00e7\u00e3o, comunica\u00e7\u00e3o, filosofia, hist\u00f3ria, letras e artes. Seu formato prev\u00ea a realiza\u00e7\u00e3o de quatro grandes confer\u00eancias, uma para cada dia da semana ap\u00f3s a abertura, com docentes de renome significativo no espa\u00e7o acad\u00eamico internacional. Al\u00e9m disso, o projeto contar\u00e1 com um espet\u00e1culo de abertura, quatro mesas redondas para cada um dos dias, tendo como debatedores os professores da institui\u00e7\u00e3o sobre temas pertinentes ao assunto mestre do evento, e apresenta\u00e7\u00f5es e discuss\u00f5es acerca das quest\u00f5es das humanidades, trazidas pelas comunica\u00e7\u00f5es individuais em forma de pain\u00e9is.ais em forma de pain\u00e9is.<\/td>\n<\/tr>\n<\/tbody>\n<\/table>\n<p><img loading=\"lazy\" decoding=\"async\" class=\" wp-image-126 aligncenter\" src=\"https:\/\/www3.unicentro.br\/sehlag\/wp-content\/uploads\/sites\/72\/2019\/06\/f\u00f3rum-humanidades-212x300.png\" alt=\"\" width=\"255\" height=\"361\" srcset=\"https:\/\/www3.unicentro.br\/sehlag\/wp-content\/uploads\/sites\/72\/2019\/06\/f\u00f3rum-humanidades-212x300.png 212w, https:\/\/www3.unicentro.br\/sehlag\/wp-content\/uploads\/sites\/72\/2019\/06\/f\u00f3rum-humanidades.png 724w, https:\/\/www3.unicentro.br\/sehlag\/wp-content\/uploads\/sites\/72\/2019\/06\/f\u00f3rum-humanidades-255x361.png 255w\" sizes=\"auto, (max-width: 255px) 100vw, 255px\" \/><\/p>\n<table style=\"height: 32px\" width=\"835\">\n<tbody>\n<tr>\n<td><span style=\"font-size: 16pt\"><strong>Programa\u00e7\u00e3o<\/strong><\/span><\/p>\n<p><strong>25 de junho<\/strong><br \/>\n<strong>Manh\u00e3<\/strong><\/p>\n<p>8 horas<br \/>\nApresenta\u00e7\u00e3o art\u00edstica:<br \/>\nLocal: (Audit\u00f3rio Francisco Contini)<\/p>\n<p>9 h \u00e0s 11h<br \/>\nMesa Redonda : \u201cPedagogia Social e as unidades de acolhimento\u201d<br \/>\nLocal: Sala de Eventos<br \/>\nParticipantes :<br \/>\nAlexandre Strapasson ( Educador Social\/ Funda\u00e7\u00e3o Proteger)<br \/>\nLuciane Wolf (Pedagoga)<\/p>\n<p>9h \u00e0s 11h<br \/>\nMesa Redonda : \u201cEduca\u00e7\u00e3o e Viol\u00eancia\u201d<br \/>\nLocal: Audit\u00f3rio Francisco Contini<br \/>\nParticipantes:<\/p>\n<p>Prof\u00aa Laurete Maria Ruaro ( DEPED)<br \/>\nProf. Eduardo Soczek Mendes ( DELET)<br \/>\nProf\u00aa Rosemeri Moreira (DEHIS)<\/p>\n<p><strong>25 de junho<\/strong><br \/>\n<strong>Tarde<\/strong><\/p>\n<p>13 h \u00e0s 17h e 30 min<br \/>\nComunica\u00e7\u00f5es<br \/>\nLocal: Salas de aula do SEHLA<\/p>\n<p><strong>25 de junho <\/strong><br \/>\n<strong>Noite<\/strong><br \/>\n19 horas<br \/>\nApresenta\u00e7\u00e3o art\u00edstica: Grupo Ouvivendo e Coral Opus III (UNICENTRO)<br \/>\nConfer\u00eancia de abertura: Admir\u00e1vel mundo novo? Humanidades e futuros poss\u00edveis<br \/>\nConferencista: Marialva Carlos Barbosa (Professora Titular &#8211; UFRJ)<br \/>\nLocal: Audit\u00f3rio Francisco Contini<\/p>\n<p><strong>26 de junho <\/strong><br \/>\n<strong>Manh\u00e3:<\/strong><\/p>\n<p>8h 30min \u00e0s 10 h<br \/>\nMesa Redonda: \u201cEduca\u00e7\u00e3o do campo, das \u00e1guas e das florestas\u201d.<br \/>\nParticipantes:<br \/>\nProf. Marcos Gelvike (DEPED).<br \/>\nProf\u00aa Marlene Sapelli. (DEPED)<br \/>\nLocal: Audit\u00f3rio Francisco Contini<\/p>\n<p>10 h \u00e0s 11h 30 min<\/p>\n<p>Confer\u00eancia: \u201c Discutindo sa\u00fade mental no meio acad\u00eamico\u201d<br \/>\nProf\u00aa Carla Blum Vestena (DEPED)<br \/>\nLocal: Audit\u00f3rio Francisco Contini<\/p>\n<p><strong>26 de junho <\/strong><br \/>\n<strong>Tarde<\/strong><\/p>\n<p>14h \u00e0s 16h<\/p>\n<p>Workshop : English as Heans of Instruction \u2013 EHI: why and how<br \/>\nParticipantes:<br \/>\nProf\u00aa Neide Garcia Pinheiro (DELET)<br \/>\nProf\u00aa Luciane Baretta (DELET)<br \/>\nLocal: Sala de eventos<\/p>\n<p><strong>26 de junho<\/strong><br \/>\n<strong>Noite<\/strong><\/p>\n<p>19 horas<br \/>\nApresenta\u00e7\u00e3o art\u00edstica: \u201cCom posi\u00e7\u00f5es. Constructos Sens\u00edveis\u201d.<br \/>\nParticipantes: Grupo Luz e Prof\u00aa Eglecy Lippman (DEART)<br \/>\nLocal: Audit\u00f3rio Francisco Contini<\/p>\n<p>Mesa Redonda: \u201cEduca\u00e7\u00e3o e Viol\u00eancia\u201d<br \/>\nParticipantes:<br \/>\nProf\u00aa Eglecy Lippman (DEART)<br \/>\nProfa Micheli Tupich (DEHIS).<br \/>\nProfa Raquel Terezinha Rodrigues (DELET)<br \/>\nLocal: Audit\u00f3rio Francisco Contini<\/p>\n<p><strong>27 de junho <\/strong><br \/>\n<strong>Manh\u00e3<\/strong><\/p>\n<p>Minicursos.<\/p>\n<p>9 horas<\/p>\n<p>Minicurso 1: \u201cRPG como catarse educacional\u201d<br \/>\nMinistrantes:<br \/>\nProf. Carlos Machado (GETEC- Grupo de Estudos de Tecnologia em Educa\u00e7\u00e3o e Comunica\u00e7\u00e3o).<br \/>\nProf. Ernando Brito Gon\u00e7alves. (GETEC- Grupo de Estudos de Tecnologia em Educa\u00e7\u00e3o e Comunica\u00e7\u00e3o).<br \/>\nLocal: Miniaudit\u00f3rio<\/p>\n<p>Minicurso 2: \u201c A tradi\u00e7\u00e3o oral e o ensino da arte\u201d. (Teatro).<br \/>\nMinistrantes:<br \/>\nProfa Marcia Cebulski ( DEART).<br \/>\nCamila Trombella ( PIBIS).<br \/>\nCaroline H. Miranda.<br \/>\nAdriana Rocha Vicentin.<br \/>\nLocal: Laborat\u00f3rio de Arte e Educa\u00e7\u00e3o. (Bloco N).<\/p>\n<p>Minicurso 3: \u201cMultiletramentos: leitura de textos multissemi\u00f3ticos\u201d<br \/>\nMinistrante: Enilda Pacheco (Laborat\u00f3rio de Estudos Culturais, Identidades e Representa\u00e7\u00e3o-LABECIR\/Unicentro).<br \/>\nLocal: Sala de Eventos<\/p>\n<p>Minicurso 4: \u201cProdu\u00e7\u00e3o do Curr\u00edculo Lattes\u201d<br \/>\nMinistrante: Prof\u00aa Ariane Carla Pereira Fernandes (DECS)<br \/>\nLocal: Sala de multimeios (trazer notebook)<\/p>\n<p>Minicurso 5: \u201c Origem e conserva\u00e7\u00e3o de fotografia\u201d<br \/>\nMinistrante: Prof\u00aa Terezinha Saldanha (DEHIS)<\/p>\n<p>10 h \u00e0s 12 h<br \/>\nMinicurso 5 \u201cCinema e Ensino da Arte\u201d ( Necess\u00e1rio levar celular com c\u00e2mera)<br \/>\nMinistrante: Viviane Cristina Princival (DEART).<\/p>\n<p><strong>27 de junho<\/strong><br \/>\n<strong>Tarde<\/strong><\/p>\n<p>14 h \u00e0s 16 h:<br \/>\nPalestra : \u201cArte e Resist\u00eancia\u201d<br \/>\nProf Roberta Stubs Parpinelli (UEM)<br \/>\nLocal: Sala de eventos<\/p>\n<p>14 h \u00e0s 16 h<\/p>\n<p>Minicurso \u201cCultura da viol\u00eancia, g\u00eanero e masculinidades\u201d<br \/>\nMinistrantes:<br \/>\nRosemeri Moreira (DEHIS)<br \/>\nJadson Stevan (psic\u00f3logo)<br \/>\nCristina Kirach<\/p>\n<p>16h \u00e0s 18h e 30 min<\/p>\n<p>Oficina<br \/>\nProdu\u00e7\u00e3o do Lattes<br \/>\nProfa Graziella Medeiros Guadagnini (DEART)<br \/>\n(Laborat\u00f3rio de inform\u00e1tica SEHLA)<\/p>\n<p><strong>27 de junho<\/strong><br \/>\n<strong>Noite<\/strong><\/p>\n<p>19 h<br \/>\nApresenta\u00e7\u00e3o art\u00edstica<br \/>\nAlegrias e retumb\u00e2ncias- Cenas de teatro popular<br \/>\nParticipantes do projeto de Extens\u00e3o GETED 2- Grupo de teatro de estudos em teatro e educa\u00e7\u00e3o<br \/>\nCoordena\u00e7\u00e3o: Profa M\u00e1rcia Cristina Cebulski (DEART)<\/p>\n<p>20 h<br \/>\nMesa Redonda: \u201cPerspectivas de pesquisa em L\u00edngua e Literatura: onde estamos e para onde vamos?\u201d<br \/>\nMinistrantes:<\/p>\n<p>Prof\u00aa Eunice Pereira Guimar\u00e3es (DELET)<br \/>\nProf\u00aa Lidia Stutz<br \/>\nProf\u00aa Luciane Bareta<br \/>\nProf\u00aa Neide Garcia Pinheiro<br \/>\nProf\u00aa Raquel Cristina Mendes de Carvalho<br \/>\nProf. Rodrigo Calatrone Paiva<br \/>\nModeradora: Prof\u00aa Marcia Regina Pawlas Carazzai<br \/>\nLocal: Sala de eventos<\/p>\n<p>Minicursos<\/p>\n<p>20 horas<\/p>\n<p>Minicurso 1: \u201cLeitura e linguagem audiovisual no processo educativo\u201d<br \/>\nMinistrante: Prof\u00aa Keila Grando<\/p>\n<p>Minicurso 2: \u201cLiteratura e feminismo em Novas Cartas Portuguesas\u201d<br \/>\nMinistrante: Priscila Finger do Prado<\/p>\n<p>Minicurso 3: \u201cHist\u00f3rias e mem\u00f3ria em (dis)curso: met\u00e1foras e contradi\u00e7\u00f5es\u201d<br \/>\nMinistrantes:<br \/>\nProf\u00aa Maria Cleci Venturini (DELET)<br \/>\nTatiana Barbosa de Souza<br \/>\nGuilherme Beraldo de Andrade<\/p>\n<p>Minicurso 4: \u201c\u00c9ticas consequencialistas e suas implica\u00e7\u00f5es\u201d<br \/>\nMinistrante:<br \/>\nProf. Bruno Ail\u00e3 Gon\u00e7alves dos Santos (DEFIL)<\/p>\n<p>Minicurso 5: \u201c Fotografia e Poesia\u201d<br \/>\nMinistrantes:<br \/>\nProf. Edgar Melech (DECS)<br \/>\nProf\u00aa Raquel Terezinha Rodrigues (DELET)<\/p>\n<p>Minicurso 6: \u201cRestauro de documentos hist\u00f3ricos\u201d<br \/>\nMinistrante:<br \/>\nProf\u00aa Terezinha Saldanha<\/p>\n<p>Palestra:<\/p>\n<p>\u201cObserva\u00e7\u00f5es filos\u00f3ficas sobre diversidade, discord\u00e2ncia e viol\u00eancia\u201d<br \/>\nMinistrante : Prof. Marciano Adilio Spica (DEFIL)<br \/>\nLocal: sala de Multimeios do SEHLA<\/p>\n<p>Roda de Conversa:<br \/>\n\u201cSa\u00fade Mental\u201d<br \/>\nPsic\u00f3logo Derick Sulivan<br \/>\nLocal: Miniaudit\u00f3rio<\/td>\n<\/tr>\n<\/tbody>\n<\/table>\n<p><img loading=\"lazy\" decoding=\"async\" class=\"size-medium wp-image-126 alignright\" src=\"https:\/\/www3.unicentro.br\/sehlag\/wp-content\/uploads\/sites\/72\/2019\/06\/f\u00f3rum-humanidades-212x300.png\" alt=\"\" width=\"212\" height=\"300\" srcset=\"https:\/\/www3.unicentro.br\/sehlag\/wp-content\/uploads\/sites\/72\/2019\/06\/f\u00f3rum-humanidades-212x300.png 212w, https:\/\/www3.unicentro.br\/sehlag\/wp-content\/uploads\/sites\/72\/2019\/06\/f\u00f3rum-humanidades.png 724w, https:\/\/www3.unicentro.br\/sehlag\/wp-content\/uploads\/sites\/72\/2019\/06\/f\u00f3rum-humanidades-255x361.png 255w\" sizes=\"auto, (max-width: 212px) 100vw, 212px\" \/><\/p>\n","protected":false},"excerpt":{"rendered":"<p>&nbsp; &nbsp; PARTICIPE! Evento do Departamento de Filosofia &nbsp; &nbsp; F\u00f3rum das Humanidades O F\u00f3rum das Humanidades: \u201cConstruir pontes e quebrar barreiras: as Humanidades no cen\u00e1rio das p\u00f3s-verdades\u201d ocorrer\u00e1 entre os dias 25 de junho a 27 de junho no Campus Santa Cruz. Tem como objetivo geral, discutir e promover debates e reflex\u00f5es em diversas [&hellip;]<\/p>\n","protected":false},"author":3,"featured_media":0,"parent":0,"menu_order":0,"comment_status":"closed","ping_status":"closed","template":"","meta":{"_exactmetrics_skip_tracking":false,"_exactmetrics_sitenote_active":false,"_exactmetrics_sitenote_note":"","_exactmetrics_sitenote_category":0,"footnotes":"","_links_to":"","_links_to_target":""},"class_list":["post-30","page","type-page","status-publish","hentry"],"_links":{"self":[{"href":"https:\/\/www3.unicentro.br\/sehlag\/wp-json\/wp\/v2\/pages\/30","targetHints":{"allow":["GET"]}}],"collection":[{"href":"https:\/\/www3.unicentro.br\/sehlag\/wp-json\/wp\/v2\/pages"}],"about":[{"href":"https:\/\/www3.unicentro.br\/sehlag\/wp-json\/wp\/v2\/types\/page"}],"author":[{"embeddable":true,"href":"https:\/\/www3.unicentro.br\/sehlag\/wp-json\/wp\/v2\/users\/3"}],"replies":[{"embeddable":true,"href":"https:\/\/www3.unicentro.br\/sehlag\/wp-json\/wp\/v2\/comments?post=30"}],"version-history":[{"count":0,"href":"https:\/\/www3.unicentro.br\/sehlag\/wp-json\/wp\/v2\/pages\/30\/revisions"}],"wp:attachment":[{"href":"https:\/\/www3.unicentro.br\/sehlag\/wp-json\/wp\/v2\/media?parent=30"}],"curies":[{"name":"wp","href":"https:\/\/api.w.org\/{rel}","templated":true}]}}