{"id":91,"date":"2019-04-08T14:24:10","date_gmt":"2019-04-08T17:24:10","guid":{"rendered":"https:\/\/www3.unicentro.br\/seaai\/?page_id=91"},"modified":"2019-04-08T14:24:18","modified_gmt":"2019-04-08T17:24:18","slug":"laboratorios-matematica","status":"publish","type":"page","link":"https:\/\/www3.unicentro.br\/seaai\/laboratorios-matematica\/","title":{"rendered":"Laborat\u00f3rios Matem\u00e1tica"},"content":{"rendered":"<table border=\"0\" cellspacing=\"0\">\n<colgroup width=\"471\"><\/colgroup>\n<tbody>\n<tr>\n<td align=\"center\" height=\"18\">Laborat\u00f3rio de Educa\u00e7\u00e3o Matem\u00e1tica<\/td>\n<\/tr>\n<tr>\n<td align=\"center\" height=\"18\"><span style=\"color: #000000\">Laborat\u00f3rio de Inform\u00e1tica<\/span><\/td>\n<\/tr>\n<tr>\n<td align=\"center\" height=\"34\"><span style=\"color: #000000\">Laborat\u00f3rio de F\u00edsica<\/span><\/td>\n<\/tr>\n<\/tbody>\n<\/table>\n","protected":false},"excerpt":{"rendered":"<p>Laborat\u00f3rio de Educa\u00e7\u00e3o Matem\u00e1tica Laborat\u00f3rio de Inform\u00e1tica Laborat\u00f3rio de F\u00edsica<\/p>\n","protected":false},"author":173,"featured_media":0,"parent":0,"menu_order":0,"comment_status":"closed","ping_status":"closed","template":"","meta":{"_exactmetrics_skip_tracking":false,"_exactmetrics_sitenote_active":false,"_exactmetrics_sitenote_note":"","_exactmetrics_sitenote_category":0,"footnotes":"","_links_to":"","_links_to_target":""},"class_list":["post-91","page","type-page","status-publish","hentry"],"_links":{"self":[{"href":"https:\/\/www3.unicentro.br\/seaai\/wp-json\/wp\/v2\/pages\/91","targetHints":{"allow":["GET"]}}],"collection":[{"href":"https:\/\/www3.unicentro.br\/seaai\/wp-json\/wp\/v2\/pages"}],"about":[{"href":"https:\/\/www3.unicentro.br\/seaai\/wp-json\/wp\/v2\/types\/page"}],"author":[{"embeddable":true,"href":"https:\/\/www3.unicentro.br\/seaai\/wp-json\/wp\/v2\/users\/173"}],"replies":[{"embeddable":true,"href":"https:\/\/www3.unicentro.br\/seaai\/wp-json\/wp\/v2\/comments?post=91"}],"version-history":[{"count":0,"href":"https:\/\/www3.unicentro.br\/seaai\/wp-json\/wp\/v2\/pages\/91\/revisions"}],"wp:attachment":[{"href":"https:\/\/www3.unicentro.br\/seaai\/wp-json\/wp\/v2\/media?parent=91"}],"curies":[{"name":"wp","href":"https:\/\/api.w.org\/{rel}","templated":true}]}}