{"id":87,"date":"2019-04-08T14:20:05","date_gmt":"2019-04-08T17:20:05","guid":{"rendered":"https:\/\/www3.unicentro.br\/seaai\/?page_id=87"},"modified":"2019-04-08T14:52:24","modified_gmt":"2019-04-08T17:52:24","slug":"laboratorio-engenharia-ambiental","status":"publish","type":"page","link":"https:\/\/www3.unicentro.br\/seaai\/laboratorio-engenharia-ambiental\/","title":{"rendered":"Laborat\u00f3rios Engenharia Ambiental"},"content":{"rendered":"<table border=\"0\" cellspacing=\"0\">\n<colgroup width=\"471\"><\/colgroup>\n<tbody>\n<tr>\n<td align=\"center\" valign=\"middle\" height=\"22\">Laborat\u00f3rio de Saneamento Ambiental e Qualidade da \u00c1gua<\/td>\n<\/tr>\n<tr>\n<td align=\"center\" valign=\"middle\" height=\"23\">Laborat\u00f3rio de Processos Biol\u00f3gicos e Tratamento de Res\u00edduos<\/td>\n<\/tr>\n<tr>\n<td align=\"center\" valign=\"middle\" height=\"23\">Laborat\u00f3rio de Recursos H\u00eddricos e Geoprocessamento<\/td>\n<\/tr>\n<tr>\n<td align=\"center\" valign=\"middle\" height=\"18\">Laborat\u00f3rio de Quimica Ambiental<\/td>\n<\/tr>\n<tr>\n<td align=\"center\" valign=\"middle\" height=\"24\">Laborat\u00f3rio de Biologia Celular e Microbiologia<\/td>\n<\/tr>\n<tr>\n<td align=\"center\" valign=\"middle\" height=\"21\">Laborat\u00f3rio de Biodiversidade e Conserva\u00e7\u00e3o<\/td>\n<\/tr>\n<tr>\n<td align=\"center\" valign=\"middle\" height=\"23\"><span style=\"color: #000000\">Laborat\u00f3rio de Toxicologia<\/span><\/td>\n<\/tr>\n<tr>\n<td align=\"center\" valign=\"middle\" height=\"18\"><span style=\"color: #000000\">Laborat\u00f3rio de Instala\u00e7\u00f5es Piloto de Reatores<\/span><\/td>\n<\/tr>\n<tr>\n<td align=\"center\" height=\"18\"><span style=\"color: #000000\">Laborat\u00f3rio de Taxidermia<\/span><\/td>\n<\/tr>\n<tr>\n<td align=\"center\" height=\"18\"><span style=\"color: #000000\">Laborat\u00f3rio de Microscopia (multiusu\u00e1rio)<\/span><\/td>\n<\/tr>\n<tr>\n<td align=\"center\" height=\"18\"><\/td>\n<\/tr>\n<tr>\n<td align=\"center\" height=\"22\"><\/td>\n<\/tr>\n<\/tbody>\n<\/table>\n","protected":false},"excerpt":{"rendered":"<p>Laborat\u00f3rio de Saneamento Ambiental e Qualidade da \u00c1gua Laborat\u00f3rio de Processos Biol\u00f3gicos e Tratamento de Res\u00edduos Laborat\u00f3rio de Recursos H\u00eddricos e Geoprocessamento Laborat\u00f3rio de Quimica Ambiental Laborat\u00f3rio de Biologia Celular e Microbiologia Laborat\u00f3rio de Biodiversidade e Conserva\u00e7\u00e3o Laborat\u00f3rio de Toxicologia Laborat\u00f3rio de Instala\u00e7\u00f5es Piloto de Reatores Laborat\u00f3rio de Taxidermia Laborat\u00f3rio de Microscopia (multiusu\u00e1rio)<\/p>\n","protected":false},"author":173,"featured_media":0,"parent":0,"menu_order":0,"comment_status":"closed","ping_status":"closed","template":"","meta":{"_exactmetrics_skip_tracking":false,"_exactmetrics_sitenote_active":false,"_exactmetrics_sitenote_note":"","_exactmetrics_sitenote_category":0,"footnotes":"","_links_to":"","_links_to_target":""},"class_list":["post-87","page","type-page","status-publish","hentry"],"_links":{"self":[{"href":"https:\/\/www3.unicentro.br\/seaai\/wp-json\/wp\/v2\/pages\/87","targetHints":{"allow":["GET"]}}],"collection":[{"href":"https:\/\/www3.unicentro.br\/seaai\/wp-json\/wp\/v2\/pages"}],"about":[{"href":"https:\/\/www3.unicentro.br\/seaai\/wp-json\/wp\/v2\/types\/page"}],"author":[{"embeddable":true,"href":"https:\/\/www3.unicentro.br\/seaai\/wp-json\/wp\/v2\/users\/173"}],"replies":[{"embeddable":true,"href":"https:\/\/www3.unicentro.br\/seaai\/wp-json\/wp\/v2\/comments?post=87"}],"version-history":[{"count":0,"href":"https:\/\/www3.unicentro.br\/seaai\/wp-json\/wp\/v2\/pages\/87\/revisions"}],"wp:attachment":[{"href":"https:\/\/www3.unicentro.br\/seaai\/wp-json\/wp\/v2\/media?parent=87"}],"curies":[{"name":"wp","href":"https:\/\/api.w.org\/{rel}","templated":true}]}}