{"id":77,"date":"2019-04-08T11:19:40","date_gmt":"2019-04-08T14:19:40","guid":{"rendered":"https:\/\/www3.unicentro.br\/seaai\/?page_id=77"},"modified":"2022-08-30T20:49:32","modified_gmt":"2022-08-30T23:49:32","slug":"docentes-engenharia-florestal","status":"publish","type":"page","link":"https:\/\/www3.unicentro.br\/seaai\/docentes-engenharia-florestal\/","title":{"rendered":"Docentes Engenharia Florestal"},"content":{"rendered":"<table width=\"666\" cellspacing=\"0\" cellpadding=\"4\">\n<colgroup>\n<col width=\"657\" \/> <\/colgroup>\n<tbody>\n<tr>\n<td>\n<p class=\"western\" align=\"justify\"><span style=\"color: #000000\"><span style=\"font-size: small\"><span lang=\"pt-BR\">1. Afonso Figueiredo Filho<\/span><\/span><\/span><\/p>\n<\/td>\n<\/tr>\n<tr>\n<td valign=\"top\" width=\"657\">\n<p class=\"western\" align=\"justify\"><span style=\"color: #000000\"><span style=\"font-size: small\"><span lang=\"pt-BR\">2.<\/span><\/span> <span style=\"font-size: small\"><span lang=\"pt-BR\">Andrea<\/span><\/span> <span style=\"font-size: small\"><span lang=\"pt-BR\">Nogueira<\/span><\/span> <span style=\"font-size: small\"><span lang=\"pt-BR\">Dias<\/span><\/span><\/span><\/p>\n<\/td>\n<\/tr>\n<tr>\n<td valign=\"top\" width=\"657\">\n<p class=\"western\" align=\"justify\"><span style=\"color: #000000\"><span style=\"font-size: small\"><span lang=\"pt-BR\">3.<\/span><\/span> <span style=\"font-size: small\"><span lang=\"pt-BR\">Daniele<\/span><\/span> <span style=\"font-size: small\"><span lang=\"pt-BR\">Ukan<\/span><\/span><\/span><\/p>\n<\/td>\n<\/tr>\n<tr>\n<td valign=\"top\" width=\"657\">\n<p class=\"western\" align=\"justify\"><span style=\"color: #000000\"><span style=\"font-size: small\"><span lang=\"pt-BR\">4.<\/span><\/span> <span style=\"font-size: small\"><span lang=\"pt-BR\">Eduardo<\/span><\/span> <span style=\"font-size: small\"><span lang=\"pt-BR\">da<\/span><\/span> <span style=\"font-size: small\"><span lang=\"pt-BR\">Silva<\/span><\/span> <span style=\"font-size: small\"><span lang=\"pt-BR\">Lopes<\/span><\/span><\/span><\/p>\n<\/td>\n<\/tr>\n<tr>\n<td valign=\"top\" width=\"657\">\n<p class=\"western\" align=\"justify\"><span style=\"color: #000000\"><span style=\"font-size: small\"><span lang=\"pt-BR\">5.<\/span><\/span> <span style=\"font-size: small\"><span lang=\"pt-BR\">Eneida<\/span><\/span> <span style=\"font-size: small\"><span lang=\"pt-BR\">Martins<\/span><\/span><\/span><\/p>\n<\/td>\n<\/tr>\n<tr>\n<td valign=\"top\" width=\"657\">\n<p class=\"western\" align=\"justify\"><span style=\"font-size: small;color: #000000\">6. Evandro Vagner Tambarussi<\/span><\/p>\n<\/td>\n<\/tr>\n<tr>\n<td valign=\"top\" width=\"657\">\n<p class=\"western\" align=\"justify\"><span style=\"color: #000000\"><span style=\"font-size: small\"><span lang=\"pt-BR\">7.<\/span><\/span> <span style=\"font-size: small\"><span lang=\"pt-BR\">\u00c9verton<\/span><\/span> <span style=\"font-size: small\"><span lang=\"pt-BR\">Hillig<\/span><\/span><\/span><\/p>\n<\/td>\n<\/tr>\n<tr>\n<td valign=\"top\" width=\"657\">\n<p class=\"western\" align=\"justify\"><span style=\"color: #000000\"><span style=\"font-size: small\"><span lang=\"pt-BR\">8.<\/span><\/span> <span style=\"font-size: small\"><span lang=\"pt-BR\">Fabiana<\/span><\/span> <span style=\"font-size: small\"><span lang=\"pt-BR\">Schmidt<\/span><\/span> <span style=\"font-size: small\"><span lang=\"pt-BR\">Bandeira<\/span><\/span> <span style=\"font-size: small\"><span lang=\"pt-BR\">Peres<\/span><\/span><\/span><\/p>\n<\/td>\n<\/tr>\n<tr>\n<td valign=\"top\" width=\"657\">\n<p class=\"western\" align=\"justify\"><span style=\"color: #000000\"><span style=\"font-size: small\">9. Fabiane<\/span> <span style=\"font-size: small\">Ap.<\/span> <span style=\"font-size: small\">de<\/span> <span style=\"font-size: small\">Souza<\/span> <span style=\"font-size: small\">Retslaff<\/span><\/span><\/p>\n<\/td>\n<\/tr>\n<tr>\n<td valign=\"top\" width=\"657\" height=\"17\">\n<p class=\"western\" align=\"justify\"><span style=\"font-size: small;color: #000000\">10. Fabr\u00edcio William de \u00c1vila<\/span><\/p>\n<\/td>\n<\/tr>\n<tr>\n<td valign=\"top\" width=\"657\" height=\"15\">\n<p class=\"western\" align=\"left\"><span style=\"font-size: small;color: #000000\">11. Fernando Lu\u00eds Dlugosz<\/span><\/p>\n<\/td>\n<\/tr>\n<tr>\n<td valign=\"top\" width=\"657\">\n<p class=\"western\" align=\"justify\"><span style=\"color: #000000\"><span style=\"font-size: small\"><span lang=\"pt-BR\">12.<\/span><\/span> <span style=\"font-size: small\"><span lang=\"pt-BR\">Fl\u00e1vio<\/span><\/span> <span style=\"font-size: small\"><span lang=\"pt-BR\">Augusto<\/span><\/span> <span style=\"font-size: small\"><span lang=\"pt-BR\">de<\/span><\/span> <span style=\"font-size: small\"><span lang=\"pt-BR\">Oliveira<\/span><\/span> <span style=\"font-size: small\"><span lang=\"pt-BR\">Garcia<\/span><\/span><\/span><\/p>\n<\/td>\n<\/tr>\n<tr>\n<td valign=\"top\" width=\"657\">\n<p class=\"western\" align=\"left\"><span style=\"color: #000000\"><span style=\"font-size: small\"><span lang=\"pt-BR\">13.Gabriel<\/span><\/span> <span style=\"font-size: small\"><span lang=\"pt-BR\">de<\/span><\/span> <span style=\"font-size: small\"><span lang=\"pt-BR\">Magalh\u00e3es<\/span><\/span> <span style=\"font-size: small\"><span lang=\"pt-BR\">Miranda<\/span><\/span><\/span><\/p>\n<\/td>\n<\/tr>\n<tr>\n<td valign=\"top\" width=\"657\">\n<p class=\"western\" align=\"justify\"><span style=\"color: #000000\"><span style=\"font-size: small\"><span lang=\"pt-BR\">14.<\/span><\/span> <span style=\"font-size: small\"><span lang=\"pt-BR\">Gilmara<\/span><\/span> <span style=\"font-size: small\"><span lang=\"pt-BR\">de<\/span><\/span> <span style=\"font-size: small\"><span lang=\"pt-BR\">Oliveira<\/span><\/span> <span style=\"font-size: small\"><span lang=\"pt-BR\">Machado<\/span><\/span><\/span><\/p>\n<\/td>\n<\/tr>\n<tr>\n<td valign=\"top\" width=\"657\">\n<p class=\"western\" align=\"justify\"><span style=\"color: #000000\"><span style=\"font-size: small\"><span lang=\"pt-BR\">15.<\/span><\/span> <span style=\"font-size: small\"><span lang=\"pt-BR\">K\u00e1tia<\/span><\/span> <span style=\"font-size: small\"><span lang=\"pt-BR\">Cylene<\/span><\/span> <span style=\"font-size: small\"><span lang=\"pt-BR\">Lombardi<\/span><\/span><\/span><\/p>\n<\/td>\n<\/tr>\n<tr>\n<td>\n<p class=\"western\" align=\"justify\"><span style=\"font-size: small;color: #000000\">16. Marcos Vin\u00edcius Martins Bassaco<\/span><\/p>\n<\/td>\n<\/tr>\n<tr>\n<td>\n<p class=\"western\" align=\"justify\"><span style=\"font-size: small;color: #000000\">17. Millana B\u00fcrger Pagnussat<\/span><\/p>\n<\/td>\n<\/tr>\n<tr>\n<td valign=\"top\" width=\"657\">\n<p class=\"western\" align=\"justify\"><span style=\"font-size: small;color: #000000\">18. Rog\u00e9rio Bobrowski<\/span><\/p>\n<\/td>\n<\/tr>\n<tr>\n<td valign=\"top\" width=\"657\">\n<p class=\"western\" align=\"justify\"><span style=\"font-size: small;color: #000000\">19. Vagner Alex Pesck<\/span><\/p>\n<\/td>\n<\/tr>\n<tr>\n<td valign=\"top\" width=\"657\">\n<p class=\"western\" align=\"justify\"><span style=\"color: #000000\"><span style=\"font-size: small\"><span lang=\"pt-BR\">20.<\/span><\/span> <span style=\"font-size: small\"><span lang=\"pt-BR\">V\u00e2nia<\/span><\/span> <span style=\"font-size: small\"><span lang=\"pt-BR\">Rossetto<\/span><\/span>\u00a0<span style=\"font-size: small\"><span lang=\"pt-BR\">Marcelino<\/span><\/span><\/span><\/p>\n<\/td>\n<\/tr>\n<\/tbody>\n<\/table>\n","protected":false},"excerpt":{"rendered":"<p>1. Afonso Figueiredo Filho 2. Andrea Nogueira Dias 3. Daniele Ukan 4. Eduardo da Silva Lopes 5. Eneida Martins 6. Evandro Vagner Tambarussi 7. \u00c9verton Hillig 8. Fabiana Schmidt Bandeira Peres 9. Fabiane Ap. de Souza Retslaff 10. Fabr\u00edcio William de \u00c1vila 11. Fernando Lu\u00eds Dlugosz 12. Fl\u00e1vio Augusto de Oliveira Garcia 13.Gabriel de Magalh\u00e3es [&hellip;]<\/p>\n","protected":false},"author":173,"featured_media":0,"parent":0,"menu_order":0,"comment_status":"closed","ping_status":"closed","template":"","meta":{"_exactmetrics_skip_tracking":false,"_exactmetrics_sitenote_active":false,"_exactmetrics_sitenote_note":"","_exactmetrics_sitenote_category":0,"footnotes":"","_links_to":"","_links_to_target":""},"class_list":["post-77","page","type-page","status-publish","hentry"],"_links":{"self":[{"href":"https:\/\/www3.unicentro.br\/seaai\/wp-json\/wp\/v2\/pages\/77","targetHints":{"allow":["GET"]}}],"collection":[{"href":"https:\/\/www3.unicentro.br\/seaai\/wp-json\/wp\/v2\/pages"}],"about":[{"href":"https:\/\/www3.unicentro.br\/seaai\/wp-json\/wp\/v2\/types\/page"}],"author":[{"embeddable":true,"href":"https:\/\/www3.unicentro.br\/seaai\/wp-json\/wp\/v2\/users\/173"}],"replies":[{"embeddable":true,"href":"https:\/\/www3.unicentro.br\/seaai\/wp-json\/wp\/v2\/comments?post=77"}],"version-history":[{"count":0,"href":"https:\/\/www3.unicentro.br\/seaai\/wp-json\/wp\/v2\/pages\/77\/revisions"}],"wp:attachment":[{"href":"https:\/\/www3.unicentro.br\/seaai\/wp-json\/wp\/v2\/media?parent=77"}],"curies":[{"name":"wp","href":"https:\/\/api.w.org\/{rel}","templated":true}]}}