{"id":27,"date":"2019-04-01T10:57:26","date_gmt":"2019-04-01T13:57:26","guid":{"rendered":"https:\/\/www3.unicentro.br\/seaai\/?page_id=27"},"modified":"2023-02-24T14:23:46","modified_gmt":"2023-02-24T17:23:46","slug":"apresentacao","status":"publish","type":"page","link":"https:\/\/www3.unicentro.br\/seaai\/apresentacao\/","title":{"rendered":"Apresenta\u00e7\u00e3o"},"content":{"rendered":"<div class=\"wpb-content-wrapper\"><p>[vc_row][vc_column][vc_column_text]O Setor de Ci\u00eancias Agr\u00e1rias e Ambientais do <em>Campus<\/em> Universit\u00e1rio de Irati, Seaa\/I, \u00e9 uma unidade universit\u00e1ria articulada \u00e0 administra\u00e7\u00e3o superior e intermedi\u00e1ria que planeja e desenvolve o ensino, a pesquisa e a extens\u00e3o, caracterizando-se como unidade de execu\u00e7\u00e3o e coordena\u00e7\u00e3o did\u00e1tico-pedag\u00f3gica.<\/p>\n<p><strong>Estrutura Administrativa:<\/strong><\/p>\n<p>Diretora: <a href=\"https:\/\/www3.unicentro.br\/docentes\/kely-viviane-de-souza\/\"><em>Prof\u00aa Dra Kely Viviane de Souza<\/em><\/a><br \/>\nVice-Diretor: <a href=\"https:\/\/www3.unicentro.br\/docentes\/valdemir-antoneli\/\"><em>Prof. Dr Valdemir Antoneli<\/em><\/a><br \/>\nSecret\u00e1ria: <em>Kelly Rech Davebida<\/em>[\/vc_column_text][\/vc_column][\/vc_row]<\/p>\n<\/div>","protected":false},"excerpt":{"rendered":"<p>[vc_row][vc_column][vc_column_text]O Setor de Ci\u00eancias Agr\u00e1rias e Ambientais do Campus Universit\u00e1rio de Irati, Seaa\/I, \u00e9 uma unidade universit\u00e1ria articulada \u00e0 administra\u00e7\u00e3o superior e intermedi\u00e1ria que planeja e desenvolve o ensino, a pesquisa e a extens\u00e3o, caracterizando-se como unidade de execu\u00e7\u00e3o e coordena\u00e7\u00e3o did\u00e1tico-pedag\u00f3gica. Estrutura Administrativa: Diretora: Prof\u00aa Dra Kely Viviane de Souza Vice-Diretor: Prof. Dr Valdemir [&hellip;]<\/p>\n","protected":false},"author":3,"featured_media":0,"parent":0,"menu_order":0,"comment_status":"closed","ping_status":"closed","template":"","meta":{"_exactmetrics_skip_tracking":false,"_exactmetrics_sitenote_active":false,"_exactmetrics_sitenote_note":"","_exactmetrics_sitenote_category":0,"footnotes":"","_links_to":"","_links_to_target":""},"class_list":["post-27","page","type-page","status-publish","hentry"],"_links":{"self":[{"href":"https:\/\/www3.unicentro.br\/seaai\/wp-json\/wp\/v2\/pages\/27","targetHints":{"allow":["GET"]}}],"collection":[{"href":"https:\/\/www3.unicentro.br\/seaai\/wp-json\/wp\/v2\/pages"}],"about":[{"href":"https:\/\/www3.unicentro.br\/seaai\/wp-json\/wp\/v2\/types\/page"}],"author":[{"embeddable":true,"href":"https:\/\/www3.unicentro.br\/seaai\/wp-json\/wp\/v2\/users\/3"}],"replies":[{"embeddable":true,"href":"https:\/\/www3.unicentro.br\/seaai\/wp-json\/wp\/v2\/comments?post=27"}],"version-history":[{"count":0,"href":"https:\/\/www3.unicentro.br\/seaai\/wp-json\/wp\/v2\/pages\/27\/revisions"}],"wp:attachment":[{"href":"https:\/\/www3.unicentro.br\/seaai\/wp-json\/wp\/v2\/media?parent=27"}],"curies":[{"name":"wp","href":"https:\/\/api.w.org\/{rel}","templated":true}]}}