{"id":60,"date":"2022-04-03T20:22:34","date_gmt":"2022-04-03T23:22:34","guid":{"rendered":"https:\/\/www3.unicentro.br\/sbcg\/?page_id=60"},"modified":"2023-01-26T18:32:52","modified_gmt":"2023-01-26T21:32:52","slug":"apresentacao","status":"publish","type":"page","link":"https:\/\/www3.unicentro.br\/sbcg\/apresentacao\/","title":{"rendered":"Apresenta\u00e7\u00e3o"},"content":{"rendered":"<p style=\"text-align: center\"><strong>XV Simp\u00f3sio Brasileiro de Climatologia Geogr\u00e1fica \u2013 Guarapuava 2023<\/strong><\/p>\n<p style=\"text-align: justify\">O Simp\u00f3sio Brasileiro de Climatologia Geogr\u00e1fica (SBCG) \u00e9 um evento da Associa\u00e7\u00e3o Brasileira de Climatologia (ABClima), de periodicidade bienal e de natureza rotativa, existente desde o ano de 1992. O SBCG tem por objetivo fomentar o debate, a reflex\u00e3o, a difus\u00e3o e a constru\u00e7\u00e3o do saber em torno da climatologia geogr\u00e1fica e de outras \u00e1reas correlatas no \u00e2mbito da pesquisa, do ensino e da extens\u00e3o. J\u00e1 consolidado como o maior f\u00f3rum nacional da \u00e1rea, o SBCG re\u00fane centenas de participantes das mais diversas classes, como professores do ensino superior e b\u00e1sico, pesquisadores, t\u00e9cnicos, mas com destaque para estudantes da gradua\u00e7\u00e3o e da p\u00f3s-gradua\u00e7\u00e3o de Geografia e cursos afins.<\/p>\n<p style=\"text-align: justify\">Ao longo dos \u00faltimos dois anos, vivenciamos um per\u00edodo de incertezas e inseguran\u00e7as, mas que, aos poucos, vem sendo superado com o \u00e1rduo esfor\u00e7o do desenvolvimento cient\u00edfico em m\u00faltiplas \u00e1reas do conhecimento. A realiza\u00e7\u00e3o deste evento, em 2023, no formato presencial, deve-se tamb\u00e9m ao sucesso de cientistas de todo planeta, que, mesmo diante de situa\u00e7\u00f5es de pouca credibilidade e negacionismo, puderam nortear a\u00e7\u00f5es que permitiram novamente organizar um evento presencial com seguran\u00e7a.<\/p>\n<p style=\"text-align: justify\">A ABClima (Gest\u00e3o 2022 \u2013 2023) em parceria com o Laborat\u00f3rio de Estudos Clim\u00e1ticos e Impactos Ambientais (LACLIAM\/DEGEO\/UNICENTRO) tem a satisfa\u00e7\u00e3o de lan\u00e7ar a pr\u00f3xima edi\u00e7\u00e3o do SBCG, o XV Simp\u00f3sio Brasileiro de Climatologia Geogr\u00e1fica (XV SBCG), que ocorrer\u00e1 no Campus Cedeteg da Unicentro, na cidade de Guarapuava\/PR no per\u00edodo de 31 de julho a 05 de agosto de 2023.<\/p>\n<p style=\"text-align: justify\">O tema norteador do XIV SBCG ser\u00e1: <strong><em>Climatologia, Crises Socioambientais e Justi\u00e7a Clim\u00e1tica: a\u00e7\u00f5es e desafios da sustentabilidade<\/em><\/strong>. Esse tema surge a partir da necessidade de se refletir sobre o momento em que o mundo se encontra, com crises ambientais, sociais, econ\u00f4micas e sanit\u00e1rias, principalmente quando percebemos a complexidade e a indissociabilidade de todas as na\u00e7\u00f5es. Ou seja, quando temos certeza de que somos um s\u00f3 planeta e que necessitamos de a\u00e7\u00f5es concretas para a vida continuar sendo poss\u00edvel e com qualidade e justi\u00e7a para todas as esp\u00e9cies que habitam a Terra. A proposta do evento \u00e9 que possamos construir debates para nos posicionar de forma propositiva, com a\u00e7\u00f5es concretas para a melhoria do mundo, mas mais diversas escalas.<\/p>\n<p style=\"text-align: justify\">O XV SBCG ter\u00e1 seus debates conduzidos em cinco eixos tem\u00e1ticos: 1) Climatologia urbana; 2) Climatologia e Sa\u00fade; 3) Variabilidade Clim\u00e1tica e Eventos Extremos; 4) Climas Regionais;\u00a0 e 5) Ensino de Climatologia.<\/p>\n<p style=\"text-align: justify\">Seguindo a orienta\u00e7\u00e3o dos Eixos Tem\u00e1ticos e sempre englobando o tema norteador do evento como um todo, o XV SBCG est\u00e1 sendo organizado e estruturado em diversas atividades: confer\u00eancias, mesas redondas, comunica\u00e7\u00f5es cient\u00edficas, trabalhos de campo e oficinas tem\u00e1ticas. Ressalta-se que todas essas atividades ainda est\u00e3o em constru\u00e7\u00e3o, podendo ser alteradas e\/ou suprimidas, dependendo da estrutura de log\u00edstica dispon\u00edvel.<\/p>\n<p style=\"text-align: justify\">A comiss\u00e3o organizadora est\u00e1 empenhada em realizar a segunda edi\u00e7\u00e3o do Pr\u00eamio Prof. Carlos Augusto de Figueiredo Monteiro (2\u00ba Concurso de melhor Disserta\u00e7\u00e3o de Mestrado e Tese de Doutorado em Climatologia Geogr\u00e1fica \u2013 certifica\u00e7\u00e3o via ABClima). Al\u00e9m disso, como j\u00e1 \u00e9 tradicional, ser\u00e1 realizada a premia\u00e7\u00e3o dos melhores trabalhos por eixo, a sess\u00e3o de homenagens, a plen\u00e1ria da ABClima, lan\u00e7amento de livros e atividades culturais diversas.<\/p>\n","protected":false},"excerpt":{"rendered":"<p>XV Simp\u00f3sio Brasileiro de Climatologia Geogr\u00e1fica \u2013 Guarapuava 2023 O Simp\u00f3sio Brasileiro de Climatologia Geogr\u00e1fica (SBCG) \u00e9 um evento da Associa\u00e7\u00e3o Brasileira de Climatologia (ABClima),&#8230;<\/p>\n<div class=\"more-link-wrapper\"><a class=\"more-link\" href=\"https:\/\/www3.unicentro.br\/sbcg\/apresentacao\/\">Read more<span class=\"screen-reader-text\">Apresenta\u00e7\u00e3o<\/span><\/a><\/div>\n","protected":false},"author":491,"featured_media":0,"parent":0,"menu_order":0,"comment_status":"closed","ping_status":"closed","template":"","meta":{"_exactmetrics_skip_tracking":false,"_exactmetrics_sitenote_active":false,"_exactmetrics_sitenote_note":"","_exactmetrics_sitenote_category":0,"footnotes":"","_links_to":"","_links_to_target":""},"class_list":["post-60","page","type-page","status-publish","hentry","entry"],"_links":{"self":[{"href":"https:\/\/www3.unicentro.br\/sbcg\/wp-json\/wp\/v2\/pages\/60","targetHints":{"allow":["GET"]}}],"collection":[{"href":"https:\/\/www3.unicentro.br\/sbcg\/wp-json\/wp\/v2\/pages"}],"about":[{"href":"https:\/\/www3.unicentro.br\/sbcg\/wp-json\/wp\/v2\/types\/page"}],"author":[{"embeddable":true,"href":"https:\/\/www3.unicentro.br\/sbcg\/wp-json\/wp\/v2\/users\/491"}],"replies":[{"embeddable":true,"href":"https:\/\/www3.unicentro.br\/sbcg\/wp-json\/wp\/v2\/comments?post=60"}],"version-history":[{"count":0,"href":"https:\/\/www3.unicentro.br\/sbcg\/wp-json\/wp\/v2\/pages\/60\/revisions"}],"wp:attachment":[{"href":"https:\/\/www3.unicentro.br\/sbcg\/wp-json\/wp\/v2\/media?parent=60"}],"curies":[{"name":"wp","href":"https:\/\/api.w.org\/{rel}","templated":true}]}}