{"id":464,"date":"2023-07-27T17:09:03","date_gmt":"2023-07-27T20:09:03","guid":{"rendered":"https:\/\/www3.unicentro.br\/sbcg\/?page_id=464"},"modified":"2023-07-27T17:14:33","modified_gmt":"2023-07-27T20:14:33","slug":"comissao-cientifica","status":"publish","type":"page","link":"https:\/\/www3.unicentro.br\/sbcg\/comissao-cientifica\/","title":{"rendered":"Comiss\u00e3o Cient\u00edfica"},"content":{"rendered":"<p>&nbsp;<\/p>\n<p style=\"text-align: center\"><strong><span style=\"text-decoration: underline\">COMISS\u00c3O CIENT\u00cdFICA DO XV SBCG<\/span> (<em>Avaliadores e Pareceristas<\/em>):<\/strong><\/p>\n<p>Andrews Jose de Lucena (UFRRJ)<\/p>\n<p>Andrey Luis Binda (UFFS)<\/p>\n<p>Antonio Carlos da Silva Oscar J\u00fanior (UERJ)<\/p>\n<p>Ariadne Silvia de Farias (ISAE\/Curitiba)<\/p>\n<p>Bruno Henrique Costa Toledo (UNICENTRO)<\/p>\n<p>Camila Bertoletti Carpenedo (UFPR)<\/p>\n<p>Carlos Batista da Silva (SEED\/SP)<\/p>\n<p>C\u00e1ssia de Castro Martins Ferreira (UFJF)<\/p>\n<p>Cassio Arthur Wollmann (UFSM)<\/p>\n<p>Charlei Aparecido da Silva (UFGD)<\/p>\n<p>Danielle Cardozo Frasca Teixeira (UNESP)<\/p>\n<p>Diego Correa Maia (UNESP)<\/p>\n<p>Edelci Nunes da Silva (UFSCAR)<\/p>\n<p>Edson Soares Fialho (UFV)<\/p>\n<p>Elaiz Aparecida Mensch Buffon (UNIOESTE)<\/p>\n<p>Erc\u00edlia Torres Steinke (UNB)<\/p>\n<p>Erika Collischonn (UFPEL)<\/p>\n<p>Fabiana Bezerra Mangili (PTI)<\/p>\n<p>Fabio de Oliveira Sanches (UFJF)<\/p>\n<p>Fiorella Acquaotta (UNITO\/It\u00e1lia)<\/p>\n<p>Flavio Cabreira dos Santos (SED\/MS)<\/p>\n<p>Francisco de Assis Mendon\u00e7a (UFPR)<\/p>\n<p>Francisco Jablinski Castelhano (UFRN)<\/p>\n<p>Gabriela Goudard (UFPR)<\/p>\n<p>Geisa Silveira da Rocha (UFSC)<\/p>\n<p>Gustavo Zen de Figueiredo Neves (USP)<\/p>\n<p>Helena Ribeiro (USP)<\/p>\n<p>Jo\u00e3o Paulo Assis Gobo (UNIR)<\/p>\n<p>Juliana Ramalho Barros (UFG)<\/p>\n<p>J\u00falio Barboza Chiquetto (FLACSO \/ USP)<\/p>\n<p>Karime Pechutti Fante (UNESP)<\/p>\n<p>Katia Spinelli (UNIASSELVI)<\/p>\n<p>Leandro Redin Vestena (UNICENTRO)<\/p>\n<p>Leandro Zandonadi (UEM)<\/p>\n<p>Leila Limberger (Unioeste\/Marechal C. Rondon)<\/p>\n<p>Luci\u0301 Hidalgo Nunes (UNICAMP)<\/p>\n<p>Marcelo de Oliveira Moura (UFPB)<\/p>\n<p>Margarete Cristiane de Costa Trindade Amorim (UNESP)<\/p>\n<p>Maria Cleide Baldo (UTFPR)<\/p>\n<p>Maria Elisa Zanella (UFC)<\/p>\n<p>Marina S\u00f3ria Castellano (UNIOESTE)<\/p>\n<p>Michelle Sim\u00f5es Reboita (UNIFEI)<\/p>\n<p>Natacha C\u00edntia Regina Aleixo (UFAM)<\/p>\n<p>Nubia Beray Armond (UFRJ)<\/p>\n<p>Paulo Cesar Zangalli Junior (UFBA)<\/p>\n<p>Pedro Germano Murara (UFFS\/Erechim)<\/p>\n<p>Priscilla Ven\u00e2ncio Ikefuti (UEMA)<\/p>\n<p>Rafael Brito Silveira (UFSC)<\/p>\n<p>Rafael Rodrigues da Franca (UNB)<\/p>\n<p>Rafael Vinic\u00edus de S\u00e3o Jos\u00e9 (UNICAMP)<\/p>\n<p>Ranyere Silva N\u00f3brega (UFCG)<\/p>\n<p>Renata dos Santos Cardoso (UNESP)<\/p>\n<p>Roberto Greco (UNICAMP)<\/p>\n<p>Ronaldo Rodrigues Ara\u00fajo (UFMA)<\/p>\n<p>Sofia Lizarralde Oliver (USP)<\/p>\n<p>Thiago Kich Foga\u00e7a (UFPR)<\/p>\n<p>Victor da Assun\u00e7\u00e3o Borsato (UNESPAR)<\/p>\n<p>Vin\u00edcius Machado Rocha (UFRB)<\/p>\n<p>Washington Paulo Gomes (SEDUC\/MT)<\/p>\n<p>Wesley de Souza Campos Correa (SEDU\/ES)<\/p>\n<p>Wilson Fl\u00e1vio Feltrim Roseghini (UFPR)<\/p>\n","protected":false},"excerpt":{"rendered":"<p>&nbsp; COMISS\u00c3O CIENT\u00cdFICA DO XV SBCG (Avaliadores e Pareceristas): Andrews Jose de Lucena (UFRRJ) Andrey Luis Binda (UFFS) Antonio Carlos da Silva Oscar J\u00fanior (UERJ)&#8230;<\/p>\n<div class=\"more-link-wrapper\"><a class=\"more-link\" href=\"https:\/\/www3.unicentro.br\/sbcg\/comissao-cientifica\/\">Read more<span class=\"screen-reader-text\">Comiss\u00e3o Cient\u00edfica<\/span><\/a><\/div>\n","protected":false},"author":491,"featured_media":0,"parent":0,"menu_order":0,"comment_status":"closed","ping_status":"closed","template":"","meta":{"_exactmetrics_skip_tracking":false,"_exactmetrics_sitenote_active":false,"_exactmetrics_sitenote_note":"","_exactmetrics_sitenote_category":0,"footnotes":"","_links_to":"","_links_to_target":""},"class_list":["post-464","page","type-page","status-publish","hentry","entry"],"_links":{"self":[{"href":"https:\/\/www3.unicentro.br\/sbcg\/wp-json\/wp\/v2\/pages\/464","targetHints":{"allow":["GET"]}}],"collection":[{"href":"https:\/\/www3.unicentro.br\/sbcg\/wp-json\/wp\/v2\/pages"}],"about":[{"href":"https:\/\/www3.unicentro.br\/sbcg\/wp-json\/wp\/v2\/types\/page"}],"author":[{"embeddable":true,"href":"https:\/\/www3.unicentro.br\/sbcg\/wp-json\/wp\/v2\/users\/491"}],"replies":[{"embeddable":true,"href":"https:\/\/www3.unicentro.br\/sbcg\/wp-json\/wp\/v2\/comments?post=464"}],"version-history":[{"count":0,"href":"https:\/\/www3.unicentro.br\/sbcg\/wp-json\/wp\/v2\/pages\/464\/revisions"}],"wp:attachment":[{"href":"https:\/\/www3.unicentro.br\/sbcg\/wp-json\/wp\/v2\/media?parent=464"}],"curies":[{"name":"wp","href":"https:\/\/api.w.org\/{rel}","templated":true}]}}