{"id":446,"date":"2023-07-17T16:14:11","date_gmt":"2023-07-17T19:14:11","guid":{"rendered":"https:\/\/www3.unicentro.br\/sbcg\/?page_id=446"},"modified":"2023-07-17T16:15:47","modified_gmt":"2023-07-17T19:15:47","slug":"orientacoes-gerais","status":"publish","type":"page","link":"https:\/\/www3.unicentro.br\/sbcg\/orientacoes-gerais\/","title":{"rendered":"Orienta\u00e7\u00f5es Gerais"},"content":{"rendered":"<p style=\"text-align: justify\">As <strong>Comunica\u00e7\u00f5es Cient\u00edficas<\/strong> do <strong>XV SBCG<\/strong> ir\u00e3o ocorrer em tr\u00eas per\u00edodos, conforme consta na Programa\u00e7\u00e3o Geral do evento. At\u00e9 o presente momento, j\u00e1 foi divulgado a rela\u00e7\u00e3o parcial dos <span style=\"color: #0000ff\"><a style=\"color: #0000ff\" href=\"https:\/\/www3.unicentro.br\/sbcg\/trabalhos-aprovados\/\">Trabalhos Aprovados<\/a><\/span> (<em>vers\u00e3o pr\u00e9via<\/em>), contendo o dia, o per\u00edodo e as salas da apresenta\u00e7\u00e3o dos trabalhos. Em breve, a Vers\u00e3o Final da lista ser\u00e1 divulgada aqui no site.<\/p>\n<p style=\"text-align: justify\">Isto posto, segue logo abaixo algumas <strong>Orienta\u00e7\u00f5es Gerais<\/strong> sobre as <strong>Apresenta\u00e7\u00f5es Orais<\/strong>:<\/p>\n<ol>\n<li style=\"text-align: justify\">Para ter direito \u00e0 apresenta\u00e7\u00e3o do trabalho, emiss\u00e3o do certificado, publica\u00e7\u00e3o do artigo nos anais do evento e demais premia\u00e7\u00f5es, ao menos 1 (um) dos autores do artigo dever\u00e1 ter realizado e pago a inscri\u00e7\u00e3o, estando adimplente com o XV SBCG.<\/li>\n<li style=\"text-align: justify\">As sess\u00f5es de apresenta\u00e7\u00e3o encontram-se divididas por Salas e Eixos Tem\u00e1ticos. J\u00e1 foi divulgado a rela\u00e7\u00e3o parcial dos <span style=\"color: #0000ff\"><a style=\"color: #0000ff\" href=\"https:\/\/www3.unicentro.br\/sbcg\/trabalhos-aprovados\/\">Trabalhos Aprovados<\/a><\/span> (<em>vers\u00e3o pr\u00e9via<\/em>), e em breve ser\u00e1 publicada a vers\u00e3o final. Ao menos 1 (um) dos autores dever\u00e1 estar presente durante toda a sess\u00e3o de Comunica\u00e7\u00f5es Cient\u00edficas no dia\/per\u00edodo reservado para a apresenta\u00e7\u00e3o do seu trabalho, e chegar se poss\u00edvel com 10 minutos de anteced\u00eancia do in\u00edcio das atividades (<em>para transferir os slides ao computador do evento<\/em>).<\/li>\n<li style=\"text-align: justify\">A ordem de apresenta\u00e7\u00e3o das sess\u00f5es ser\u00e1 de acordo com a estabelecida nas Listas das Salas, contendo de 15 a 17 trabalhos por per\u00edodo de 4 (quatro) horas. O Coordenador da sess\u00e3o do dia ser\u00e1 respons\u00e1vel por organizar e resolver eventuais pormenores.<\/li>\n<li style=\"text-align: justify\">As Comunica\u00e7\u00f5es Cient\u00edficas ser\u00e3o no formato de Apresenta\u00e7\u00e3o Oral, contando com a presen\u00e7a de pelo menos 1 (um) autor do artigo, e o tempo de apresenta\u00e7\u00e3o ser\u00e1 de 10 (dez) minutos, com mais 5 (cinco) minutos destinados \u00e0 perguntas\/quest\u00f5es.<\/li>\n<li style=\"text-align: justify\">Os autores ficar\u00e3o livres para organizar o material e as falas de sua apresenta\u00e7\u00e3o. No entanto, como <strong>sugest\u00e3o do evento<\/strong>, recomendamos utilizar o <span style=\"color: #0000ff\"><a style=\"color: #0000ff\" href=\"https:\/\/drive.google.com\/file\/d\/1vcsvfLyL6kJKoLx5WwbuFLEU3XUNPRkn\/view\">Template Oficial<\/a><\/span> do XV SBCG, no formato .pptx. Segue o link para download: <span style=\"font-size: 8pt\"><a href=\"https:\/\/drive.google.com\/file\/d\/1vcsvfLyL6kJKoLx5WwbuFLEU3XUNPRkn\/view\">https:\/\/drive.google.com\/file\/d\/1vcsvfLyL6kJKoLx5WwbuFLEU3XUNPRkn\/view<\/a><\/span><\/li>\n<\/ol>\n<p>&nbsp;<\/p>\n","protected":false},"excerpt":{"rendered":"<p>As Comunica\u00e7\u00f5es Cient\u00edficas do XV SBCG ir\u00e3o ocorrer em tr\u00eas per\u00edodos, conforme consta na Programa\u00e7\u00e3o Geral do evento. At\u00e9 o presente momento, j\u00e1 foi divulgado&#8230;<\/p>\n<div class=\"more-link-wrapper\"><a class=\"more-link\" href=\"https:\/\/www3.unicentro.br\/sbcg\/orientacoes-gerais\/\">Read more<span class=\"screen-reader-text\">Orienta\u00e7\u00f5es Gerais<\/span><\/a><\/div>\n","protected":false},"author":491,"featured_media":0,"parent":0,"menu_order":0,"comment_status":"closed","ping_status":"closed","template":"","meta":{"_exactmetrics_skip_tracking":false,"_exactmetrics_sitenote_active":false,"_exactmetrics_sitenote_note":"","_exactmetrics_sitenote_category":0,"footnotes":"","_links_to":"","_links_to_target":""},"class_list":["post-446","page","type-page","status-publish","hentry","entry"],"_links":{"self":[{"href":"https:\/\/www3.unicentro.br\/sbcg\/wp-json\/wp\/v2\/pages\/446","targetHints":{"allow":["GET"]}}],"collection":[{"href":"https:\/\/www3.unicentro.br\/sbcg\/wp-json\/wp\/v2\/pages"}],"about":[{"href":"https:\/\/www3.unicentro.br\/sbcg\/wp-json\/wp\/v2\/types\/page"}],"author":[{"embeddable":true,"href":"https:\/\/www3.unicentro.br\/sbcg\/wp-json\/wp\/v2\/users\/491"}],"replies":[{"embeddable":true,"href":"https:\/\/www3.unicentro.br\/sbcg\/wp-json\/wp\/v2\/comments?post=446"}],"version-history":[{"count":0,"href":"https:\/\/www3.unicentro.br\/sbcg\/wp-json\/wp\/v2\/pages\/446\/revisions"}],"wp:attachment":[{"href":"https:\/\/www3.unicentro.br\/sbcg\/wp-json\/wp\/v2\/media?parent=446"}],"curies":[{"name":"wp","href":"https:\/\/api.w.org\/{rel}","templated":true}]}}