{"id":435,"date":"2023-07-15T12:36:00","date_gmt":"2023-07-15T15:36:00","guid":{"rendered":"https:\/\/www3.unicentro.br\/sbcg\/?page_id=435"},"modified":"2023-08-01T10:03:54","modified_gmt":"2023-08-01T13:03:54","slug":"local-do-evento","status":"publish","type":"page","link":"https:\/\/www3.unicentro.br\/sbcg\/local-do-evento\/","title":{"rendered":"Local do Evento"},"content":{"rendered":"<p>SAs atividades do <strong>XV SBCG<\/strong>\u00a0ocorrer\u00e3o em dois locais principais:<\/p>\n<h6><\/h6>\n<ul>\n<li style=\"text-align: justify\"><strong><span style=\"text-decoration: underline\">Hotel SPA\u00c7O Vale do Jord\u00e3o<\/span>: Sess\u00f5es de Abertura <\/strong>(31\/07)<strong>, Assembleia da ABClima <\/strong>(03\/08 &#8211; per\u00edodo da tarde) e<strong> Encerramento<\/strong> (04\/08). Endere\u00e7o: Hotel SPA\u00c7O Vale do Jord\u00e3o &#8211; Av. Ver. Rub\u00e9ns Siqueira Ribas, 3171 \u2013 Santa Cruz, Guarapuava \u2013 PR. Link para o Mapa: <span style=\"color: #0000ff\"><a style=\"color: #0000ff\" href=\"https:\/\/maps.app.goo.gl\/diyuVfZnbwZpUSzh8\">https:\/\/maps.app.goo.gl\/diyuVfZnbwZpUSzh8<\/a><\/span>. Para mais informa\u00e7\u00f5es do local (hotel oficial do evento), acesse <span style=\"color: #0000ff\"><a style=\"color: #0000ff\" href=\"https:\/\/www.facebook.com\/spacovaledojordao\/?locale=pt_BR\">AQUI<\/a><\/span> ou o menu <span style=\"color: #0000ff\"><a style=\"color: #0000ff\" href=\"https:\/\/www3.unicentro.br\/sbcg\/hospedagem\/\">Hospedagem<\/a><\/span>).<\/li>\n<\/ul>\n<h6 style=\"text-align: right\"><\/h6>\n<ul>\n<li style=\"text-align: justify\"><span style=\"text-decoration: underline\"><strong>Campus CEDETEG da <\/strong><strong>UNICENTRO<\/strong><\/span>:\u00a0<strong>Mesas Redondas<\/strong>,<strong> Comunica\u00e7\u00f5es Cient\u00edficas<\/strong> e <strong>demais atividades<\/strong> (dias 01\/08 e 02\/08; e per\u00edodo da manh\u00e3 do dia 03\/08). Endere\u00e7o: campus CEDETEG &#8211; Alameda \u00c9lio Antonio Dalla Vecchia, 838 \u2013 CEP 85040-167 \u2013 Bairro \u2013 Vila Carli, Guarapuava \u2013 PR (DEGEO &#8211; CEDETEG). Para mais informa\u00e7\u00f5es do local, acesse <a href=\"https:\/\/www3.unicentro.br\/cedeteg\/\"><span style=\"color: #0000ff\">AQUI<\/span><\/a> ou o menu <span style=\"color: #0000ff\"><a style=\"color: #0000ff\" href=\"https:\/\/www3.unicentro.br\/sbcg\/hospedagem\/\">Hospedagem<\/a><\/span>). Link do Mapa para acessar o local: <span style=\"color: #0000ff\"><a style=\"color: #0000ff\" href=\"https:\/\/maps.app.goo.gl\/iJ2KQm6DcjWK2Gp86\">https:\/\/maps.app.goo.gl\/iJ2KQm6DcjWK2Gp86<\/a><\/span><\/li>\n<\/ul>\n<p>&nbsp;<\/p>\n<p style=\"text-align: justify\">A <strong>Programa\u00e7\u00e3o Final<\/strong> do <strong>XV SBCG<\/strong> poder\u00e1 ser conferida no ato de Credenciamento, que ocorrer\u00e1 das 08 \u00e0s 17 horas do dia 31 de julho de 2023 no <a href=\"https:\/\/maps.app.goo.gl\/diyuVfZnbwZpUSzh8\"><strong>SPA\u00c7O Vale do Jord\u00e3o<\/strong><\/a>, mesmo local onde ocorrer\u00e1 a abertura do evento!<\/p>\n<div class=\"wp-block-image\"><img loading=\"lazy\" decoding=\"async\" class=\"size-full wp-image-528 aligncenter\" src=\"https:\/\/www3.unicentro.br\/sbcg\/wp-content\/uploads\/sites\/135\/2023\/07\/Enderecos.jpg\" alt=\"\" width=\"675\" height=\"1200\" \/><\/div>\n","protected":false},"excerpt":{"rendered":"<p>SAs atividades do XV SBCG\u00a0ocorrer\u00e3o em dois locais principais: Hotel SPA\u00c7O Vale do Jord\u00e3o: Sess\u00f5es de Abertura (31\/07), Assembleia da ABClima (03\/08 &#8211; per\u00edodo da&#8230;<\/p>\n<div class=\"more-link-wrapper\"><a class=\"more-link\" href=\"https:\/\/www3.unicentro.br\/sbcg\/local-do-evento\/\">Read more<span class=\"screen-reader-text\">Local do Evento<\/span><\/a><\/div>\n","protected":false},"author":491,"featured_media":0,"parent":0,"menu_order":0,"comment_status":"closed","ping_status":"closed","template":"","meta":{"_exactmetrics_skip_tracking":false,"_exactmetrics_sitenote_active":false,"_exactmetrics_sitenote_note":"","_exactmetrics_sitenote_category":0,"footnotes":"","_links_to":"","_links_to_target":""},"class_list":["post-435","page","type-page","status-publish","hentry","entry"],"_links":{"self":[{"href":"https:\/\/www3.unicentro.br\/sbcg\/wp-json\/wp\/v2\/pages\/435","targetHints":{"allow":["GET"]}}],"collection":[{"href":"https:\/\/www3.unicentro.br\/sbcg\/wp-json\/wp\/v2\/pages"}],"about":[{"href":"https:\/\/www3.unicentro.br\/sbcg\/wp-json\/wp\/v2\/types\/page"}],"author":[{"embeddable":true,"href":"https:\/\/www3.unicentro.br\/sbcg\/wp-json\/wp\/v2\/users\/491"}],"replies":[{"embeddable":true,"href":"https:\/\/www3.unicentro.br\/sbcg\/wp-json\/wp\/v2\/comments?post=435"}],"version-history":[{"count":0,"href":"https:\/\/www3.unicentro.br\/sbcg\/wp-json\/wp\/v2\/pages\/435\/revisions"}],"wp:attachment":[{"href":"https:\/\/www3.unicentro.br\/sbcg\/wp-json\/wp\/v2\/media?parent=435"}],"curies":[{"name":"wp","href":"https:\/\/api.w.org\/{rel}","templated":true}]}}