{"id":352,"date":"2023-05-28T00:07:04","date_gmt":"2023-05-28T03:07:04","guid":{"rendered":"https:\/\/www3.unicentro.br\/sbcg\/?page_id=352"},"modified":"2023-07-02T22:55:17","modified_gmt":"2023-07-03T01:55:17","slug":"minicursos","status":"publish","type":"page","link":"https:\/\/www3.unicentro.br\/sbcg\/minicursos\/","title":{"rendered":"Minicursos"},"content":{"rendered":"<p style=\"text-align: justify\">Durante o XV SBCG, ser\u00e3o oferecidos alguns Minicursos para forma\u00e7\u00e3o complementar sobre temas espec\u00edficos da Climatologia Geogr\u00e1fica. Informa\u00e7\u00f5es mais espec\u00edficas sobre os minicursos podem ser conferidas atrav\u00e9s do website oficial do evento e pelas redes sociais do XV SBCG e ABClima. As inscri\u00e7\u00f5es est\u00e3o <strong>abertas<\/strong> a partir de <strong>14 de junho de 2023<\/strong>!<\/p>\n<p style=\"text-align: justify\">Para realizar sua inscri\u00e7\u00e3o, clique para acessar o <span style=\"color: #0000ff\"><a style=\"color: #0000ff\" href=\"https:\/\/evento.unicentro.br\/site\/minicursos%20-%20xv%20sbcg\/2023\/1\">Site de Inscri\u00e7\u00f5es<\/a><\/span> dos Minicursos do Evento, ou acesse o Link abaixo:<\/p>\n<p style=\"text-align: justify\">Link para Inscri\u00e7\u00f5es em Minicurso: <a href=\"https:\/\/evento.unicentro.br\/site\/minicursos%20-%20xv%20sbcg\/2023\/1\">https:\/\/evento.unicentro.br\/site\/minicursos%20-%20xv%20sbcg\/2023\/1<\/a><\/p>\n<p style=\"text-align: justify\">Por fim, vale ressaltar que as inscri\u00e7\u00f5es em Minicurso s\u00f3 ser\u00e3o homologadas para os simposistas que pagaram ou pagarem sua Inscri\u00e7\u00e3o no XV SBCG at\u00e9 o fim do m\u00eas de junho\/2023. Cada participante ter\u00e1 direito \u00e0 inscri\u00e7\u00e3o em 1 minicurso, e todas as atividades ocorrer\u00e3o simultaneamente no dia 02 de agosto de 2023. Realize o quanto antes sua inscri\u00e7\u00e3o, pois as vagas s\u00e3o limitadas!<\/p>\n<p style=\"text-align: justify\">Logo abaixo, seguem os Minicursos previstos para ocorrerem durante o <strong>XV SBCG<\/strong>:<\/p>\n<p>&nbsp;<\/p>\n<h1 style=\"text-align: center\"><span style=\"text-decoration: underline\"><strong>Minicurso 1<\/strong><\/span><\/h1>\n<p>T\u00edtulo: <strong>GEOGRAFIA DO CLIMA<\/strong><\/p>\n<p style=\"text-align: justify\">Ministrante: Jo\u00e3o Lima Sant\u2019anna Neto<\/p>\n<p style=\"text-align: justify\">Carga Hor\u00e1ria: 4 horas<\/p>\n<p style=\"text-align: justify\">Data: 02\/08\/2023<\/p>\n<p style=\"text-align: justify\">Hor\u00e1rio: 08:00 \u00e0s 12:00<\/p>\n<p style=\"text-align: justify\">Vagas: 30 (<em>aumentou 10 vagas<\/em>)<\/p>\n<p style=\"text-align: justify\"><span style=\"color: #ff0000\"><strong>Obs<\/strong><\/span>: no momento todas as 30 vagas est\u00e3o preenchidas, as inscri\u00e7\u00f5es est\u00e3o dispon\u00edveis somente para fila de espera (<em>a depender da desist\u00eancia de inscritos e\/ou disponibilidade de novas vagas<\/em>).<\/p>\n<p style=\"text-align: justify\">T\u00f3picos\/programa:<\/p>\n<p style=\"text-align: justify\">1) Evolu\u00e7\u00e3o hist\u00f3rica da climatologia no Brasil<\/p>\n<p style=\"text-align: justify\">2) As dimens\u00f5es geogr\u00e1ficas do clima.<\/p>\n<ol style=\"text-align: justify\">\n<li>\u00a0 a) a Climatologia<\/li>\n<li>\u00a0 b) a Climatologia Geogr\u00e1fica<\/li>\n<li>\u00a0 c) a Geografia do Clima<\/li>\n<\/ol>\n<p style=\"text-align: justify\">3) Novas perspectivas de abordagem do clima<\/p>\n<ol>\n<li style=\"text-align: justify\">\u00a0 a) abordagem socioespacial<\/li>\n<li style=\"text-align: justify\">\u00a0 b) abordagem cultural<\/li>\n<li style=\"text-align: justify\">\u00a0 c) abordagem forense<\/li>\n<\/ol>\n<p>&nbsp;<\/p>\n<h1 style=\"text-align: center\"><span style=\"text-decoration: underline\"><strong>Minicurso 2<\/strong><\/span><\/h1>\n<p>T\u00edtulo: <strong>USO DE DRONE NO MAPEAMENTO DE \u00c1REAS DE PRESERVA\u00c7\u00c3O PERMANENTE<\/strong><\/p>\n<p style=\"text-align: justify\">Ministrantes: Elaiz Aparecida Mensch Buffon,\u00a0Elvis Rabuske Hendges e\u00a0Juliano Andres<\/p>\n<p style=\"text-align: justify\">Carga Hor\u00e1ria: 4 horas<\/p>\n<p style=\"text-align: justify\">Data: 02\/08\/2023<\/p>\n<p style=\"text-align: justify\">Hor\u00e1rio: 08:00 \u00e0s 12:00<\/p>\n<p style=\"text-align: justify\">Vagas: 15<span style=\"color: #000000\"> (<em>aumentou 5 vagas<\/em>)<\/span><\/p>\n<p><span style=\"color: #ff0000\"><strong>Obs<\/strong><\/span>: no momento todas as 15 vagas est\u00e3o preenchidas, as inscri\u00e7\u00f5es est\u00e3o dispon\u00edveis somente para fila de espera (<em>a depender da desist\u00eancia de inscritos e\/ou disponibilidade de novas vagas<\/em>).<\/p>\n<p style=\"text-align: justify\"><strong>T\u00f3picos\/ferramentas:<\/strong><\/p>\n<ol style=\"text-align: justify\">\n<li>Levantamento A\u00e9reo<\/li>\n<li>Aerofotogrametria<\/li>\n<li>Modelagem num\u00e9rica do terreno<\/li>\n<li>Modelo digital de superf\u00edcie<\/li>\n<li>Cartografia digital<\/li>\n<li>Mapeamento de precis\u00e3o em APPs e \u00e1reas de risco<\/li>\n<\/ol>\n<p style=\"text-align: justify\"><strong>RESUMO:<\/strong> O correto mapeamento e delimita\u00e7\u00e3o da \u00c1reas de Preserva\u00e7\u00e3o Permanente (APP) previstas pelo C\u00f3digo Floresta Brasileiro (Lei Federal n\u00b012.651, de 25 de maio de 2012) \u00e9 de suma import\u00e2ncia para o equil\u00edbrio ambiental das propriedades rurais, principalmente no que tange a preserva\u00e7\u00e3o dos recursos h\u00eddricos. O presente minicurso tem por objetivo demonstrar a utiliza\u00e7\u00e3o de um drone Phantom 3 Standart para mapeamento de APP, bem como t\u00e9cnicas de processamento de dados. Com o levantamento fotogr\u00e1fico, o posterior processamento aerofotogram\u00e9trico e a valida\u00e7\u00e3o geod\u00e9sica possibilitar\u00e1 verificar se a realidade encontrada em campo possui a precis\u00e3o cartogr\u00e1fica necess\u00e1ria e definida pelo C\u00f3digo Florestal, e identifica\u00e7\u00e3o de riscos. O minicurso \u00e9 composto de 25% de atividades te\u00f3ricas e 75% de atividades pr\u00e1ticas.<\/p>\n<p style=\"text-align: justify\"><strong>\u00a0<\/strong><strong><span style=\"text-decoration: underline\">Observa\u00e7\u00e3o<\/span>: <\/strong><span style=\"text-decoration: underline\">O cursista dever\u00e1 levar seu pr\u00f3prio CELULAR e NOTEBOOK<\/span><\/p>\n<p>&nbsp;<\/p>\n<h1 style=\"text-align: center\"><span style=\"text-decoration: underline\"><strong>Minicurso 3<\/strong><\/span><\/h1>\n<p>T\u00edtulo: <strong>MON\u00c7\u00c3O NA AM\u00c9RICA DO SUL<\/strong><\/p>\n<p style=\"text-align: justify\">Ministrante: Rafael Rodrigues da Franca<\/p>\n<p style=\"text-align: justify\">Carga Hor\u00e1ria: 4 horas<\/p>\n<p style=\"text-align: justify\">Data: 02\/08\/2023<\/p>\n<p style=\"text-align: justify\">Hor\u00e1rio: 08:00 \u00e0s 12:00<\/p>\n<p style=\"text-align: justify\">Vagas: 15<\/p>\n<p><span style=\"color: #ff0000\"><strong>Obs<\/strong><\/span>: no momento todas as 15 vagas est\u00e3o preenchidas, as inscri\u00e7\u00f5es est\u00e3o dispon\u00edveis somente para fila de espera (<em>a depender da desist\u00eancia de inscritos e\/ou disponibilidade de novas vagas<\/em>).<\/p>\n<p style=\"text-align: justify\">Objetivo: Apresentar as principais defini\u00e7\u00f5es de mon\u00e7\u00e3o, o caso da Am\u00e9rica do Sul, e uma leitura geogr\u00e1fica da circula\u00e7\u00e3o de mon\u00e7\u00e3o no continente sul-americano.<\/p>\n<p style=\"text-align: justify\">T\u00f3picos\/programa:<\/p>\n<p style=\"text-align: justify\">1) As defini\u00e7\u00f5es de Mon\u00e7\u00e3o mundo afora<\/p>\n<p style=\"text-align: justify\">2) A circula\u00e7\u00e3o de mon\u00e7\u00e3o na Am\u00e9rica do Sul<\/p>\n<p style=\"text-align: justify\">3) A Mon\u00e7\u00e3o da Am\u00e9rica do Sul pela Climatologia Geogr\u00e1fica<\/p>\n<p style=\"text-align: justify\">4) An\u00e1lise de eventos de Mon\u00e7\u00e3o na Am\u00e9rica do Sul a partir de imagens orbitais e desastres associados<\/p>\n<p>&nbsp;<\/p>\n<h1 style=\"text-align: center\"><span style=\"text-decoration: underline\"><strong>Minicurso 4<\/strong><\/span><\/h1>\n<p>T\u00edtulo: <strong>Introdu\u00e7\u00e3o \u00e0 linguagem python para an\u00e1lise de dados clim\u00e1ticos<\/strong><\/p>\n<p style=\"text-align: justify\"><strong>Ministrantes:<\/strong> Fabiana Bezerra Mangili e Luiz Fernando Lozove<\/p>\n<p style=\"text-align: justify\">Carga Hor\u00e1ria: 4 horas<\/p>\n<p style=\"text-align: justify\">Data: 02\/08\/2023<\/p>\n<p style=\"text-align: justify\">Hor\u00e1rio: 08:00 \u00e0s 12:00<\/p>\n<p style=\"text-align: justify\">Vagas: 20 <span style=\"color: #000000\">(<em>aumentou 10 vagas<\/em>)<\/span><\/p>\n<p><span style=\"color: #ff0000\"><strong>Obs<\/strong><\/span>: no momento todas as 20 vagas est\u00e3o preenchidas, as inscri\u00e7\u00f5es est\u00e3o dispon\u00edveis somente para fila de espera (<em>a depender da desist\u00eancia de inscritos e\/ou disponibilidade de novas vagas<\/em>).<\/p>\n<p style=\"text-align: justify\"><strong>OBJETIVO:<\/strong> Apresentar as potencialidades da linguagem python com o objetivo de qualificar a an\u00e1lise de dados na \u00e1rea de climatologia geogr\u00e1fica<\/p>\n<p style=\"text-align: justify\"><strong>\u00a0<\/strong><strong>T\u00f3picos\/ferramentas:<\/strong><\/p>\n<ol style=\"text-align: justify\">\n<li>Apresenta\u00e7\u00e3o da linguagem python<\/li>\n<li>Exemplos da utiliza\u00e7\u00e3o da ferramenta para an\u00e1lise de dados clim\u00e1ticos<\/li>\n<li>Demonstra\u00e7\u00e3o aplicada da t\u00e9cnica<\/li>\n<\/ol>\n<p style=\"text-align: justify\"><strong><span style=\"text-decoration: underline\">Observa\u00e7\u00e3o<\/span>: <\/strong><span style=\"text-decoration: underline\">O cursista dever\u00e1 levar seu pr\u00f3prio CELULAR e NOTEBOOK<\/span><\/p>\n<p>&nbsp;<\/p>\n<h1 style=\"text-align: center\"><span style=\"text-decoration: underline\"><strong>Minicurso 5<\/strong><\/span><\/h1>\n<p style=\"text-align: justify\">T\u00edtulo: <strong>MODELAGEM CARTOGR\u00c1FICA APLICADA \u00c0 UM NOVO M\u00c9TODO DE CLASSIFICA\u00c7\u00c3O CLIM\u00c1TICA<\/strong><\/p>\n<p style=\"text-align: justify\"><strong>Ministrantes:<\/strong> Lilian Aline Machado<\/p>\n<p style=\"text-align: justify\">Carga Hor\u00e1ria: 4 horas<\/p>\n<p style=\"text-align: justify\">Data: 02\/08\/2023<\/p>\n<p style=\"text-align: justify\">Hor\u00e1rio: 08:00 \u00e0s 12:00<\/p>\n<p style=\"text-align: justify\">Vagas: 15<\/p>\n<p><span style=\"color: #ff0000\"><strong>Obs<\/strong><\/span>: Vagas Dispon\u00edveis para inscri\u00e7\u00e3o!<\/p>\n<p style=\"text-align: justify\"><strong>Equipamentos necess\u00e1rios<\/strong>: Notebook pessoal portando os softwares ArcGIS ou QGIS (livre) e Dinamica EGO (livre).<\/p>\n<p style=\"text-align: justify\"><strong>OBJETIVOS<\/strong>: Este minicurso tem como objetivo a divulga\u00e7\u00e3o de uma nova metodologia de classifica\u00e7\u00e3o clim\u00e1tica desenvolvida por Novais (2019) e os modelos cartogr\u00e1ficos desenvolvidos para sua aplica\u00e7\u00e3o de maneira automatizada, permitindo a an\u00e1lise de extensas bases de dados em tempo reduzido e a reprodu\u00e7\u00e3o da classifica\u00e7\u00e3o em qualquer recorte espacial do globo.<\/p>\n<p style=\"text-align: justify\"><strong>EMENTA<\/strong>: Este minicurso apresentar\u00e1 a metodologia de classifica\u00e7\u00e3o clim\u00e1tica desenvolvida por Novais (2019), a qual classifica os climas a partir da grande quantidade de dados de rean\u00e1lise dispon\u00edveis gratuitamente, utilizando a modelagem cartogr\u00e1fica para ajustar os limites das suas unidades clim\u00e1ticas, de acordo com a escala do clima adotada para a \u00e1rea de estudo. O minicurso ter\u00e1 o seguinte conte\u00fado program\u00e1tico:<br \/>\n1. Modelagem cartogr\u00e1fica: bases te\u00f3ricas e conceituais<br \/>\n2. Bases de dados meteorol\u00f3gicas matriciais gratuitas<br \/>\n3. Aplica\u00e7\u00f5es do software gratuito Dinamica EGO<br \/>\n4. Bases te\u00f3ricas e metodol\u00f3gicas da classifica\u00e7\u00e3o clim\u00e1tica de Novais (2019)<br \/>\n5. Modelos cartogr\u00e1ficos de automatiza\u00e7\u00e3o da classifica\u00e7\u00e3o: aplica\u00e7\u00e3o pr\u00e1tica<br \/>\nO m\u00e9todo que ser\u00e1 apresentado neste minicurso j\u00e1 foi reproduzido em diferentes recortes espaciais (Novais, 2021; Novais e Machado, 2023; Pimenta e novais, 2021; Pimenta, 2023, Novais e Galvani, 2022), sendo \u00fatil para especializa\u00e7\u00e3o de unidades clim\u00e1ticas. Ademais, os modelos cartogr\u00e1ficos utilizados para automatiza\u00e7\u00e3o da classifica\u00e7\u00e3o s\u00e3o desenvolvidos no software Dinamica EGO produzido pelo Centro de Sensoriamento Remoto da Universidade Federal de Minas Gerais e distribu\u00eddo de maneira gratuita<\/p>\n<pre><strong>Refer\u00eancias Bibliogr\u00e1ficas:<\/strong>\r\nNOVAIS, G.T. Classifica\u00e7\u00e3o Clim\u00e1tica aplicada ao Bioma Cerrado. Tese de doutorado apresentada ao Instituto de Geografia da Universidade Federal de Uberl\u00e2ndia. 2019. https:\/\/dx.doi.org\/10.14393\/ufu.te.2019.2199\r\nNOVAIS, G.T. Mesoclimas do Munic\u00edpio de Prata (MG). Revista Brasileira de Climatologia, Curitiba, v.28, p. 40-59. https: doi.org\/10.5380\/abclima.v28i0.\r\nNovais, G. T., &amp; Galvani, E. . (2022). Uma tipologia de classifica\u00e7\u00e3o clim\u00e1tica aplicada ao estado de S\u00e3o Paulo. Revista Do Departamento De Geografia, 42, e184630. https:\/\/doi.org\/10.11606\/eISSN.2236-2878.rdg.2022.184630\r\nNOVAIS, G. T.; MACHADO, L. A. . Os Climas do Brasil: segundo a classifica\u00e7\u00e3o clim\u00e1tica de Novais. Revista Brasileira de Climatologia, v. 32, p. 1-39, 2023.\r\nPIMENTA, J. S.; NOVAIS G.T . Unidades Clim\u00e1ticas do Munic\u00edpio de Formosa (GO): Climas Zonais, Dom\u00ednios, Subdom\u00ednios, Tipos e Subtipos Clim\u00e1ticos. In: XIV Simp\u00f3sio Brasileiro de Climatologia Geogr\u00e1fica. In: XIV Simp\u00f3sio Brasileiro de Climatologia Geogr\u00e1fica,, 2021, Jo\u00e3o Pessoa.. Trabalhos do Eixo 3: T\u00e9cnicas e Tecnologias aplicadas a Climatologia, 2021. v. v. 1. p. 1228-1242.\r\nPIMENTA, J. S. Classifica\u00e7\u00e3o Clim\u00e1tica de Novais para Minas Gerais: do Clima Zonal ao Tipo Clim\u00e1tico. 2023. Disserta\u00e7\u00e3o (Mestrado em GEOGRAFIA) - Universidade Federal de Vi\u00e7osa.<\/pre>\n<p>&nbsp;<\/p>\n<p style=\"text-align: justify\"><em><strong>Nota<\/strong>: o Minicurso &#8220;AN\u00c1LISE ESPA\u00c7O-TEMPORAL DA PRECIPITA\u00c7\u00c3O: \u00cdNDICES, TEND\u00caNCIAS E ESPACIALIZA\u00c7\u00c3O DOS DADOS PLUVIOM\u00c9TRICOS&#8221;, inicialmente divulgado aqui no site, n\u00e3o ir\u00e1 mais ocorrer durante o XV SBCG.<\/em><\/p>\n","protected":false},"excerpt":{"rendered":"<p>Durante o XV SBCG, ser\u00e3o oferecidos alguns Minicursos para forma\u00e7\u00e3o complementar sobre temas espec\u00edficos da Climatologia Geogr\u00e1fica. Informa\u00e7\u00f5es mais espec\u00edficas sobre os minicursos podem ser&#8230;<\/p>\n<div class=\"more-link-wrapper\"><a class=\"more-link\" href=\"https:\/\/www3.unicentro.br\/sbcg\/minicursos\/\">Read more<span class=\"screen-reader-text\">Minicursos<\/span><\/a><\/div>\n","protected":false},"author":491,"featured_media":0,"parent":0,"menu_order":0,"comment_status":"closed","ping_status":"closed","template":"","meta":{"_exactmetrics_skip_tracking":false,"_exactmetrics_sitenote_active":false,"_exactmetrics_sitenote_note":"","_exactmetrics_sitenote_category":0,"footnotes":"","_links_to":"","_links_to_target":""},"class_list":["post-352","page","type-page","status-publish","hentry","entry"],"_links":{"self":[{"href":"https:\/\/www3.unicentro.br\/sbcg\/wp-json\/wp\/v2\/pages\/352","targetHints":{"allow":["GET"]}}],"collection":[{"href":"https:\/\/www3.unicentro.br\/sbcg\/wp-json\/wp\/v2\/pages"}],"about":[{"href":"https:\/\/www3.unicentro.br\/sbcg\/wp-json\/wp\/v2\/types\/page"}],"author":[{"embeddable":true,"href":"https:\/\/www3.unicentro.br\/sbcg\/wp-json\/wp\/v2\/users\/491"}],"replies":[{"embeddable":true,"href":"https:\/\/www3.unicentro.br\/sbcg\/wp-json\/wp\/v2\/comments?post=352"}],"version-history":[{"count":0,"href":"https:\/\/www3.unicentro.br\/sbcg\/wp-json\/wp\/v2\/pages\/352\/revisions"}],"wp:attachment":[{"href":"https:\/\/www3.unicentro.br\/sbcg\/wp-json\/wp\/v2\/media?parent=352"}],"curies":[{"name":"wp","href":"https:\/\/api.w.org\/{rel}","templated":true}]}}