{"id":276,"date":"2023-03-07T00:36:25","date_gmt":"2023-03-07T03:36:25","guid":{"rendered":"https:\/\/www3.unicentro.br\/sbcg\/?page_id=276"},"modified":"2023-08-01T19:45:03","modified_gmt":"2023-08-01T22:45:03","slug":"anuidade-abclima","status":"publish","type":"page","link":"https:\/\/www3.unicentro.br\/sbcg\/anuidade-abclima\/","title":{"rendered":"Anuidade ABClima"},"content":{"rendered":"<ol>\n<li style=\"text-align: justify\">Para se associar e\/ou regularizar sua situa\u00e7\u00e3o na Associa\u00e7\u00e3o Brasileira de Climatologia &#8211; ABClima, acesse o website oficial ou entre em contato por e-mail com os membros da atual Gest\u00e3o (2021-2023). Segue logo abaixo os endere\u00e7os necess\u00e1rios:<\/li>\n<\/ol>\n<p>E-mail: <span style=\"color: #0000ff\"><a style=\"color: #0000ff\" href=\"mailto:comunicacaoabclima@gmail.com\" target=\"_blank\" rel=\"nofollow noopener noreferrer\">comunicacaoabclima@gmail.com<\/a>\u00a0<\/span><\/p>\n<p style=\"text-align: justify\">Website Oficial: <span style=\"color: #0000ff\"><a style=\"color: #0000ff\" href=\"https:\/\/abclima.net.br\/\">https:\/\/abclima.net.br\/\u00a0<\/a><\/span> (no ar!)<\/p>\n<p>&nbsp;<\/p>\n<p style=\"text-align: center\"><strong><span style=\"text-decoration: underline\">Campanha de regulariza\u00e7\u00e3o das anuidades &#8211; ABClima<\/span><\/strong><\/p>\n<p class=\"yiv5479964442MsoNormal\" style=\"text-align: justify\">Segue logo abaixo os informes para os (as) associados (as) que desejarem realizar o pagamento da anuidade da ABClima do ano de 2023 ou participarem da campanha de regulariza\u00e7\u00e3o das anuidades, bem como informa\u00e7\u00f5es para realizar novas associa\u00e7\u00f5es.<\/p>\n<p class=\"yiv5479964442MsoNormal\" style=\"text-align: justify\">Os valores das anuidades da\u00a0ABClima\u00a0n\u00e3o tiveram reajustes e permaneceram:<\/p>\n<ul style=\"text-align: justify\">\n<li class=\"yiv5479964442MsoNormal\">Profissional: R$ 150,00<\/li>\n<li class=\"yiv5479964442MsoNormal\">P\u00f3s-Graduando: R$ 60,00<\/li>\n<li class=\"yiv5479964442MsoNormal\">Graduando: R$ 30,00<\/li>\n<\/ul>\n<p class=\"yiv5479964442MsoNormal\" style=\"text-align: justify\">A diretoria da associa\u00e7\u00e3o, na gest\u00e3o 2021-2023, decidiu pela perman\u00eancia da campanha de regulariza\u00e7\u00e3o das anuidades dos (as) associados (as) em situa\u00e7\u00e3o de inadimpl\u00eancia em rela\u00e7\u00e3o aos anos anteriores a 2023.<\/p>\n<p class=\"yiv5479964442MsoNormal\" style=\"text-align: justify\">A campanha estabelece o pagamento da \u00faltima anuidade e atual (ano vigente) para regulariza\u00e7\u00e3o da situa\u00e7\u00e3o dos (as) associados (as) perante a\u00a0ABClima, ou seja:<\/p>\n<p class=\"yiv5479964442MsoNormal\" style=\"text-align: justify\"><b>1.<\/b>\u00a0\u00a0\u00a0\u00a0\u00a0\u00a0<b>Quita\u00e7\u00e3o de todos os d\u00e9bitos anteriores do associado inadimplente at\u00e9 o ano vigente, limitado ao valor correspondente a duas anuidades, sendo perdoado o restante da d\u00edvida. Os (as) associados (as) que efetuarem esta quita\u00e7\u00e3o ser\u00e3o considerados (as) plenamente adimplentes com a\u00a0ABClima\u00a0at\u00e9 o respectivo ano vigente.<\/b><\/p>\n<p style=\"text-align: center\"><span style=\"text-decoration: underline\"><strong>Pagamento das Anuidades da ABClima<\/strong><\/span><\/p>\n<p class=\"yiv5479964442MsoNormal\" style=\"text-align: justify\">Banco do Brasil<\/p>\n<p class=\"yiv5479964442MsoNormal\" style=\"text-align: justify\">Ag\u00eancia: 2989-0<\/p>\n<p class=\"yiv5479964442MsoNormal\" style=\"text-align: justify\">Conta poupan\u00e7a: 15201-3<\/p>\n<p class=\"yiv5479964442MsoNormal\" style=\"text-align: justify\">Varia\u00e7\u00e3o: 51<\/p>\n<p class=\"yiv5479964442MsoNormal\" style=\"text-align: justify\">\u00a0ou<\/p>\n<p class=\"yiv5479964442MsoNormal\" style=\"text-align: justify\">PIX:\u00a0<a href=\"mailto:natachaaleixo@ufam.edu.br\" target=\"_blank\" rel=\"nofollow noopener noreferrer\">natachaaleixo@ufam.edu.br<\/a><\/p>\n<p class=\"yiv5479964442MsoNormal\" style=\"text-align: justify\">Natacha C\u00edntia Regina Aleixo<\/p>\n<p>&nbsp;<\/p>\n<p class=\"yiv5479964442MsoNormal\" style=\"text-align: justify\">Pedimos, por gentileza, que ap\u00f3s o pagamento os (as) associados (as) enviem o comprovante para o e-mail ou whatsapp:\u00a0<a href=\"mailto:comunicacaoabclima@gmail.com\" target=\"_blank\" rel=\"nofollow noopener noreferrer\">comunicacaoabclima@gmail.com<\/a> ou whatsapp: 92-981731637.<\/p>\n<p class=\"yiv5479964442MsoNormal\" style=\"text-align: justify\">Lembramos que o XV Simp\u00f3sio Brasileiro de Climatologia Geogr\u00e1fica (SBCG) ocorrer\u00e1 no per\u00edodo de 31 de julho a 5 de agosto na UNICENTRO- Guarapuava\/PR (<a href=\"https:\/\/www3.unicentro.br\/sbcg\/\" target=\"_blank\" rel=\"nofollow noopener noreferrer\">https:\/\/www3.unicentro.br\/sbcg\/<\/a>) e associados (as) adimplentes da ABClima possuem desconto na taxa de inscri\u00e7\u00e3o do evento a qualquer tempo.<\/p>\n<p>&nbsp;<\/p>\n<p class=\"yiv5479964442MsoNormal\" style=\"text-align: right\">Qualquer d\u00favida, entrar em contato com a Diretoria da ABClima (Gest\u00e3o 2021-2023).<\/p>\n<p class=\"yiv5479964442MsoNormal\" style=\"text-align: right\">Aproveitem para regularizar sua situa\u00e7\u00e3o junto a ABClima!<\/p>\n","protected":false},"excerpt":{"rendered":"<p>Para se associar e\/ou regularizar sua situa\u00e7\u00e3o na Associa\u00e7\u00e3o Brasileira de Climatologia &#8211; ABClima, acesse o website oficial ou entre em contato por e-mail com&#8230;<\/p>\n<div class=\"more-link-wrapper\"><a class=\"more-link\" href=\"https:\/\/www3.unicentro.br\/sbcg\/anuidade-abclima\/\">Read more<span class=\"screen-reader-text\">Anuidade ABClima<\/span><\/a><\/div>\n","protected":false},"author":491,"featured_media":0,"parent":0,"menu_order":0,"comment_status":"closed","ping_status":"closed","template":"","meta":{"_exactmetrics_skip_tracking":false,"_exactmetrics_sitenote_active":false,"_exactmetrics_sitenote_note":"","_exactmetrics_sitenote_category":0,"footnotes":"","_links_to":"","_links_to_target":""},"class_list":["post-276","page","type-page","status-publish","hentry","entry"],"_links":{"self":[{"href":"https:\/\/www3.unicentro.br\/sbcg\/wp-json\/wp\/v2\/pages\/276","targetHints":{"allow":["GET"]}}],"collection":[{"href":"https:\/\/www3.unicentro.br\/sbcg\/wp-json\/wp\/v2\/pages"}],"about":[{"href":"https:\/\/www3.unicentro.br\/sbcg\/wp-json\/wp\/v2\/types\/page"}],"author":[{"embeddable":true,"href":"https:\/\/www3.unicentro.br\/sbcg\/wp-json\/wp\/v2\/users\/491"}],"replies":[{"embeddable":true,"href":"https:\/\/www3.unicentro.br\/sbcg\/wp-json\/wp\/v2\/comments?post=276"}],"version-history":[{"count":0,"href":"https:\/\/www3.unicentro.br\/sbcg\/wp-json\/wp\/v2\/pages\/276\/revisions"}],"wp:attachment":[{"href":"https:\/\/www3.unicentro.br\/sbcg\/wp-json\/wp\/v2\/media?parent=276"}],"curies":[{"name":"wp","href":"https:\/\/api.w.org\/{rel}","templated":true}]}}