{"id":226,"date":"2023-02-15T01:29:20","date_gmt":"2023-02-15T04:29:20","guid":{"rendered":"https:\/\/www3.unicentro.br\/sbcg\/?page_id=226"},"modified":"2023-07-28T18:18:43","modified_gmt":"2023-07-28T21:18:43","slug":"homenagens","status":"publish","type":"page","link":"https:\/\/www3.unicentro.br\/sbcg\/homenagens\/","title":{"rendered":"Homenagens"},"content":{"rendered":"<p style=\"text-align: justify\">A\u00a0<strong>Sess\u00e3o de Homenagens<\/strong> do <strong>XV SBCG<\/strong> ocorrer\u00e1 no dia <strong>03 de agosto de 2023<\/strong>, quinta-feira, no per\u00edodo da tarde. N\u00e3o deixe de conferir nossa singela homenagem, com todo o carinho e admira\u00e7\u00e3o, \u00e0 importantes nomes da Climatologia Geogr\u00e1fica Brasileira!<\/p>\n<p style=\"text-align: justify\">Segue logo abaixo os Cartazes de divulga\u00e7\u00e3o e os nomes escolhidos para esta homenagem mais que merecida:<\/p>\n<div class=\"wp-block-image\"><img loading=\"lazy\" decoding=\"async\" class=\"alignnone size-full wp-image-478 aligncenter\" src=\"https:\/\/www3.unicentro.br\/sbcg\/wp-content\/uploads\/sites\/135\/2023\/07\/H_1.jpg\" alt=\"\" width=\"1080\" height=\"1080\" srcset=\"https:\/\/www3.unicentro.br\/sbcg\/wp-content\/uploads\/sites\/135\/2023\/07\/H_1.jpg 1080w, https:\/\/www3.unicentro.br\/sbcg\/wp-content\/uploads\/sites\/135\/2023\/07\/H_1-768x768.jpg 768w\" sizes=\"auto, (max-width: 1080px) 100vw, 1080px\" \/><\/div>\n<div class=\"wp-block-image\"><img loading=\"lazy\" decoding=\"async\" class=\"alignnone size-full wp-image-479 aligncenter\" src=\"https:\/\/www3.unicentro.br\/sbcg\/wp-content\/uploads\/sites\/135\/2023\/07\/H_2.jpg\" alt=\"\" width=\"1080\" height=\"1080\" srcset=\"https:\/\/www3.unicentro.br\/sbcg\/wp-content\/uploads\/sites\/135\/2023\/07\/H_2.jpg 1080w, https:\/\/www3.unicentro.br\/sbcg\/wp-content\/uploads\/sites\/135\/2023\/07\/H_2-768x768.jpg 768w\" sizes=\"auto, (max-width: 1080px) 100vw, 1080px\" \/><\/div>\n<div>\n<div class=\"wp-block-image\"><img loading=\"lazy\" decoding=\"async\" class=\"alignnone size-full wp-image-480 aligncenter\" src=\"https:\/\/www3.unicentro.br\/sbcg\/wp-content\/uploads\/sites\/135\/2023\/07\/H_3.jpg\" alt=\"\" width=\"1080\" height=\"1080\" srcset=\"https:\/\/www3.unicentro.br\/sbcg\/wp-content\/uploads\/sites\/135\/2023\/07\/H_3.jpg 1080w, https:\/\/www3.unicentro.br\/sbcg\/wp-content\/uploads\/sites\/135\/2023\/07\/H_3-768x768.jpg 768w\" sizes=\"auto, (max-width: 1080px) 100vw, 1080px\" \/><\/div>\n<div>\n<div class=\"wp-block-image\"><img loading=\"lazy\" decoding=\"async\" class=\"size-full wp-image-481 aligncenter\" src=\"https:\/\/www3.unicentro.br\/sbcg\/wp-content\/uploads\/sites\/135\/2023\/07\/H_4.jpg\" alt=\"\" width=\"1080\" height=\"1080\" srcset=\"https:\/\/www3.unicentro.br\/sbcg\/wp-content\/uploads\/sites\/135\/2023\/07\/H_4.jpg 1080w, https:\/\/www3.unicentro.br\/sbcg\/wp-content\/uploads\/sites\/135\/2023\/07\/H_4-768x768.jpg 768w\" sizes=\"auto, (max-width: 1080px) 100vw, 1080px\" \/><\/div>\n<\/div>\n<\/div>\n","protected":false},"excerpt":{"rendered":"<p>A\u00a0Sess\u00e3o de Homenagens do XV SBCG ocorrer\u00e1 no dia 03 de agosto de 2023, quinta-feira, no per\u00edodo da tarde. N\u00e3o deixe de conferir nossa singela&#8230;<\/p>\n<div class=\"more-link-wrapper\"><a class=\"more-link\" href=\"https:\/\/www3.unicentro.br\/sbcg\/homenagens\/\">Read more<span class=\"screen-reader-text\">Homenagens<\/span><\/a><\/div>\n","protected":false},"author":491,"featured_media":0,"parent":0,"menu_order":0,"comment_status":"closed","ping_status":"closed","template":"","meta":{"_exactmetrics_skip_tracking":false,"_exactmetrics_sitenote_active":false,"_exactmetrics_sitenote_note":"","_exactmetrics_sitenote_category":0,"footnotes":"","_links_to":"","_links_to_target":""},"class_list":["post-226","page","type-page","status-publish","hentry","entry"],"_links":{"self":[{"href":"https:\/\/www3.unicentro.br\/sbcg\/wp-json\/wp\/v2\/pages\/226","targetHints":{"allow":["GET"]}}],"collection":[{"href":"https:\/\/www3.unicentro.br\/sbcg\/wp-json\/wp\/v2\/pages"}],"about":[{"href":"https:\/\/www3.unicentro.br\/sbcg\/wp-json\/wp\/v2\/types\/page"}],"author":[{"embeddable":true,"href":"https:\/\/www3.unicentro.br\/sbcg\/wp-json\/wp\/v2\/users\/491"}],"replies":[{"embeddable":true,"href":"https:\/\/www3.unicentro.br\/sbcg\/wp-json\/wp\/v2\/comments?post=226"}],"version-history":[{"count":0,"href":"https:\/\/www3.unicentro.br\/sbcg\/wp-json\/wp\/v2\/pages\/226\/revisions"}],"wp:attachment":[{"href":"https:\/\/www3.unicentro.br\/sbcg\/wp-json\/wp\/v2\/media?parent=226"}],"curies":[{"name":"wp","href":"https:\/\/api.w.org\/{rel}","templated":true}]}}