{"id":224,"date":"2023-02-15T01:28:20","date_gmt":"2023-02-15T04:28:20","guid":{"rendered":"https:\/\/www3.unicentro.br\/sbcg\/?page_id=224"},"modified":"2023-07-30T19:11:28","modified_gmt":"2023-07-30T22:11:28","slug":"lancamento-de-livros","status":"publish","type":"page","link":"https:\/\/www3.unicentro.br\/sbcg\/lancamento-de-livros\/","title":{"rendered":"Lan\u00e7amento de Livros"},"content":{"rendered":"<p style=\"text-align: justify\">\u00c9 com muita felicidade que viemos anunciar os livros a serem lan\u00e7ados no XV SBCG!<\/p>\n<p style=\"text-align: justify\">A sess\u00e3o de Lan\u00e7amento de Livros e Exposi\u00e7\u00e3o de materiais acad\u00eamicos, t\u00e9cnicos e comunit\u00e1rios ocorrer\u00e1 no dia <strong>01 de agosto de 2023 <\/strong>(ter\u00e7a-feira), a partir das 18 horas, no campus CEDETEG &#8211; UNICENTRO.<\/p>\n<p style=\"text-align: justify\">No local acontecer\u00e1 o lan\u00e7amento com sess\u00e3o de aut\u00f3grafos dos respectivos autores, venha prestigiar!<\/p>\n<div class=\"wp-block-image\"><\/div>\n<div style=\"text-align: center\">\n<div class=\"wp-block-image\">\n<div class=\"wp-block-image\">\n<div class=\"wp-block-image\"><img loading=\"lazy\" decoding=\"async\" class=\"aligncenter wp-image-510 size-full\" src=\"https:\/\/www3.unicentro.br\/sbcg\/wp-content\/uploads\/sites\/135\/2023\/07\/Livros_1.jpg\" alt=\"\" width=\"1080\" height=\"1080\" srcset=\"https:\/\/www3.unicentro.br\/sbcg\/wp-content\/uploads\/sites\/135\/2023\/07\/Livros_1.jpg 1080w, https:\/\/www3.unicentro.br\/sbcg\/wp-content\/uploads\/sites\/135\/2023\/07\/Livros_1-768x768.jpg 768w\" sizes=\"auto, (max-width: 1080px) 100vw, 1080px\" \/><\/div>\n<p><img loading=\"lazy\" decoding=\"async\" class=\"aligncenter wp-image-512 size-full\" src=\"https:\/\/www3.unicentro.br\/sbcg\/wp-content\/uploads\/sites\/135\/2023\/07\/Livros_2-1.jpg\" alt=\"\" width=\"1080\" height=\"1080\" srcset=\"https:\/\/www3.unicentro.br\/sbcg\/wp-content\/uploads\/sites\/135\/2023\/07\/Livros_2-1.jpg 1080w, https:\/\/www3.unicentro.br\/sbcg\/wp-content\/uploads\/sites\/135\/2023\/07\/Livros_2-1-768x768.jpg 768w\" sizes=\"auto, (max-width: 1080px) 100vw, 1080px\" \/><\/p>\n<\/div>\n<p><img loading=\"lazy\" decoding=\"async\" class=\"aligncenter wp-image-513 size-full\" src=\"https:\/\/www3.unicentro.br\/sbcg\/wp-content\/uploads\/sites\/135\/2023\/07\/Livros_3.jpg\" alt=\"\" width=\"1080\" height=\"1080\" srcset=\"https:\/\/www3.unicentro.br\/sbcg\/wp-content\/uploads\/sites\/135\/2023\/07\/Livros_3.jpg 1080w, https:\/\/www3.unicentro.br\/sbcg\/wp-content\/uploads\/sites\/135\/2023\/07\/Livros_3-768x768.jpg 768w\" sizes=\"auto, (max-width: 1080px) 100vw, 1080px\" \/><\/p>\n<\/div>\n<\/div>\n<div style=\"text-align: center\">\n<div class=\"wp-block-image\"><img loading=\"lazy\" decoding=\"async\" class=\"aligncenter wp-image-514 size-full\" src=\"https:\/\/www3.unicentro.br\/sbcg\/wp-content\/uploads\/sites\/135\/2023\/07\/Livros_4.jpg\" alt=\"\" width=\"1080\" height=\"1080\" srcset=\"https:\/\/www3.unicentro.br\/sbcg\/wp-content\/uploads\/sites\/135\/2023\/07\/Livros_4.jpg 1080w, https:\/\/www3.unicentro.br\/sbcg\/wp-content\/uploads\/sites\/135\/2023\/07\/Livros_4-768x768.jpg 768w\" sizes=\"auto, (max-width: 1080px) 100vw, 1080px\" \/><\/div>\n<\/div>\n<div style=\"text-align: center\">\n<div class=\"wp-block-image\"><img loading=\"lazy\" decoding=\"async\" class=\"aligncenter wp-image-515 size-full\" src=\"https:\/\/www3.unicentro.br\/sbcg\/wp-content\/uploads\/sites\/135\/2023\/07\/Livros_5.jpg\" alt=\"\" width=\"1080\" height=\"1080\" srcset=\"https:\/\/www3.unicentro.br\/sbcg\/wp-content\/uploads\/sites\/135\/2023\/07\/Livros_5.jpg 1080w, https:\/\/www3.unicentro.br\/sbcg\/wp-content\/uploads\/sites\/135\/2023\/07\/Livros_5-768x768.jpg 768w\" sizes=\"auto, (max-width: 1080px) 100vw, 1080px\" \/><\/div>\n<\/div>\n<div>\n<div class=\"wp-block-image\"><img loading=\"lazy\" decoding=\"async\" class=\"aligncenter wp-image-516 size-full\" src=\"https:\/\/www3.unicentro.br\/sbcg\/wp-content\/uploads\/sites\/135\/2023\/07\/Livros_6.jpg\" alt=\"\" width=\"1080\" height=\"1080\" srcset=\"https:\/\/www3.unicentro.br\/sbcg\/wp-content\/uploads\/sites\/135\/2023\/07\/Livros_6.jpg 1080w, https:\/\/www3.unicentro.br\/sbcg\/wp-content\/uploads\/sites\/135\/2023\/07\/Livros_6-768x768.jpg 768w\" sizes=\"auto, (max-width: 1080px) 100vw, 1080px\" \/><\/div>\n<\/div>\n<div><\/div>\n<blockquote>\n<p style=\"text-align: justify\">As inscri\u00e7\u00f5es para o Lan\u00e7amento de Livros durante o XV SBCG ocorreram pelo e-mail do evento, que deveria as informa\u00e7\u00f5es gerais do(s) livro(s) e do(s) autor(es) (<a href=\"mailto:xvsbcg@gmail.com\">xvsbcg@gmail.com<\/a>). Caso queira relatar algum problema ou tenha alguma d\u00favida e\/ou demanda, entre em contato imediatamente com a Comiss\u00e3o Organizadora!<\/p>\n<\/blockquote>\n","protected":false},"excerpt":{"rendered":"<p>\u00c9 com muita felicidade que viemos anunciar os livros a serem lan\u00e7ados no XV SBCG! A sess\u00e3o de Lan\u00e7amento de Livros e Exposi\u00e7\u00e3o de materiais&#8230;<\/p>\n<div class=\"more-link-wrapper\"><a class=\"more-link\" href=\"https:\/\/www3.unicentro.br\/sbcg\/lancamento-de-livros\/\">Read more<span class=\"screen-reader-text\">Lan\u00e7amento de Livros<\/span><\/a><\/div>\n","protected":false},"author":491,"featured_media":0,"parent":0,"menu_order":0,"comment_status":"closed","ping_status":"closed","template":"","meta":{"_exactmetrics_skip_tracking":false,"_exactmetrics_sitenote_active":false,"_exactmetrics_sitenote_note":"","_exactmetrics_sitenote_category":0,"footnotes":"","_links_to":"","_links_to_target":""},"class_list":["post-224","page","type-page","status-publish","hentry","entry"],"_links":{"self":[{"href":"https:\/\/www3.unicentro.br\/sbcg\/wp-json\/wp\/v2\/pages\/224","targetHints":{"allow":["GET"]}}],"collection":[{"href":"https:\/\/www3.unicentro.br\/sbcg\/wp-json\/wp\/v2\/pages"}],"about":[{"href":"https:\/\/www3.unicentro.br\/sbcg\/wp-json\/wp\/v2\/types\/page"}],"author":[{"embeddable":true,"href":"https:\/\/www3.unicentro.br\/sbcg\/wp-json\/wp\/v2\/users\/491"}],"replies":[{"embeddable":true,"href":"https:\/\/www3.unicentro.br\/sbcg\/wp-json\/wp\/v2\/comments?post=224"}],"version-history":[{"count":0,"href":"https:\/\/www3.unicentro.br\/sbcg\/wp-json\/wp\/v2\/pages\/224\/revisions"}],"wp:attachment":[{"href":"https:\/\/www3.unicentro.br\/sbcg\/wp-json\/wp\/v2\/media?parent=224"}],"curies":[{"name":"wp","href":"https:\/\/api.w.org\/{rel}","templated":true}]}}