{"id":222,"date":"2023-02-15T01:27:51","date_gmt":"2023-02-15T04:27:51","guid":{"rendered":"https:\/\/www3.unicentro.br\/sbcg\/?page_id=222"},"modified":"2023-07-30T15:43:15","modified_gmt":"2023-07-30T18:43:15","slug":"restaurantes","status":"publish","type":"page","link":"https:\/\/www3.unicentro.br\/sbcg\/restaurantes\/","title":{"rendered":"Restaurantes"},"content":{"rendered":"<p><img loading=\"lazy\" decoding=\"async\" class=\"size-full wp-image-503 aligncenter\" src=\"https:\/\/www3.unicentro.br\/sbcg\/wp-content\/uploads\/sites\/135\/2023\/07\/364668044_261729866614748_4801877661094037847_n.jpg\" alt=\"\" width=\"675\" height=\"1200\" \/><\/p>\n<p style=\"text-align: center\"><span style=\"font-size: 8pt\">Sugest\u00f5es de Restaurantes<\/span><\/p>\n<p>&nbsp;<\/p>\n<p style=\"text-align: right\">Em constru\u00e7\u00e3o. Mais informa\u00e7\u00f5es ser\u00e3o divulgadas em breve.<\/p>\n","protected":false},"excerpt":{"rendered":"<p>Sugest\u00f5es de Restaurantes &nbsp; Em constru\u00e7\u00e3o. Mais informa\u00e7\u00f5es ser\u00e3o divulgadas em breve.<\/p>\n","protected":false},"author":491,"featured_media":0,"parent":0,"menu_order":0,"comment_status":"closed","ping_status":"closed","template":"","meta":{"_exactmetrics_skip_tracking":false,"_exactmetrics_sitenote_active":false,"_exactmetrics_sitenote_note":"","_exactmetrics_sitenote_category":0,"footnotes":"","_links_to":"","_links_to_target":""},"class_list":["post-222","page","type-page","status-publish","hentry","entry"],"_links":{"self":[{"href":"https:\/\/www3.unicentro.br\/sbcg\/wp-json\/wp\/v2\/pages\/222","targetHints":{"allow":["GET"]}}],"collection":[{"href":"https:\/\/www3.unicentro.br\/sbcg\/wp-json\/wp\/v2\/pages"}],"about":[{"href":"https:\/\/www3.unicentro.br\/sbcg\/wp-json\/wp\/v2\/types\/page"}],"author":[{"embeddable":true,"href":"https:\/\/www3.unicentro.br\/sbcg\/wp-json\/wp\/v2\/users\/491"}],"replies":[{"embeddable":true,"href":"https:\/\/www3.unicentro.br\/sbcg\/wp-json\/wp\/v2\/comments?post=222"}],"version-history":[{"count":0,"href":"https:\/\/www3.unicentro.br\/sbcg\/wp-json\/wp\/v2\/pages\/222\/revisions"}],"wp:attachment":[{"href":"https:\/\/www3.unicentro.br\/sbcg\/wp-json\/wp\/v2\/media?parent=222"}],"curies":[{"name":"wp","href":"https:\/\/api.w.org\/{rel}","templated":true}]}}