{"id":22,"date":"2022-02-10T15:05:25","date_gmt":"2022-02-10T18:05:25","guid":{"rendered":"https:\/\/www3.unicentro.br\/sbcg\/?page_id=22"},"modified":"2023-04-30T21:34:29","modified_gmt":"2023-05-01T00:34:29","slug":"submissao-de-trabalhos","status":"publish","type":"page","link":"https:\/\/www3.unicentro.br\/sbcg\/submissao-de-trabalhos\/","title":{"rendered":"Submiss\u00e3o de Trabalhos"},"content":{"rendered":"<p style=\"text-align: justify\">A submiss\u00e3o de trabalhos para o <strong>XV SBCG<\/strong> encontra-se <strong>aberta<\/strong> at\u00e9 o dia <del>28 de fevereiro<\/del>\u00a0<strong>10 de abril de 2023 <\/strong>(<em>prazo encerrado!<\/em>)<strong>. <\/strong>Para elaborar os trabalhos, voc\u00ea poder\u00e1 conferir antes as <a href=\"https:\/\/docs.ufpr.br\/~pedrofontao\/2022_-_Eventos\/normas_submissao%20trabalhos%20Final%20XVSBCG.pdf\"><span style=\"color: #0000ff\">Normas de Trabalho<\/span><\/a> e o <a href=\"https:\/\/docs.ufpr.br\/~pedrofontao\/2022_-_Eventos\/Template-trabalho%20Final%20XV%20SBCG.docx\"><span style=\"color: #0000ff\">Template<\/span><\/a> oficial do evento.<\/p>\n<p style=\"text-align: justify\">A submiss\u00e3o dos trabalhos est\u00e1 sendo realizada atrav\u00e9s da Plataforma do Sistema de Gest\u00e3o de Eventos (<span style=\"color: #0000ff\"><a style=\"color: #0000ff\" href=\"https:\/\/evento.unicentro.br\/\">SGE<\/a><\/span>) da UNICENTRO:<\/p>\n<div class=\"wp-block-image\"><a href=\"https:\/\/evento.unicentro.br\/\" target=\"_blank\" rel=\"noopener\"><img loading=\"lazy\" decoding=\"async\" class=\"aligncenter wp-image-198 size-full\" src=\"https:\/\/www3.unicentro.br\/sbcg\/wp-content\/uploads\/sites\/135\/2023\/02\/SGE.png\" alt=\"\" width=\"1242\" height=\"181\" srcset=\"https:\/\/www3.unicentro.br\/sbcg\/wp-content\/uploads\/sites\/135\/2023\/02\/SGE.png 1242w, https:\/\/www3.unicentro.br\/sbcg\/wp-content\/uploads\/sites\/135\/2023\/02\/SGE-768x112.png 768w\" sizes=\"auto, (max-width: 1242px) 100vw, 1242px\" \/><\/a><\/div>\n<p>&nbsp;<\/p>\n<p>Para Submeter seu trabalho para o evento, siga as instru\u00e7\u00f5es a seguir:<\/p>\n<p style=\"text-align: center\"><strong><span style=\"text-decoration: underline\">Realizar o cadastro na plataform<\/span><span style=\"text-decoration: underline\">a <\/span><span style=\"text-decoration: underline\"><span style=\"text-decoration: underline\"><a style=\"text-decoration: underline\" href=\"https:\/\/evento.unicentro.br\/\">SGE<\/a><\/span><\/span>:<\/strong><\/p>\n<ol>\n<li style=\"text-align: justify\">O primeiro passo \u00e9 realizar o seu cadastro e inscri\u00e7\u00e3o no evento, acessando o Sistema SGE atrav\u00e9s do Link da plataforma a seguir: <span style=\"color: #0000ff\"><a style=\"color: #0000ff\" href=\"https:\/\/evento.unicentro.br\/\" target=\"_blank\" rel=\"noopener\">https:\/\/evento.unicentro.br\/<\/a><\/span><\/li>\n<li style=\"text-align: justify\">Caso ainda n\u00e3o tenha um Login, clique em &#8220;Quero me cadastrar!&#8221;. Voc\u00ea ser\u00e1 direcionado a uma p\u00e1gina de cadastro. Preencha os dados solicitados, clique em &#8220;Pr\u00f3ximo&#8221; ao preencher as p\u00e1ginas de Informa\u00e7\u00f5es e Endere\u00e7o, e finalize clicando em &#8220;Enviar&#8221; logo ap\u00f3s escolher a sua senha de acesso.<\/li>\n<li>Acesse a plataforma de eventos da Unicentro!<\/li>\n<\/ol>\n<blockquote>\n<h6 style=\"text-align: justify\"><em><strong>Obs<\/strong>: o pagamento das inscri\u00e7\u00f5es n\u00e3o ser\u00e1 realizado pela plataforma SGE. Por favor, ignorar o item &#8220;Gerar Boleto&#8221;, pois n\u00e3o ser\u00e1 autorizado o pagamento por l\u00e1. Para pagar as inscri\u00e7\u00f5es com desconto, acesso o menu <span style=\"color: #0000ff\"><a style=\"color: #0000ff\" href=\"https:\/\/www3.unicentro.br\/sbcg\/inscricoes\/\">Inscri\u00e7\u00f5es<\/a><\/span>.<\/em><\/h6>\n<\/blockquote>\n<p>&nbsp;<\/p>\n<p style=\"text-align: center\"><strong>Submeter seu(s) trabalho(s) ao XV SBCG:<\/strong><\/p>\n<ol>\n<li style=\"text-align: justify\">Para elaborar o seu Artigo, acesse as <a href=\"https:\/\/docs.ufpr.br\/~pedrofontao\/2022_-_Eventos\/normas_submissao%20trabalhos%20Final%20XVSBCG.pdf\"><span style=\"color: #0000ff\">Normas de Trabalho<\/span><\/a> e o <a href=\"https:\/\/docs.ufpr.br\/~pedrofontao\/2022_-_Eventos\/Template-trabalho%20Final%20XV%20SBCG.docx\"><span style=\"color: #0000ff\">Template<\/span><\/a> oficial do evento e confira as regras e as instru\u00e7\u00f5es gerais do evento. \u00c9 importante destacar que cada autor inscrito poder\u00e1 submeter no m\u00e1ximo 2 contribui\u00e7\u00f5es como autor principal e 4 como co-autor.<\/li>\n<li style=\"text-align: justify\">Ap\u00f3s a elabora\u00e7\u00e3o do seu Artigo seguindo as normas, acesse a plataforma SGE pelo site: <span style=\"color: #0000ff\"><a style=\"color: #0000ff\" href=\"https:\/\/evento.unicentro.br\/site\/xvsbcg\/2023\" target=\"_blank\" rel=\"noopener\">https:\/\/evento.unicentro.br\/site\/xvsbcg\/2023<\/a><\/span> (<em>ou fa\u00e7a seu Login e procure o XV SBCG diretamente na Lista de Eventos do sistema<\/em>).<\/li>\n<li style=\"text-align: justify\">Caso n\u00e3o tenha feito a inscri\u00e7\u00e3o, Clique em &#8220;Inscreva-se&#8221; no evento. Selecione sua Institui\u00e7\u00e3o (<em>ex: sua Universidade<\/em>) e sua Categoria (<em>Estudante de Gradua\u00e7\u00e3o, Estudante de P\u00f3s-Gradua\u00e7\u00e3o \/ Professor do Ensino B\u00e1sico ou Profissional T\u00e9cnico \/ Docente de n\u00edvel superior<\/em>). Selecione o Local de Participa\u00e7\u00e3o (<em>Guarapuava-PR<\/em>). Por fim, clique em &#8220;Confirmar Inscri\u00e7\u00e3o&#8221;.<\/li>\n<li style=\"text-align: justify\">No item A\u00e7\u00f5es de Participantes, clicar em &#8220;Submiss\u00f5es&#8221; (<em>cor verde<\/em>).<\/li>\n<li style=\"text-align: justify\">Clique no bot\u00e3o &#8220;+ Nova submiss\u00e3o&#8221; (<em>cor verde<\/em>).<\/li>\n<li style=\"text-align: justify\">Preencha as informa\u00e7\u00f5es solicitadas, selecionando o item &#8220;Submiss\u00e3o de Trabalhos&#8221;, a \u00e1rea tem\u00e1tica que deseja enviar (<em>Clique aqui para conferir os 5 Eixos Tem\u00e1ticos<\/em>). Informe o T\u00edtulo do Artigo, o Resumo e as Palavras-chave. Os co-autores dever\u00e3o realizar um cadastro pr\u00e9vio na plataforma SGE, para incluir o(s) nome(s).<\/li>\n<li style=\"text-align: justify\">Em &#8220;Arquivo&#8221;, clique em Escolher Arquivo e selecione o seu trabalho no formato PDF. Em &#8220;Anexo&#8221;, clique em Escolher Arquivo e selecione o seu trabalho em formato DOCX (<em>mesmo formato do Template<\/em>), compactado em formato .ZIP ou .RAR.<\/li>\n<li style=\"text-align: justify\">Finalize sua submiss\u00e3o clicando em Salvar (<em>bot\u00e3o verde, na parte superior da tela<\/em>).<\/li>\n<li style=\"text-align: justify\">Clique &#8220;<strong>OK<\/strong>&#8221; para Confirmar a submiss\u00e3o.<\/li>\n<li style=\"text-align: justify\">Ao finalizar o envio, aparecer\u00e1 a mensagem &#8220;Seu trabalho foi submetido com sucesso&#8221;. Confirme se est\u00e1 tudo correto no sistema. Caso queira enviar outro trabalho, realize novamente os procedimentos.<\/li>\n<\/ol>\n<p>&nbsp;<\/p>\n<p style=\"text-align: center\"><span style=\"text-decoration: underline\"><strong>Perguntas Frequentes e Respostas<\/strong><\/span>:<\/p>\n<ol>\n<li style=\"text-align: justify\">N\u00e3o estou conseguindo incluir o nome do(s) co-autor(es) do meu artigo, pois o sistema n\u00e3o est\u00e1 encontrando. O que devo fazer?<\/li>\n<\/ol>\n<blockquote><p><em>Todos os co-autores dever\u00e3o se cadastrar no sistema <span style=\"color: #0000ff\"><a style=\"color: #0000ff\" href=\"https:\/\/evento.unicentro.br\/\">SGE<\/a><\/span> (Sistema Gerenciador de Eventos da UNICENTRO). Assim que o(s) co-autor(es) criar(em) sua conta\/login no sistema, voc\u00ea conseguir\u00e1 inclu\u00ed-lo(s) utilizando o nome completo.<\/em><\/p><\/blockquote>\n<p style=\"text-align: justify\">\u00a02. Todos os co-autores do meu artigo dever\u00e3o realizar o pagamento da inscri\u00e7\u00e3o no evento?<\/p>\n<blockquote>\n<p style=\"text-align: justify\"><em>Para apresenta\u00e7\u00e3o, publica\u00e7\u00e3o do trabalho nos anais do evento e\/ou para indica\u00e7\u00e3o a pr\u00eamios\/revistas, pelo menos um dos autores dever\u00e1 ter pago sua inscri\u00e7\u00e3o no evento. No entanto, recomendamos fortemente que todos os autores realizem suas inscri\u00e7\u00f5es e participem ativamente do XV SBCG &#8211; Guarapuava 2023!<\/em><\/p>\n<\/blockquote>\n<p style=\"text-align: justify\">3. N\u00e3o consigo anexar meu arquivo .doc ao submeter o meu trabalho no sistema SGE. Como devo proceder?<\/p>\n<blockquote>\n<p style=\"text-align: justify\">O arquivo-base enviado ser\u00e1 no formato .pdf, mas solicitamos tamb\u00e9m o envio do mesmo trabalho no formato .doc\/.docx em Anexo. Por\u00e9m, infelizmente o SGE n\u00e3o aceita anexar este formato, ent\u00e3o pedimos que o(s) autor(es) comprimam o arquivo em formato .zip ou .rar. Caso tenha d\u00favida em como compactar arquivos, clique <a href=\"https:\/\/www.youtube.com\/watch?v=Ra0ExtCShRM\"><span style=\"color: #0000ff\">AQUI<\/span><\/a> (<em>e assista este v\u00eddeo<\/em>) ou <a href=\"http:\/\/www.creapa.com.br\/site2\/images\/files\/Como%20compactar%20arquivos%20no%20winrar.pdf\"><span style=\"color: #0000ff\">AQUI<\/span><\/a> (<em>para acessar um tutorial sobre o assunto<\/em>).<\/p>\n<\/blockquote>\n<p>4. Recebi um e-mail que meu trabalho foi <strong>Aprovado com sugest\u00f5es de altera\u00e7\u00e3o<\/strong>. Como devo realizar as altera\u00e7\u00f5es, e at\u00e9 quando devo enviar a nova vers\u00e3o com as corre\u00e7\u00f5es?<\/p>\n<blockquote><p>O processo de avalia\u00e7\u00e3o dos trabalhos \u00e9 feito de forma an\u00f4nima aos autores por pesquisadores designados pela Comiss\u00e3o Cient\u00edfica, que podem sugerir corre\u00e7\u00f5es ou pequenas altera\u00e7\u00f5es nos trabalhos, visando aprimor\u00e1-los para a vers\u00e3o final que ser\u00e1 publicada nos Anais do XV SBCG. Os autores dever\u00e3o seguir as sugest\u00f5es feitas pelos avaliadores, e submeter uma nova vers\u00e3o pelo pr\u00f3prio sistema SGE. O sistema ficar\u00e1 aberto para receber a altera\u00e7\u00e3o nos arquivos submetidos at\u00e9 o dia 31 de maio de 2023.<\/p><\/blockquote>\n<p style=\"text-align: right\">Qualquer d\u00favida, entrar em <span style=\"color: #0000ff\"><a style=\"color: #0000ff\" href=\"https:\/\/www3.unicentro.br\/sbcg\/contato\/\">contato<\/a><\/span> com a organiza\u00e7\u00e3o do XV SBCG atrav\u00e9s do e-mail. Mais informa\u00e7\u00f5es ser\u00e3o divulgadas em breve.<\/p>\n","protected":false},"excerpt":{"rendered":"<p>A submiss\u00e3o de trabalhos para o XV SBCG encontra-se aberta at\u00e9 o dia 28 de fevereiro\u00a010 de abril de 2023 (prazo encerrado!). Para elaborar os&#8230;<\/p>\n<div class=\"more-link-wrapper\"><a class=\"more-link\" href=\"https:\/\/www3.unicentro.br\/sbcg\/submissao-de-trabalhos\/\">Read more<span class=\"screen-reader-text\">Submiss\u00e3o de Trabalhos<\/span><\/a><\/div>\n","protected":false},"author":3,"featured_media":0,"parent":0,"menu_order":0,"comment_status":"closed","ping_status":"closed","template":"","meta":{"_exactmetrics_skip_tracking":false,"_exactmetrics_sitenote_active":false,"_exactmetrics_sitenote_note":"","_exactmetrics_sitenote_category":0,"footnotes":"","_links_to":"","_links_to_target":""},"class_list":["post-22","page","type-page","status-publish","hentry","entry"],"_links":{"self":[{"href":"https:\/\/www3.unicentro.br\/sbcg\/wp-json\/wp\/v2\/pages\/22","targetHints":{"allow":["GET"]}}],"collection":[{"href":"https:\/\/www3.unicentro.br\/sbcg\/wp-json\/wp\/v2\/pages"}],"about":[{"href":"https:\/\/www3.unicentro.br\/sbcg\/wp-json\/wp\/v2\/types\/page"}],"author":[{"embeddable":true,"href":"https:\/\/www3.unicentro.br\/sbcg\/wp-json\/wp\/v2\/users\/3"}],"replies":[{"embeddable":true,"href":"https:\/\/www3.unicentro.br\/sbcg\/wp-json\/wp\/v2\/comments?post=22"}],"version-history":[{"count":0,"href":"https:\/\/www3.unicentro.br\/sbcg\/wp-json\/wp\/v2\/pages\/22\/revisions"}],"wp:attachment":[{"href":"https:\/\/www3.unicentro.br\/sbcg\/wp-json\/wp\/v2\/media?parent=22"}],"curies":[{"name":"wp","href":"https:\/\/api.w.org\/{rel}","templated":true}]}}