{"id":20,"date":"2022-02-10T15:04:27","date_gmt":"2022-02-10T18:04:27","guid":{"rendered":"https:\/\/www3.unicentro.br\/sbcg\/?page_id=20"},"modified":"2023-06-26T17:44:48","modified_gmt":"2023-06-26T20:44:48","slug":"inscricoes","status":"publish","type":"page","link":"https:\/\/www3.unicentro.br\/sbcg\/inscricoes\/","title":{"rendered":"Inscri\u00e7\u00f5es"},"content":{"rendered":"<p style=\"text-align: justify\">As inscri\u00e7\u00f5es no <strong>XV SBCG<\/strong> est\u00e3o abertas e ser\u00e3o feitas atrav\u00e9s da Plataforma do Sistema de Gest\u00e3o de Eventos (<span style=\"color: #0000ff\"><a style=\"color: #0000ff\" href=\"https:\/\/evento.unicentro.br\/\">SGE<\/a><\/span>) da UNICENTRO, plataforma de envio de trabalhos. No entanto, para <strong>confirmar a Inscri\u00e7\u00e3o <\/strong>no evento, ser\u00e1 necess\u00e1rio realizar o pagamento por Dep\u00f3sito Banc\u00e1rio ou PIX. Ressaltamos que o procedimento para o pagamento ser\u00e3o feitos conforme o descrito aqui no site, e n\u00e3o ser\u00e3o v\u00e1lidos pelo Sistema <span style=\"color: #0000ff\"><a style=\"color: #0000ff\" href=\"https:\/\/evento.unicentro.br\/\">SGE<\/a><\/span>*.<\/p>\n<blockquote>\n<h6>*Por favor, desconsidere a a\u00e7\u00e3o &#8220;Boletos e guias de pagamento&#8221; do sistema, pois n\u00e3o est\u00e1 autorizada a gerar o boleto<\/h6>\n<\/blockquote>\n<p>Segue logo abaixo as instru\u00e7\u00f5es para realizar o <strong>Pagamento<\/strong> <strong>das Inscri\u00e7\u00f5es no XV SBCG<\/strong>:<\/p>\n<p>&nbsp;<\/p>\n<p style=\"text-align: center\"><span style=\"text-decoration: underline\"><strong>Pagamento das Inscri\u00e7\u00f5es no XV SBCG<\/strong><\/span><\/p>\n<p><strong>1.<\/strong> Observe a sua Categoria e os Valores de Inscri\u00e7\u00e3o nas Tabelas dessa p\u00e1gina. Caso ainda n\u00e3o seja s\u00f3cio adimplente da ABClima, acesse o <a href=\"https:\/\/www.abclima.ggf.br\/\"><span style=\"color: #0000ff\">site da Associa\u00e7\u00e3o Brasileira de Climatologia<\/span><\/a> ou entre em contato com a Associa\u00e7\u00e3o por <a href=\"comunicacaoabclima@gmail.com\"><span style=\"color: #0000ff\">e-mail<\/span><\/a> (<a href=\"mailto:comunicacaoabclima@gmail.com\">comunicacaoabclima@gmail.com<\/a>) para regularizar sua situa\u00e7\u00e3o.<\/p>\n<p><strong>2.<\/strong> Ap\u00f3s confirmar os valores, realizar uma Transfer\u00eancia Banc\u00e1ria ou PIX para a Conta Poupan\u00e7a a seguir, e enviar o comprovante para o e-mail oficial do evento:<\/p>\n<p>Chave PIX: 42984013230<\/p>\n<p>Banco: BANCO DO BRASIL<br \/>\nNome: Ezequias Rodrigues dos Santos<br \/>\nAg\u00eancia: 0299-2<br \/>\nConta Poupan\u00e7a: 123.798-5 (varia\u00e7\u00e3o 51)<\/p>\n<p>QRCode do PIX:<\/p>\n<div class=\"wp-block-image\"><img loading=\"lazy\" decoding=\"async\" class=\"wp-image-188 aligncenter\" src=\"https:\/\/www3.unicentro.br\/sbcg\/wp-content\/uploads\/sites\/135\/2023\/02\/QR-CODE-PIX.jpeg\" alt=\"\" width=\"207\" height=\"207\" srcset=\"https:\/\/www3.unicentro.br\/sbcg\/wp-content\/uploads\/sites\/135\/2023\/02\/QR-CODE-PIX.jpeg 1000w, https:\/\/www3.unicentro.br\/sbcg\/wp-content\/uploads\/sites\/135\/2023\/02\/QR-CODE-PIX-768x768.jpeg 768w\" sizes=\"auto, (max-width: 207px) 100vw, 207px\" \/><\/div>\n<p>3. Enviar o seu Nome Completo e o Comprovante de Transfer\u00eancia ou de Pagamento via PIX para o e-mail: <a href=\"mailto:xvsbcg@gmail.com\">xvsbcg@gmail.com<\/a> . Caso tenha optado por alguma categoria com desconto, enviar junto o(s) respectivo(s) comprovante(s) (Por exemplo: declara\u00e7\u00e3o ou certificado de matr\u00edcula para estudantes; comprovante de trabalho; declara\u00e7\u00e3o da ABClima).<\/p>\n<p>&nbsp;<\/p>\n<p style=\"text-align: center\"><span style=\"text-decoration: underline\"><strong>Valores das Inscri\u00e7\u00f5es no XV SBCG<\/strong><\/span><\/p>\n<p style=\"text-align: justify\">Os Valores de Inscri\u00e7\u00f5es ser\u00e3o diferenciados para S\u00f3cio ABClima e N\u00e3o S\u00f3cios da ABClima. Para se tornar s\u00f3cio, acesse o <a href=\"https:\/\/abclima.ggf.br\/home\"><span style=\"color: #0000ff\">website da Associa\u00e7\u00e3o Brasileira de Climatologia<\/span><\/a> (ABClima) ou entre em contato por <span style=\"color: #0000ff\"><a style=\"color: #0000ff\" href=\"comunicacaoabclima@gmail.com\">e-mail<\/a><\/span> (<a href=\"mailto:comunicacaoabclima@gmail.com\">comunicacaoabclima@gmail.com<\/a>) e siga os procedimentos. Devido \u00e0s mudan\u00e7as recentes e de manuten\u00e7\u00e3o no site, a forma mais r\u00e1pida no momento ser\u00e1 se associar por e-mail. As inscri\u00e7\u00f5es com desconto poder\u00e3o ser feitas conforme as tabelas de valores disponibilizadas aqui no site.<\/p>\n<p style=\"text-align: justify\">Logo abaixo, seguem os Valores de inscri\u00e7\u00e3o para S\u00f3cios e N\u00e3o S\u00f3cios da ABClima:<\/p>\n<p>&nbsp;<\/p>\n<p><strong>Para S\u00f3cios adimplentes da ABClima<\/strong>:<\/p>\n<div class=\"wp-block-image\">\n<div class=\"wp-block-image\"><img loading=\"lazy\" decoding=\"async\" class=\"size-full wp-image-379 aligncenter\" src=\"https:\/\/www3.unicentro.br\/sbcg\/wp-content\/uploads\/sites\/135\/2023\/06\/socio_abclima_atualizado.png\" alt=\"\" width=\"902\" height=\"480\" srcset=\"https:\/\/www3.unicentro.br\/sbcg\/wp-content\/uploads\/sites\/135\/2023\/06\/socio_abclima_atualizado.png 902w, https:\/\/www3.unicentro.br\/sbcg\/wp-content\/uploads\/sites\/135\/2023\/06\/socio_abclima_atualizado-768x409.png 768w\" sizes=\"auto, (max-width: 902px) 100vw, 902px\" \/><\/div>\n<\/div>\n<p><strong>Para N\u00e3o S\u00f3cios ou S\u00f3cios n\u00e3o adimplentes da ABClima<\/strong>:<\/p>\n<div class=\"wp-block-image\">\n<div class=\"wp-block-image\"><img loading=\"lazy\" decoding=\"async\" class=\"size-full wp-image-380 alignleft\" src=\"https:\/\/www3.unicentro.br\/sbcg\/wp-content\/uploads\/sites\/135\/2023\/06\/naosocio_abclima_atualizado.png\" alt=\"\" width=\"901\" height=\"473\" srcset=\"https:\/\/www3.unicentro.br\/sbcg\/wp-content\/uploads\/sites\/135\/2023\/06\/naosocio_abclima_atualizado.png 901w, https:\/\/www3.unicentro.br\/sbcg\/wp-content\/uploads\/sites\/135\/2023\/06\/naosocio_abclima_atualizado-768x403.png 768w\" sizes=\"auto, (max-width: 901px) 100vw, 901px\" \/><\/div>\n<\/div>\n","protected":false},"excerpt":{"rendered":"<p>As inscri\u00e7\u00f5es no XV SBCG est\u00e3o abertas e ser\u00e3o feitas atrav\u00e9s da Plataforma do Sistema de Gest\u00e3o de Eventos (SGE) da UNICENTRO, plataforma de envio&#8230;<\/p>\n<div class=\"more-link-wrapper\"><a class=\"more-link\" href=\"https:\/\/www3.unicentro.br\/sbcg\/inscricoes\/\">Read more<span class=\"screen-reader-text\">Inscri\u00e7\u00f5es<\/span><\/a><\/div>\n","protected":false},"author":3,"featured_media":0,"parent":0,"menu_order":0,"comment_status":"closed","ping_status":"closed","template":"","meta":{"_exactmetrics_skip_tracking":false,"_exactmetrics_sitenote_active":false,"_exactmetrics_sitenote_note":"","_exactmetrics_sitenote_category":0,"footnotes":"","_links_to":"","_links_to_target":""},"class_list":["post-20","page","type-page","status-publish","hentry","entry"],"_links":{"self":[{"href":"https:\/\/www3.unicentro.br\/sbcg\/wp-json\/wp\/v2\/pages\/20","targetHints":{"allow":["GET"]}}],"collection":[{"href":"https:\/\/www3.unicentro.br\/sbcg\/wp-json\/wp\/v2\/pages"}],"about":[{"href":"https:\/\/www3.unicentro.br\/sbcg\/wp-json\/wp\/v2\/types\/page"}],"author":[{"embeddable":true,"href":"https:\/\/www3.unicentro.br\/sbcg\/wp-json\/wp\/v2\/users\/3"}],"replies":[{"embeddable":true,"href":"https:\/\/www3.unicentro.br\/sbcg\/wp-json\/wp\/v2\/comments?post=20"}],"version-history":[{"count":0,"href":"https:\/\/www3.unicentro.br\/sbcg\/wp-json\/wp\/v2\/pages\/20\/revisions"}],"wp:attachment":[{"href":"https:\/\/www3.unicentro.br\/sbcg\/wp-json\/wp\/v2\/media?parent=20"}],"curies":[{"name":"wp","href":"https:\/\/api.w.org\/{rel}","templated":true}]}}