{"id":16,"date":"2022-02-10T15:01:06","date_gmt":"2022-02-10T18:01:06","guid":{"rendered":"https:\/\/www3.unicentro.br\/sbcg\/?page_id=16"},"modified":"2023-08-01T16:43:47","modified_gmt":"2023-08-01T19:43:47","slug":"programacao","status":"publish","type":"page","link":"https:\/\/www3.unicentro.br\/sbcg\/programacao\/","title":{"rendered":"Programa\u00e7\u00e3o Geral"},"content":{"rendered":"<p style=\"text-align: justify\">O <strong>XV SBCG<\/strong> ir\u00e1 ocorrer entre os dias <strong>31 de julho<\/strong> a <strong>05 de agosto de 2023<\/strong> em Guarapuava-PR, de forma presencial. Segue logo abaixo a Programa\u00e7\u00e3o das atividades que ser\u00e3o realizadas no evento:<\/p>\n<div style=\"text-align: center\">\n<div class=\"wp-block-image\"><img loading=\"lazy\" decoding=\"async\" class=\"aligncenter wp-image-498\" src=\"https:\/\/www3.unicentro.br\/sbcg\/wp-content\/uploads\/sites\/135\/2023\/07\/Program_Geral_2023-1.jpg\" alt=\"\" width=\"950\" height=\"1375\" srcset=\"https:\/\/www3.unicentro.br\/sbcg\/wp-content\/uploads\/sites\/135\/2023\/07\/Program_Geral_2023-1.jpg 829w, https:\/\/www3.unicentro.br\/sbcg\/wp-content\/uploads\/sites\/135\/2023\/07\/Program_Geral_2023-1-768x1112.jpg 768w\" sizes=\"auto, (max-width: 950px) 100vw, 950px\" \/><\/div>\n<p><span style=\"font-size: 8pt\">S\u00edntese da Programa\u00e7\u00e3o do XV SBCG<\/span><span style=\"text-align: right\">.<\/span><\/p>\n<\/div>\n<div>\n<hr \/>\n<\/div>\n<div>\n<p>&nbsp;<\/p>\n<p style=\"text-align: center\"><strong><em><u>PROGRAMA\u00c7\u00c3O DETALHADA<\/u><\/em><\/strong><\/p>\n<p style=\"text-align: center\"><strong>XV SIMP\u00d3SIO BRASILEIRO DE CLIMATOLOGIA GEOGR\u00c1FICA \u2013 XV SBCG<\/strong><\/p>\n<p style=\"text-align: center\"><strong>31 de julho a 5 de agosto de 2023<\/strong><\/p>\n<p style=\"text-align: center\"><strong><em>\u201cClimatologia, Crises Socioambientais e Justi\u00e7a Clim\u00e1tica: a\u00e7\u00f5es e desafios da sustentabilidade\u201d<\/em><\/strong><\/p>\n<p>&nbsp;<\/p>\n<\/div>\n<hr \/>\n<p>&nbsp;<\/p>\n<p style=\"text-align: center\"><span style=\"text-decoration: underline;font-size: 14pt\"><strong>SEGUNDA-FEIRA (31\/07\/2023)<\/strong><\/span><\/p>\n<p style=\"text-align: justify\"><strong><span style=\"text-decoration: underline\">Local<\/span>: SPA\u00c7O VALE DO JORD\u00c3O &#8211; <\/strong>Av. Ver. RUB\u00c9NS SIQUEIRA RIBAS, 3171 &#8211; SANTA CRUZ &#8211; GUARAPUAVA<\/p>\n<p style=\"text-align: justify\"><strong>08h \u00e0s 12h \u2013<\/strong> Credenciamento<\/p>\n<p style=\"text-align: justify\"><strong>13h \u00e0s 17h \u2013<\/strong> Credenciamento<\/p>\n<p style=\"text-align: justify\"><strong>13h \u00e0s 17h \u2013<\/strong> Trabalho de Campo 1 (Aspectos Sociais e Culturais de Guarapuava \u2013 visitando a Col\u00f4nia Vit\u00f3ria)<\/p>\n<p style=\"text-align: justify\"><strong>18:30 \u00e0s 20h00min \u2013<\/strong> Abertura oficial<\/p>\n<ul style=\"text-align: justify\">\n<li style=\"list-style-type: none\">\n<ul>\n<li>Prof. F\u00e1bio Hernandes \u2013 Reitor da UNICENTRO<\/li>\n<li>Prof. Marcos Ventura Faria \u2013 Pr\u00f3-Reitor de Pesquisa e P\u00f3s-Gradua\u00e7\u00e3o da UNICENTRO<\/li>\n<li>Prof. Jos\u00e9 Carlos Ugeda J\u00fanior \u2013 Presidente da ABClima<\/li>\n<li>Prof. Aparecido Ribeiro de Andrade \u2013 Coordenador Geral do XV SBCG<\/li>\n<\/ul>\n<\/li>\n<\/ul>\n<p style=\"text-align: justify\"><strong>20:00h \u00e0s 20:30h<\/strong> <strong>\u2013<\/strong> Apresenta\u00e7\u00e3o do NAPI Emerg\u00eancia Clim\u00e1tica \u2013 Prof. Francisco Mendon\u00e7a<\/p>\n<p style=\"text-align: justify\"><strong>20h30min \u00e0s 22h00min<\/strong> <strong>\u2013<\/strong> Confer\u00eancia de abertura<\/p>\n<ul>\n<li style=\"list-style-type: none\">\n<ul>\n<li style=\"text-align: justify\">Prof. Dr. HUGO IV\u00c1N ROMERO ARAVENA \u2013 Faculdade de Arquitetura e Urbanismo da Universidad de Chile (Santiago)<\/li>\n<\/ul>\n<\/li>\n<\/ul>\n<p style=\"text-align: justify\"><strong>22h00min<\/strong> \u2013 Coquetel de abertura<\/p>\n<div class=\"wp-block-image\">\n<figure id=\"attachment_543\" aria-describedby=\"caption-attachment-543\" style=\"width: 400px\" class=\"wp-caption aligncenter\"><img loading=\"lazy\" decoding=\"async\" class=\"wp-image-543\" src=\"https:\/\/www3.unicentro.br\/sbcg\/wp-content\/uploads\/sites\/135\/2023\/07\/Hugo_rom.jpg\" alt=\"\" width=\"400\" height=\"400\" srcset=\"https:\/\/www3.unicentro.br\/sbcg\/wp-content\/uploads\/sites\/135\/2023\/07\/Hugo_rom.jpg 1080w, https:\/\/www3.unicentro.br\/sbcg\/wp-content\/uploads\/sites\/135\/2023\/07\/Hugo_rom-768x768.jpg 768w\" sizes=\"auto, (max-width: 400px) 100vw, 400px\" \/><figcaption id=\"caption-attachment-543\" class=\"wp-caption-text\">Cartaz de Divulga\u00e7\u00e3o: Confer\u00eancia de Abertura<\/figcaption><\/figure>\n<\/div>\n<p>&nbsp;<\/p>\n<hr \/>\n<p>&nbsp;<\/p>\n<p style=\"text-align: center\"><span style=\"text-decoration: underline\"><span style=\"font-size: 14pt\"><strong>TER\u00c7A-FEIRA (01\/08\/2023)<\/strong><\/span><\/span><\/p>\n<p style=\"text-align: justify\"><span style=\"text-decoration: underline\"><strong>Local<\/strong><\/span>: <strong>CAMPUS CEDETEG \u2013 UNICENTRO &#8211;\u00a0<\/strong>Alameda \u00c9LIO ANTONIO DALLA VECCHIA, 838, VILA CARLI, GUARAPUAVA<\/p>\n<p style=\"text-align: justify\"><strong>9h \u00e0s 12h \u2013 Mesa redonda 1 &#8211; <\/strong>Climatologia subtropical: a justi\u00e7a clim\u00e1tica sob a perspectiva atual e dos cen\u00e1rios futuros do clima (Audit\u00f3rio DEGEO)<\/p>\n<ul style=\"list-style-type: circle;text-align: justify\">\n<li>Debatedor 01: Prof. Eloy Fassi Casagrande J\u00fanior (UTFPR)<\/li>\n<li>Debatedor 02: Julia Caon Froeder ( The Climate Reality Project Brasil)<\/li>\n<li>Mediador: Prof. Wilson Flavio Feltrim Roseghini (UFPR)<\/li>\n<\/ul>\n<div class=\"wp-block-image\">\n<figure id=\"attachment_567\" aria-describedby=\"caption-attachment-567\" style=\"width: 900px\" class=\"wp-caption aligncenter\"><img loading=\"lazy\" decoding=\"async\" class=\"wp-image-567\" src=\"https:\/\/www3.unicentro.br\/sbcg\/wp-content\/uploads\/sites\/135\/2023\/07\/Mesa1.jpg\" alt=\"\" width=\"900\" height=\"598\" srcset=\"https:\/\/www3.unicentro.br\/sbcg\/wp-content\/uploads\/sites\/135\/2023\/07\/Mesa1.jpg 918w, https:\/\/www3.unicentro.br\/sbcg\/wp-content\/uploads\/sites\/135\/2023\/07\/Mesa1-768x510.jpg 768w\" sizes=\"auto, (max-width: 900px) 100vw, 900px\" \/><figcaption id=\"caption-attachment-567\" class=\"wp-caption-text\">Cartaz de Divulga\u00e7\u00e3o: Mesa 1<\/figcaption><\/figure>\n<\/div>\n<p style=\"text-align: justify\"><strong>9h \u00e0s 12h \u2013 Mesa redonda 2 &#8211; <\/strong>Os impactos das variabilidades e mudan\u00e7as clim\u00e1ticas na sa\u00fade humana (Audit\u00f3rio DEBIO)<\/p>\n<ul style=\"list-style-type: circle;text-align: justify\">\n<li style=\"text-align: justify\">Debatedora 01: Prof\u00aa Fiorella Acquaota (Universit\u00e0 degli Studio di Torino \u2013 It\u00e1lia)<\/li>\n<li style=\"text-align: justify\">Debatedora 02: Prof\u00aa Priscila Ven\u00e2ncio Ikefuti (UEMA)<\/li>\n<li style=\"text-align: justify\">Debatedora 03: Prof\u00aa Juliana Ramalho Barros (UFG)<\/li>\n<li style=\"text-align: justify\">Mediador: Prof. Pedro Murara (UFFS)<\/li>\n<\/ul>\n<div class=\"wp-block-image\">\n<figure id=\"attachment_565\" aria-describedby=\"caption-attachment-565\" style=\"width: 900px\" class=\"wp-caption aligncenter\"><img loading=\"lazy\" decoding=\"async\" class=\"wp-image-565\" src=\"https:\/\/www3.unicentro.br\/sbcg\/wp-content\/uploads\/sites\/135\/2023\/07\/Mesa2.jpg\" alt=\"\" width=\"900\" height=\"607\" srcset=\"https:\/\/www3.unicentro.br\/sbcg\/wp-content\/uploads\/sites\/135\/2023\/07\/Mesa2.jpg 916w, https:\/\/www3.unicentro.br\/sbcg\/wp-content\/uploads\/sites\/135\/2023\/07\/Mesa2-768x518.jpg 768w\" sizes=\"auto, (max-width: 900px) 100vw, 900px\" \/><figcaption id=\"caption-attachment-565\" class=\"wp-caption-text\">Cartaz de Divulga\u00e7\u00e3o: Mesa 2<\/figcaption><\/figure>\n<\/div>\n<p style=\"text-align: justify\"><strong>14h \u00e0s 17h<\/strong> \u2013 Apresenta\u00e7\u00e3o de trabalhos \u2013 Grupos de Trabalho (GT) (Trabalhos relativos aos GTs 1, 2 e 3) e Encontro do HUB Paran\u00e1 Climate Reality Project<\/p>\n<p style=\"text-align: justify\"><strong>18h00 \u00e0s 19h00 \u2013 <\/strong>Lan\u00e7amento de Livros (DEGEO &#8211; Sala 2)<\/p>\n<p style=\"text-align: justify\"><strong style=\"font-size: 1em\">19h30 \u00e0s 22h00 \u2013 Mesa redonda 3<\/strong><span style=\"font-size: 1em\"> \u2013 Clima urbano, impactos socioambientais e planejamento: metodologias para\/do Brasil (Audit\u00f3rio DEBIO)<\/span><\/p>\n<ul style=\"list-style-type: circle;text-align: justify\">\n<li style=\"text-align: justify\">Debatedor 01: Prof. C\u00e1ssio Arthur Wollmann &#8211; UFSM<\/li>\n<li style=\"text-align: justify\">Debatedora 02: Prof\u00aa Margarete Cristiane C. T. Amorim (UNESP)<\/li>\n<li style=\"text-align: justify\">Debatedora 03: Prof\u00aa N\u00fabia Beray Armond \u2013 UFRJ<\/li>\n<li style=\"text-align: justify\">Moderador: Prof. Andrey Luis Binda \u2013 UFFS<\/li>\n<\/ul>\n<div class=\"wp-block-image\">\n<figure id=\"attachment_555\" aria-describedby=\"caption-attachment-555\" style=\"width: 900px\" class=\"wp-caption aligncenter\"><img loading=\"lazy\" decoding=\"async\" class=\"wp-image-555\" src=\"https:\/\/www3.unicentro.br\/sbcg\/wp-content\/uploads\/sites\/135\/2023\/07\/Mesa3.jpg\" alt=\"\" width=\"900\" height=\"605\" srcset=\"https:\/\/www3.unicentro.br\/sbcg\/wp-content\/uploads\/sites\/135\/2023\/07\/Mesa3.jpg 917w, https:\/\/www3.unicentro.br\/sbcg\/wp-content\/uploads\/sites\/135\/2023\/07\/Mesa3-768x516.jpg 768w\" sizes=\"auto, (max-width: 900px) 100vw, 900px\" \/><figcaption id=\"caption-attachment-555\" class=\"wp-caption-text\">Cartaz de Divulga\u00e7\u00e3o: Mesa 3<\/figcaption><\/figure>\n<\/div>\n<p style=\"text-align: justify\"><strong>19h30 \u00e0s 22h00 \u2013 Mesa redonda 4 \u2013 <\/strong>Climatologia e Educa\u00e7\u00e3o Geogr\u00e1fica: o pensar e os fazeres (Audit\u00f3rio DEGEO)<\/p>\n<ul style=\"list-style-type: circle\">\n<li style=\"text-align: justify\">Debatedor 01:Prof\u00aa Charlei Aparecido da Silva (UFGD)<\/li>\n<li style=\"text-align: justify\">Debatedor 02: Prof. Edson Soares Fialho (UFV)<\/li>\n<li style=\"text-align: justify\">Debatedor 03: Prof. Marcelo Moura (UFPB)<\/li>\n<li style=\"text-align: justify\">Mediador: 04: Prof\u00aa Erika Collischonn (UFPel)<\/li>\n<\/ul>\n<div class=\"wp-block-image\"><\/div>\n<div class=\"wp-block-image\">\n<figure id=\"attachment_554\" aria-describedby=\"caption-attachment-554\" style=\"width: 900px\" class=\"wp-caption aligncenter\"><img loading=\"lazy\" decoding=\"async\" class=\"wp-image-554\" src=\"https:\/\/www3.unicentro.br\/sbcg\/wp-content\/uploads\/sites\/135\/2023\/07\/Mesa4.jpg\" alt=\"\" width=\"900\" height=\"610\" srcset=\"https:\/\/www3.unicentro.br\/sbcg\/wp-content\/uploads\/sites\/135\/2023\/07\/Mesa4.jpg 918w, https:\/\/www3.unicentro.br\/sbcg\/wp-content\/uploads\/sites\/135\/2023\/07\/Mesa4-768x520.jpg 768w\" sizes=\"auto, (max-width: 900px) 100vw, 900px\" \/><figcaption id=\"caption-attachment-554\" class=\"wp-caption-text\">Cartaz de Divulga\u00e7\u00e3o: Mesa 4<\/figcaption><\/figure>\n<\/div>\n<div style=\"text-align: justify\"><\/div>\n<div><\/div>\n<div style=\"text-align: right\">.<\/div>\n<div style=\"text-align: right\">.<\/div>\n<hr \/>\n<p>&nbsp;<\/p>\n<p style=\"text-align: center\"><span style=\"text-decoration: underline\"><span style=\"font-size: 14pt\"><strong>QUARTA-FEIRA (02\/08\/2023)<\/strong><\/span><\/span><\/p>\n<p style=\"text-align: justify\"><strong><span style=\"text-decoration: underline\">Local<\/span>: CAMPUS CEDETEG \u2013 UNICENTRO &#8211;\u00a0<\/strong>Alameda \u00c9LIO ANTONIO DALLA VECCHIA, 838, VILA CARLI, GUARAPUAVA<\/p>\n<p style=\"text-align: justify\"><strong>09:00h \u00e0s 12:00h<\/strong> \u2013 Mini-cursos<\/p>\n<ul style=\"list-style-type: circle;text-align: justify\">\n<li><strong>MINICURSO 1<\/strong>: GEOGRAFIA DO CLIMA (Prof. Jo\u00e3o Lima Sant\u2019anna Neto)<\/li>\n<li><strong>MINICURSO 2<\/strong>: USO DE DRONE NO MAPEAMENTO DE \u00c1REAS DE PRESERVA\u00c7\u00c3O<br \/>\nPERMANENTE (Dr\u00aa Elaiz Aparecida Mensch Buffon, Elvis Rabuske<br \/>\nHendges e Juliano Andres)<\/li>\n<li><strong>MINICURSO 3<\/strong>: MON\u00c7\u00c3O NA AM\u00c9RICA DO SUL (Prof. Rafael Rodrigues da Franca)<\/li>\n<li><strong>MINICURSO 4<\/strong>: INTRODU\u00c7\u00c3O \u00c0 LINGUAGEM PYTHON PARA AN\u00c1LISE DE<br \/>\nDADOS CLIM\u00c1TICOS (Fabiana Bezerra Mangili e Luiz Fernando<br \/>\nLozove)<\/li>\n<li><strong>MINICURSO 5<\/strong>: MODELAGEM CARTOGR\u00c1FICA APLICADA \u00c0 UM NOVO M\u00c9TODO<br \/>\nDE CLASSIFICA\u00c7\u00c3O CLIM\u00c1TICA (Dr\u00aa Lilian Aline Machado)<\/li>\n<\/ul>\n<p style=\"text-align: justify\"><strong>14:00h \u00e0s 17:00h<\/strong> \u2013 Apresenta\u00e7\u00e3o de trabalhos \u2013 Grupos de Trabalho (GT)<\/p>\n<ul style=\"list-style-type: circle;text-align: justify\">\n<li>Trabalhos relativos aos GTs 1, 3 e 4<\/li>\n<\/ul>\n<p style=\"text-align: justify\"><strong>17h30min as 18h30min <\/strong>\u2013 Atividade Cultural<\/p>\n<ul style=\"text-align: justify\">\n<li style=\"list-style-type: none\">\n<ul>\n<li>Coordenadora: Doutoranda Juliane Bereze<\/li>\n<\/ul>\n<\/li>\n<\/ul>\n<p style=\"text-align: justify\"><strong>19:30 \u00e0s 22:00 \u2013 Mesa redonda 5 \u2013 <\/strong>Intensifica\u00e7\u00e3o da variabilidade e altera\u00e7\u00e3o clim\u00e1tica: desafios para a previs\u00e3o de tempo e clima<\/p>\n<ul style=\"list-style-type: circle\">\n<li style=\"text-align: justify\">Debatedor 01: Prof\u00aa Camila Bertoletti Carpenedo (UFPR)<\/li>\n<li style=\"text-align: justify\">Debatedor 02: Dr. Giovanni Dolif Neto (CEMADEN)<\/li>\n<li style=\"text-align: justify\">Debatedor 03: Prof. Paulo Zangalli Junior (UFBA)<\/li>\n<li style=\"text-align: justify\">Mediador: Prof\u00aa Leila Limberger (UNIOESTE)<\/li>\n<\/ul>\n<div class=\"wp-block-image\">\n<figure id=\"attachment_552\" aria-describedby=\"caption-attachment-552\" style=\"width: 900px\" class=\"wp-caption aligncenter\"><img loading=\"lazy\" decoding=\"async\" class=\"wp-image-552\" src=\"https:\/\/www3.unicentro.br\/sbcg\/wp-content\/uploads\/sites\/135\/2023\/07\/Mesa5-1.jpg\" alt=\"\" width=\"900\" height=\"611\" srcset=\"https:\/\/www3.unicentro.br\/sbcg\/wp-content\/uploads\/sites\/135\/2023\/07\/Mesa5-1.jpg 917w, https:\/\/www3.unicentro.br\/sbcg\/wp-content\/uploads\/sites\/135\/2023\/07\/Mesa5-1-768x522.jpg 768w\" sizes=\"auto, (max-width: 900px) 100vw, 900px\" \/><figcaption id=\"caption-attachment-552\" class=\"wp-caption-text\">Cartaz de Divulga\u00e7\u00e3o: Mesa 5<\/figcaption><\/figure>\n<\/div>\n<p>&nbsp;<\/p>\n<div class=\"wp-block-image\"><\/div>\n<hr \/>\n<p>&nbsp;<\/p>\n<p style=\"text-align: center\"><span style=\"text-decoration: underline\"><span style=\"font-size: 14pt\"><strong>QUINTA-FEIRA (03\/08\/2023) &#8211; MANH\u00c3<\/strong><\/span><\/span><\/p>\n<p style=\"text-align: justify\"><strong><span style=\"text-decoration: underline\">Local<\/span>: CAMPUS CEDETEG \u2013 UNICENTRO: <\/strong>Alameda \u00c9LIO ANTONIO DALLA VECCHIA, 838, VILA CARLI, GUARAPUAVA<\/p>\n<p style=\"text-align: justify\"><strong>9h \u00e0s 12h<\/strong> &#8211; Apresenta\u00e7\u00e3o de trabalhos \u2013 Grupos de Trabalho (GT)<\/p>\n<ul style=\"list-style-type: circle\">\n<li style=\"text-align: justify\">Trabalhos relativos ao GT 1, 3 e 5<\/li>\n<\/ul>\n<p>&nbsp;<\/p>\n<p style=\"text-align: center\"><span style=\"text-decoration: underline\"><span style=\"font-size: 14pt\"><strong>QUINTA-FEIRA (03\/08) \u2013 TARDE e NOITE<\/strong><\/span><\/span><\/p>\n<p style=\"text-align: justify\"><strong><span style=\"text-decoration: underline\">Local<\/span>: SPA\u00c7O VALE DO JORD\u00c3O &#8211;\u00a0<\/strong>Av. Ver. RUB\u00c9NS SIQUEIRA RIBAS, 3171 &#8211; SANTA CRUZ &#8211; GUARAPUAVA<\/p>\n<p style=\"text-align: justify\"><strong>14h \u00e0s 16h30<\/strong> \u2013 Assembleia da ABClima<\/p>\n<p style=\"text-align: justify\"><strong>16h30 as 18h00<\/strong> \u2013 Reuni\u00e3o Comit\u00ea Cient\u00edfico da RBClima<\/p>\n<p style=\"text-align: justify\"><strong>19h30 as 21h00<\/strong> \u2013 Palestra Tem\u00e1tica<\/p>\n<ul>\n<li style=\"list-style-type: none\">\n<ul>\n<li style=\"text-align: justify\">Dr\u00aa Ana Am\u00e9lia Campos Toni \u2013 Secret\u00e1ria Nacional de Mudan\u00e7as do Clima (MMA).<\/li>\n<\/ul>\n<\/li>\n<\/ul>\n<figure id=\"attachment_545\" aria-describedby=\"caption-attachment-545\" style=\"width: 400px\" class=\"wp-caption aligncenter\"><img loading=\"lazy\" decoding=\"async\" class=\"wp-image-545\" src=\"https:\/\/www3.unicentro.br\/sbcg\/wp-content\/uploads\/sites\/135\/2023\/07\/Palestra_5a.jpg\" alt=\"\" width=\"400\" height=\"400\" srcset=\"https:\/\/www3.unicentro.br\/sbcg\/wp-content\/uploads\/sites\/135\/2023\/07\/Palestra_5a.jpg 1080w, https:\/\/www3.unicentro.br\/sbcg\/wp-content\/uploads\/sites\/135\/2023\/07\/Palestra_5a-768x768.jpg 768w\" sizes=\"auto, (max-width: 400px) 100vw, 400px\" \/><figcaption id=\"caption-attachment-545\" class=\"wp-caption-text\">Cartaz de Divulga\u00e7\u00e3o: Palestra Tem\u00e1tica<\/figcaption><\/figure>\n<p>&nbsp;<\/p>\n<hr \/>\n<p>&nbsp;<\/p>\n<p style=\"text-align: center\"><span style=\"text-decoration: underline\"><span style=\"font-size: 14pt\"><strong>SEXTA-FEIRA (04\/08\/2023)<\/strong><\/span><\/span><\/p>\n<p style=\"text-align: justify\"><strong><span style=\"text-decoration: underline\">Local<\/span>: SPA\u00c7O VALE DO JORD\u00c3O &#8211; <\/strong>Av. Ver. RUB\u00c9NS SIQUEIRA RIBAS, 3171 &#8211; SANTA CRUZ &#8211; GUARAPUAVA<\/p>\n<p style=\"text-align: justify\"><strong>9h as 11h<\/strong> \u2013 Confer\u00eancia de Encerramento<\/p>\n<ul style=\"text-align: justify\">\n<li style=\"list-style-type: none\">\n<ul>\n<li style=\"text-align: justify\">Prof\u00aa Dr\u00aa Agnieszka Wypych \u2013 Institute of Meteorology and Water Management: Warsaw, Pol\u00f4nia \u2013 Presidente da Comiss\u00e3o de Climatologia na UGI (REMOTA)<\/li>\n<\/ul>\n<\/li>\n<\/ul>\n<p style=\"text-align: justify\"><strong>13h \u00e0s 18h \u2013<\/strong> Trabalho de Campo 2 (A paisagem rural de Guarapuava \u2013 aspectos clim\u00e1ticos, geomorfol\u00f3gicos e geol\u00f3gicos do Bioma com Arauc\u00e1ria)<\/p>\n<p style=\"text-align: justify\"><strong>18h as 22h<\/strong> \u2013 Jantar de confraterniza\u00e7\u00e3o (<em>ser\u00e1 no pr\u00f3prio local da confer\u00eancia &#8211; SPA\u00c7O VALE DO JORD\u00c3O<\/em>).<\/p>\n<figure id=\"attachment_548\" aria-describedby=\"caption-attachment-548\" style=\"width: 400px\" class=\"wp-caption aligncenter\"><img loading=\"lazy\" decoding=\"async\" class=\"wp-image-548\" src=\"https:\/\/www3.unicentro.br\/sbcg\/wp-content\/uploads\/sites\/135\/2023\/07\/Encerramento.jpg\" alt=\"\" width=\"400\" height=\"400\" srcset=\"https:\/\/www3.unicentro.br\/sbcg\/wp-content\/uploads\/sites\/135\/2023\/07\/Encerramento.jpg 1080w, https:\/\/www3.unicentro.br\/sbcg\/wp-content\/uploads\/sites\/135\/2023\/07\/Encerramento-768x768.jpg 768w\" sizes=\"auto, (max-width: 400px) 100vw, 400px\" \/><figcaption id=\"caption-attachment-548\" class=\"wp-caption-text\">Cartaz de Divulga\u00e7\u00e3o: Confer\u00eancia de Encerramento<\/figcaption><\/figure>\n<p>&nbsp;<\/p>\n<hr \/>\n<p>&nbsp;<\/p>\n<p style=\"text-align: center\"><span style=\"text-decoration: underline\"><span style=\"font-size: 14pt\"><strong>S\u00c1BADO (05\/08\/2023)<\/strong><\/span><\/span><\/p>\n<p style=\"text-align: justify\"><em>Dia livre para aqueles que quiserem desfrutar de atra\u00e7\u00f5es diversas em Guarapuava e regi\u00e3o ou at\u00e9 mesmo para alguma atividade extra que<\/em><em> a Comiss\u00e3o Organizadora possa incluir na programa\u00e7\u00e3o.<\/em><\/p>\n<p>&nbsp;<\/p>\n<hr \/>\n<div><\/div>\n<div><\/div>\n<div style=\"text-align: justify\"><strong>OBSERVA\u00c7\u00c3O<\/strong>: O per\u00edodo da programa\u00e7\u00e3o foi alterado. O trabalho de campo que iria ocorrer no s\u00e1bado (dia 05\/08\/2023) foi antecipado para a sexta-feira (dia 04\/08\/2023). Portanto, o dia 05\/08\/2023 ficou livre para aqueles que quiserem desfrutar de atra\u00e7\u00f5es diversas em Guarapuava e regi\u00e3o ou at\u00e9 mesmo para alguma atividade extra que a Comiss\u00e3o Organizadora possa incluir na programa\u00e7\u00e3o.<\/div>\n<div><\/div>\n<div><\/div>\n<div>\n<hr \/>\n<\/div>\n<div style=\"text-align: justify\"><\/div>\n<div style=\"text-align: right\">.<\/div>\n<div><\/div>\n<div style=\"text-align: center\"><span style=\"text-decoration: underline\"><strong>Programa\u00e7\u00e3o Geral: quadro-s\u00edntese<\/strong><\/span><\/div>\n<div>\n<div class=\"wp-block-image\">\n<figure id=\"attachment_571\" aria-describedby=\"caption-attachment-571\" style=\"width: 863px\" class=\"wp-caption aligncenter\"><img loading=\"lazy\" decoding=\"async\" class=\"wp-image-571 size-full\" src=\"https:\/\/www3.unicentro.br\/sbcg\/wp-content\/uploads\/sites\/135\/2023\/07\/Quadro-sintese.png\" alt=\"\" width=\"863\" height=\"414\" srcset=\"https:\/\/www3.unicentro.br\/sbcg\/wp-content\/uploads\/sites\/135\/2023\/07\/Quadro-sintese.png 863w, https:\/\/www3.unicentro.br\/sbcg\/wp-content\/uploads\/sites\/135\/2023\/07\/Quadro-sintese-768x368.png 768w\" sizes=\"auto, (max-width: 863px) 100vw, 863px\" \/><figcaption id=\"caption-attachment-571\" class=\"wp-caption-text\">Programa\u00e7\u00e3o Geral &#8211; quadro-s\u00edntese das atividades durante o XV SBCG<\/figcaption><\/figure>\n<\/div>\n<\/div>\n","protected":false},"excerpt":{"rendered":"<p>O XV SBCG ir\u00e1 ocorrer entre os dias 31 de julho a 05 de agosto de 2023 em Guarapuava-PR, de forma presencial. Segue logo abaixo&#8230;<\/p>\n<div class=\"more-link-wrapper\"><a class=\"more-link\" href=\"https:\/\/www3.unicentro.br\/sbcg\/programacao\/\">Read more<span class=\"screen-reader-text\">Programa\u00e7\u00e3o Geral<\/span><\/a><\/div>\n","protected":false},"author":3,"featured_media":0,"parent":0,"menu_order":0,"comment_status":"closed","ping_status":"closed","template":"","meta":{"_exactmetrics_skip_tracking":false,"_exactmetrics_sitenote_active":false,"_exactmetrics_sitenote_note":"","_exactmetrics_sitenote_category":0,"footnotes":"","_links_to":"","_links_to_target":""},"class_list":["post-16","page","type-page","status-publish","hentry","entry"],"_links":{"self":[{"href":"https:\/\/www3.unicentro.br\/sbcg\/wp-json\/wp\/v2\/pages\/16","targetHints":{"allow":["GET"]}}],"collection":[{"href":"https:\/\/www3.unicentro.br\/sbcg\/wp-json\/wp\/v2\/pages"}],"about":[{"href":"https:\/\/www3.unicentro.br\/sbcg\/wp-json\/wp\/v2\/types\/page"}],"author":[{"embeddable":true,"href":"https:\/\/www3.unicentro.br\/sbcg\/wp-json\/wp\/v2\/users\/3"}],"replies":[{"embeddable":true,"href":"https:\/\/www3.unicentro.br\/sbcg\/wp-json\/wp\/v2\/comments?post=16"}],"version-history":[{"count":0,"href":"https:\/\/www3.unicentro.br\/sbcg\/wp-json\/wp\/v2\/pages\/16\/revisions"}],"wp:attachment":[{"href":"https:\/\/www3.unicentro.br\/sbcg\/wp-json\/wp\/v2\/media?parent=16"}],"curies":[{"name":"wp","href":"https:\/\/api.w.org\/{rel}","templated":true}]}}