{"id":86,"date":"2020-06-17T15:50:43","date_gmt":"2020-06-17T18:50:43","guid":{"rendered":"https:\/\/www3.unicentro.br\/santacruz\/?page_id=86"},"modified":"2025-04-23T18:30:12","modified_gmt":"2025-04-23T21:30:12","slug":"achados-e-perdidos","status":"publish","type":"page","link":"https:\/\/www3.unicentro.br\/santacruz\/servicos\/achados-e-perdidos\/","title":{"rendered":"Achados e Perdidos"},"content":{"rendered":"<div class=\"wpb-content-wrapper\"><p>[vc_row][vc_column][vc_column_text css=&#8221;&#8221;]<\/p>\n<h2 align=\"justify\"><strong><span style=\"color: #000000\"><span style=\"font-family: Arial, sans-serif\"><span style=\"font-size: medium\">Perdeu algo pelo C\u00e2mpus Santa Cruz? N\u00e3o se preocupe, estamos aqui para ajudar!<\/span><\/span><\/span><\/strong><\/h2>\n<p>&nbsp;<\/p>\n<p align=\"justify\"><span style=\"font-family: Arial, sans-serif\"><span style=\"font-size: medium\">O C\u00e2mpus Santa Cruz da Universidade Estadual do Centro Oeste oferece o servi\u00e7o de Achados e Perdidos, visando auxiliar nossa comunidade acad\u00eamica em situa\u00e7\u00f5es de perda de documentos e objetos.<\/span><\/span><\/p>\n<p align=\"justify\"><span style=\"font-family: Arial, sans-serif\"><span style=\"font-size: medium\">Se voc\u00ea encontrou algum objeto nas depend\u00eancias do C\u00e2mpus, por favor, entregue-o \u00e0 Dire\u00e7\u00e3o de C\u00e2mpus, localizada no Bloco G, hor\u00e1rio de funcionamento das 8h \u00e0s 12h, <span style=\"font-size: medium;font-family: Arial, sans-serif\">das 13h \u00e0s 17h e das 18h \u00e0s 22h<\/span><\/span><\/span><\/p>\n<p align=\"justify\"><span style=\"font-family: Arial, sans-serif\"><span style=\"font-size: medium\">Da mesma forma, se voc\u00ea perdeu algum objeto ou documento, pedimos que verifique diretamente na Dircamp\/SC. Para agilizar o processo, \u00e9 importante fornecer uma descri\u00e7\u00e3o clara e objetiva das caracter\u00edsticas do objeto perdido.<\/span><\/span><\/p>\n<p align=\"justify\"><span style=\"font-family: Arial, sans-serif\"><span style=\"font-size: medium\">Contamos com sua colabora\u00e7\u00e3o para manter nossos pertences seguros e nossa comunidade acad\u00eamica unida!<\/span><\/span><\/p>\n<p align=\"justify\"><span style=\"font-family: Arial, sans-serif\"><span style=\"font-size: medium\">Telefone para contato: (42) 3621-1458<\/span><\/span><\/p>\n<div class=\"wp-block-image\"><\/div>\n<p>[\/vc_column_text][\/vc_column][\/vc_row]<\/p>\n<\/div>","protected":false},"excerpt":{"rendered":"<p>[vc_row][vc_column][vc_column_text css=&#8221;&#8221;] Perdeu algo pelo C\u00e2mpus Santa Cruz? N\u00e3o se preocupe, estamos aqui para ajudar! &nbsp; O C\u00e2mpus Santa Cruz da Universidade Estadual do Centro Oeste oferece o servi\u00e7o de Achados e Perdidos, visando auxiliar nossa comunidade acad\u00eamica em situa\u00e7\u00f5es de perda de documentos e objetos. Se voc\u00ea encontrou algum objeto nas depend\u00eancias do C\u00e2mpus, [&hellip;]<\/p>\n","protected":false},"author":3,"featured_media":0,"parent":1240,"menu_order":0,"comment_status":"closed","ping_status":"closed","template":"","meta":{"_exactmetrics_skip_tracking":false,"_exactmetrics_sitenote_active":false,"_exactmetrics_sitenote_note":"","_exactmetrics_sitenote_category":0,"footnotes":"","_links_to":"","_links_to_target":""},"class_list":["post-86","page","type-page","status-publish","hentry"],"publishpress_future_action":{"enabled":false,"date":"2026-04-17 01:24:31","action":"change-status","newStatus":"draft","terms":[],"taxonomy":"","extraData":[]},"publishpress_future_workflow_manual_trigger":{"enabledWorkflows":[]},"_links":{"self":[{"href":"https:\/\/www3.unicentro.br\/santacruz\/wp-json\/wp\/v2\/pages\/86","targetHints":{"allow":["GET"]}}],"collection":[{"href":"https:\/\/www3.unicentro.br\/santacruz\/wp-json\/wp\/v2\/pages"}],"about":[{"href":"https:\/\/www3.unicentro.br\/santacruz\/wp-json\/wp\/v2\/types\/page"}],"author":[{"embeddable":true,"href":"https:\/\/www3.unicentro.br\/santacruz\/wp-json\/wp\/v2\/users\/3"}],"replies":[{"embeddable":true,"href":"https:\/\/www3.unicentro.br\/santacruz\/wp-json\/wp\/v2\/comments?post=86"}],"version-history":[{"count":2,"href":"https:\/\/www3.unicentro.br\/santacruz\/wp-json\/wp\/v2\/pages\/86\/revisions"}],"predecessor-version":[{"id":2602,"href":"https:\/\/www3.unicentro.br\/santacruz\/wp-json\/wp\/v2\/pages\/86\/revisions\/2602"}],"up":[{"embeddable":true,"href":"https:\/\/www3.unicentro.br\/santacruz\/wp-json\/wp\/v2\/pages\/1240"}],"wp:attachment":[{"href":"https:\/\/www3.unicentro.br\/santacruz\/wp-json\/wp\/v2\/media?parent=86"}],"curies":[{"name":"wp","href":"https:\/\/api.w.org\/{rel}","templated":true}]}}