{"id":70,"date":"2020-06-17T15:47:35","date_gmt":"2020-06-17T18:47:35","guid":{"rendered":"https:\/\/www3.unicentro.br\/santacruz\/?page_id=70"},"modified":"2021-04-25T14:10:40","modified_gmt":"2021-04-25T17:10:40","slug":"pos-graduacao","status":"publish","type":"page","link":"https:\/\/www3.unicentro.br\/santacruz\/cursos\/pos-graduacao\/","title":{"rendered":"P\u00f3s-Gradua\u00e7\u00e3o"},"content":{"rendered":"<div class=\"wpb-content-wrapper\"><p>[vc_row][vc_column][vc_column_text css_animation=&#8221;fadeInUp&#8221;]<\/p>\n<p class=\"destaque\"><em>H\u00e1 mais de 10 anos a Unicentro focou na sua verticaliza\u00e7\u00e3o, incentivando a cria\u00e7\u00e3o e o aprimoramento de cursos e programa de p\u00f3s-gradua\u00e7\u00e3o stricto sensu.<\/em><\/p>\n<p class=\"texto\">Em 2006, com a cria\u00e7\u00e3o do seu primeiro curso de mestrado (Qu\u00edmica), a universidade e seus professores buscam constantemente a amplia\u00e7\u00e3o do conhecimento e da pesquisa difundida por seus programas de p\u00f3s-gradua\u00e7\u00e3o. Desde ent\u00e3o, foram criados 17 programas, sendo que desses, 6 possuem doutorados.<\/p>\n<p>[\/vc_column_text]    <div class=\"un-heading un-heading-heading_172 \" data-delay=1.0>\n    \t<div class=\"un-heading-wrap\">\n            <span class=\"un-heading-line un-heading-before\"><span><\/span><\/span>\n                            <a href='https:\/\/www3.unicentro.br\/estude-pos-graduacao\/' class='btn btn-default btn-lg btn-lighter un-heading-content'>\n                            Programas de P\u00f3s-Gradua\u00e7\u00e3o Stricto Sensu                        \t&nbsp;<i class=\"fa fa-angle-right\"><\/i>\n                <\/a>\n                        <span class=\"un-heading-line un-heading-after\"><span><\/span><\/span>\n        <\/div>\n        <div class=\"clearfix\"><\/div>\n    <\/div>\n        \t<a class=\"btn button-13623 btn-primary btn-lg \" href=\"https:\/\/www3.unicentro.br\/ppgadm\" data-delay=0  target=\"_blank\" >\n        Administra\u00e7\u00e3o        <\/a>\n        \t\t\t<style scoped=\"scoped\">\n\t\t\t\t.button-13623{\n\t\t\t\t\t\t\t\t\t\tbackground-color: #ba006f;\n\t\t\t\t\t\t\t\t\t\tborder-color: #ba006f\t\t\t\t}\n\t\t\t<\/style>\n\t\t    \t<a class=\"btn button-35781 btn-primary btn-lg \" href=\"http:\/\/www2.unicentro.br\/ppge\/\" data-delay=0  target=\"_blank\" >\n        Educa\u00e7\u00e3o        <\/a>\n        \t\t\t<style scoped=\"scoped\">\n\t\t\t\t.button-35781{\n\t\t\t\t\t\t\t\t\t\tbackground-color: #ba006f;\n\t\t\t\t\t\t\t\t\t\tborder-color: #ba006f\t\t\t\t}\n\t\t\t<\/style>\n\t\t    \t<a class=\"btn button-51029 btn-primary btn-lg \" href=\"https:\/\/www3.unicentro.br\/ppgl\/\" data-delay=0  target=\"_blank\" >\n        Letras        <\/a>\n        \t\t\t<style scoped=\"scoped\">\n\t\t\t\t.button-51029{\n\t\t\t\t\t\t\t\t\t\tbackground-color: #ba006f;\n\t\t\t\t\t\t\t\t\t\tborder-color: #ba006f\t\t\t\t}\n\t\t\t<\/style>\n\t\t    \t<a class=\"btn button-95941 btn-primary btn-lg \" href=\"https:\/\/www3.unicentro.br\/ppgh\/\" data-delay=0  target=\"_blank\" >\n        Hist\u00f3ria        <\/a>\n        \t\t\t<style scoped=\"scoped\">\n\t\t\t\t.button-95941{\n\t\t\t\t\t\t\t\t\t\tbackground-color: #ba006f;\n\t\t\t\t\t\t\t\t\t\tborder-color: #ba006f\t\t\t\t}\n\t\t\t<\/style>\n\t\t[\/vc_column][\/vc_row]<\/p>\n<\/div>","protected":false},"excerpt":{"rendered":"<p>[vc_row][vc_column][vc_column_text css_animation=&#8221;fadeInUp&#8221;] H\u00e1 mais de 10 anos a Unicentro focou na sua verticaliza\u00e7\u00e3o, incentivando a cria\u00e7\u00e3o e o aprimoramento de cursos e programa de p\u00f3s-gradua\u00e7\u00e3o stricto sensu. Em 2006, com a cria\u00e7\u00e3o do seu primeiro curso de mestrado (Qu\u00edmica), a universidade e seus professores buscam constantemente a amplia\u00e7\u00e3o do conhecimento e da pesquisa difundida por [&hellip;]<\/p>\n","protected":false},"author":3,"featured_media":0,"parent":37,"menu_order":0,"comment_status":"closed","ping_status":"closed","template":"","meta":{"_exactmetrics_skip_tracking":false,"_exactmetrics_sitenote_active":false,"_exactmetrics_sitenote_note":"","_exactmetrics_sitenote_category":0,"footnotes":"","_links_to":"","_links_to_target":""},"class_list":["post-70","page","type-page","status-publish","hentry"],"publishpress_future_action":{"enabled":false,"date":"2026-04-21 12:08:49","action":"change-status","newStatus":"draft","terms":[],"taxonomy":"","extraData":[]},"publishpress_future_workflow_manual_trigger":{"enabledWorkflows":[]},"_links":{"self":[{"href":"https:\/\/www3.unicentro.br\/santacruz\/wp-json\/wp\/v2\/pages\/70","targetHints":{"allow":["GET"]}}],"collection":[{"href":"https:\/\/www3.unicentro.br\/santacruz\/wp-json\/wp\/v2\/pages"}],"about":[{"href":"https:\/\/www3.unicentro.br\/santacruz\/wp-json\/wp\/v2\/types\/page"}],"author":[{"embeddable":true,"href":"https:\/\/www3.unicentro.br\/santacruz\/wp-json\/wp\/v2\/users\/3"}],"replies":[{"embeddable":true,"href":"https:\/\/www3.unicentro.br\/santacruz\/wp-json\/wp\/v2\/comments?post=70"}],"version-history":[{"count":0,"href":"https:\/\/www3.unicentro.br\/santacruz\/wp-json\/wp\/v2\/pages\/70\/revisions"}],"up":[{"embeddable":true,"href":"https:\/\/www3.unicentro.br\/santacruz\/wp-json\/wp\/v2\/pages\/37"}],"wp:attachment":[{"href":"https:\/\/www3.unicentro.br\/santacruz\/wp-json\/wp\/v2\/media?parent=70"}],"curies":[{"name":"wp","href":"https:\/\/api.w.org\/{rel}","templated":true}]}}