{"id":68,"date":"2020-06-17T15:47:07","date_gmt":"2020-06-17T18:47:07","guid":{"rendered":"https:\/\/www3.unicentro.br\/santacruz\/?page_id=68"},"modified":"2025-04-15T10:34:12","modified_gmt":"2025-04-15T13:34:12","slug":"servico-social","status":"publish","type":"page","link":"https:\/\/www3.unicentro.br\/santacruz\/cursos\/sesa\/servico-social\/","title":{"rendered":"Servi\u00e7o Social"},"content":{"rendered":"<div class=\"wpb-content-wrapper\"><p>[vc_row][vc_column][vc_single_image image=&#8221;330&#8243; img_size=&#8221;750&#215;410&#8243; css_animation=&#8221;fadeInUp&#8221;][vc_column_text css=&#8221;&#8221;]Curso pertencente ao Setor de Ci\u00eancias Sociais Aplicadas. Os profissionais de Servi\u00e7o Social organizam projetos e programas que concretizam as pol\u00edticas sociais, desenvolvem atividades de promo\u00e7\u00e3o e integra\u00e7\u00e3o dos indiv\u00edduos \u00e0 sociedade. Os assistentes sociais devem transformar sua a\u00e7\u00e3o profissional em pr\u00e1ticas sociais alternativas compat\u00edveis com as necessidades e com os interesses da sociedade. Assistentes sociais atuam em escolas, institutos, associa\u00e7\u00f5es, universidades, empresas, funda\u00e7\u00f5es, creches e centros de recupera\u00e7\u00e3o, junto a p\u00fablicos variados como crian\u00e7as, idosos, pessoas portadoras de defici\u00eancias e outros. Tamb\u00e9m trabalham em organiza\u00e7\u00f5es n\u00e3o governamentais, assessorias e consultorias para grupos e movimentos sociais.<\/p>\n<p><strong>DURA\u00c7\u00c3O:\u00a0<\/strong>4 anos<\/p>\n<p><strong>Coordena\u00e7\u00e3o do curso:\u00a0<\/strong>Prof\u00aa. Andressa Kolody<\/p>\n<p><strong>Ramal: <\/strong>1086<\/p>\n<p><strong>E-mail<\/strong>: unicentrodeses@gmail.com[\/vc_column_text][vc_btn title=&#8221;Matrizes e Ementas&#8221; style=&#8221;3d&#8221; color=&#8221;purple&#8221; align=&#8221;left&#8221; i_type=&#8221;entypo&#8221; i_icon_entypo=&#8221;entypo-icon entypo-icon-doc-text&#8221; css_animation=&#8221;none&#8221; css=&#8221;.vc_custom_1595943626554{background-color: #ffffff !important;}&#8221; add_icon=&#8221;true&#8221; link=&#8221;url:https%3A%2F%2Fwww3.unicentro.br%2Fproen%2Fcursos%2Fmatrizes-curriculares%2F%231537486892426-bac6e554-37b4|title:Matrizes%20e%20Ementas|target:%20_blank|&#8221;][vc_btn title=&#8221;Hor\u00e1rios DESES &#8211; 2025&#8243; style=&#8221;3d&#8221; color=&#8221;purple&#8221; align=&#8221;left&#8221; i_type=&#8221;entypo&#8221; i_icon_entypo=&#8221;entypo-icon entypo-icon-doc-text&#8221; css_animation=&#8221;none&#8221; css=&#8221;.vc_custom_1744724051075{background-color: #ffffff !important;}&#8221; add_icon=&#8221;true&#8221; link=&#8221;url:https%3A%2F%2Fwww3.unicentro.br%2Fsantacruz%2Fwp-content%2Fuploads%2Fsites%2F90%2F2025%2F04%2FHor_rios_DESES_2025_67fd8dad9529a.pdf|title:Hor%C3%A1rios%20DESES%20-%202021|target:_blank&#8221;][\/vc_column][\/vc_row]<\/p>\n<\/div>","protected":false},"excerpt":{"rendered":"<p>[vc_row][vc_column][vc_single_image image=&#8221;330&#8243; img_size=&#8221;750&#215;410&#8243; css_animation=&#8221;fadeInUp&#8221;][vc_column_text css=&#8221;&#8221;]Curso pertencente ao Setor de Ci\u00eancias Sociais Aplicadas. Os profissionais de Servi\u00e7o Social organizam projetos e programas que concretizam as pol\u00edticas sociais, desenvolvem atividades de promo\u00e7\u00e3o e integra\u00e7\u00e3o dos indiv\u00edduos \u00e0 sociedade. Os assistentes sociais devem transformar sua a\u00e7\u00e3o profissional em pr\u00e1ticas sociais alternativas compat\u00edveis com as necessidades e com os [&hellip;]<\/p>\n","protected":false},"author":3,"featured_media":0,"parent":57,"menu_order":0,"comment_status":"closed","ping_status":"closed","template":"","meta":{"_exactmetrics_skip_tracking":false,"_exactmetrics_sitenote_active":false,"_exactmetrics_sitenote_note":"","_exactmetrics_sitenote_category":0,"footnotes":"","_links_to":"","_links_to_target":""},"class_list":["post-68","page","type-page","status-publish","hentry"],"publishpress_future_action":{"enabled":false,"date":"2026-04-17 16:49:37","action":"change-status","newStatus":"draft","terms":[],"taxonomy":"","extraData":[]},"publishpress_future_workflow_manual_trigger":{"enabledWorkflows":[]},"_links":{"self":[{"href":"https:\/\/www3.unicentro.br\/santacruz\/wp-json\/wp\/v2\/pages\/68","targetHints":{"allow":["GET"]}}],"collection":[{"href":"https:\/\/www3.unicentro.br\/santacruz\/wp-json\/wp\/v2\/pages"}],"about":[{"href":"https:\/\/www3.unicentro.br\/santacruz\/wp-json\/wp\/v2\/types\/page"}],"author":[{"embeddable":true,"href":"https:\/\/www3.unicentro.br\/santacruz\/wp-json\/wp\/v2\/users\/3"}],"replies":[{"embeddable":true,"href":"https:\/\/www3.unicentro.br\/santacruz\/wp-json\/wp\/v2\/comments?post=68"}],"version-history":[{"count":2,"href":"https:\/\/www3.unicentro.br\/santacruz\/wp-json\/wp\/v2\/pages\/68\/revisions"}],"predecessor-version":[{"id":2561,"href":"https:\/\/www3.unicentro.br\/santacruz\/wp-json\/wp\/v2\/pages\/68\/revisions\/2561"}],"up":[{"embeddable":true,"href":"https:\/\/www3.unicentro.br\/santacruz\/wp-json\/wp\/v2\/pages\/57"}],"wp:attachment":[{"href":"https:\/\/www3.unicentro.br\/santacruz\/wp-json\/wp\/v2\/media?parent=68"}],"curies":[{"name":"wp","href":"https:\/\/api.w.org\/{rel}","templated":true}]}}