{"id":669,"date":"2021-05-17T13:29:33","date_gmt":"2021-05-17T16:29:33","guid":{"rendered":"https:\/\/www3.unicentro.br\/santacruz\/?page_id=669"},"modified":"2024-09-16T11:13:48","modified_gmt":"2024-09-16T14:13:48","slug":"cinema","status":"publish","type":"page","link":"https:\/\/www3.unicentro.br\/santacruz\/servicos\/reserva\/cinema\/","title":{"rendered":"Cinema"},"content":{"rendered":"<div class=\"wpb-content-wrapper\"><p>[vc_row][vc_column width=&#8221;2\/3&#8243;][vc_images_carousel images=&#8221;671,672,673,674&#8243; img_size=&#8221;700&#215;500&#8243; autoplay=&#8221;yes&#8221; css=&#8221;&#8221;][\/vc_column][vc_column width=&#8221;1\/3&#8243;][vc_column_text css=&#8221;&#8221;]<span style=\"font-family: Arial, sans-serif\"><span style=\"font-size: large\"><b>Localiza\u00e7\u00e3o: <\/b>Bloco D, Subsolo <\/span><\/span><\/p>\n<p><span style=\"font-family: Arial, sans-serif\"><span style=\"font-size: large\"><b>Capacidade:<\/b> 77 assentos<\/span><\/span><\/p>\n<p><span style=\"font-family: Arial, sans-serif\"><span style=\"font-size: large\"><b>\u00c1rea: <\/b>99 m\u00b2<b> <\/b><\/span><\/span><\/p>\n<p><span style=\"font-family: Arial, sans-serif\"><span style=\"font-size: large\"><b>Recursos: <\/b>equipamentos de som, computador e projetor.<\/span><\/span>[\/vc_column_text][\/vc_column][\/vc_row]<\/p>\n<\/div>","protected":false},"excerpt":{"rendered":"<p>[vc_row][vc_column width=&#8221;2\/3&#8243;][vc_images_carousel images=&#8221;671,672,673,674&#8243; img_size=&#8221;700&#215;500&#8243; autoplay=&#8221;yes&#8221; css=&#8221;&#8221;][\/vc_column][vc_column width=&#8221;1\/3&#8243;][vc_column_text css=&#8221;&#8221;]Localiza\u00e7\u00e3o: Bloco D, Subsolo Capacidade: 77 assentos \u00c1rea: 99 m\u00b2 Recursos: equipamentos de som, computador e projetor.[\/vc_column_text][\/vc_column][\/vc_row]<\/p>\n","protected":false},"author":283,"featured_media":0,"parent":267,"menu_order":0,"comment_status":"closed","ping_status":"closed","template":"","meta":{"_exactmetrics_skip_tracking":false,"_exactmetrics_sitenote_active":false,"_exactmetrics_sitenote_note":"","_exactmetrics_sitenote_category":0,"footnotes":"","_links_to":"","_links_to_target":""},"class_list":["post-669","page","type-page","status-publish","hentry"],"publishpress_future_action":{"enabled":false,"date":"2026-04-17 01:19:17","action":"change-status","newStatus":"draft","terms":[],"taxonomy":"","extraData":[]},"publishpress_future_workflow_manual_trigger":{"enabledWorkflows":[]},"_links":{"self":[{"href":"https:\/\/www3.unicentro.br\/santacruz\/wp-json\/wp\/v2\/pages\/669","targetHints":{"allow":["GET"]}}],"collection":[{"href":"https:\/\/www3.unicentro.br\/santacruz\/wp-json\/wp\/v2\/pages"}],"about":[{"href":"https:\/\/www3.unicentro.br\/santacruz\/wp-json\/wp\/v2\/types\/page"}],"author":[{"embeddable":true,"href":"https:\/\/www3.unicentro.br\/santacruz\/wp-json\/wp\/v2\/users\/283"}],"replies":[{"embeddable":true,"href":"https:\/\/www3.unicentro.br\/santacruz\/wp-json\/wp\/v2\/comments?post=669"}],"version-history":[{"count":2,"href":"https:\/\/www3.unicentro.br\/santacruz\/wp-json\/wp\/v2\/pages\/669\/revisions"}],"predecessor-version":[{"id":1560,"href":"https:\/\/www3.unicentro.br\/santacruz\/wp-json\/wp\/v2\/pages\/669\/revisions\/1560"}],"up":[{"embeddable":true,"href":"https:\/\/www3.unicentro.br\/santacruz\/wp-json\/wp\/v2\/pages\/267"}],"wp:attachment":[{"href":"https:\/\/www3.unicentro.br\/santacruz\/wp-json\/wp\/v2\/media?parent=669"}],"curies":[{"name":"wp","href":"https:\/\/api.w.org\/{rel}","templated":true}]}}