{"id":66,"date":"2020-06-17T15:46:53","date_gmt":"2020-06-17T18:46:53","guid":{"rendered":"https:\/\/www3.unicentro.br\/santacruz\/?page_id=66"},"modified":"2021-09-24T11:13:15","modified_gmt":"2021-09-24T14:13:15","slug":"secretariado-executivo","status":"publish","type":"page","link":"https:\/\/www3.unicentro.br\/santacruz\/cursos\/sesa\/secretariado-executivo\/","title":{"rendered":"Secretariado Executivo"},"content":{"rendered":"<div class=\"wpb-content-wrapper\"><p>[vc_row][vc_column][vc_single_image image=&#8221;328&#8243; img_size=&#8221;750&#215;410&#8243; css_animation=&#8221;fadeInUp&#8221;][vc_column_text]O profissional de Secretariado Executivo trabalha diretamente com redes de assessorias executivas em abordagens empresariais, institucionais, intelectuais e sociais. O secret\u00e1rio executivo atua como elemento de integra\u00e7\u00e3o dos processos de informa\u00e7\u00e3o organizacional, gerenciamento de eventos, consultoria em \u00e1reas de assessoria e gest\u00e3o documental. O bacharel em Secretariado ainda pode atuar em assessorias interdisciplinares nas \u00e1reas de gest\u00e3o ambiental, cultural e social, bem como em assessorias de pesquisa, produ\u00e7\u00e3o e inova\u00e7\u00e3o cient\u00edfica. Enquanto pesquisador, este profissional atua investigando problem\u00e1ticas e demandas dos trabalhos de assessoria executiva em organiza\u00e7\u00f5es p\u00fablicas, privadas e do Terceiro Setor, analisando como se configuram as redes de assessorias que d\u00e3o subs\u00eddio \u00e0 tomada de decis\u00e3o e \u00e0 co-gest\u00e3o nas organiza\u00e7\u00f5es e grupos sociais.<\/p>\n<p><strong>Dura\u00e7\u00e3o:\u00a0<\/strong>4 anos<\/p>\n<p><strong>Coordena\u00e7\u00e3o do curso: <\/strong>Prof. V\u00e2nia Silva de Souza Bilert<\/p>\n<p><strong>Ramal:<\/strong><\/p>\n<p><strong>E-mail:<\/strong> vaniabilert@hotmail.com[\/vc_column_text][vc_btn title=&#8221;Matrizes e Ementas&#8221; style=&#8221;3d&#8221; color=&#8221;purple&#8221; align=&#8221;left&#8221; i_type=&#8221;entypo&#8221; i_icon_entypo=&#8221;entypo-icon entypo-icon-doc-text&#8221; css_animation=&#8221;none&#8221; add_icon=&#8221;true&#8221; link=&#8221;url:https%3A%2F%2Fwww3.unicentro.br%2Fproen%2Fcursos%2Fmatrizes-curriculares%2F%231537486355743-84cb913f-6c88|title:Matrizes%20e%20Ementas|target:%20_blank|&#8221; css=&#8221;.vc_custom_1595943259613{background-color: #ffffff !important;}&#8221;][\/vc_column][\/vc_row][vc_row][vc_column][vc_btn title=&#8221;Hor\u00e1rios DESEC &#8211; 2021&#8243; style=&#8221;3d&#8221; color=&#8221;purple&#8221; align=&#8221;left&#8221; i_type=&#8221;entypo&#8221; i_icon_entypo=&#8221;entypo-icon entypo-icon-doc-text&#8221; css_animation=&#8221;none&#8221; add_icon=&#8221;true&#8221; link=&#8221;url:https%3A%2F%2Fwww3.unicentro.br%2Fsantacruz%2Fwp-content%2Fuploads%2Fsites%2F90%2F2021%2F09%2FHorarios-DESEC-Secretariado-Executivo-2021-Guarapuava.pdf|title:Hor%C3%A1rios%20DESEC%20-%202021|target:_blank&#8221; css=&#8221;.vc_custom_1632492792128{background-color: #ffffff !important;}&#8221;][\/vc_column][\/vc_row]<\/p>\n<\/div>","protected":false},"excerpt":{"rendered":"<p>[vc_row][vc_column][vc_single_image image=&#8221;328&#8243; img_size=&#8221;750&#215;410&#8243; css_animation=&#8221;fadeInUp&#8221;][vc_column_text]O profissional de Secretariado Executivo trabalha diretamente com redes de assessorias executivas em abordagens empresariais, institucionais, intelectuais e sociais. O secret\u00e1rio executivo atua como elemento de integra\u00e7\u00e3o dos processos de informa\u00e7\u00e3o organizacional, gerenciamento de eventos, consultoria em \u00e1reas de assessoria e gest\u00e3o documental. O bacharel em Secretariado ainda pode atuar em assessorias [&hellip;]<\/p>\n","protected":false},"author":3,"featured_media":0,"parent":57,"menu_order":0,"comment_status":"closed","ping_status":"closed","template":"","meta":{"_exactmetrics_skip_tracking":false,"_exactmetrics_sitenote_active":false,"_exactmetrics_sitenote_note":"","_exactmetrics_sitenote_category":0,"footnotes":"","_links_to":"","_links_to_target":""},"class_list":["post-66","page","type-page","status-publish","hentry"],"publishpress_future_action":{"enabled":false,"date":"2026-04-17 01:25:52","action":"change-status","newStatus":"draft","terms":[],"taxonomy":"","extraData":[]},"publishpress_future_workflow_manual_trigger":{"enabledWorkflows":[]},"_links":{"self":[{"href":"https:\/\/www3.unicentro.br\/santacruz\/wp-json\/wp\/v2\/pages\/66","targetHints":{"allow":["GET"]}}],"collection":[{"href":"https:\/\/www3.unicentro.br\/santacruz\/wp-json\/wp\/v2\/pages"}],"about":[{"href":"https:\/\/www3.unicentro.br\/santacruz\/wp-json\/wp\/v2\/types\/page"}],"author":[{"embeddable":true,"href":"https:\/\/www3.unicentro.br\/santacruz\/wp-json\/wp\/v2\/users\/3"}],"replies":[{"embeddable":true,"href":"https:\/\/www3.unicentro.br\/santacruz\/wp-json\/wp\/v2\/comments?post=66"}],"version-history":[{"count":0,"href":"https:\/\/www3.unicentro.br\/santacruz\/wp-json\/wp\/v2\/pages\/66\/revisions"}],"up":[{"embeddable":true,"href":"https:\/\/www3.unicentro.br\/santacruz\/wp-json\/wp\/v2\/pages\/57"}],"wp:attachment":[{"href":"https:\/\/www3.unicentro.br\/santacruz\/wp-json\/wp\/v2\/media?parent=66"}],"curies":[{"name":"wp","href":"https:\/\/api.w.org\/{rel}","templated":true}]}}