{"id":659,"date":"2021-05-17T13:23:36","date_gmt":"2021-05-17T16:23:36","guid":{"rendered":"https:\/\/www3.unicentro.br\/santacruz\/?page_id=659"},"modified":"2024-09-16T10:56:23","modified_gmt":"2024-09-16T13:56:23","slug":"auditorio-francisco-contini","status":"publish","type":"page","link":"https:\/\/www3.unicentro.br\/santacruz\/servicos\/reserva\/auditorio-francisco-contini\/","title":{"rendered":"Audit\u00f3rio Francisco Contini"},"content":{"rendered":"<div class=\"wpb-content-wrapper\"><p>[vc_row][vc_column width=&#8221;2\/3&#8243;][vc_images_carousel images=&#8221;662,663,664,665,666,667&#8243; img_size=&#8221;700&#215;500&#8243; autoplay=&#8221;yes&#8221; css=&#8221;&#8221;][\/vc_column][vc_column width=&#8221;1\/4&#8243;][vc_column_text css=&#8221;&#8221;]<\/p>\n<p class=\"western\"><span style=\"font-family: Arial, sans-serif;color: #000000\"><span style=\"font-size: large\"><b>Localiza\u00e7\u00e3o: <\/b>Bloco A, T\u00e9rreo<\/span><\/span><\/p>\n<p class=\"western\"><span style=\"font-family: Arial, sans-serif;color: #000000\"><span style=\"font-size: large\"><b>C<\/b><b>apacidade: <\/b>500 assentos <\/span><\/span><\/p>\n<p class=\"western\"><span style=\"font-family: Arial, sans-serif;color: #000000\"><span style=\"font-size: large\"><b>\u00c1rea:<\/b> 350 m\u00b2 <\/span><\/span><\/p>\n<p class=\"western\"><span style=\"font-family: Arial, sans-serif;color: #000000\"><span style=\"font-size: large\"><strong>Recursos:<\/strong> equipamentos de som e ilumina\u00e7\u00e3o, projetor e dois microfones. <\/span><\/span><\/p>\n<p>\u00a0[\/vc_column_text][\/vc_column][\/vc_row]<\/p>\n<\/div>","protected":false},"excerpt":{"rendered":"<p>[vc_row][vc_column width=&#8221;2\/3&#8243;][vc_images_carousel images=&#8221;662,663,664,665,666,667&#8243; img_size=&#8221;700&#215;500&#8243; autoplay=&#8221;yes&#8221; css=&#8221;&#8221;][\/vc_column][vc_column width=&#8221;1\/4&#8243;][vc_column_text css=&#8221;&#8221;] Localiza\u00e7\u00e3o: Bloco A, T\u00e9rreo Capacidade: 500 assentos \u00c1rea: 350 m\u00b2 Recursos: equipamentos de som e ilumina\u00e7\u00e3o, projetor e dois microfones. \u00a0[\/vc_column_text][\/vc_column][\/vc_row]<\/p>\n","protected":false},"author":283,"featured_media":0,"parent":267,"menu_order":0,"comment_status":"closed","ping_status":"closed","template":"","meta":{"_exactmetrics_skip_tracking":false,"_exactmetrics_sitenote_active":false,"_exactmetrics_sitenote_note":"","_exactmetrics_sitenote_category":0,"footnotes":"","_links_to":"","_links_to_target":""},"class_list":["post-659","page","type-page","status-publish","hentry"],"publishpress_future_action":{"enabled":false,"date":"2026-04-17 15:09:35","action":"change-status","newStatus":"draft","terms":[],"taxonomy":"","extraData":[]},"publishpress_future_workflow_manual_trigger":{"enabledWorkflows":[]},"_links":{"self":[{"href":"https:\/\/www3.unicentro.br\/santacruz\/wp-json\/wp\/v2\/pages\/659","targetHints":{"allow":["GET"]}}],"collection":[{"href":"https:\/\/www3.unicentro.br\/santacruz\/wp-json\/wp\/v2\/pages"}],"about":[{"href":"https:\/\/www3.unicentro.br\/santacruz\/wp-json\/wp\/v2\/types\/page"}],"author":[{"embeddable":true,"href":"https:\/\/www3.unicentro.br\/santacruz\/wp-json\/wp\/v2\/users\/283"}],"replies":[{"embeddable":true,"href":"https:\/\/www3.unicentro.br\/santacruz\/wp-json\/wp\/v2\/comments?post=659"}],"version-history":[{"count":2,"href":"https:\/\/www3.unicentro.br\/santacruz\/wp-json\/wp\/v2\/pages\/659\/revisions"}],"predecessor-version":[{"id":1553,"href":"https:\/\/www3.unicentro.br\/santacruz\/wp-json\/wp\/v2\/pages\/659\/revisions\/1553"}],"up":[{"embeddable":true,"href":"https:\/\/www3.unicentro.br\/santacruz\/wp-json\/wp\/v2\/pages\/267"}],"wp:attachment":[{"href":"https:\/\/www3.unicentro.br\/santacruz\/wp-json\/wp\/v2\/media?parent=659"}],"curies":[{"name":"wp","href":"https:\/\/api.w.org\/{rel}","templated":true}]}}