{"id":64,"date":"2020-06-17T15:46:29","date_gmt":"2020-06-17T18:46:29","guid":{"rendered":"https:\/\/www3.unicentro.br\/santacruz\/?page_id=64"},"modified":"2024-09-16T11:35:56","modified_gmt":"2024-09-16T14:35:56","slug":"ciencias-economicas","status":"publish","type":"page","link":"https:\/\/www3.unicentro.br\/santacruz\/cursos\/sesa\/ciencias-economicas\/","title":{"rendered":"Ci\u00eancias Econ\u00f4micas"},"content":{"rendered":"<div class=\"wpb-content-wrapper\"><p>[vc_row][vc_column][vc_single_image image=&#8221;326&#8243; img_size=&#8221;750&#215;410&#8243; css_animation=&#8221;fadeInUp&#8221;][vc_column_text css_animation=&#8221;fadeInDown&#8221;]O Curso de Ci\u00eancias Econ\u00f4micas busca desenvolver profissionais com s\u00f3lido desenvolvimento da forma\u00e7\u00e3o cidad\u00e3, profissional e multidisciplinar. Al\u00e9m da s\u00f3lida forma\u00e7\u00e3o te\u00f3rica e em m\u00e9todos quantitativos, os acad\u00eamicos adquirem forma\u00e7\u00e3o em diversas \u00e1reas relacionadas a: desenvolvimento econ\u00f4mico e social, em n\u00edvel nacional e regional, finan\u00e7as p\u00fablicas, an\u00e1lises macro e microecon\u00f4micas, m\u00e9todos quantitativos, mercado de trabalho, economia de empresas e outras. Com base no pluralismo do pensamento econ\u00f4mico, o curso contribui para o desenvolvimento de profissionais com perfis bastante distintos. A atividade profissional do economista abrange organiza\u00e7\u00f5es p\u00fablicas e privadas. O campo de trabalho se desdobra em per\u00edcias judiciais e extrajudiciais, avalia\u00e7\u00f5es econ\u00f4micas e financeiras, auditorias, diagn\u00f3stico e planejamento socioecon\u00f4mico, proje\u00e7\u00e3o e an\u00e1lise econ\u00f4mico-financeira de investimentos e financiamentos de qualquer natureza, magist\u00e9rio, analista de rela\u00e7\u00f5es internacionais, consultoria independente, dentre outros, atuando em institui\u00e7\u00f5es financeiras, bancos, companhias de seguro, corretagem, empresas de consultoria e projetos, escolas, universidades, institutos, funda\u00e7\u00f5es e cooperativas.<\/p>\n<p><strong>DURA\u00c7\u00c3O:<\/strong> 4 anos<\/p>\n<p><strong>Coordena\u00e7\u00e3o do curso:\u00a0<\/strong>Prof\u00aa. Amarildo Hersen<\/p>\n<p><strong>Ramal:<\/strong><\/p>\n<p><strong>E-mail:<\/strong> amarildo@unicentro.br[\/vc_column_text][vc_btn title=&#8221;Matrizes e Ementas&#8221; style=&#8221;3d&#8221; color=&#8221;purple&#8221; align=&#8221;left&#8221; i_type=&#8221;entypo&#8221; i_icon_entypo=&#8221;entypo-icon entypo-icon-doc-text&#8221; css_animation=&#8221;none&#8221; add_icon=&#8221;true&#8221; link=&#8221;url:https%3A%2F%2Fwww3.unicentro.br%2Fproen%2Fcursos%2Fmatrizes-curriculares%2F%231536005254447-396bc438-b964|title:Matrizes%20e%20Ementas|target:%20_blank|&#8221; css=&#8221;.vc_custom_1595942842316{background-color: #ffffff !important;}&#8221;][\/vc_column][\/vc_row][vc_row][vc_column][vc_btn title=&#8221;Hor\u00e1rios DECON &#8211; 2021&#8243; style=&#8221;3d&#8221; color=&#8221;purple&#8221; align=&#8221;left&#8221; i_type=&#8221;entypo&#8221; i_icon_entypo=&#8221;entypo-icon entypo-icon-doc-text&#8221; css_animation=&#8221;none&#8221; add_icon=&#8221;true&#8221; link=&#8221;url:https%3A%2F%2Fwww3.unicentro.br%2Fsantacruz%2Fwp-content%2Fuploads%2Fsites%2F90%2F2021%2F09%2FHorarios-DECON-Ciencias-Economicas-2021-Guarapuava.pdf|title:Hor%C3%A1rios%20DECON%20-%202021|target:_blank&#8221; css=&#8221;.vc_custom_1632492694574{background-color: #ffffff !important;}&#8221;][\/vc_column][\/vc_row]<\/p>\n<\/div>","protected":false},"excerpt":{"rendered":"<p>[vc_row][vc_column][vc_single_image image=&#8221;326&#8243; img_size=&#8221;750&#215;410&#8243; css_animation=&#8221;fadeInUp&#8221;][vc_column_text css_animation=&#8221;fadeInDown&#8221;]O Curso de Ci\u00eancias Econ\u00f4micas busca desenvolver profissionais com s\u00f3lido desenvolvimento da forma\u00e7\u00e3o cidad\u00e3, profissional e multidisciplinar. Al\u00e9m da s\u00f3lida forma\u00e7\u00e3o te\u00f3rica e em m\u00e9todos quantitativos, os acad\u00eamicos adquirem forma\u00e7\u00e3o em diversas \u00e1reas relacionadas a: desenvolvimento econ\u00f4mico e social, em n\u00edvel nacional e regional, finan\u00e7as p\u00fablicas, an\u00e1lises macro e microecon\u00f4micas, m\u00e9todos [&hellip;]<\/p>\n","protected":false},"author":3,"featured_media":0,"parent":57,"menu_order":0,"comment_status":"closed","ping_status":"closed","template":"","meta":{"_exactmetrics_skip_tracking":false,"_exactmetrics_sitenote_active":false,"_exactmetrics_sitenote_note":"","_exactmetrics_sitenote_category":0,"footnotes":"","_links_to":"","_links_to_target":""},"class_list":["post-64","page","type-page","status-publish","hentry"],"publishpress_future_action":{"enabled":false,"date":"2026-04-17 01:24:31","action":"change-status","newStatus":"draft","terms":[],"taxonomy":"","extraData":[]},"publishpress_future_workflow_manual_trigger":{"enabledWorkflows":[]},"_links":{"self":[{"href":"https:\/\/www3.unicentro.br\/santacruz\/wp-json\/wp\/v2\/pages\/64","targetHints":{"allow":["GET"]}}],"collection":[{"href":"https:\/\/www3.unicentro.br\/santacruz\/wp-json\/wp\/v2\/pages"}],"about":[{"href":"https:\/\/www3.unicentro.br\/santacruz\/wp-json\/wp\/v2\/types\/page"}],"author":[{"embeddable":true,"href":"https:\/\/www3.unicentro.br\/santacruz\/wp-json\/wp\/v2\/users\/3"}],"replies":[{"embeddable":true,"href":"https:\/\/www3.unicentro.br\/santacruz\/wp-json\/wp\/v2\/comments?post=64"}],"version-history":[{"count":1,"href":"https:\/\/www3.unicentro.br\/santacruz\/wp-json\/wp\/v2\/pages\/64\/revisions"}],"predecessor-version":[{"id":1563,"href":"https:\/\/www3.unicentro.br\/santacruz\/wp-json\/wp\/v2\/pages\/64\/revisions\/1563"}],"up":[{"embeddable":true,"href":"https:\/\/www3.unicentro.br\/santacruz\/wp-json\/wp\/v2\/pages\/57"}],"wp:attachment":[{"href":"https:\/\/www3.unicentro.br\/santacruz\/wp-json\/wp\/v2\/media?parent=64"}],"curies":[{"name":"wp","href":"https:\/\/api.w.org\/{rel}","templated":true}]}}