{"id":61,"date":"2020-06-17T15:42:55","date_gmt":"2020-06-17T18:42:55","guid":{"rendered":"https:\/\/www3.unicentro.br\/santacruz\/?page_id=61"},"modified":"2021-09-24T11:10:25","modified_gmt":"2021-09-24T14:10:25","slug":"ciencias-contabeis","status":"publish","type":"page","link":"https:\/\/www3.unicentro.br\/santacruz\/cursos\/sesa\/ciencias-contabeis\/","title":{"rendered":"Ci\u00eancias Cont\u00e1beis"},"content":{"rendered":"<div class=\"wpb-content-wrapper\"><p>[vc_row][vc_column][vc_single_image image=&#8221;324&#8243; img_size=&#8221;712&#215;380&#8243; css_animation=&#8221;fadeInUp&#8221;][vc_column_text css_animation=&#8221;fadeInDown&#8221;]As Ci\u00eancias Cont\u00e1beis s\u00e3o uma atividade profissional de obrigatoriedade legal. Os profissionais de Ci\u00eancias Cont\u00e1beis buscam o aprimoramento empresarial por meio de sua constante organiza\u00e7\u00e3o interna. Por isso, o contador deve ter compet\u00eancia para ordenamento, escritura\u00e7\u00e3o, auditagem, consultoria, planejamento tribut\u00e1rio, levantamento de custos, forma\u00e7\u00e3o de pre\u00e7os, consultoria empresarial e magist\u00e9rio superior.<\/p>\n<p>Os contadores trabalham em empresas p\u00fablicas, privadas ou mistas de pequeno, m\u00e9dio e grande porte. Tamb\u00e9m atuam em empresas de contabilidade comercial, industrial e agropecu\u00e1ria, contabilidade p\u00fablica, ger\u00eancia de custos, auditoria cont\u00e1bil, per\u00edcia, an\u00e1lise de balan\u00e7os, controladoria e assessoria cont\u00e1bil.<\/p>\n<p><strong>Dura\u00e7\u00e3o:\u00a0<\/strong>4 anos<\/p>\n<p><strong>Coordena\u00e7\u00e3o do curso: <\/strong>Dr. Marcos Aur\u00e9lio Larson<\/p>\n<p><strong>Ramal:\u00a0<\/strong><\/p>\n<p><strong>E-mail:\u00a0<\/strong>mlarson@unicentro.br[\/vc_column_text][vc_btn title=&#8221;Matrizes e Ementas&#8221; style=&#8221;3d&#8221; color=&#8221;purple&#8221; align=&#8221;left&#8221; i_type=&#8221;entypo&#8221; i_icon_entypo=&#8221;entypo-icon entypo-icon-doc-text&#8221; css_animation=&#8221;none&#8221; add_icon=&#8221;true&#8221; link=&#8221;url:https%3A%2F%2Fwww3.unicentro.br%2Fproen%2Fcursos%2Fmatrizes-curriculares%2F%231536008872974-647e1a23-ea44|title:Matrizes%20e%20Ementas|target:%20_blank|&#8221; css=&#8221;.vc_custom_1595942008956{background-color: #ffffff !important;}&#8221;][\/vc_column][\/vc_row][vc_row][vc_column][vc_btn title=&#8221;Hor\u00e1rios DECIC &#8211; Manh\u00e3&#8221; style=&#8221;3d&#8221; color=&#8221;purple&#8221; align=&#8221;left&#8221; i_type=&#8221;entypo&#8221; i_icon_entypo=&#8221;entypo-icon entypo-icon-doc-text&#8221; css_animation=&#8221;none&#8221; add_icon=&#8221;true&#8221; link=&#8221;url:https%3A%2F%2Fwww3.unicentro.br%2Fsantacruz%2Fwp-content%2Fuploads%2Fsites%2F90%2F2021%2F09%2FHorarios-Manha-Ciencias-Contabeis-2021-Guarapuava.pdf|title:Hor%C3%A1rios%20DECIC%20-%20Manh%C3%A3|target:_blank&#8221; css=&#8221;.vc_custom_1632492586169{background-color: #ffffff !important;}&#8221;][vc_btn title=&#8221;Hor\u00e1rios DECIC &#8211; Noite&#8221; style=&#8221;3d&#8221; color=&#8221;purple&#8221; align=&#8221;left&#8221; i_type=&#8221;entypo&#8221; i_icon_entypo=&#8221;entypo-icon entypo-icon-doc-text&#8221; css_animation=&#8221;none&#8221; add_icon=&#8221;true&#8221; link=&#8221;url:https%3A%2F%2Fwww3.unicentro.br%2Fsantacruz%2Fwp-content%2Fuploads%2Fsites%2F90%2F2021%2F09%2FHorarios-Noite-Ciencias-Contabeis-2021.pdf|title:Hor%C3%A1rios%20DECIC%20-%20Noite|target:_blank&#8221; css=&#8221;.vc_custom_1632492621602{background-color: #ffffff !important;}&#8221;][\/vc_column][\/vc_row]<\/p>\n<\/div>","protected":false},"excerpt":{"rendered":"<p>[vc_row][vc_column][vc_single_image image=&#8221;324&#8243; img_size=&#8221;712&#215;380&#8243; css_animation=&#8221;fadeInUp&#8221;][vc_column_text css_animation=&#8221;fadeInDown&#8221;]As Ci\u00eancias Cont\u00e1beis s\u00e3o uma atividade profissional de obrigatoriedade legal. Os profissionais de Ci\u00eancias Cont\u00e1beis buscam o aprimoramento empresarial por meio de sua constante organiza\u00e7\u00e3o interna. Por isso, o contador deve ter compet\u00eancia para ordenamento, escritura\u00e7\u00e3o, auditagem, consultoria, planejamento tribut\u00e1rio, levantamento de custos, forma\u00e7\u00e3o de pre\u00e7os, consultoria empresarial e magist\u00e9rio superior. [&hellip;]<\/p>\n","protected":false},"author":3,"featured_media":0,"parent":57,"menu_order":0,"comment_status":"closed","ping_status":"closed","template":"","meta":{"_exactmetrics_skip_tracking":false,"_exactmetrics_sitenote_active":false,"_exactmetrics_sitenote_note":"","_exactmetrics_sitenote_category":0,"footnotes":"","_links_to":"","_links_to_target":""},"class_list":["post-61","page","type-page","status-publish","hentry"],"publishpress_future_action":{"enabled":false,"date":"2026-04-17 01:24:46","action":"change-status","newStatus":"draft","terms":[],"taxonomy":"","extraData":[]},"publishpress_future_workflow_manual_trigger":{"enabledWorkflows":[]},"_links":{"self":[{"href":"https:\/\/www3.unicentro.br\/santacruz\/wp-json\/wp\/v2\/pages\/61","targetHints":{"allow":["GET"]}}],"collection":[{"href":"https:\/\/www3.unicentro.br\/santacruz\/wp-json\/wp\/v2\/pages"}],"about":[{"href":"https:\/\/www3.unicentro.br\/santacruz\/wp-json\/wp\/v2\/types\/page"}],"author":[{"embeddable":true,"href":"https:\/\/www3.unicentro.br\/santacruz\/wp-json\/wp\/v2\/users\/3"}],"replies":[{"embeddable":true,"href":"https:\/\/www3.unicentro.br\/santacruz\/wp-json\/wp\/v2\/comments?post=61"}],"version-history":[{"count":0,"href":"https:\/\/www3.unicentro.br\/santacruz\/wp-json\/wp\/v2\/pages\/61\/revisions"}],"up":[{"embeddable":true,"href":"https:\/\/www3.unicentro.br\/santacruz\/wp-json\/wp\/v2\/pages\/57"}],"wp:attachment":[{"href":"https:\/\/www3.unicentro.br\/santacruz\/wp-json\/wp\/v2\/media?parent=61"}],"curies":[{"name":"wp","href":"https:\/\/api.w.org\/{rel}","templated":true}]}}