{"id":55,"date":"2020-06-17T15:42:05","date_gmt":"2020-06-17T18:42:05","guid":{"rendered":"https:\/\/www3.unicentro.br\/santacruz\/?page_id=55"},"modified":"2021-10-15T14:06:22","modified_gmt":"2021-10-15T17:06:22","slug":"publicidade-e-propaganda","status":"publish","type":"page","link":"https:\/\/www3.unicentro.br\/santacruz\/cursos\/sehla\/publicidade-e-propaganda\/","title":{"rendered":"Publicidade e Propaganda"},"content":{"rendered":"<div class=\"wpb-content-wrapper\"><p>[vc_row][vc_column][vc_single_image image=&#8221;312&#8243; img_size=&#8221;751&#215;411&#8243; css_animation=&#8221;fadeInUp&#8221;][\/vc_column][\/vc_row][vc_row][vc_column][vc_column_text css_animation=&#8221;fadeInDown&#8221;]O publicit\u00e1rio desenvolve e aplica t\u00e9cnicas de pesquisa, planejamento e cria\u00e7\u00e3o de campanhas voltadas aos Meios de Comunica\u00e7\u00e3o, para formar opini\u00e3o sobre um determinado produto, servi\u00e7o, institui\u00e7\u00e3o ou ideia. O aluno deve ter facilidade de express\u00e3o oral e escrita, imagina\u00e7\u00e3o e criatividade, curiosidade para a compreens\u00e3o do comportamento das pessoas e grupos sociais, bem como suas tend\u00eancias e aspira\u00e7\u00f5es. Disposi\u00e7\u00e3o para manter-se atualizado em todas as \u00e1reas.<\/p>\n<p><strong>Dura\u00e7\u00e3o:\u00a0<\/strong>4 anos<\/p>\n<p><strong>Chefe de departamento:\u00a0<\/strong>Prof. Edgard Cesar Melech<\/p>\n<p><strong>Ramal:<\/strong>\u00a01088<\/p>\n<p><strong>E-mail:\u00a0<\/strong>edgardmelech@gmail.com[\/vc_column_text][\/vc_column][\/vc_row][vc_row][vc_column][vc_btn title=&#8221;Matrizes e Ementas&#8221; style=&#8221;3d&#8221; color=&#8221;purple&#8221; align=&#8221;left&#8221; i_type=&#8221;entypo&#8221; i_icon_entypo=&#8221;entypo-icon entypo-icon-doc-text&#8221; css_animation=&#8221;none&#8221; add_icon=&#8221;true&#8221; link=&#8221;url:https%3A%2F%2Fwww3.unicentro.br%2Fproen%2Fcursos%2Fmatrizes-curriculares%2F%231536004942266-c455f9a3-ab03|title:Matrizes%20e%20Ementas|target:%20_blank|&#8221; css=&#8221;.vc_custom_1595860279374{background-color: #ffffff !important;}&#8221;][vc_btn title=&#8221;Hor\u00e1rios DECS Publicidade e Propaganda &#8211; 2021&#8243; style=&#8221;3d&#8221; color=&#8221;purple&#8221; align=&#8221;left&#8221; i_type=&#8221;entypo&#8221; i_icon_entypo=&#8221;entypo-icon entypo-icon-doc-text&#8221; css_animation=&#8221;none&#8221; add_icon=&#8221;true&#8221; link=&#8221;url:https%3A%2F%2Fwww3.unicentro.br%2Fsantacruz%2Fwp-content%2Fuploads%2Fsites%2F90%2F2021%2F10%2FDECS-PP-Integral.pdf|title:Hor%C3%A1rios%20DECS%20Publicidade%20e%20Propaganda%20-%202021|target:_blank&#8221; css=&#8221;.vc_custom_1634317578642{background-color: #ffffff !important;}&#8221;][\/vc_column][\/vc_row]<\/p>\n<\/div>","protected":false},"excerpt":{"rendered":"<p>[vc_row][vc_column][vc_single_image image=&#8221;312&#8243; img_size=&#8221;751&#215;411&#8243; css_animation=&#8221;fadeInUp&#8221;][\/vc_column][\/vc_row][vc_row][vc_column][vc_column_text css_animation=&#8221;fadeInDown&#8221;]O publicit\u00e1rio desenvolve e aplica t\u00e9cnicas de pesquisa, planejamento e cria\u00e7\u00e3o de campanhas voltadas aos Meios de Comunica\u00e7\u00e3o, para formar opini\u00e3o sobre um determinado produto, servi\u00e7o, institui\u00e7\u00e3o ou ideia. O aluno deve ter facilidade de express\u00e3o oral e escrita, imagina\u00e7\u00e3o e criatividade, curiosidade para a compreens\u00e3o do comportamento das pessoas e [&hellip;]<\/p>\n","protected":false},"author":3,"featured_media":0,"parent":39,"menu_order":0,"comment_status":"closed","ping_status":"closed","template":"","meta":{"_exactmetrics_skip_tracking":false,"_exactmetrics_sitenote_active":false,"_exactmetrics_sitenote_note":"","_exactmetrics_sitenote_category":0,"footnotes":"","_links_to":"","_links_to_target":""},"class_list":["post-55","page","type-page","status-publish","hentry"],"publishpress_future_action":{"enabled":false,"date":"2026-04-17 01:24:36","action":"change-status","newStatus":"draft","terms":[],"taxonomy":"","extraData":[]},"publishpress_future_workflow_manual_trigger":{"enabledWorkflows":[]},"_links":{"self":[{"href":"https:\/\/www3.unicentro.br\/santacruz\/wp-json\/wp\/v2\/pages\/55","targetHints":{"allow":["GET"]}}],"collection":[{"href":"https:\/\/www3.unicentro.br\/santacruz\/wp-json\/wp\/v2\/pages"}],"about":[{"href":"https:\/\/www3.unicentro.br\/santacruz\/wp-json\/wp\/v2\/types\/page"}],"author":[{"embeddable":true,"href":"https:\/\/www3.unicentro.br\/santacruz\/wp-json\/wp\/v2\/users\/3"}],"replies":[{"embeddable":true,"href":"https:\/\/www3.unicentro.br\/santacruz\/wp-json\/wp\/v2\/comments?post=55"}],"version-history":[{"count":0,"href":"https:\/\/www3.unicentro.br\/santacruz\/wp-json\/wp\/v2\/pages\/55\/revisions"}],"up":[{"embeddable":true,"href":"https:\/\/www3.unicentro.br\/santacruz\/wp-json\/wp\/v2\/pages\/39"}],"wp:attachment":[{"href":"https:\/\/www3.unicentro.br\/santacruz\/wp-json\/wp\/v2\/media?parent=55"}],"curies":[{"name":"wp","href":"https:\/\/api.w.org\/{rel}","templated":true}]}}