{"id":53,"date":"2020-06-17T15:41:51","date_gmt":"2020-06-17T18:41:51","guid":{"rendered":"https:\/\/www3.unicentro.br\/santacruz\/?page_id=53"},"modified":"2021-10-15T14:05:03","modified_gmt":"2021-10-15T17:05:03","slug":"pedagogia","status":"publish","type":"page","link":"https:\/\/www3.unicentro.br\/santacruz\/cursos\/sehla\/pedagogia\/","title":{"rendered":"Pedagogia"},"content":{"rendered":"<div class=\"wpb-content-wrapper\"><p>[vc_row][vc_column][vc_single_image image=&#8221;310&#8243; img_size=&#8221;750&#215;410&#8243; css_animation=&#8221;fadeInUp&#8221;][\/vc_column][\/vc_row][vc_row][vc_column][vc_column_text css_animation=&#8221;fadeInDown&#8221;]O pedagogo administra, gerencia e orienta a aplica\u00e7\u00e3o de m\u00e9todos did\u00e1ticos que apresentem maior efic\u00e1cia no ensino-aprendizagem. O Curso est\u00e1 voltado para a forma\u00e7\u00e3o de docentes com a finalidade de atua\u00e7\u00e3o em escolas de educa\u00e7\u00e3o infantil, de Ensino Fundamental e M\u00e9dio, bem como Ensino Superior e, ainda, para atuar na gest\u00e3o escolar em institui\u00e7\u00f5es escolares e n\u00e3o escolares.<\/p>\n<p><strong>Dura\u00e7\u00e3o:\u00a0<\/strong>4 anos<\/p>\n<p><strong>Chefe de departamento:\u00a0<\/strong>Prof. Aur\u00e9lio Bona Junior<\/p>\n<p><strong>Ramal:\u00a0<\/strong>1057<\/p>\n<p><strong>E-mail:\u00a0<\/strong>profaureliobona@gmail.com \/ aureliobona@unicentro.br[\/vc_column_text][\/vc_column][\/vc_row][vc_row][vc_column][vc_btn title=&#8221;Matrizes e Ementas&#8221; style=&#8221;3d&#8221; color=&#8221;purple&#8221; align=&#8221;left&#8221; i_type=&#8221;entypo&#8221; i_icon_entypo=&#8221;entypo-icon entypo-icon-doc-text&#8221; css_animation=&#8221;none&#8221; add_icon=&#8221;true&#8221; link=&#8221;url:https%3A%2F%2Fwww3.unicentro.br%2Fproen%2Fcursos%2Fmatrizes-curriculares%2F%231537484632232-4b76e08b-0c47|title:Matrizes%20e%20Ementas|target:%20_blank|&#8221; css=&#8221;.vc_custom_1595860098837{background-color: #ffffff !important;}&#8221;][vc_btn title=&#8221;Hor\u00e1rios DEPED &#8211; Manh\u00e3&#8221; style=&#8221;3d&#8221; color=&#8221;purple&#8221; align=&#8221;left&#8221; i_type=&#8221;entypo&#8221; i_icon_entypo=&#8221;entypo-icon entypo-icon-doc-text&#8221; css_animation=&#8221;none&#8221; add_icon=&#8221;true&#8221; link=&#8221;url:https%3A%2F%2Fwww3.unicentro.br%2Fsantacruz%2Fwp-content%2Fuploads%2Fsites%2F90%2F2021%2F10%2FDEPED-Manha.pdf|title:Hor%C3%A1rios%20DEPED%20-%20Manh%C3%A3|target:_blank&#8221; css=&#8221;.vc_custom_1634317458880{background-color: #ffffff !important;}&#8221;][vc_btn title=&#8221;Hor\u00e1rios DEPED &#8211; Noite&#8221; style=&#8221;3d&#8221; color=&#8221;purple&#8221; align=&#8221;left&#8221; i_type=&#8221;entypo&#8221; i_icon_entypo=&#8221;entypo-icon entypo-icon-doc-text&#8221; css_animation=&#8221;none&#8221; add_icon=&#8221;true&#8221; link=&#8221;url:https%3A%2F%2Fwww3.unicentro.br%2Fsantacruz%2Fwp-content%2Fuploads%2Fsites%2F90%2F2021%2F10%2FDEPED-Noite.pdf|title:Hor%C3%A1rios%20DEPED%20-%20Noite|target:_blank&#8221; css=&#8221;.vc_custom_1634317498905{background-color: #ffffff !important;}&#8221;][\/vc_column][\/vc_row]<\/p>\n<\/div>","protected":false},"excerpt":{"rendered":"<p>[vc_row][vc_column][vc_single_image image=&#8221;310&#8243; img_size=&#8221;750&#215;410&#8243; css_animation=&#8221;fadeInUp&#8221;][\/vc_column][\/vc_row][vc_row][vc_column][vc_column_text css_animation=&#8221;fadeInDown&#8221;]O pedagogo administra, gerencia e orienta a aplica\u00e7\u00e3o de m\u00e9todos did\u00e1ticos que apresentem maior efic\u00e1cia no ensino-aprendizagem. O Curso est\u00e1 voltado para a forma\u00e7\u00e3o de docentes com a finalidade de atua\u00e7\u00e3o em escolas de educa\u00e7\u00e3o infantil, de Ensino Fundamental e M\u00e9dio, bem como Ensino Superior e, ainda, para atuar na gest\u00e3o [&hellip;]<\/p>\n","protected":false},"author":3,"featured_media":0,"parent":39,"menu_order":0,"comment_status":"closed","ping_status":"closed","template":"","meta":{"_exactmetrics_skip_tracking":false,"_exactmetrics_sitenote_active":false,"_exactmetrics_sitenote_note":"","_exactmetrics_sitenote_category":0,"footnotes":"","_links_to":"","_links_to_target":""},"class_list":["post-53","page","type-page","status-publish","hentry"],"publishpress_future_action":{"enabled":false,"date":"2026-04-17 01:24:31","action":"change-status","newStatus":"draft","terms":[],"taxonomy":"","extraData":[]},"publishpress_future_workflow_manual_trigger":{"enabledWorkflows":[]},"_links":{"self":[{"href":"https:\/\/www3.unicentro.br\/santacruz\/wp-json\/wp\/v2\/pages\/53","targetHints":{"allow":["GET"]}}],"collection":[{"href":"https:\/\/www3.unicentro.br\/santacruz\/wp-json\/wp\/v2\/pages"}],"about":[{"href":"https:\/\/www3.unicentro.br\/santacruz\/wp-json\/wp\/v2\/types\/page"}],"author":[{"embeddable":true,"href":"https:\/\/www3.unicentro.br\/santacruz\/wp-json\/wp\/v2\/users\/3"}],"replies":[{"embeddable":true,"href":"https:\/\/www3.unicentro.br\/santacruz\/wp-json\/wp\/v2\/comments?post=53"}],"version-history":[{"count":0,"href":"https:\/\/www3.unicentro.br\/santacruz\/wp-json\/wp\/v2\/pages\/53\/revisions"}],"up":[{"embeddable":true,"href":"https:\/\/www3.unicentro.br\/santacruz\/wp-json\/wp\/v2\/pages\/39"}],"wp:attachment":[{"href":"https:\/\/www3.unicentro.br\/santacruz\/wp-json\/wp\/v2\/media?parent=53"}],"curies":[{"name":"wp","href":"https:\/\/api.w.org\/{rel}","templated":true}]}}