{"id":47,"date":"2020-06-17T15:40:08","date_gmt":"2020-06-17T18:40:08","guid":{"rendered":"https:\/\/www3.unicentro.br\/santacruz\/?page_id=47"},"modified":"2021-10-15T14:00:29","modified_gmt":"2021-10-15T17:00:29","slug":"jornalismo","status":"publish","type":"page","link":"https:\/\/www3.unicentro.br\/santacruz\/cursos\/sehla\/jornalismo\/","title":{"rendered":"Jornalismo"},"content":{"rendered":"<div class=\"wpb-content-wrapper\"><p>[vc_row][vc_column][vc_single_image image=&#8221;303&#8243; img_size=&#8221;750&#215;410&#8243; css_animation=&#8221;fadeInUp&#8221;][\/vc_column][\/vc_row][vc_row][vc_column][vc_column_text css_animation=&#8221;fadeInDown&#8221;]O Jornalismo transmite uma ideia ou fato em forma de mat\u00e9ria informativa ao leitor, ouvinte, telespectador e internauta. Exige caracter\u00edsticas pessoais b\u00e1sicas, como a facilidade de express\u00e3o oral e escrita, a capacidade de dedu\u00e7\u00e3o e racioc\u00ednio, o esp\u00edrito observador e cr\u00edtico, boa bagagem cultural, disposi\u00e7\u00e3o para investiga\u00e7\u00e3o e sensibilidade para aprender e relatar situa\u00e7\u00f5es.<\/p>\n<p><strong>Dura\u00e7\u00e3o<\/strong>: 4 anos<\/p>\n<p><strong>Chefe de departamento:\u00a0<\/strong>Prof. Edgard Cesar Melech<\/p>\n<p><strong>Ramal:\u00a0<\/strong>1088<\/p>\n<p><strong>E-mail:\u00a0<\/strong>edgardmelech@gmail.com[\/vc_column_text][\/vc_column][\/vc_row][vc_row][vc_column][vc_btn title=&#8221;Matrizes e Ementas&#8221; style=&#8221;3d&#8221; color=&#8221;purple&#8221; align=&#8221;left&#8221; i_type=&#8221;entypo&#8221; i_icon_entypo=&#8221;entypo-icon entypo-icon-doc-text&#8221; css_animation=&#8221;none&#8221; add_icon=&#8221;true&#8221; link=&#8221;url:https%3A%2F%2Fwww3.unicentro.br%2Fproen%2Fcursos%2Fmatrizes-curriculares%2F%231536184883108-7141fa21-5045|title:Matrizes%20e%20Ementas|target:%20_blank|&#8221; css=&#8221;.vc_custom_1595859538023{background-color: #ffffff !important;}&#8221;][vc_btn title=&#8221;Hor\u00e1rios DECS Jornalismo &#8211; 2021&#8243; style=&#8221;3d&#8221; color=&#8221;purple&#8221; align=&#8221;left&#8221; i_type=&#8221;entypo&#8221; i_icon_entypo=&#8221;entypo-icon entypo-icon-doc-text&#8221; css_animation=&#8221;none&#8221; add_icon=&#8221;true&#8221; link=&#8221;url:https%3A%2F%2Fwww3.unicentro.br%2Fsantacruz%2Fwp-content%2Fuploads%2Fsites%2F90%2F2021%2F10%2FDECS-Jor-Integral.pdf|title:Hor%C3%A1rios%20DECS%20Jornalismo%20-%202021|target:_blank&#8221; css=&#8221;.vc_custom_1634317222663{background-color: #ffffff !important;}&#8221;][\/vc_column][\/vc_row]<\/p>\n<\/div>","protected":false},"excerpt":{"rendered":"<p>[vc_row][vc_column][vc_single_image image=&#8221;303&#8243; img_size=&#8221;750&#215;410&#8243; css_animation=&#8221;fadeInUp&#8221;][\/vc_column][\/vc_row][vc_row][vc_column][vc_column_text css_animation=&#8221;fadeInDown&#8221;]O Jornalismo transmite uma ideia ou fato em forma de mat\u00e9ria informativa ao leitor, ouvinte, telespectador e internauta. Exige caracter\u00edsticas pessoais b\u00e1sicas, como a facilidade de express\u00e3o oral e escrita, a capacidade de dedu\u00e7\u00e3o e racioc\u00ednio, o esp\u00edrito observador e cr\u00edtico, boa bagagem cultural, disposi\u00e7\u00e3o para investiga\u00e7\u00e3o e sensibilidade para aprender [&hellip;]<\/p>\n","protected":false},"author":3,"featured_media":0,"parent":39,"menu_order":0,"comment_status":"closed","ping_status":"closed","template":"","meta":{"_exactmetrics_skip_tracking":false,"_exactmetrics_sitenote_active":false,"_exactmetrics_sitenote_note":"","_exactmetrics_sitenote_category":0,"footnotes":"","_links_to":"","_links_to_target":""},"class_list":["post-47","page","type-page","status-publish","hentry"],"publishpress_future_action":{"enabled":false,"date":"2026-04-17 01:24:36","action":"change-status","newStatus":"draft","terms":[],"taxonomy":"","extraData":[]},"publishpress_future_workflow_manual_trigger":{"enabledWorkflows":[]},"_links":{"self":[{"href":"https:\/\/www3.unicentro.br\/santacruz\/wp-json\/wp\/v2\/pages\/47","targetHints":{"allow":["GET"]}}],"collection":[{"href":"https:\/\/www3.unicentro.br\/santacruz\/wp-json\/wp\/v2\/pages"}],"about":[{"href":"https:\/\/www3.unicentro.br\/santacruz\/wp-json\/wp\/v2\/types\/page"}],"author":[{"embeddable":true,"href":"https:\/\/www3.unicentro.br\/santacruz\/wp-json\/wp\/v2\/users\/3"}],"replies":[{"embeddable":true,"href":"https:\/\/www3.unicentro.br\/santacruz\/wp-json\/wp\/v2\/comments?post=47"}],"version-history":[{"count":0,"href":"https:\/\/www3.unicentro.br\/santacruz\/wp-json\/wp\/v2\/pages\/47\/revisions"}],"up":[{"embeddable":true,"href":"https:\/\/www3.unicentro.br\/santacruz\/wp-json\/wp\/v2\/pages\/39"}],"wp:attachment":[{"href":"https:\/\/www3.unicentro.br\/santacruz\/wp-json\/wp\/v2\/media?parent=47"}],"curies":[{"name":"wp","href":"https:\/\/api.w.org\/{rel}","templated":true}]}}