{"id":43,"date":"2020-06-17T15:39:45","date_gmt":"2020-06-17T18:39:45","guid":{"rendered":"https:\/\/www3.unicentro.br\/santacruz\/?page_id=43"},"modified":"2021-10-15T14:00:42","modified_gmt":"2021-10-15T17:00:42","slug":"filosofia","status":"publish","type":"page","link":"https:\/\/www3.unicentro.br\/santacruz\/cursos\/sehla\/filosofia\/","title":{"rendered":"Filosofia"},"content":{"rendered":"<div class=\"wpb-content-wrapper\"><p>[vc_row][vc_column][vc_single_image image=&#8221;290&#8243; img_size=&#8221;750&#215;410&#8243; css_animation=&#8221;fadeInUp&#8221;][\/vc_column][\/vc_row][vc_row][vc_column][vc_column_text css_animation=&#8221;fadeInDown&#8221;]Licenciatura de car\u00e1ter human\u00edstico que valoriza o autoconhecimento, a rela\u00e7\u00e3o com o outro, a consci\u00eancia \u00e9tica, o desenvolvimento pessoal e objetiva a forma\u00e7\u00e3o de professores de filosofia. Caracteriza-se pela reflex\u00e3o cr\u00edtica, a fim de compreender os fundamentos da realidade e das quest\u00f5es que constituem o corpo do pensamento filos\u00f3fico ao longo de toda hist\u00f3ria. Faz parte da forma\u00e7\u00e3o da experi\u00eancia investigativa, a pesquisa, a an\u00e1lise, a discuss\u00e3o e a constru\u00e7\u00e3o de um pensamento aut\u00f4nomo.<\/p>\n<p><strong>Dura\u00e7\u00e3o<\/strong>: 4 anos<\/p>\n<p><strong>Chefe de departamento: \u00a0<\/strong>Prof. Gilmar Evandro Szczepanik<\/p>\n<p><strong>Ramal:\u00a0<\/strong>1097<\/p>\n<p><strong>E-mail:\u00a0<\/strong>gilmarevandro@unicentro.br[\/vc_column_text][\/vc_column][\/vc_row][vc_row][vc_column][vc_btn title=&#8221;Matrizes e Ementas&#8221; style=&#8221;3d&#8221; color=&#8221;purple&#8221; align=&#8221;left&#8221; i_type=&#8221;entypo&#8221; i_icon_entypo=&#8221;entypo-icon entypo-icon-doc-text&#8221; css_animation=&#8221;none&#8221; add_icon=&#8221;true&#8221; link=&#8221;url:https%3A%2F%2Fwww3.unicentro.br%2Fproen%2Fcursos%2Fmatrizes-curriculares%2F%231536183192393-ec973963-5a8f|title:Matrizes%20e%20Ementas|target:%20_blank|&#8221; css=&#8221;.vc_custom_1595859285942{background-color: #ffffff !important;}&#8221;][vc_btn title=&#8221;Hor\u00e1rios DEFIL &#8211; Noite&#8221; style=&#8221;3d&#8221; color=&#8221;purple&#8221; align=&#8221;left&#8221; i_type=&#8221;entypo&#8221; i_icon_entypo=&#8221;entypo-icon entypo-icon-doc-text&#8221; css_animation=&#8221;none&#8221; add_icon=&#8221;true&#8221; link=&#8221;url:https%3A%2F%2Fwww3.unicentro.br%2Fsantacruz%2Fwp-content%2Fuploads%2Fsites%2F90%2F2021%2F10%2FDEFIL-Noite.pdf|title:Hor%C3%A1rios%20DEFIL%20-%20Noite|target:_blank&#8221; css=&#8221;.vc_custom_1634316903091{background-color: #ffffff !important;}&#8221;][\/vc_column][\/vc_row]<\/p>\n<\/div>","protected":false},"excerpt":{"rendered":"<p>[vc_row][vc_column][vc_single_image image=&#8221;290&#8243; img_size=&#8221;750&#215;410&#8243; css_animation=&#8221;fadeInUp&#8221;][\/vc_column][\/vc_row][vc_row][vc_column][vc_column_text css_animation=&#8221;fadeInDown&#8221;]Licenciatura de car\u00e1ter human\u00edstico que valoriza o autoconhecimento, a rela\u00e7\u00e3o com o outro, a consci\u00eancia \u00e9tica, o desenvolvimento pessoal e objetiva a forma\u00e7\u00e3o de professores de filosofia. Caracteriza-se pela reflex\u00e3o cr\u00edtica, a fim de compreender os fundamentos da realidade e das quest\u00f5es que constituem o corpo do pensamento filos\u00f3fico ao longo [&hellip;]<\/p>\n","protected":false},"author":3,"featured_media":0,"parent":39,"menu_order":0,"comment_status":"closed","ping_status":"closed","template":"","meta":{"_exactmetrics_skip_tracking":false,"_exactmetrics_sitenote_active":false,"_exactmetrics_sitenote_note":"","_exactmetrics_sitenote_category":0,"footnotes":"","_links_to":"","_links_to_target":""},"class_list":["post-43","page","type-page","status-publish","hentry"],"publishpress_future_action":{"enabled":false,"date":"2026-04-16 23:52:03","action":"change-status","newStatus":"draft","terms":[],"taxonomy":"","extraData":[]},"publishpress_future_workflow_manual_trigger":{"enabledWorkflows":[]},"_links":{"self":[{"href":"https:\/\/www3.unicentro.br\/santacruz\/wp-json\/wp\/v2\/pages\/43","targetHints":{"allow":["GET"]}}],"collection":[{"href":"https:\/\/www3.unicentro.br\/santacruz\/wp-json\/wp\/v2\/pages"}],"about":[{"href":"https:\/\/www3.unicentro.br\/santacruz\/wp-json\/wp\/v2\/types\/page"}],"author":[{"embeddable":true,"href":"https:\/\/www3.unicentro.br\/santacruz\/wp-json\/wp\/v2\/users\/3"}],"replies":[{"embeddable":true,"href":"https:\/\/www3.unicentro.br\/santacruz\/wp-json\/wp\/v2\/comments?post=43"}],"version-history":[{"count":0,"href":"https:\/\/www3.unicentro.br\/santacruz\/wp-json\/wp\/v2\/pages\/43\/revisions"}],"up":[{"embeddable":true,"href":"https:\/\/www3.unicentro.br\/santacruz\/wp-json\/wp\/v2\/pages\/39"}],"wp:attachment":[{"href":"https:\/\/www3.unicentro.br\/santacruz\/wp-json\/wp\/v2\/media?parent=43"}],"curies":[{"name":"wp","href":"https:\/\/api.w.org\/{rel}","templated":true}]}}