{"id":41,"date":"2020-06-17T15:39:35","date_gmt":"2020-06-17T18:39:35","guid":{"rendered":"https:\/\/www3.unicentro.br\/santacruz\/?page_id=41"},"modified":"2021-10-15T13:52:06","modified_gmt":"2021-10-15T16:52:06","slug":"arte","status":"publish","type":"page","link":"https:\/\/www3.unicentro.br\/santacruz\/cursos\/sehla\/arte\/","title":{"rendered":"Arte"},"content":{"rendered":"<div class=\"wpb-content-wrapper\"><p>[vc_row][vc_column][vc_single_image image=&#8221;287&#8243; img_size=&#8221;750&#215;410&#8243; css_animation=&#8221;fadeInUp&#8221;][\/vc_column][\/vc_row][vc_row][vc_column][vc_column_text css_animation=&#8221;fadeInDown&#8221;]O objetivo do curso de licenciatura em Arte \u00e9 de habilitar profissionais para atuarem na doc\u00eancia, na produ\u00e7\u00e3o e na pesquisa em Arte por meio do constructo do exerc\u00edcio art\u00edstico, possibilitando a ampla atua\u00e7\u00e3o intelectual e art\u00edstica.<\/p>\n<p><strong>DURA\u00c7\u00c3O:<\/strong>\u00a04 anos<\/p>\n<p><strong>Coordena\u00e7\u00e3o do curso:\u00a0<\/strong>Prof\u00aa Daiane Solange Stoeberl da Cunha<\/p>\n<p><strong>Ramal:\u00a0<\/strong>1308<\/p>\n<p><strong>E-mail:\u00a0<\/strong>daianes@gmail.com[\/vc_column_text][\/vc_column][\/vc_row][vc_row][vc_column][vc_btn title=&#8221;Matrizes e Ementas&#8221; style=&#8221;3d&#8221; color=&#8221;purple&#8221; align=&#8221;left&#8221; i_type=&#8221;entypo&#8221; i_icon_entypo=&#8221;entypo-icon entypo-icon-doc-text&#8221; css_animation=&#8221;none&#8221; add_icon=&#8221;true&#8221; link=&#8221;url:https%3A%2F%2Fwww3.unicentro.br%2Fproen%2Fcursos%2Fmatrizes-curriculares%2F%231535135405159-8932f1de-183c|title:Matrizes%20e%20Ementas|target:%20_blank|&#8221; css=&#8221;.vc_custom_1595859115431{background-color: #ffffff !important;}&#8221;][vc_btn title=&#8221;Hor\u00e1rios DEART &#8211; 2021&#8243; style=&#8221;3d&#8221; color=&#8221;purple&#8221; align=&#8221;left&#8221; i_type=&#8221;entypo&#8221; i_icon_entypo=&#8221;entypo-icon entypo-icon-doc-text&#8221; css_animation=&#8221;none&#8221; add_icon=&#8221;true&#8221; link=&#8221;url:https%3A%2F%2Fwww3.unicentro.br%2Fsantacruz%2Fwp-content%2Fuploads%2Fsites%2F90%2F2021%2F10%2FDEART-Anual.pdf|title:Hor%C3%A1rios%20DEART|target:_blank&#8221; css=&#8221;.vc_custom_1634316622732{background-color: #ffffff !important;}&#8221;][\/vc_column][\/vc_row]<\/p>\n<\/div>","protected":false},"excerpt":{"rendered":"<p>[vc_row][vc_column][vc_single_image image=&#8221;287&#8243; img_size=&#8221;750&#215;410&#8243; css_animation=&#8221;fadeInUp&#8221;][\/vc_column][\/vc_row][vc_row][vc_column][vc_column_text css_animation=&#8221;fadeInDown&#8221;]O objetivo do curso de licenciatura em Arte \u00e9 de habilitar profissionais para atuarem na doc\u00eancia, na produ\u00e7\u00e3o e na pesquisa em Arte por meio do constructo do exerc\u00edcio art\u00edstico, possibilitando a ampla atua\u00e7\u00e3o intelectual e art\u00edstica. DURA\u00c7\u00c3O:\u00a04 anos Coordena\u00e7\u00e3o do curso:\u00a0Prof\u00aa Daiane Solange Stoeberl da Cunha Ramal:\u00a01308 E-mail:\u00a0daianes@gmail.com[\/vc_column_text][\/vc_column][\/vc_row][vc_row][vc_column][vc_btn title=&#8221;Matrizes e [&hellip;]<\/p>\n","protected":false},"author":3,"featured_media":0,"parent":39,"menu_order":0,"comment_status":"closed","ping_status":"closed","template":"","meta":{"_exactmetrics_skip_tracking":false,"_exactmetrics_sitenote_active":false,"_exactmetrics_sitenote_note":"","_exactmetrics_sitenote_category":0,"footnotes":"","_links_to":"","_links_to_target":""},"class_list":["post-41","page","type-page","status-publish","hentry"],"publishpress_future_action":{"enabled":false,"date":"2026-04-16 23:49:38","action":"change-status","newStatus":"draft","terms":[],"taxonomy":"","extraData":[]},"publishpress_future_workflow_manual_trigger":{"enabledWorkflows":[]},"_links":{"self":[{"href":"https:\/\/www3.unicentro.br\/santacruz\/wp-json\/wp\/v2\/pages\/41","targetHints":{"allow":["GET"]}}],"collection":[{"href":"https:\/\/www3.unicentro.br\/santacruz\/wp-json\/wp\/v2\/pages"}],"about":[{"href":"https:\/\/www3.unicentro.br\/santacruz\/wp-json\/wp\/v2\/types\/page"}],"author":[{"embeddable":true,"href":"https:\/\/www3.unicentro.br\/santacruz\/wp-json\/wp\/v2\/users\/3"}],"replies":[{"embeddable":true,"href":"https:\/\/www3.unicentro.br\/santacruz\/wp-json\/wp\/v2\/comments?post=41"}],"version-history":[{"count":0,"href":"https:\/\/www3.unicentro.br\/santacruz\/wp-json\/wp\/v2\/pages\/41\/revisions"}],"up":[{"embeddable":true,"href":"https:\/\/www3.unicentro.br\/santacruz\/wp-json\/wp\/v2\/pages\/39"}],"wp:attachment":[{"href":"https:\/\/www3.unicentro.br\/santacruz\/wp-json\/wp\/v2\/media?parent=41"}],"curies":[{"name":"wp","href":"https:\/\/api.w.org\/{rel}","templated":true}]}}