{"id":39,"date":"2020-06-17T15:39:25","date_gmt":"2020-06-17T18:39:25","guid":{"rendered":"https:\/\/www3.unicentro.br\/santacruz\/?page_id=39"},"modified":"2024-07-22T10:17:18","modified_gmt":"2024-07-22T13:17:18","slug":"sehla","status":"publish","type":"page","link":"https:\/\/www3.unicentro.br\/santacruz\/cursos\/sehla\/","title":{"rendered":"Humanas, Letras e Artes"},"content":{"rendered":"<div class=\"wpb-content-wrapper\"><p>[vc_row][vc_column][vc_video link=&#8221;https:\/\/youtu.be\/REbDWyqMQXM&#8221; el_width=&#8221;70&#8243; css_animation=&#8221;fadeInUp&#8221;][vc_video link=&#8221;https:\/\/youtu.be\/_VZPqp6rXMs&#8221; el_width=&#8221;70&#8243; css=&#8221;.vc_custom_1595940314698{padding-top: 10px !important;}&#8221;][vc_column_text]O <strong>S<\/strong><strong>etor de Ci\u00eancias Humanas, Letras e Artes do Campus Santa Cruz- Guarapuava \u2013SEHLA\/G<\/strong>\u2013 \u00e9 o maior setor da UNICENTRO, \u00e9 composto por 170 professores e mais de 1400 alunos. O Setor agrega os cursos de Licenciatura em Arte, Hist\u00f3ria, Filosofia, Letras, Pedagogia e os cursos de Bacharelado : Jornalismo e Publicidade. Est\u00e3o lotados no SEHLA, tamb\u00e9m,\u00a0 o Programa de P\u00f3s-Gradua\u00e7\u00e3o Stricto Sensu em Letras, PPGL, N\u00edvel Mestrado e o Programa de P\u00f3s-Gradua\u00e7\u00e3o Stricto Sensu em Educa\u00e7\u00e3o, PPGE, N\u00edvel Mestrado.<\/p>\n<p>A dire\u00e7\u00e3o do SEHLA est\u00e1 a cargo do Professor Ademir Nunes e a Vice-dire\u00e7\u00e3o cabe \u00e0 professora Nincia Cecilia Ribas Borges Teixeira no per\u00edodo que vai de 2019 a 2022<\/p>\n<p>&nbsp;<\/p>\n<p><strong>Diretor do Setor:\u00a0<\/strong><\/p>\n<p>Ademir Nunes Gon\u00e7alves<\/p>\n<p><strong>ramal<\/strong>:\u00a01330<\/p>\n<p><strong>e-mail:\u00a0<\/strong>ademir.unicentro@gmail.com<\/p>\n<p>&nbsp;<\/p>\n<p><strong>Vice-diretora:<\/strong><\/p>\n<p>Prof. Nincia Cecilia Ribas Borges Teixeira<\/p>\n<p><strong>ramal<\/strong>: 1386<\/p>\n<p><strong>e-mail:<\/strong>\u00a0nincia@unicento.br[\/vc_column_text][\/vc_column][vc_column width=&#8221;1\/2&#8243;][vc_btn title=&#8221;Editais&#8221; style=&#8221;3d&#8221; color=&#8221;purple&#8221; align=&#8221;left&#8221; i_type=&#8221;entypo&#8221; i_icon_entypo=&#8221;entypo-icon entypo-icon-doc-text&#8221; css_animation=&#8221;none&#8221; add_icon=&#8221;true&#8221; link=&#8221;url:https%3A%2F%2Fwww3.unicentro.br%2Fsehlag%2Feditais%2F|title:Matrizes%20e%20Ementas|target:%20_blank|&#8221; css=&#8221;.vc_custom_1595940430218{background-color: #ffffff !important;}&#8221;][vc_btn title=&#8221;Not\u00edcias&#8221; style=&#8221;3d&#8221; color=&#8221;purple&#8221; align=&#8221;left&#8221; i_type=&#8221;entypo&#8221; i_icon_entypo=&#8221;entypo-icon entypo-icon-doc-text&#8221; css_animation=&#8221;none&#8221; add_icon=&#8221;true&#8221; link=&#8221;url:https%3A%2F%2Fwww3.unicentro.br%2Fsehlag%2Fnoticias%2F|title:Matrizes%20e%20Ementas|target:%20_blank|&#8221; css=&#8221;.vc_custom_1595940521015{background-color: #ffffff !important;}&#8221;][\/vc_column][vc_column width=&#8221;1\/2&#8243;][vc_btn title=&#8221;Projetos&#8221; style=&#8221;3d&#8221; color=&#8221;purple&#8221; align=&#8221;left&#8221; i_type=&#8221;entypo&#8221; i_icon_entypo=&#8221;entypo-icon entypo-icon-doc-text&#8221; css_animation=&#8221;none&#8221; add_icon=&#8221;true&#8221; link=&#8221;url:https%3A%2F%2Fwww3.unicentro.br%2Fsehlag%2Fprojetos%2F|title:Projetos|target:%20_blank|&#8221; css=&#8221;.vc_custom_1595941005880{background-color: #ffffff !important;}&#8221;][vc_btn title=&#8221;Contato&#8221; style=&#8221;3d&#8221; color=&#8221;purple&#8221; align=&#8221;left&#8221; i_type=&#8221;entypo&#8221; i_icon_entypo=&#8221;entypo-icon entypo-icon-doc-text&#8221; css_animation=&#8221;none&#8221; add_icon=&#8221;true&#8221; link=&#8221;url:https%3A%2F%2Fwww3.unicentro.br%2Fsehlag%2Fcontato%2F|title:Contato|target:%20_blank|&#8221; css=&#8221;.vc_custom_1595940683630{background-color: #ffffff !important;}&#8221;][\/vc_column][\/vc_row]<\/p>\n<\/div>","protected":false},"excerpt":{"rendered":"<p>[vc_row][vc_column][vc_video link=&#8221;https:\/\/youtu.be\/REbDWyqMQXM&#8221; el_width=&#8221;70&#8243; css_animation=&#8221;fadeInUp&#8221;][vc_video link=&#8221;https:\/\/youtu.be\/_VZPqp6rXMs&#8221; el_width=&#8221;70&#8243; css=&#8221;.vc_custom_1595940314698{padding-top: 10px !important;}&#8221;][vc_column_text]O Setor de Ci\u00eancias Humanas, Letras e Artes do Campus Santa Cruz- Guarapuava \u2013SEHLA\/G\u2013 \u00e9 o maior setor da UNICENTRO, \u00e9 composto por 170 professores e mais de 1400 alunos. O Setor agrega os cursos de Licenciatura em Arte, Hist\u00f3ria, Filosofia, Letras, Pedagogia e os cursos de [&hellip;]<\/p>\n","protected":false},"author":3,"featured_media":0,"parent":37,"menu_order":0,"comment_status":"closed","ping_status":"closed","template":"","meta":{"_exactmetrics_skip_tracking":false,"_exactmetrics_sitenote_active":false,"_exactmetrics_sitenote_note":"","_exactmetrics_sitenote_category":0,"footnotes":"","_links_to":"","_links_to_target":""},"class_list":["post-39","page","type-page","status-publish","hentry"],"publishpress_future_action":{"enabled":false,"date":"2026-04-17 01:23:33","action":"change-status","newStatus":"draft","terms":[],"taxonomy":"","extraData":[]},"publishpress_future_workflow_manual_trigger":{"enabledWorkflows":[]},"_links":{"self":[{"href":"https:\/\/www3.unicentro.br\/santacruz\/wp-json\/wp\/v2\/pages\/39","targetHints":{"allow":["GET"]}}],"collection":[{"href":"https:\/\/www3.unicentro.br\/santacruz\/wp-json\/wp\/v2\/pages"}],"about":[{"href":"https:\/\/www3.unicentro.br\/santacruz\/wp-json\/wp\/v2\/types\/page"}],"author":[{"embeddable":true,"href":"https:\/\/www3.unicentro.br\/santacruz\/wp-json\/wp\/v2\/users\/3"}],"replies":[{"embeddable":true,"href":"https:\/\/www3.unicentro.br\/santacruz\/wp-json\/wp\/v2\/comments?post=39"}],"version-history":[{"count":1,"href":"https:\/\/www3.unicentro.br\/santacruz\/wp-json\/wp\/v2\/pages\/39\/revisions"}],"predecessor-version":[{"id":1238,"href":"https:\/\/www3.unicentro.br\/santacruz\/wp-json\/wp\/v2\/pages\/39\/revisions\/1238"}],"up":[{"embeddable":true,"href":"https:\/\/www3.unicentro.br\/santacruz\/wp-json\/wp\/v2\/pages\/37"}],"wp:attachment":[{"href":"https:\/\/www3.unicentro.br\/santacruz\/wp-json\/wp\/v2\/media?parent=39"}],"curies":[{"name":"wp","href":"https:\/\/api.w.org\/{rel}","templated":true}]}}