{"id":267,"date":"2020-07-23T14:44:05","date_gmt":"2020-07-23T17:44:05","guid":{"rendered":"https:\/\/www3.unicentro.br\/santacruz\/?page_id=267"},"modified":"2024-10-22T13:24:32","modified_gmt":"2024-10-22T16:24:32","slug":"reserva","status":"publish","type":"page","link":"https:\/\/www3.unicentro.br\/santacruz\/servicos\/reserva\/","title":{"rendered":"Reserva de Espa\u00e7os"},"content":{"rendered":"<div class=\"wpb-content-wrapper\"><p>[vc_row][vc_column][vc_column_text css=&#8221;&#8221;]<\/p>\n<p align=\"justify\"><span style=\"font-family: Arial, sans-serif;font-size: 16px\">A Dire\u00e7\u00e3o do C\u00e2mpus Santa Cruz disponibiliza espa\u00e7os para eventos, aulas, apresenta\u00e7\u00f5es de trabalhos e outras atividades, incluindo o Audit\u00f3rio Francisco Contini, o Cinema, a Sala de Eventos e o Miniaudit\u00f3rio Professor Dr. Ariel Jos\u00e9 Pires. Para os servidores da Unicentro, as reservas podem ser feitas por ordem de servi\u00e7o no sistema SGU. Para a comunidade externa, as solicita\u00e7\u00f5es devem ser enviadas por of\u00edcio ou e-mail para o endere\u00e7o institucional do C\u00e2mpus: <strong>dircampsc@unicentro.br<\/strong>. As reservas ser\u00e3o avaliadas e aprovadas de acordo com a disponibilidade dos espa\u00e7os.<\/span><\/p>\n<p align=\"justify\"><a href=\"https:\/\/www3.unicentro.br\/santacruz\/wp-content\/uploads\/sites\/90\/2024\/10\/Resolucao-28-CAD-UNICENTRO_taxas-espacos-fisicos-Campus-Unicentro.pdf\"><span style=\"font-family: arial, helvetica, sans-serif;font-size: 16px\">Taxas para utiliza\u00e7\u00e3o dos espa\u00e7os do C\u00e2mpus Santa Cruz &#8211; Resolu\u00e7\u00e3o n\u00ba 28-CAD\/UNICENTRO, de 10 de novembro de 2022.<\/span><\/a><\/p>\n<p>[\/vc_column_text][\/vc_column][vc_column][\/vc_column][\/vc_row][vc_row gap=&#8221;20&#8243; equal_height=&#8221;yes&#8221;][vc_column width=&#8221;1\/2&#8243; css=&#8221;.vc_custom_1620047732920{background: #33b8e0 url(https:\/\/www3.unicentro.br\/santacruz\/wp-content\/uploads\/sites\/90\/2021\/05\/AnyConv.com__7f3a2b81-fe88-4aa3-b2e6-ddbc81fffa9d.jpg?id=640) !important;background-position: center !important;background-repeat: no-repeat !important;background-size: cover !important;}&#8221;][vc_custom_heading text=&#8221;Miniaudit\u00f3rio Professor Doutor Ariel Jos\u00e9 Pires&#8221; font_container=&#8221;tag:h4|font_size:24|text_align:center|color:%23ffffff&#8221; use_theme_fonts=&#8221;yes&#8221; css=&#8221;.vc_custom_1726496245075{padding-right: 35px !important;padding-left: 35px !important;}&#8221;][vc_column_text css=&#8221;.vc_custom_1620047794775{padding-right: 35px !important;padding-left: 35px !important;}&#8221;]<\/p>\n<p>&nbsp;<\/p>\n<p>[\/vc_column_text][vc_btn title=&#8221;Saiba Mais&#8221; style=&#8221;outline&#8221; shape=&#8221;round&#8221; color=&#8221;white&#8221; align=&#8221;center&#8221; css=&#8221;.vc_custom_1621268107560{padding-bottom: 35px !important;}&#8221; link=&#8221;url:https%3A%2F%2Fwww3.unicentro.br%2Fsantacruz%2Fminiauditorio%2F|title:Miniaudit%C3%B3rio&#8221;][\/vc_column][vc_column width=&#8221;1\/2&#8243; css=&#8221;.vc_custom_1620048127957{background: #33b8e0 url(https:\/\/www3.unicentro.br\/santacruz\/wp-content\/uploads\/sites\/90\/2021\/05\/55e3abcf-c395-48be-a5b2-a5578abaeb31.jpg?id=642) !important;background-position: center !important;background-repeat: no-repeat !important;background-size: cover !important;}&#8221;][vc_custom_heading text=&#8221;Cinema&#8221; font_container=&#8221;tag:h4|font_size:24|text_align:center|color:%23ffffff&#8221; use_theme_fonts=&#8221;yes&#8221; css=&#8221;.vc_custom_1620048167994{padding-right: 35px !important;padding-left: 35px !important;}&#8221;][vc_column_text css=&#8221;.vc_custom_1620048290105{padding-right: 35px !important;padding-left: 35px !important;}&#8221;]<\/p>\n<p>&nbsp;<\/p>\n<p>[\/vc_column_text][vc_btn title=&#8221;Saiba Mais&#8221; style=&#8221;outline&#8221; shape=&#8221;round&#8221; color=&#8221;white&#8221; align=&#8221;center&#8221; css=&#8221;.vc_custom_1621268999273{padding-bottom: 35px !important;}&#8221; link=&#8221;url:https%3A%2F%2Fwww3.unicentro.br%2Fsantacruz%2Fcinema%2F&#8221;][\/vc_column][\/vc_row][vc_row gap=&#8221;20&#8243; equal_height=&#8221;yes&#8221;][vc_column width=&#8221;1\/2&#8243; css=&#8221;.vc_custom_1620048441426{background: #33b8e0 url(https:\/\/www3.unicentro.br\/santacruz\/wp-content\/uploads\/sites\/90\/2021\/05\/AnyConv.com__c491b6ec-0737-4d1a-9d6d-f0ad9e3129d4.jpg?id=644) !important;background-position: center !important;background-repeat: no-repeat !important;background-size: cover !important;}&#8221;][vc_custom_heading text=&#8221;Sala de Eventos&#8221; font_container=&#8221;tag:h4|font_size:24|text_align:center|color:%23ffffff&#8221; use_theme_fonts=&#8221;yes&#8221; css=&#8221;.vc_custom_1620048456649{padding-right: 35px !important;padding-left: 35px !important;}&#8221;][vc_column_text css=&#8221;.vc_custom_1620048465720{padding-right: 35px !important;padding-left: 35px !important;}&#8221;]<\/p>\n<p>&nbsp;<\/p>\n<p>[\/vc_column_text][vc_btn title=&#8221;Saiba Mais&#8221; style=&#8221;outline&#8221; shape=&#8221;round&#8221; color=&#8221;white&#8221; align=&#8221;center&#8221; css=&#8221;.vc_custom_1621273144851{padding-bottom: 35px !important;}&#8221; link=&#8221;url:https%3A%2F%2Fwww3.unicentro.br%2Fsantacruz%2Fsala-de-eventos%2F&#8221;][\/vc_column][vc_column width=&#8221;1\/2&#8243; css=&#8221;.vc_custom_1726581582237{background-image: url(https:\/\/www3.unicentro.br\/santacruz\/wp-content\/uploads\/sites\/90\/2021\/05\/auditorio-1.jpg?id=665) !important;background-position: center !important;background-repeat: no-repeat !important;background-size: cover !important;}&#8221;][vc_custom_heading text=&#8221;Audit\u00f3rio Francisco Contini&#8221; font_container=&#8221;tag:h4|font_size:20|text_align:center|color:%23ffffff&#8221; use_theme_fonts=&#8221;yes&#8221; css=&#8221;.vc_custom_1620048309315{padding-right: 35px !important;padding-left: 35px !important;}&#8221;][vc_btn title=&#8221;Saiba Mais&#8221; style=&#8221;outline&#8221; shape=&#8221;round&#8221; color=&#8221;white&#8221; align=&#8221;center&#8221; css=&#8221;.vc_custom_1621268645162{padding-bottom: 35px !important;}&#8221; link=&#8221;url:https%3A%2F%2Fwww3.unicentro.br%2Fsantacruz%2Fauditorio-francisco-contini%2F&#8221;][\/vc_column][\/vc_row][vc_row][vc_column][\/vc_column][\/vc_row]<\/p>\n<\/div>","protected":false},"excerpt":{"rendered":"<p>[vc_row][vc_column][vc_column_text css=&#8221;&#8221;] A Dire\u00e7\u00e3o do C\u00e2mpus Santa Cruz disponibiliza espa\u00e7os para eventos, aulas, apresenta\u00e7\u00f5es de trabalhos e outras atividades, incluindo o Audit\u00f3rio Francisco Contini, o Cinema, a Sala de Eventos e o Miniaudit\u00f3rio Professor Dr. Ariel Jos\u00e9 Pires. Para os servidores da Unicentro, as reservas podem ser feitas por ordem de servi\u00e7o no sistema SGU. [&hellip;]<\/p>\n","protected":false},"author":3,"featured_media":0,"parent":1240,"menu_order":0,"comment_status":"closed","ping_status":"closed","template":"","meta":{"_exactmetrics_skip_tracking":false,"_exactmetrics_sitenote_active":false,"_exactmetrics_sitenote_note":"","_exactmetrics_sitenote_category":0,"footnotes":"","_links_to":"","_links_to_target":""},"class_list":["post-267","page","type-page","status-publish","hentry"],"publishpress_future_action":{"enabled":false,"date":"2026-04-17 01:24:36","action":"change-status","newStatus":"draft","terms":[],"taxonomy":"","extraData":[]},"publishpress_future_workflow_manual_trigger":{"enabledWorkflows":[]},"_links":{"self":[{"href":"https:\/\/www3.unicentro.br\/santacruz\/wp-json\/wp\/v2\/pages\/267","targetHints":{"allow":["GET"]}}],"collection":[{"href":"https:\/\/www3.unicentro.br\/santacruz\/wp-json\/wp\/v2\/pages"}],"about":[{"href":"https:\/\/www3.unicentro.br\/santacruz\/wp-json\/wp\/v2\/types\/page"}],"author":[{"embeddable":true,"href":"https:\/\/www3.unicentro.br\/santacruz\/wp-json\/wp\/v2\/users\/3"}],"replies":[{"embeddable":true,"href":"https:\/\/www3.unicentro.br\/santacruz\/wp-json\/wp\/v2\/comments?post=267"}],"version-history":[{"count":2,"href":"https:\/\/www3.unicentro.br\/santacruz\/wp-json\/wp\/v2\/pages\/267\/revisions"}],"predecessor-version":[{"id":1962,"href":"https:\/\/www3.unicentro.br\/santacruz\/wp-json\/wp\/v2\/pages\/267\/revisions\/1962"}],"up":[{"embeddable":true,"href":"https:\/\/www3.unicentro.br\/santacruz\/wp-json\/wp\/v2\/pages\/1240"}],"wp:attachment":[{"href":"https:\/\/www3.unicentro.br\/santacruz\/wp-json\/wp\/v2\/media?parent=267"}],"curies":[{"name":"wp","href":"https:\/\/api.w.org\/{rel}","templated":true}]}}