{"id":1424,"date":"2024-08-30T15:53:01","date_gmt":"2024-08-30T18:53:01","guid":{"rendered":"https:\/\/www3.unicentro.br\/santacruz\/?page_id=1424"},"modified":"2026-03-20T11:28:00","modified_gmt":"2026-03-20T14:28:00","slug":"eventos-realizados","status":"publish","type":"page","link":"https:\/\/www3.unicentro.br\/santacruz\/eventos\/eventos-realizados\/","title":{"rendered":"Eventos Realizados"},"content":{"rendered":"<div class=\"wpb-content-wrapper\"><p>[vc_row][vc_column][vc_tta_accordion style=&#8221;flat&#8221; shape=&#8221;square&#8221; spacing=&#8221;1&#8243; active_section=&#8221;100&#8243; collapsible_all=&#8221;true&#8221;][vc_tta_section title=&#8221;2024&#8243; tab_id=&#8221;1745521483588-e9aac075-e89d&#8221;][vc_column_text css=&#8221;&#8221;]<strong>ABRIL\/2024<\/strong><\/p>\n<ul>\n<li><a href=\"https:\/\/drive.google.com\/drive\/folders\/1G-IcjF81O0qdF_X50zFZ1GuZntLbyOdD?usp=drive_link\">08 de abril &#8211; Acolhida geral (Dire\u00e7\u00e3o do c\u00e2mpus)<\/a><\/li>\n<li><a href=\"https:\/\/drive.google.com\/drive\/folders\/1nskBB6BEkTHEV5iBeB9jvj4xbh8XnuMH?usp=drive_link\">09 de abril &#8211; Inaugura\u00e7\u00e3o do novo espa\u00e7o do curso de Servi\u00e7o Social &#8211; Bloco R<\/a><\/li>\n<li><a href=\"https:\/\/drive.google.com\/drive\/folders\/12a-CY912hxxR8vZ2Iy9v_U2n6h9F5JcR?usp=drive_link\">10 de abril &#8211; Acolhida aos calouros do curso de Ci\u00eancias Econ\u00f4micas<\/a><\/li>\n<li><a href=\"https:\/\/drive.google.com\/drive\/folders\/17xMVH4JqkYy3c70CiH5F7PzVOnydKn1h?usp=drive_link\">10 de abril &#8211; Apresenta\u00e7\u00e3o da equipe da Pr\u00f3-Reitoria de Apoio ao Estudante (Proae) aos calouros<\/a><\/li>\n<li><a href=\"https:\/\/drive.google.com\/drive\/folders\/1OBG3F1RYiZGz-KYVdsZCfUGNQl0ANfGZ?usp=drive_link\">18 de abril &#8211; Recep\u00e7\u00e3o pela Reitoria<\/a><\/li>\n<li><a href=\"https:\/\/drive.google.com\/drive\/folders\/17vBOEOBTQ9s9crBEH_1JQcndSe6prUac?usp=drive_link\">22 de abril &#8211; Cola\u00e7\u00e3o de Grau Intersetorial do Setor de Ci\u00eancias Sociais Aplicadas, Sesa\/G<\/a><\/li>\n<li><a href=\"https:\/\/drive.google.com\/drive\/folders\/1ro64Ck2rgbmYq-9L7r2d0rn3QMpFI5jd?usp=drive_link\">23 de abril &#8211; Cola\u00e7\u00e3o de Grau Intersetorial do Setor de Ci\u00eancias Humanas, Letras e Artes, Sehla\/G<\/a><\/li>\n<\/ul>\n<p><strong>JUNHO\/2024<\/strong><\/p>\n<ul>\n<li><a href=\"https:\/\/drive.google.com\/drive\/folders\/1x_EmCf3YF9kh__zcOM8odrbXvdcQA6NW?usp=drive_link\">10 de junho &#8211; Inaugura\u00e7\u00e3o do Bloco R<\/a><\/li>\n<li><a href=\"https:\/\/drive.google.com\/drive\/folders\/1aEGzua5iP3ttIushEYuk_mxnhTX41Bys?usp=drive_link\">13 de junho &#8211; Comemora\u00e7\u00e3o de Anivers\u00e1rio da Unicentro e Lan\u00e7amento da Pedra Fundamental do Quiosque do C\u00e2mpus Santa Cruz<\/a><\/li>\n<\/ul>\n<p><strong>JULHO\/2024<\/strong><\/p>\n<ul>\n<li><a href=\"https:\/\/drive.google.com\/drive\/folders\/1Pd0JnjMmjDadBQN5GKBJ1XcCxZfR2J3p?usp=drive_link\">16 de julho &#8211; Palestra Respeito, Liberdade e Crime<\/a><\/li>\n<li><a href=\"https:\/\/drive.google.com\/drive\/folders\/1KEsy5qKDXtzZY_kxokVH7UfPkVcsnxQQ?usp=drive_link\">26 de julho &#8211; Arrai\u00e1 do C\u00e2mpus Santa Cruz<\/a><\/li>\n<\/ul>\n<p><strong>NOVEMBRO\/2024<\/strong><\/p>\n<ul>\n<li><a href=\"https:\/\/drive.google.com\/drive\/folders\/1RMfhqIfNEG4QEImAah3_opRpYEJvQkEI?usp=drive_link\">11 de novembro &#8211; Lan\u00e7amento da Campanha de Natal<\/a><\/li>\n<\/ul>\n<p><strong>DEZEMBRO\/2024<\/strong><\/p>\n<ul>\n<li><a href=\"https:\/\/drive.google.com\/drive\/folders\/1bMDNJSrsDm4BrYelkXxjxzHKPEFQtaFm?usp=drive_link\">13 de dezembro &#8211; Caf\u00e9 dos Servidores do C\u00e2mpus Santa Cruz<\/a><\/li>\n<li><a href=\"https:\/\/drive.google.com\/drive\/folders\/109DVQQCtxnY6_sUHao-JoXSy2ONo03Yc?usp=drive_link\">17 de dezembro &#8211; Entrega de Sacolas da Campanha de Natal, no C\u00e2mpus Santa Cruz<\/a><\/li>\n<li><a href=\"https:\/\/drive.google.com\/drive\/folders\/19kTVtOhHt8wHCfH4zYKSmOWwpeSauTuM?usp=drive_link\">18 de dezembro &#8211; Entrega de Sacolas da Campanha de Natal do C\u00e2mpus Santa Cruz, na Comunidade Nossa Senhora Aparecida<\/a><\/li>\n<li><a href=\"https:\/\/drive.google.com\/drive\/folders\/1xObeOkVzo5G40ZRLAlygFwW5V1UEh10j?usp=drive_link\">18 de dezembro &#8211; Entrega de Sacolas da Campanha de Natal do C\u00e2mpus Santa Cruz, na Comunidade Mansueto e Madeirit<\/a><\/li>\n<\/ul>\n<p>[\/vc_column_text][\/vc_tta_section][vc_tta_section title=&#8221;2025&#8243; tab_id=&#8221;1745521483591-96a012be-96da&#8221;][vc_column_text css=&#8221;&#8221;]<strong>FEVEREIRO\/2025<\/strong><\/p>\n<ul>\n<li><a href=\"https:\/\/drive.google.com\/drive\/folders\/1DcRRMky-y0JxeEwBqbfJrGdFbTeCqhnq?usp=drive_link\">26 de fevereiro &#8211;\u00a0Cola\u00e7\u00e3o de Grau Intersetorial dos cursos do Setor de Ci\u00eancias Sociais Aplicadas, Sesa\/G<\/a><\/li>\n<li><a href=\"https:\/\/drive.google.com\/drive\/folders\/1paFhQSyusx_gH2E0GQBBmnbwiG_7Szwv?usp=drive_link\">27 de fevereiro &#8211;\u00a0Cola\u00e7\u00e3o de Grau Intersetorial dos cursos do Setor de Ci\u00eancias Humanas, Letras e Artes, Sehla\/G<\/a><\/li>\n<\/ul>\n<p><strong>MAR\u00c7O\/2025<\/strong><\/p>\n<ul>\n<li><a href=\"https:\/\/drive.google.com\/drive\/folders\/1QcwRHbcomSRG0kU72vpVOb4J8pEfpbAk?usp=drive_link\">07 de mar\u00e7o &#8211; Recep\u00e7\u00e3o dos alunos dos cursos de Arte<\/a><\/li>\n<li><a href=\"https:\/\/drive.google.com\/drive\/folders\/1yTe8I_ZkRpm2ut2szXFE90jrKso8a9q7?usp=drive_link\">11 de mar\u00e7o &#8211; Recep\u00e7\u00e3o dos calouros 2025<\/a><\/li>\n<li><a href=\"https:\/\/drive.google.com\/drive\/folders\/183rrcadR4YF-hadAATJIKbyUGtTbE3oc?usp=drive_link\">14 de mar\u00e7o &#8211; Pipoca\u00e7o de recep\u00e7\u00e3o dos calouros<\/a><\/li>\n<li><a href=\"https:\/\/drive.google.com\/drive\/folders\/1ZiUDOP5DjCZYclk6ICTuGgg0AlFcblG-?usp=drive_link\">31 de mar\u00e7o &#8211; Lan\u00e7amento do Pibid<\/a><\/li>\n<\/ul>\n<p><strong>ABRIL\/2025<\/strong><\/p>\n<ul>\n<li><a href=\"https:\/\/drive.google.com\/drive\/folders\/1-sXr62KH3flgovclRN0shpPlJVu-GFhF?usp=drive_link\">07 de abril &#8211; Recep\u00e7\u00e3o dos alunos estrangeiros do PEC-G e e PEC-PLE<\/a><\/li>\n<li><a href=\"https:\/\/drive.google.com\/drive\/folders\/1L2uVGvKOkLNsQlDJ1jf6LKWuRGV6S39D?usp=drive_link\">08 de abril &#8211; Cola\u00e7\u00e3o de Grau Setorial dos cursos do Setor de Ci\u00eancias Sociais Aplicadas, Sesa\/G<\/a><\/li>\n<li><a href=\"https:\/\/drive.google.com\/drive\/folders\/11RAfBaHqaqz3tJGB19Px5Ow5OdgFW9GK?usp=drive_link\">09 de abril &#8211; Cola\u00e7\u00e3o de Grau Setorial dos cursos do Setor de Ci\u00eancias Humanas, Letras e Artes, Sehla\/G<\/a><\/li>\n<\/ul>\n<p><strong>MAIO\/2025<\/strong><\/p>\n<ul>\n<li><a href=\"https:\/\/drive.google.com\/drive\/folders\/1dhRONymOZL65_47bHH4pitPkU0aWz03n?usp=drive_link\">08 de maio &#8211;\u00a0Abertura da exposi\u00e7\u00e3o Arte\u00b2<\/a><\/li>\n<\/ul>\n<p><strong>JUNHO\/2025<\/strong><\/p>\n<ul>\n<li><a href=\"https:\/\/drive.google.com\/drive\/folders\/1P_oNnrRIwIDKOtQk7KUoKXxzDCorPmhH?usp=drive_link\">06 de junho &#8211; Arrai\u00e1 do C\u00e2mpus Santa Cruz<\/a><\/li>\n<li><a href=\"https:\/\/drive.google.com\/drive\/folders\/1uGE1GR5187S7l1Hy9WIJE1s8-UtGi8oC?usp=drive_link\">13 de junho &#8211; Comemora\u00e7\u00e3o do anivers\u00e1rio de 35 anos da Unicentro<\/a><\/li>\n<\/ul>\n<p><strong>AGOSTO\/2025<\/strong><\/p>\n<ul>\n<li><a href=\"https:\/\/drive.google.com\/drive\/folders\/1ZkNGE_dfx8DBGmdzyQuMYMpEolBClB6L?usp=drive_link\">08 de agosto &#8211; Inaugura\u00e7\u00e3o do N\u00facleo de Pr\u00e1ticas Jur\u00eddicas e revitaliza\u00e7\u00e3o da pra\u00e7a do quiosque e do Restaurante Universit\u00e1rio do C\u00e2mpus Santa Cruz<\/a><\/li>\n<li><a href=\"https:\/\/drive.google.com\/drive\/folders\/1H2V6_iaSe7qZAxyGVZ2o7XFIiEpxVcXM?usp=drive_link\">21 de agosto &#8211; Walking Tour do C\u00e2mpus Santa Cruz 2025<\/a><\/li>\n<\/ul>\n<p><strong>SETEMBRO\/2025<\/strong><\/p>\n<ul>\n<li><a href=\"https:\/\/drive.google.com\/drive\/folders\/1I0DEmuT8Vlp-z5IQ4nT9YLBxnu3k5o57?usp=drive_link\">04 de setembro &#8211; Lan\u00e7amento do 1\u00ba Festival de Cinema Curucaca<\/a><\/li>\n<\/ul>\n<p><strong>OUTUBRO\/2025<\/strong><\/p>\n<ul>\n<li><a href=\"https:\/\/drive.google.com\/drive\/folders\/1SZ8U5zGOC83qICt9TFsvN-1OkHgvZVK5?usp=drive_link\">16 de outubro &#8211; Inaugura\u00e7\u00e3o da pra\u00e7a Professora Terezinha<\/a><\/li>\n<li><a href=\"https:\/\/drive.google.com\/drive\/folders\/1_mL3qTXwywfAFA68ZeBJy0hMjNxFudwl?usp=drive_link\">19 de outubro &#8211; Vestibular 2026<\/a><\/li>\n<li><a href=\"https:\/\/drive.google.com\/drive\/folders\/18cDdDA5g1Z2-F44ypaiR9HkAJJ0FgJzH?usp=drive_link\">21 de outubro &#8211; Lan\u00e7amento oficial do Festival de Cinema Curucaca de Guarapuava<\/a><\/li>\n<\/ul>\n<p><strong>NOVEMBRO\/2025<\/strong><\/p>\n<ul>\n<li><a href=\"https:\/\/drive.google.com\/drive\/folders\/1gEfS1sCI_oQajk5aywcF-3nk7vI1vhEZ?usp=drive_link\">05 de novembro &#8211; Encontro dos professores aposentados da Unicentro<\/a><\/li>\n<li><a href=\"https:\/\/drive.google.com\/drive\/folders\/1yb1lvu7_xl2fTAVpKtUQqxPc45YuS74X?usp=drive_link\">28 de novembro &#8211; Lan\u00e7amento da Campanha de Natal<\/a><\/li>\n<\/ul>\n<p><strong>DEZEMBRO\/2025<\/strong><\/p>\n<ul>\n<li><a href=\"https:\/\/drive.google.com\/drive\/folders\/1kizfJehBveUwCbNUgwjg5CUqGb_7aHHv?usp=drive_link\">16 de dezembro &#8211; Entrega das sacolas da Campanha de Natal Unicentro nas comunidades de S\u00e3o Jos\u00e9 e Nossa Senhora Aparecida (Assentamento Nova Gera\u00e7\u00e3o)<\/a><\/li>\n<li><a href=\"https:\/\/drive.google.com\/drive\/folders\/1fp5MSq1K2jF1C--GYytcE8_rphhQVm4W?usp=drive_link\">17 de dezembro &#8211;\u00a0Entrega das sacolas da Campanha de Natal Unicentro para filhos dos servidores terceirizados do C\u00e2mpus Santa Cruz<\/a><\/li>\n<\/ul>\n<p>[\/vc_column_text][\/vc_tta_section][vc_tta_section title=&#8221;2026&#8243; tab_id=&#8221;1770294881472-bf7893d0-aa50&#8243;][vc_column_text css=&#8221;&#8221;]<span style=\"color: #808080\"><strong>FEVEREIRO\/2026<\/strong><\/span><\/p>\n<ul>\n<li><span style=\"color: #808080\">10 de fevereiro &#8211; Cola\u00e7\u00e3o de Grau Intersetorial dos cursos do Setor de Ci\u00eancias Sociais Aplicadas (Sesa\/G)<\/span><\/li>\n<li><span style=\"color: #808080\">11 de fevereiro &#8211;\u00a0 Cola\u00e7\u00e3o de Grau Intersetorial dos cursos do Setor de Ci\u00eancias Humanas, Letras e Artes (Sehla\/G)<\/span><\/li>\n<\/ul>\n<p><span style=\"color: #808080\"><strong>MAR\u00c7O\/2026<\/strong><\/span><\/p>\n<ul>\n<li class=\"is-hidden\"><span style=\"color: #808080\"><a class=\"current_folder folder\" style=\"color: #808080\" data-id=\"1Y1jieJZqXsTvSv-d7nXuH_SXvDcZntNi\">02 de mar\u00e7o &#8211; Recep\u00e7\u00e3o aos calouros do per\u00edodo da manh\u00e3, dos setores de Ci\u00eancias Sociais Aplicadas (Sesa\/G) e Ci\u00eancias Humanas, Letras e Artes (Sehla\/G)<\/a><\/span><\/li>\n<li class=\"is-hidden\"><span style=\"color: #808080\"><a class=\"current_folder folder\" style=\"color: #808080\" data-id=\"1XukzH1LHk9oNQ-_E8ETGI1KTtmbFt0kd\">02 de mar\u00e7o &#8211; Recep\u00e7\u00e3o aos calouros do per\u00edodo da tarde, do curso de Arte<\/a><\/span><\/li>\n<li class=\"is-hidden\"><span style=\"color: #808080\"><a class=\"current_folder folder\" style=\"color: #808080\" data-id=\"1gRLkBjTiDvAXSznloaSiWKXEaglrZe1k\">02 de mar\u00e7o &#8211; Recep\u00e7\u00e3o aos calouros do per\u00edodo da noite, dos setores de Ci\u00eancias Sociais Aplicadas (Sesa\/G) e Ci\u00eancias Humanas, Letras e Artes (Sehla\/G)<\/a><\/span><\/li>\n<li><span style=\"color: #808080\"><a class=\"current_folder folder\" style=\"color: #808080\" data-id=\"1SaoGwbe9uHTRmH1VKvwq42Yp5tXpz6xr\">11 de mar\u00e7o &#8211; Cola\u00e7\u00e3o de Grau dos cursos de Ci\u00eancias Sociais Aplicadas (Sesa)<\/a><\/span><\/li>\n<li class=\"is-hidden\"><span style=\"color: #808080\"><a class=\"current_folder folder\" style=\"color: #808080\" data-id=\"1SauT7S3l71LrQYr2QPpp6Z_KO-1jGL-N\">12 de mar\u00e7o &#8211; Cola\u00e7\u00e3o de Grau dos cursos de Ci\u00eancias Humanas, Letras e Artes (Sehla)<\/a><\/span><\/li>\n<\/ul>\n<p>[\/vc_column_text][\/vc_tta_section][\/vc_tta_accordion][\/vc_column][\/vc_row]<\/p>\n<\/div>","protected":false},"excerpt":{"rendered":"<p>[vc_row][vc_column][vc_tta_accordion style=&#8221;flat&#8221; shape=&#8221;square&#8221; spacing=&#8221;1&#8243; active_section=&#8221;100&#8243; collapsible_all=&#8221;true&#8221;][vc_tta_section title=&#8221;2024&#8243; tab_id=&#8221;1745521483588-e9aac075-e89d&#8221;][vc_column_text css=&#8221;&#8221;]ABRIL\/2024 08 de abril &#8211; Acolhida geral (Dire\u00e7\u00e3o do c\u00e2mpus) 09 de abril &#8211; Inaugura\u00e7\u00e3o do novo espa\u00e7o do curso de Servi\u00e7o Social &#8211; Bloco R 10 de abril &#8211; Acolhida aos calouros do curso de Ci\u00eancias Econ\u00f4micas 10 de abril &#8211; Apresenta\u00e7\u00e3o da equipe da Pr\u00f3-Reitoria [&hellip;]<\/p>\n","protected":false},"author":3,"featured_media":0,"parent":1420,"menu_order":0,"comment_status":"closed","ping_status":"closed","template":"","meta":{"_exactmetrics_skip_tracking":false,"_exactmetrics_sitenote_active":false,"_exactmetrics_sitenote_note":"","_exactmetrics_sitenote_category":0,"footnotes":"","_links_to":"","_links_to_target":""},"class_list":["post-1424","page","type-page","status-publish","hentry"],"publishpress_future_action":{"enabled":false,"date":"2026-04-17 01:25:58","action":"change-status","newStatus":"draft","terms":[],"taxonomy":"","extraData":[]},"publishpress_future_workflow_manual_trigger":{"enabledWorkflows":[]},"_links":{"self":[{"href":"https:\/\/www3.unicentro.br\/santacruz\/wp-json\/wp\/v2\/pages\/1424","targetHints":{"allow":["GET"]}}],"collection":[{"href":"https:\/\/www3.unicentro.br\/santacruz\/wp-json\/wp\/v2\/pages"}],"about":[{"href":"https:\/\/www3.unicentro.br\/santacruz\/wp-json\/wp\/v2\/types\/page"}],"author":[{"embeddable":true,"href":"https:\/\/www3.unicentro.br\/santacruz\/wp-json\/wp\/v2\/users\/3"}],"replies":[{"embeddable":true,"href":"https:\/\/www3.unicentro.br\/santacruz\/wp-json\/wp\/v2\/comments?post=1424"}],"version-history":[{"count":7,"href":"https:\/\/www3.unicentro.br\/santacruz\/wp-json\/wp\/v2\/pages\/1424\/revisions"}],"predecessor-version":[{"id":196985,"href":"https:\/\/www3.unicentro.br\/santacruz\/wp-json\/wp\/v2\/pages\/1424\/revisions\/196985"}],"up":[{"embeddable":true,"href":"https:\/\/www3.unicentro.br\/santacruz\/wp-json\/wp\/v2\/pages\/1420"}],"wp:attachment":[{"href":"https:\/\/www3.unicentro.br\/santacruz\/wp-json\/wp\/v2\/media?parent=1424"}],"curies":[{"name":"wp","href":"https:\/\/api.w.org\/{rel}","templated":true}]}}