{"id":1244,"date":"2024-07-22T10:21:40","date_gmt":"2024-07-22T13:21:40","guid":{"rendered":"https:\/\/www3.unicentro.br\/santacruz\/?page_id=1244"},"modified":"2024-10-23T16:32:08","modified_gmt":"2024-10-23T19:32:08","slug":"manutencao","status":"publish","type":"page","link":"https:\/\/www3.unicentro.br\/santacruz\/servicos\/manutencao\/","title":{"rendered":"Manuten\u00e7\u00e3o"},"content":{"rendered":"<div class=\"wpb-content-wrapper\"><p>[vc_row][vc_column][vc_column_text css=&#8221;&#8221;]<span style=\"font-family: arial, helvetica, sans-serif;font-size: 16px\">Para garantir um ambiente sempre em \u00f3timas condi\u00e7\u00f5es, as solicita\u00e7\u00f5es de servi\u00e7os \u00e0 equipe de manuten\u00e7\u00e3o predial devem ser feitas via Ordem de Servi\u00e7o no Sistema de Gest\u00e3o Universit\u00e1ria (SGU). <\/span><\/p>\n<p><span style=\"font-family: arial, helvetica, sans-serif;font-size: 16px\">\u00c9 importante incluir todas as informa\u00e7\u00f5es necess\u00e1rias para que possamos atender suas demandas com agilidade e efici\u00eancia.<\/span><\/p>\n<p><span style=\"font-family: arial, helvetica, sans-serif;font-size: 16px\">Nossa equipe est\u00e1 sempre pronta para auxiliar e resolver os problemas que surgirem. <\/span><\/p>\n<p><span style=\"font-family: arial, helvetica, sans-serif;font-size: 16px\">Agradecemos sua colabora\u00e7\u00e3o e contamos com voc\u00ea para manter nosso C\u00e2mpus em perfeito estado! <\/span><\/p>\n<p><span style=\"font-family: arial, helvetica, sans-serif;font-size: 16px\">Telefone para contato: (42) 3621-1314<\/span>[\/vc_column_text][\/vc_column][\/vc_row]<\/p>\n<\/div>","protected":false},"excerpt":{"rendered":"<p>[vc_row][vc_column][vc_column_text css=&#8221;&#8221;]Para garantir um ambiente sempre em \u00f3timas condi\u00e7\u00f5es, as solicita\u00e7\u00f5es de servi\u00e7os \u00e0 equipe de manuten\u00e7\u00e3o predial devem ser feitas via Ordem de Servi\u00e7o no Sistema de Gest\u00e3o Universit\u00e1ria (SGU). \u00c9 importante incluir todas as informa\u00e7\u00f5es necess\u00e1rias para que possamos atender suas demandas com agilidade e efici\u00eancia. Nossa equipe est\u00e1 sempre pronta para auxiliar [&hellip;]<\/p>\n","protected":false},"author":3,"featured_media":0,"parent":1240,"menu_order":0,"comment_status":"closed","ping_status":"closed","template":"","meta":{"_exactmetrics_skip_tracking":false,"_exactmetrics_sitenote_active":false,"_exactmetrics_sitenote_note":"","_exactmetrics_sitenote_category":0,"footnotes":"","_links_to":"","_links_to_target":""},"class_list":["post-1244","page","type-page","status-publish","hentry"],"publishpress_future_action":{"enabled":false,"date":"2026-04-17 01:25:51","action":"change-status","newStatus":"draft","terms":[],"taxonomy":"","extraData":[]},"publishpress_future_workflow_manual_trigger":{"enabledWorkflows":[]},"_links":{"self":[{"href":"https:\/\/www3.unicentro.br\/santacruz\/wp-json\/wp\/v2\/pages\/1244","targetHints":{"allow":["GET"]}}],"collection":[{"href":"https:\/\/www3.unicentro.br\/santacruz\/wp-json\/wp\/v2\/pages"}],"about":[{"href":"https:\/\/www3.unicentro.br\/santacruz\/wp-json\/wp\/v2\/types\/page"}],"author":[{"embeddable":true,"href":"https:\/\/www3.unicentro.br\/santacruz\/wp-json\/wp\/v2\/users\/3"}],"replies":[{"embeddable":true,"href":"https:\/\/www3.unicentro.br\/santacruz\/wp-json\/wp\/v2\/comments?post=1244"}],"version-history":[{"count":2,"href":"https:\/\/www3.unicentro.br\/santacruz\/wp-json\/wp\/v2\/pages\/1244\/revisions"}],"predecessor-version":[{"id":1991,"href":"https:\/\/www3.unicentro.br\/santacruz\/wp-json\/wp\/v2\/pages\/1244\/revisions\/1991"}],"up":[{"embeddable":true,"href":"https:\/\/www3.unicentro.br\/santacruz\/wp-json\/wp\/v2\/pages\/1240"}],"wp:attachment":[{"href":"https:\/\/www3.unicentro.br\/santacruz\/wp-json\/wp\/v2\/media?parent=1244"}],"curies":[{"name":"wp","href":"https:\/\/api.w.org\/{rel}","templated":true}]}}