{"id":35,"date":"2019-02-28T11:54:01","date_gmt":"2019-02-28T14:54:01","guid":{"rendered":"https:\/\/www3.unicentro.br\/residenciapedagogica\/?page_id=35"},"modified":"2019-06-19T15:17:25","modified_gmt":"2019-06-19T18:17:25","slug":"informacoes-e-documentos","status":"publish","type":"page","link":"https:\/\/www3.unicentro.br\/residenciapedagogica\/informacoes-e-documentos\/","title":{"rendered":"Informa\u00e7\u00f5es e Documentos"},"content":{"rendered":"<ul>\n<li>\n<h1><span style=\"font-size: 10pt\"><strong><span style=\"font-family: georgia, palatino, serif\"><a href=\"https:\/\/www3.unicentro.br\/residenciapedagogica\/2019\/06\/10\/alunos-do-colegio-estadual-liane-martha-da-costa-vivenciam-de-forma-ludica-o-ensino-de-ciencias-e-biologia\/\" target=\"_blank\" rel=\"noopener\">Alunos do Col\u00e9gio Estadual Liane Martha da Costa vivenciam de forma l\u00fadica o ensino de Ci\u00eancias e Biologia<\/a><\/span><\/strong><\/span><\/h1>\n<\/li>\n<li><span style=\"font-family: georgia, palatino, serif\"><strong><a href=\"http:\/\/www.capes.gov.br\/component\/content\/article\/55-educacao-basica-s\/conteudo-eb\/8776-programa-de-residencia-pedagogica\" target=\"_blank\" rel=\"noopener\">P\u00e1gina do Programa de Resid\u00eancia Pedag\u00f3gica (site da Capes)<\/a><\/strong><\/span><\/li>\n<\/ul>\n<ul>\n<li><span style=\"font-family: georgia, palatino, serif\"><strong><a href=\"http:\/\/www.capes.gov.br\/sala-de-imprensa\/noticias\/8797-colaboracao-entre-capes-estados-e-municipios-sera-a-base-do-pibid-e-da-residencia-docente-diz-novo-regulamento\" target=\"_blank\" rel=\"noopener\">Colabora\u00e7\u00e3o entre Capes, Estados e Munic\u00edpios ser\u00e1 a base do Pibid e da Resid\u00eancia Docente, diz novo regulamento<\/a><\/strong><\/span><\/li>\n<\/ul>\n<ul>\n<li><span style=\"font-family: georgia, palatino, serif\"><strong><a href=\"http:\/\/www.capes.gov.br\/images\/stories\/download\/legislacao\/16032018_Portaria_45_Regulamento_PIBID_e_Residencia_Pedagogica_SITE.pdf\" target=\"_blank\" rel=\"noopener\">Portaria Capes n\u00ba 45, de 12 de mar\u00e7o de 2018 \u2013\u00a0Disp\u00f5e sobre a concess\u00e3o de bolsas e o regime de colabora\u00e7\u00e3o no Programa de Resid\u00eancia Pedag\u00f3gica e no Programa Institucional de Bolsa de Inicia\u00e7\u00e3o \u00e0 Doc\u00eancia (Pibid)<\/a><\/strong><\/span><\/li>\n<\/ul>\n<ul>\n<li><span style=\"font-family: georgia, palatino, serif\"><strong><a href=\"http:\/\/capes.gov.br\/images\/stories\/download\/legislacao\/01032018-portaria-n-38-de-28-02-2018-residencia-pedagogica.pdf\" target=\"_blank\" rel=\"noopener\">Portaria Capes n\u00ba 38, de 28 de fevereiro de 2018 \u2013\u00a0Institui o Programa de Resid\u00eancia Pedag\u00f3gica<\/a><\/strong><\/span><\/li>\n<\/ul>\n<ul>\n<li><span style=\"font-family: georgia, palatino, serif\"><strong><a href=\"http:\/\/www.capes.gov.br\/images\/stories\/download\/legislacao\/16032018_PORTARIA_158_ATUALIZADA.pdf\" target=\"_blank\" rel=\"noopener\">Portaria Capes n\u00ba 158, de 10 de agosto de 2017 \u2013 Disp\u00f5e sobre a participa\u00e7\u00e3o das Institui\u00e7\u00f5es de Ensino Superior nos programas de fomento da Diretoria de Forma\u00e7\u00e3o de Professores da Educa\u00e7\u00e3o B\u00e1sica<\/a><\/strong><\/span><\/li>\n<\/ul>\n<ul>\n<li><span style=\"font-family: georgia, palatino, serif\"><strong><a href=\"https:\/\/sgu.unicentro.br\/pcatooficiais\/imprimir\/0CA00F87\" target=\"_blank\" rel=\"noopener\">Resolu\u00e7\u00e3o n\u00ba 20-Cepe\/Unicentro, de 7 de junho de 2018 \u2013 Aprova o Regulamento das Atividades Acad\u00eamicas Complementares, AAC, dos Cursos de Gradua\u00e7\u00e3o da Unicentro<\/a><\/strong><\/span><\/li>\n<\/ul>\n","protected":false},"excerpt":{"rendered":"<p>Alunos do Col\u00e9gio Estadual Liane Martha da Costa vivenciam de forma l\u00fadica o ensino de Ci\u00eancias e Biologia P\u00e1gina do Programa de Resid\u00eancia Pedag\u00f3gica (site da Capes) Colabora\u00e7\u00e3o entre Capes, Estados e Munic\u00edpios ser\u00e1 a base do Pibid e da Resid\u00eancia Docente, diz novo regulamento Portaria Capes n\u00ba 45, de 12 de mar\u00e7o de 2018 [&hellip;]<\/p>\n","protected":false},"author":3,"featured_media":0,"parent":0,"menu_order":0,"comment_status":"closed","ping_status":"closed","template":"","meta":{"_exactmetrics_skip_tracking":false,"_exactmetrics_sitenote_active":false,"_exactmetrics_sitenote_note":"","_exactmetrics_sitenote_category":0,"footnotes":"","_links_to":"","_links_to_target":""},"class_list":["post-35","page","type-page","status-publish","hentry"],"_links":{"self":[{"href":"https:\/\/www3.unicentro.br\/residenciapedagogica\/wp-json\/wp\/v2\/pages\/35","targetHints":{"allow":["GET"]}}],"collection":[{"href":"https:\/\/www3.unicentro.br\/residenciapedagogica\/wp-json\/wp\/v2\/pages"}],"about":[{"href":"https:\/\/www3.unicentro.br\/residenciapedagogica\/wp-json\/wp\/v2\/types\/page"}],"author":[{"embeddable":true,"href":"https:\/\/www3.unicentro.br\/residenciapedagogica\/wp-json\/wp\/v2\/users\/3"}],"replies":[{"embeddable":true,"href":"https:\/\/www3.unicentro.br\/residenciapedagogica\/wp-json\/wp\/v2\/comments?post=35"}],"version-history":[{"count":0,"href":"https:\/\/www3.unicentro.br\/residenciapedagogica\/wp-json\/wp\/v2\/pages\/35\/revisions"}],"wp:attachment":[{"href":"https:\/\/www3.unicentro.br\/residenciapedagogica\/wp-json\/wp\/v2\/media?parent=35"}],"curies":[{"name":"wp","href":"https:\/\/api.w.org\/{rel}","templated":true}]}}