{"id":26,"date":"2019-02-28T11:46:43","date_gmt":"2019-02-28T14:46:43","guid":{"rendered":"https:\/\/www3.unicentro.br\/residenciapedagogica\/?page_id=26"},"modified":"2019-02-28T11:46:43","modified_gmt":"2019-02-28T14:46:43","slug":"o-programa","status":"publish","type":"page","link":"https:\/\/www3.unicentro.br\/residenciapedagogica\/o-programa\/","title":{"rendered":"O Programa"},"content":{"rendered":"<p>O Programa de Resid\u00eancia Pedag\u00f3gica \u00e9 uma das a\u00e7\u00f5es que integram a Pol\u00edtica Nacional de Forma\u00e7\u00e3o de Professores e tem por objetivo induzir o aperfei\u00e7oamento do est\u00e1gio curricular supervisionado nos cursos de licenciatura, promovendo a imers\u00e3o do licenciando na escola de educa\u00e7\u00e3o b\u00e1sica, a partir da segunda metade de seu curso.<\/p>\n<p>Essa imers\u00e3o deve contemplar, entre outras atividades, reg\u00eancia de sala de aula e interven\u00e7\u00e3o pedag\u00f3gica, acompanhadas por um professor da escola com experi\u00eancia na \u00e1rea de ensino do licenciando e orientada por um docente da sua Institui\u00e7\u00e3o Formadora.<\/p>\n<p>A Resid\u00eancia Pedag\u00f3gica, articulada aos demais programas da Capes que comp\u00f5em a Pol\u00edtica Nacional, tem como premissas b\u00e1sicas o entendimento de que a forma\u00e7\u00e3o de professores nos cursos de licenciatura deve assegurar, aos seus egressos, habilidades e compet\u00eancias que lhes permitam realizar um ensino de qualidade nas escolas de educa\u00e7\u00e3o b\u00e1sica.<\/p>\n<p><strong>Modalidades de bolsa<\/strong><\/p>\n<p>No Programa de Resid\u00eancia Pedag\u00f3gica ser\u00e3o concedidas as seguintes modalidades de bolsa:<\/p>\n<ol>\n<li><strong>Residente<\/strong>: para discentes com matr\u00edcula ativa em curso de licenciatura que tenham cursado o m\u00ednimo de 50% do curso ou que estejam cursando a partir do 5\u00ba per\u00edodo (3\u00aa s\u00e9rie), no valor de R$ 400,00 (quatrocentos reais)<\/li>\n<li><strong>Coordenador Institucional<\/strong>: para docente da IES respons\u00e1vel pelo projeto institucional de Resid\u00eancia Pedag\u00f3gica, no valor de R$ 1.500,00 (um mil e quinhentos reais);<\/li>\n<li><strong>Docente Orientador<\/strong>: para o docente que orientar\u00e1 o est\u00e1gio dos residentes estabelecendo a rela\u00e7\u00e3o entre teoria e pr\u00e1tica, no valor de R$ 1.400,00 (um mil e quatrocentos reais);<\/li>\n<li><strong>Preceptor<\/strong>: para o professor da escola de educa\u00e7\u00e3o b\u00e1sica que acompanhar\u00e1 os residentes na escola-campo, no valor de R$ 765,00 (setecentos e sessenta e cinco reais).<\/li>\n<\/ol>\n","protected":false},"excerpt":{"rendered":"<p>O Programa de Resid\u00eancia Pedag\u00f3gica \u00e9 uma das a\u00e7\u00f5es que integram a Pol\u00edtica Nacional de Forma\u00e7\u00e3o de Professores e tem por objetivo induzir o aperfei\u00e7oamento do est\u00e1gio curricular supervisionado nos cursos de licenciatura, promovendo a imers\u00e3o do licenciando na escola de educa\u00e7\u00e3o b\u00e1sica, a partir da segunda metade de seu curso. Essa imers\u00e3o deve contemplar, [&hellip;]<\/p>\n","protected":false},"author":3,"featured_media":0,"parent":0,"menu_order":0,"comment_status":"closed","ping_status":"closed","template":"","meta":{"_exactmetrics_skip_tracking":false,"_exactmetrics_sitenote_active":false,"_exactmetrics_sitenote_note":"","_exactmetrics_sitenote_category":0,"footnotes":"","_links_to":"","_links_to_target":""},"class_list":["post-26","page","type-page","status-publish","hentry"],"_links":{"self":[{"href":"https:\/\/www3.unicentro.br\/residenciapedagogica\/wp-json\/wp\/v2\/pages\/26","targetHints":{"allow":["GET"]}}],"collection":[{"href":"https:\/\/www3.unicentro.br\/residenciapedagogica\/wp-json\/wp\/v2\/pages"}],"about":[{"href":"https:\/\/www3.unicentro.br\/residenciapedagogica\/wp-json\/wp\/v2\/types\/page"}],"author":[{"embeddable":true,"href":"https:\/\/www3.unicentro.br\/residenciapedagogica\/wp-json\/wp\/v2\/users\/3"}],"replies":[{"embeddable":true,"href":"https:\/\/www3.unicentro.br\/residenciapedagogica\/wp-json\/wp\/v2\/comments?post=26"}],"version-history":[{"count":0,"href":"https:\/\/www3.unicentro.br\/residenciapedagogica\/wp-json\/wp\/v2\/pages\/26\/revisions"}],"wp:attachment":[{"href":"https:\/\/www3.unicentro.br\/residenciapedagogica\/wp-json\/wp\/v2\/media?parent=26"}],"curies":[{"name":"wp","href":"https:\/\/api.w.org\/{rel}","templated":true}]}}