{"id":817,"date":"2017-06-26T14:26:19","date_gmt":"2017-06-26T17:26:19","guid":{"rendered":"https:\/\/www3.unicentro.br\/proplan\/?page_id=817"},"modified":"2017-12-07T14:46:05","modified_gmt":"2017-12-07T16:46:05","slug":"programacao","status":"publish","type":"page","link":"https:\/\/www3.unicentro.br\/proplan\/projeto-integracao\/programacao\/","title":{"rendered":"Programa\u00e7\u00e3o"},"content":{"rendered":"<p><span style=\"font-size: 18pt\">PROGRAMA\u00c7\u00c3O DAS OFICINAS<\/span>[vc_tta_accordion][vc_tta_section title=&#8221;Oficina PROPLAN\/COORTI&#8221; tab_id=&#8221;1512662980483-c213cac6-7944&#8243;]<\/p>\n<h5>Descri\u00e7\u00e3o<\/h5>\n<p class=\"push-20-l push-20-r\">1\u00aa Oficina do Projeto Integra\u00e7\u00e3o: conhecendo a UNICENTRO. Parte 1 &#8211; 13h30 \u00e0s 15h30 &#8211; Pr\u00f3-Reitoria de Planejamento, PROPALN. Parte 2 &#8211; 15h30 \u00e0s 17h30 &#8211; Coordenadoria de Tecnologia da Informa\u00e7\u00e3o, COORTI. Sala dos Conselhos do Campus Santa Cruz com transmiss\u00e3o por v\u00eddeo confer\u00eancia para o Campus Irati (Sala de Videos e Reuni\u00f5es).<\/p>\n<h5><i class=\"si si-pointer push-5-r\"><\/i>Local de realiza\u00e7\u00e3o<\/h5>\n<p class=\"push-20-l\">Campus Santa Cruz &#8211; Sala dos Conselhos &#8211; Pr\u00e9dio Central<\/p>\n<h5><i class=\"si si-clock push-5-r\"><\/i>Datas e hor\u00e1rios<\/h5>\n<table class=\"table table-vcenter push-10-r push-10-l\">\n<thead>\n<tr>\n<th class=\"text-left\">APRESENTADORES<\/th>\n<th class=\"text-center\">DATA<\/th>\n<th class=\"text-center\">IN\u00cdCIO<\/th>\n<th class=\"text-center\">T\u00c9RMINO<\/th>\n<\/tr>\n<\/thead>\n<tbody>\n<tr>\n<td><label class=\"text-info\">Oficina PROPLAN\/COORTI<\/label><br \/>\nGILBERTO FRANCO DE SOUZA<br \/>\n<label class=\"text-city\">Ministrante<\/label><br \/>\nMARCOS ALEXANDRE BRONOSKY<br \/>\n<label class=\"text-city\">Ministrante<\/label><\/td>\n<td class=\"text-center\">15\/03\/2018<\/td>\n<td class=\"text-center\">13:30:00<\/td>\n<td class=\"text-center\">17:30:00<\/td>\n<\/tr>\n<\/tbody>\n<\/table>\n<p>[\/vc_tta_section][vc_tta_section title=&#8221;Oficina PROEN&#8221; tab_id=&#8221;1512662889424-9fbfc939-2ce4&#8243;]<\/p>\n<h5>Descri\u00e7\u00e3o<\/h5>\n<p class=\"push-20-l push-20-r\">2\u00aa Oficina do Projeto Integra\u00e7\u00e3o: conhecendo a UNICENTRO. Pr\u00f3-Reitoria de Ensino, PROEN. Sala dos Conselhos do Campus Santa Cruz com transmiss\u00e3o por v\u00eddeo confer\u00eancia para o Campus Irati (Sala de Videos e Reuni\u00f5es).<\/p>\n<h5><i class=\"si si-pointer push-5-r\"><\/i>Local de realiza\u00e7\u00e3o<\/h5>\n<p class=\"push-20-l\">Campus Santa Cruz &#8211; Sala dos Conselhos &#8211; Pr\u00e9dio Central<\/p>\n<h5><i class=\"si si-clock push-5-r\"><\/i>Datas e hor\u00e1rios<\/h5>\n<table class=\"table table-vcenter push-10-r push-10-l\">\n<thead>\n<tr>\n<th class=\"text-left\">APRESENTADORES<\/th>\n<th class=\"text-center\">DATA<\/th>\n<th class=\"text-center\">IN\u00cdCIO<\/th>\n<th class=\"text-center\">T\u00c9RMINO<\/th>\n<\/tr>\n<\/thead>\n<tbody>\n<tr>\n<td><label class=\"text-info\">Oficina PROEN<\/label><br \/>\nREGINA C\u00c9LIA HABIB WIPIESKI PADILHA<br \/>\n<label class=\"text-city\">Ministrante<\/label><\/td>\n<td class=\"text-center\">17\/04\/2018<\/td>\n<td class=\"text-center\">13:30:00<\/td>\n<td class=\"text-center\">17:30:00<\/td>\n<\/tr>\n<\/tbody>\n<\/table>\n<p>[\/vc_tta_section][vc_tta_section title=&#8221;Oficina PRORH&#8221; tab_id=&#8221;1512663042422-4d70fa77-05a1&#8243;]<\/p>\n<h5>Descri\u00e7\u00e3o<\/h5>\n<p class=\"push-20-l push-20-r\">3\u00aa Oficina do Projeto Integra\u00e7\u00e3o: conhecendo a UNICENTRO Pr\u00f3-Reitoria de Recursos Humanos, PRORH. Sala dos Conselhos do Campus Santa Cruz com transmiss\u00e3o por v\u00eddeo confer\u00eancia para o Campus Irati (Sala de Videos e Reuni\u00f5es).<\/p>\n<h5><i class=\"si si-pointer push-5-r\"><\/i>Local de realiza\u00e7\u00e3o<\/h5>\n<p class=\"push-20-l\">Campus Santa Cruz &#8211; Sala dos Conselhos &#8211; Pr\u00e9dio Central<\/p>\n<h5><i class=\"si si-clock push-5-r\"><\/i>Datas e hor\u00e1rios<\/h5>\n<table class=\"table table-vcenter push-10-r push-10-l\">\n<thead>\n<tr>\n<th class=\"text-left\">APRESENTADORES<\/th>\n<th class=\"text-center\">DATA<\/th>\n<th class=\"text-center\">IN\u00cdCIO<\/th>\n<th class=\"text-center\">T\u00c9RMINO<\/th>\n<\/tr>\n<\/thead>\n<tbody>\n<tr>\n<td><label class=\"text-info\">Oficina PRORH<\/label><br \/>\nROBSON PAULO RIBEIRO FERRAS<br \/>\n<label class=\"text-city\">Ministrante<\/label><\/td>\n<td class=\"text-center\">23\/05\/2018<\/td>\n<td class=\"text-center\">13:30:00<\/td>\n<td class=\"text-center\">17:30:00<\/td>\n<\/tr>\n<\/tbody>\n<\/table>\n<p>[\/vc_tta_section][vc_tta_section title=&#8221;Oficina PROAF\/COORCAP&#8221; tab_id=&#8221;1512662590134-c09785b1-866c&#8221;]<\/p>\n<h5>Descri\u00e7\u00e3o<\/h5>\n<p class=\"push-20-l push-20-r\">4\u00aa Oficina do Projeto Integra\u00e7\u00e3o: conhecendo a UNICENTRO. Parte 1 &#8211; 13h30 \u00e1s 15h30 &#8211; Pr\u00f3-Reitoria de Administra\u00e7\u00e3o e Finan\u00e7as, PROAF. Parte 2 &#8211; 15h30 \u00e1s 17h30 &#8211; Coordenadoria de Conv\u00eanios e Capta\u00e7\u00e3o de Recursos, COORCAP. Sala dos Conselhos do Campus Santa Cruz com transmiss\u00e3o por v\u00eddeo confer\u00eancia para o Campus Irati (Sala de Videos e Reuni\u00f5es).<\/p>\n<h5><i class=\"si si-pointer push-5-r\"><\/i>Local de realiza\u00e7\u00e3o<\/h5>\n<p class=\"push-20-l\">Campus Santa Cruz &#8211; Sala dos Conselhos &#8211; Pr\u00e9dio Central<\/p>\n<h5><i class=\"si si-clock push-5-r\"><\/i>Datas e hor\u00e1rios<\/h5>\n<table class=\"table table-vcenter push-10-r push-10-l\">\n<thead>\n<tr>\n<th class=\"text-left\">APRESENTADORES<\/th>\n<th class=\"text-center\">DATA<\/th>\n<th class=\"text-center\">IN\u00cdCIO<\/th>\n<th class=\"text-center\">T\u00c9RMINO<\/th>\n<\/tr>\n<\/thead>\n<tbody>\n<tr>\n<td><label class=\"text-info\">Oficina PROAF\/COORCAP<\/label><br \/>\nELIANE HORBUS<br \/>\n<label class=\"text-city\">Ministrante<\/label><br \/>\nF\u00c1BIO HORST<br \/>\n<label class=\"text-city\">Ministrante<\/label><\/td>\n<td class=\"text-center\">18\/06\/2018<\/td>\n<td class=\"text-center\">13:30:00<\/td>\n<td class=\"text-center\">17:30:00<\/td>\n<\/tr>\n<\/tbody>\n<\/table>\n<p>[\/vc_tta_section][vc_tta_section title=&#8221;Oficina PROEC\/NEAD&#8221; tab_id=&#8221;1512662590135-f4321bcd-0aec&#8221;]<\/p>\n<h5>Descri\u00e7\u00e3o<\/h5>\n<p class=\"push-20-l push-20-r\">5\u00aa Oficina do Projeto Integra\u00e7\u00e3o: conhecendo a UNICENTRO. Parte 1 &#8211; 13h30 \u00e0s 15h30 &#8211; Pr\u00f3-Reitoria de Extens\u00e3o e Cultura, PROEC. Parte 2 &#8211; 15h30 \u00e1s 17h30 &#8211; N\u00facleo de Educa\u00e7\u00e3o \u00e1 Dist\u00e2ncia, NEAD. Sala dos Conselhos do Campus Santa Cruz com transmiss\u00e3o por v\u00eddeo confer\u00eancia para o Campus Irati (Sala de Videos e Reuni\u00f5es).<\/p>\n<h5><i class=\"si si-pointer push-5-r\"><\/i>Local de realiza\u00e7\u00e3o<\/h5>\n<p class=\"push-20-l\">Campus Santa Cruz &#8211; Sala dos Conselhos &#8211; Pr\u00e9dio Central<\/p>\n<h5><i class=\"si si-clock push-5-r\"><\/i>Datas e hor\u00e1rios<\/h5>\n<table class=\"table table-vcenter push-10-r push-10-l\">\n<thead>\n<tr>\n<th class=\"text-left\">APRESENTADORES<\/th>\n<th class=\"text-center\">DATA<\/th>\n<th class=\"text-center\">IN\u00cdCIO<\/th>\n<th class=\"text-center\">T\u00c9RMINO<\/th>\n<\/tr>\n<\/thead>\n<tbody>\n<tr>\n<td><label class=\"text-info\">Oficina PROEC\/NEAD<\/label><br \/>\nELAINE MARIA DOS SANTOS<br \/>\n<label class=\"text-city\">Ministrante<\/label><br \/>\nMARIA APARECIDA CRISSI KNUPPEL<br \/>\n<label class=\"text-city\">Ministrante<\/label><\/td>\n<td class=\"text-center\">09\/08\/2018<\/td>\n<td class=\"text-center\">13:30:00<\/td>\n<td class=\"text-center\">17:30:00<\/td>\n<\/tr>\n<\/tbody>\n<\/table>\n<p>[\/vc_tta_section][vc_tta_section title=&#8221;Oficina PROPESP&#8221; tab_id=&#8221;1512662941234-da8c0349-d093&#8243;]<\/p>\n<h5>Descri\u00e7\u00e3o<\/h5>\n<p class=\"push-20-l push-20-r\">6\u00aa Oficina do Projeto Integra\u00e7\u00e3o: conhecendo a UNICENTRO Pr\u00f3-Reitoria de Pesquisa e P\u00f3s-Gradua\u00e7\u00e3o, PROPESP. Sala dos Conselhos do Campus Santa Cruz com transmiss\u00e3o por v\u00eddeo confer\u00eancia para o Campus Irati (Sala de Videos e Reuni\u00f5es).<\/p>\n<h5><i class=\"si si-pointer push-5-r\"><\/i>Local de realiza\u00e7\u00e3o<\/h5>\n<p class=\"push-20-l\">Campus Santa Cruz &#8211; Sala dos Conselhos &#8211; Pr\u00e9dio Central<\/p>\n<h5><i class=\"si si-clock push-5-r\"><\/i>Datas e hor\u00e1rios<\/h5>\n<table class=\"table table-vcenter push-10-r push-10-l\">\n<thead>\n<tr>\n<th class=\"text-left\">APRESENTADORES<\/th>\n<th class=\"text-center\">DATA<\/th>\n<th class=\"text-center\">IN\u00cdCIO<\/th>\n<th class=\"text-center\">T\u00c9RMINO<\/th>\n<\/tr>\n<\/thead>\n<tbody>\n<tr>\n<td><label class=\"text-info\">Oficina PROPESP<\/label><br \/>\nMARCOS VENTURA FARIA<br \/>\n<label class=\"text-city\">Ministrante<\/label><\/td>\n<td class=\"text-center\">18\/09\/2018<\/td>\n<td class=\"text-center\">13:30:00<\/td>\n<td class=\"text-center\">17:30:00<\/td>\n<\/tr>\n<\/tbody>\n<\/table>\n<p>[\/vc_tta_section][\/vc_tta_accordion]<\/p>\n","protected":false},"excerpt":{"rendered":"<p>PROGRAMA\u00c7\u00c3O DAS OFICINAS[vc_tta_accordion][vc_tta_section title=&#8221;Oficina PROPLAN\/COORTI&#8221; tab_id=&#8221;1512662980483-c213cac6-7944&#8243;] Descri\u00e7\u00e3o 1\u00aa Oficina do Projeto Integra\u00e7\u00e3o: conhecendo a UNICENTRO. Parte 1 &#8211; 13h30 \u00e0s 15h30 &#8211; Pr\u00f3-Reitoria de Planejamento, PROPALN. Parte 2 &#8211; 15h30 \u00e0s 17h30 &#8211; Coordenadoria de Tecnologia da Informa\u00e7\u00e3o, COORTI. Sala dos Conselhos do Campus Santa Cruz com transmiss\u00e3o por v\u00eddeo confer\u00eancia para o Campus Irati [&hellip;]<\/p>\n","protected":false},"author":6,"featured_media":0,"parent":635,"menu_order":0,"comment_status":"closed","ping_status":"closed","template":"","meta":{"_exactmetrics_skip_tracking":false,"_exactmetrics_sitenote_active":false,"_exactmetrics_sitenote_note":"","_exactmetrics_sitenote_category":0,"footnotes":"","_links_to":"","_links_to_target":""},"class_list":["post-817","page","type-page","status-publish","hentry"],"publishpress_future_action":{"enabled":false,"date":"2026-04-18 09:31:22","action":"change-status","newStatus":"draft","terms":[],"taxonomy":"","extraData":[]},"publishpress_future_workflow_manual_trigger":{"enabledWorkflows":[]},"_links":{"self":[{"href":"https:\/\/www3.unicentro.br\/proplan\/wp-json\/wp\/v2\/pages\/817","targetHints":{"allow":["GET"]}}],"collection":[{"href":"https:\/\/www3.unicentro.br\/proplan\/wp-json\/wp\/v2\/pages"}],"about":[{"href":"https:\/\/www3.unicentro.br\/proplan\/wp-json\/wp\/v2\/types\/page"}],"author":[{"embeddable":true,"href":"https:\/\/www3.unicentro.br\/proplan\/wp-json\/wp\/v2\/users\/6"}],"replies":[{"embeddable":true,"href":"https:\/\/www3.unicentro.br\/proplan\/wp-json\/wp\/v2\/comments?post=817"}],"version-history":[{"count":0,"href":"https:\/\/www3.unicentro.br\/proplan\/wp-json\/wp\/v2\/pages\/817\/revisions"}],"up":[{"embeddable":true,"href":"https:\/\/www3.unicentro.br\/proplan\/wp-json\/wp\/v2\/pages\/635"}],"wp:attachment":[{"href":"https:\/\/www3.unicentro.br\/proplan\/wp-json\/wp\/v2\/media?parent=817"}],"curies":[{"name":"wp","href":"https:\/\/api.w.org\/{rel}","templated":true}]}}