{"id":772,"date":"2017-06-26T10:37:50","date_gmt":"2017-06-26T13:37:50","guid":{"rendered":"https:\/\/www3.unicentro.br\/proplan\/?page_id=772"},"modified":"2025-12-18T14:23:18","modified_gmt":"2025-12-18T17:23:18","slug":"estatuto","status":"publish","type":"page","link":"https:\/\/www3.unicentro.br\/proplan\/desenvolvimento-estrategico-universitario\/estatuto\/","title":{"rendered":"Estatuto"},"content":{"rendered":"<div class=\"wpb-content-wrapper\"><p>[vc_row][vc_column][vc_column_text css=&#8221;&#8221;]<\/p>\n<p style=\"text-align: center\"><span style=\"font-size: 24px\">Legisla\u00e7\u00e3o Federal<\/span><\/p>\n<p>[\/vc_column_text][\/vc_column][vc_column][\/vc_column][\/vc_row][vc_row][vc_column width=&#8221;1\/2&#8243;][vc_btn title=&#8221;Decreto-7423-2010&#8243; style=&#8221;custom&#8221; custom_background=&#8221;#dd1a1a&#8221; custom_text=&#8221;#ffffff&#8221; align=&#8221;center&#8221; css=&#8221;&#8221; link=&#8221;url:https%3A%2F%2Fwww3.unicentro.br%2Fproplan%2Fwp-content%2Fuploads%2Fsites%2F17%2F2024%2F09%2FDecreto-7423-2010.pdf|target:_blank&#8221;][vc_btn title=&#8221;L8958-1994&#8243; style=&#8221;custom&#8221; custom_background=&#8221;#dd1a1a&#8221; custom_text=&#8221;#ffffff&#8221; align=&#8221;center&#8221; css=&#8221;&#8221; link=&#8221;url:https%3A%2F%2Fwww3.unicentro.br%2Fproplan%2Fwp-content%2Fuploads%2Fsites%2F17%2F2024%2F09%2FL8958-1994.pdf|target:_blank&#8221;][\/vc_column][vc_column width=&#8221;1\/2&#8243;][vc_btn title=&#8221;Decreto-8240-2014&#8243; style=&#8221;custom&#8221; custom_background=&#8221;#dd1a1a&#8221; custom_text=&#8221;#ffffff&#8221; align=&#8221;center&#8221; css=&#8221;&#8221; link=&#8221;url:https%3A%2F%2Fwww3.unicentro.br%2Fproplan%2Fwp-content%2Fuploads%2Fsites%2F17%2F2024%2F09%2FDecreto-8240-2014.pdf|target:_blank&#8221;][vc_btn title=&#8221;LEI-14.133-2021&#8243; style=&#8221;custom&#8221; custom_background=&#8221;#dd1a1a&#8221; custom_text=&#8221;#ffffff&#8221; align=&#8221;center&#8221; css=&#8221;&#8221; link=&#8221;url:https%3A%2F%2Fwww3.unicentro.br%2Fproplan%2Fwp-content%2Fuploads%2Fsites%2F17%2F2024%2F09%2FLEI-14.133-2021.pdf|target:_blank&#8221;][\/vc_column][vc_column][vc_column_text css=&#8221;&#8221;]<\/p>\n<p style=\"text-align: center\"><span style=\"font-size: 24px\">Legisla\u00e7\u00e3o Estadual<\/span><\/p>\n<p>[\/vc_column_text][\/vc_column][\/vc_row][vc_row][vc_column][\/vc_column][vc_column width=&#8221;1\/2&#8243;][vc_btn title=&#8221;Decreto 8796 2021&#8243; style=&#8221;custom&#8221; custom_background=&#8221;#dd1a1a&#8221; custom_text=&#8221;#ffffff&#8221; align=&#8221;center&#8221; css=&#8221;&#8221; link=&#8221;url:https%3A%2F%2Fwww3.unicentro.br%2Fproplan%2Fwp-content%2Fuploads%2Fsites%2F17%2F2024%2F09%2FDecreto-8796-2021-do-Parana-PR.pdf|target:_blank&#8221;][vc_btn title=&#8221;Lei Ordin\u00e1ria 15608 2007&#8243; style=&#8221;custom&#8221; custom_background=&#8221;#dd1a1a&#8221; custom_text=&#8221;#ffffff&#8221; align=&#8221;center&#8221; css=&#8221;&#8221; link=&#8221;url:https%3A%2F%2Fwww3.unicentro.br%2Fproplan%2Fwp-content%2Fuploads%2Fsites%2F17%2F2024%2F09%2FLei-Ordinaria-15608-2007-do-Parana-PR.pdf|target:_blank&#8221;][\/vc_column][vc_column width=&#8221;1\/2&#8243;][vc_btn title=&#8221;Decreto 10086 2022&#8243; style=&#8221;custom&#8221; custom_background=&#8221;#dd1a1a&#8221; custom_text=&#8221;#ffffff&#8221; align=&#8221;center&#8221; css=&#8221;&#8221; link=&#8221;url:https%3A%2F%2Fwww3.unicentro.br%2Fproplan%2Fwp-content%2Fuploads%2Fsites%2F17%2F2024%2F09%2FDecreto-10086-2022-do-Parana-PR.pdf|target:_blank&#8221;][vc_btn title=&#8221;Lei Ordin\u00e1ria 20537 2021&#8243; style=&#8221;custom&#8221; custom_background=&#8221;#dd1a1a&#8221; custom_text=&#8221;#ffffff&#8221; align=&#8221;center&#8221; css=&#8221;&#8221; link=&#8221;url:https%3A%2F%2Fwww3.unicentro.br%2Fproplan%2Fwp-content%2Fuploads%2Fsites%2F17%2F2024%2F09%2FLei-Ordinaria-20537-2021-do-Parana-PR.pdf|target:_blank&#8221;][\/vc_column][vc_column][\/vc_column][\/vc_row][vc_row][vc_column][vc_column_text css=&#8221;&#8221;]<\/p>\n<p style=\"text-align: center\"><span style=\"font-size: 24px\">Legisla\u00e7\u00e3o Institucional<\/span><\/p>\n<p>[\/vc_column_text][\/vc_column][vc_column width=&#8221;1\/2&#8243;][vc_btn title=&#8221;Instru\u00e7\u00e3o Normativa conjunta 001-2024&#8243; style=&#8221;custom&#8221; custom_background=&#8221;#dd1a1a&#8221; custom_text=&#8221;#ffffff&#8221; align=&#8221;center&#8221; css=&#8221;&#8221; link=&#8221;url:https%3A%2F%2Fwww3.unicentro.br%2Fproplan%2Fwp-content%2Fuploads%2Fsites%2F17%2F2024%2F09%2FInstrucao-Normativa-conjunta-001-2024.pdf|target:_blank&#8221;][\/vc_column][vc_column width=&#8221;1\/2&#8243;][vc_btn title=&#8221;Res-CAD-15-2021&#8243; style=&#8221;custom&#8221; custom_background=&#8221;#dd1a1a&#8221; custom_text=&#8221;#ffffff&#8221; align=&#8221;center&#8221; css=&#8221;&#8221; link=&#8221;url:https%3A%2F%2Fwww3.unicentro.br%2Fproplan%2Fwp-content%2Fuploads%2Fsites%2F17%2F2024%2F09%2FRes-CAD-15-2021-Credenciamento.pdf|target:_blank&#8221;][vc_btn title=&#8221;Formul\u00e1rio de Identifica\u00e7\u00e3o para Credenciamento de Funda\u00e7\u00f5es de Apoio&#8221; style=&#8221;custom&#8221; custom_background=&#8221;#dd1a1a&#8221; custom_text=&#8221;#ffffff&#8221; align=&#8221;center&#8221; css=&#8221;&#8221; link=&#8221;url:https%3A%2F%2Fwww3.unicentro.br%2Fproplan%2Fwp-content%2Fuploads%2Fsites%2F17%2F2024%2F09%2FFormulario-de-Identificacao-para-Credenciamento-de-Fundacoes-de-Apoio.odt|target:_blank&#8221;][\/vc_column][\/vc_row][vc_row][vc_column][vc_column_text css=&#8221;&#8221;]<\/p>\n<p style=\"text-align: center\"><span style=\"font-size: 24px\">Funda\u00e7\u00f5es e editais<\/span><\/p>\n<p>[\/vc_column_text][\/vc_column][vc_column width=&#8221;1\/2&#8243;][vc_btn title=&#8221;Funda\u00e7\u00f5es Credenciadas&#8221; style=&#8221;custom&#8221; custom_background=&#8221;#dd1a1a&#8221; custom_text=&#8221;#ffffff&#8221; align=&#8221;center&#8221; css=&#8221;&#8221; link=&#8221;url:https%3A%2F%2Fwww3.unicentro.br%2Fproplan%2Fwp-content%2Fuploads%2Fsites%2F17%2F2024%2F11%2FFundacao-de-Apoio-ao-Desenvolvimento-da-Universidade-Estadual-do-Centro-1.pdf|target:_blank&#8221;][\/vc_column][vc_column width=&#8221;1\/2&#8243;][vc_btn title=&#8221;Editais&#8221; style=&#8221;custom&#8221; custom_background=&#8221;#dd1a1a&#8221; custom_text=&#8221;#ffffff&#8221; align=&#8221;center&#8221; css=&#8221;&#8221; link=&#8221;target:_blank&#8221;][\/vc_column][\/vc_row][vc_row][vc_column][vc_column_text css=&#8221;&#8221;]<\/p>\n<p style=\"text-align: center\"><span style=\"font-size: 24px\">Relat\u00f3rios<\/span><\/p>\n<p>[\/vc_column_text][\/vc_column][vc_column width=&#8221;1\/2&#8243;][vc_btn title=&#8221;Relat\u00f3rio FAU 2022\/2023&#8243; style=&#8221;custom&#8221; custom_background=&#8221;#dd1a1a&#8221; custom_text=&#8221;#ffffff&#8221; align=&#8221;center&#8221; css=&#8221;&#8221; link=&#8221;url:https%3A%2F%2Fwww3.unicentro.br%2Fproplan%2Fwp-content%2Fuploads%2Fsites%2F17%2F2025%2F12%2F91A8140C-1_compressed.pdf|target:_blank&#8221;][\/vc_column][vc_column width=&#8221;1\/2&#8243;][vc_btn title=&#8221;Relat\u00f3rio FAU 2024&#8243; style=&#8221;custom&#8221; custom_background=&#8221;#dd1a1a&#8221; custom_text=&#8221;#ffffff&#8221; align=&#8221;center&#8221; css=&#8221;&#8221; link=&#8221;url:https%3A%2F%2Fwww3.unicentro.br%2Fproplan%2Fwp-content%2Fuploads%2Fsites%2F17%2F2025%2F12%2F53F065DE_compressed.pdf|target:_blank&#8221;][\/vc_column][vc_column][vc_btn title=&#8221;Voltar&#8221; style=&#8221;custom&#8221; custom_background=&#8221;#dd1a1a&#8221; custom_text=&#8221;#ffffff&#8221; align=&#8221;center&#8221; i_icon_fontawesome=&#8221;fa fa-arrow-left&#8221; button_block=&#8221;true&#8221; add_icon=&#8221;true&#8221; link=&#8221;url:https%3A%2F%2Fwww3.unicentro.br%2Fproplan%2Fdesenvolvimento-universitario%2Fareas-de-atuacao%2F|||&#8221;][\/vc_column][\/vc_row]<\/p>\n<\/div>","protected":false},"excerpt":{"rendered":"<p>[vc_row][vc_column][vc_column_text css=&#8221;&#8221;] Legisla\u00e7\u00e3o Federal [\/vc_column_text][\/vc_column][vc_column][\/vc_column][\/vc_row][vc_row][vc_column width=&#8221;1\/2&#8243;][vc_btn title=&#8221;Decreto-7423-2010&#8243; style=&#8221;custom&#8221; custom_background=&#8221;#dd1a1a&#8221; custom_text=&#8221;#ffffff&#8221; align=&#8221;center&#8221; css=&#8221;&#8221; link=&#8221;url:https%3A%2F%2Fwww3.unicentro.br%2Fproplan%2Fwp-content%2Fuploads%2Fsites%2F17%2F2024%2F09%2FDecreto-7423-2010.pdf|target:_blank&#8221;][vc_btn title=&#8221;L8958-1994&#8243; style=&#8221;custom&#8221; custom_background=&#8221;#dd1a1a&#8221; custom_text=&#8221;#ffffff&#8221; align=&#8221;center&#8221; css=&#8221;&#8221; link=&#8221;url:https%3A%2F%2Fwww3.unicentro.br%2Fproplan%2Fwp-content%2Fuploads%2Fsites%2F17%2F2024%2F09%2FL8958-1994.pdf|target:_blank&#8221;][\/vc_column][vc_column width=&#8221;1\/2&#8243;][vc_btn title=&#8221;Decreto-8240-2014&#8243; style=&#8221;custom&#8221; custom_background=&#8221;#dd1a1a&#8221; custom_text=&#8221;#ffffff&#8221; align=&#8221;center&#8221; css=&#8221;&#8221; link=&#8221;url:https%3A%2F%2Fwww3.unicentro.br%2Fproplan%2Fwp-content%2Fuploads%2Fsites%2F17%2F2024%2F09%2FDecreto-8240-2014.pdf|target:_blank&#8221;][vc_btn title=&#8221;LEI-14.133-2021&#8243; style=&#8221;custom&#8221; custom_background=&#8221;#dd1a1a&#8221; custom_text=&#8221;#ffffff&#8221; align=&#8221;center&#8221; css=&#8221;&#8221; link=&#8221;url:https%3A%2F%2Fwww3.unicentro.br%2Fproplan%2Fwp-content%2Fuploads%2Fsites%2F17%2F2024%2F09%2FLEI-14.133-2021.pdf|target:_blank&#8221;][\/vc_column][vc_column][vc_column_text css=&#8221;&#8221;] Legisla\u00e7\u00e3o Estadual [\/vc_column_text][\/vc_column][\/vc_row][vc_row][vc_column][\/vc_column][vc_column width=&#8221;1\/2&#8243;][vc_btn title=&#8221;Decreto 8796 2021&#8243; style=&#8221;custom&#8221; custom_background=&#8221;#dd1a1a&#8221; custom_text=&#8221;#ffffff&#8221; align=&#8221;center&#8221; css=&#8221;&#8221; link=&#8221;url:https%3A%2F%2Fwww3.unicentro.br%2Fproplan%2Fwp-content%2Fuploads%2Fsites%2F17%2F2024%2F09%2FDecreto-8796-2021-do-Parana-PR.pdf|target:_blank&#8221;][vc_btn title=&#8221;Lei Ordin\u00e1ria 15608 2007&#8243; style=&#8221;custom&#8221; custom_background=&#8221;#dd1a1a&#8221; [&hellip;]<\/p>\n","protected":false},"author":11,"featured_media":0,"parent":51,"menu_order":0,"comment_status":"closed","ping_status":"closed","template":"","meta":{"_exactmetrics_skip_tracking":false,"_exactmetrics_sitenote_active":false,"_exactmetrics_sitenote_note":"","_exactmetrics_sitenote_category":0,"footnotes":"","_links_to":"","_links_to_target":""},"class_list":["post-772","page","type-page","status-publish","hentry"],"publishpress_future_action":{"enabled":false,"date":"2026-04-13 19:49:30","action":"change-status","newStatus":"draft","terms":[],"taxonomy":"","extraData":[]},"publishpress_future_workflow_manual_trigger":{"enabledWorkflows":[]},"_links":{"self":[{"href":"https:\/\/www3.unicentro.br\/proplan\/wp-json\/wp\/v2\/pages\/772","targetHints":{"allow":["GET"]}}],"collection":[{"href":"https:\/\/www3.unicentro.br\/proplan\/wp-json\/wp\/v2\/pages"}],"about":[{"href":"https:\/\/www3.unicentro.br\/proplan\/wp-json\/wp\/v2\/types\/page"}],"author":[{"embeddable":true,"href":"https:\/\/www3.unicentro.br\/proplan\/wp-json\/wp\/v2\/users\/11"}],"replies":[{"embeddable":true,"href":"https:\/\/www3.unicentro.br\/proplan\/wp-json\/wp\/v2\/comments?post=772"}],"version-history":[{"count":2,"href":"https:\/\/www3.unicentro.br\/proplan\/wp-json\/wp\/v2\/pages\/772\/revisions"}],"predecessor-version":[{"id":4320,"href":"https:\/\/www3.unicentro.br\/proplan\/wp-json\/wp\/v2\/pages\/772\/revisions\/4320"}],"up":[{"embeddable":true,"href":"https:\/\/www3.unicentro.br\/proplan\/wp-json\/wp\/v2\/pages\/51"}],"wp:attachment":[{"href":"https:\/\/www3.unicentro.br\/proplan\/wp-json\/wp\/v2\/media?parent=772"}],"curies":[{"name":"wp","href":"https:\/\/api.w.org\/{rel}","templated":true}]}}