{"id":762,"date":"2017-06-26T10:31:54","date_gmt":"2017-06-26T13:31:54","guid":{"rendered":"https:\/\/www3.unicentro.br\/proplan\/?page_id=762"},"modified":"2018-09-26T16:13:35","modified_gmt":"2018-09-26T19:13:35","slug":"projetos-e-avaliacoes-de-infraestrutura","status":"publish","type":"page","link":"https:\/\/www3.unicentro.br\/proplan\/engenharia-e-arquitetura\/projetos-e-avaliacoes-de-infraestrutura\/","title":{"rendered":"Projetos e Avalia\u00e7\u00f5es"},"content":{"rendered":"<div class=\"wpb-content-wrapper\"><p>[vc_row][vc_column][vc_single_image image=&#8221;2086&#8243; img_size=&#8221;full&#8221;][\/vc_column][\/vc_row][vc_row][vc_column width=&#8221;1\/2&#8243;][vc_tta_accordion c_align=&#8221;center&#8221; c_icon=&#8221;&#8221; active_section=&#8221;1&#8243;][vc_tta_section title=&#8221;Elabora\u00e7\u00e3o de Projetos&#8221; tab_id=&#8221;1533664444901-d8993353-5d1f&#8221;][vc_column_text]<\/p>\n<p style=\"text-align: justify\">A Diretoria de Engenharia e Arquitetura, DIREA, quanto a elabora\u00e7\u00e3o de projetos realiza o planejamento arquitet\u00f4nico, el\u00e9trico e estrutural de novas obras, bem como redirecionamento das infraestruturas existentes e a serem constru\u00eddas. Para requisi\u00e7\u00e3o da formula\u00e7\u00e3o desses projetos a diretoria disponibiliza um formul\u00e1rio a ser preenchido pelo setor interessado.<\/p>\n<p>[\/vc_column_text][\/vc_tta_section][\/vc_tta_accordion][\/vc_column][vc_column width=&#8221;1\/2&#8243;][vc_single_image image=&#8221;1381&#8243; img_size=&#8221;200&#215;200&#8243; alignment=&#8221;center&#8221;][vc_btn title=&#8221;Solicita\u00e7\u00e3o de Estudo&#8221; style=&#8221;custom&#8221; custom_background=&#8221;#dd1a1a&#8221; custom_text=&#8221;#ffffff&#8221; align=&#8221;center&#8221; link=&#8221;url:https%3A%2F%2Fwww3.unicentro.br%2Fproplan%2Fwp-content%2Fuploads%2Fsites%2F17%2F2017%2F06%2FFicha-para-pedidos-de-projetos-Atualizada.pdf||target:%20_blank|&#8221;][\/vc_column][\/vc_row][vc_row][vc_column][vc_btn title=&#8221;Voltar&#8221; style=&#8221;custom&#8221; custom_background=&#8221;#dd1a1a&#8221; custom_text=&#8221;#ffffff&#8221; align=&#8221;center&#8221; i_icon_fontawesome=&#8221;fa fa-arrow-left&#8221; button_block=&#8221;true&#8221; add_icon=&#8221;true&#8221; link=&#8221;url:https%3A%2F%2Fwww3.unicentro.br%2Fproplan%2Fengenharia-e-arquitetura%2Fareas-de-atuacao%2F|||&#8221;][\/vc_column][\/vc_row]<\/p>\n<\/div>","protected":false},"excerpt":{"rendered":"<p>[vc_row][vc_column][vc_single_image image=&#8221;2086&#8243; img_size=&#8221;full&#8221;][\/vc_column][\/vc_row][vc_row][vc_column width=&#8221;1\/2&#8243;][vc_tta_accordion c_align=&#8221;center&#8221; c_icon=&#8221;&#8221; active_section=&#8221;1&#8243;][vc_tta_section title=&#8221;Elabora\u00e7\u00e3o de Projetos&#8221; tab_id=&#8221;1533664444901-d8993353-5d1f&#8221;][vc_column_text] A Diretoria de Engenharia e Arquitetura, DIREA, quanto a elabora\u00e7\u00e3o de projetos realiza o planejamento arquitet\u00f4nico, el\u00e9trico e estrutural de novas obras, bem como redirecionamento das infraestruturas existentes e a serem constru\u00eddas. Para requisi\u00e7\u00e3o da formula\u00e7\u00e3o desses projetos a diretoria disponibiliza um formul\u00e1rio a [&hellip;]<\/p>\n","protected":false},"author":11,"featured_media":0,"parent":55,"menu_order":0,"comment_status":"closed","ping_status":"closed","template":"","meta":{"_exactmetrics_skip_tracking":false,"_exactmetrics_sitenote_active":false,"_exactmetrics_sitenote_note":"","_exactmetrics_sitenote_category":0,"footnotes":"","_links_to":"","_links_to_target":""},"class_list":["post-762","page","type-page","status-publish","hentry"],"publishpress_future_action":{"enabled":false,"date":"2026-04-19 06:47:17","action":"change-status","newStatus":"draft","terms":[],"taxonomy":"","extraData":[]},"publishpress_future_workflow_manual_trigger":{"enabledWorkflows":[]},"_links":{"self":[{"href":"https:\/\/www3.unicentro.br\/proplan\/wp-json\/wp\/v2\/pages\/762","targetHints":{"allow":["GET"]}}],"collection":[{"href":"https:\/\/www3.unicentro.br\/proplan\/wp-json\/wp\/v2\/pages"}],"about":[{"href":"https:\/\/www3.unicentro.br\/proplan\/wp-json\/wp\/v2\/types\/page"}],"author":[{"embeddable":true,"href":"https:\/\/www3.unicentro.br\/proplan\/wp-json\/wp\/v2\/users\/11"}],"replies":[{"embeddable":true,"href":"https:\/\/www3.unicentro.br\/proplan\/wp-json\/wp\/v2\/comments?post=762"}],"version-history":[{"count":0,"href":"https:\/\/www3.unicentro.br\/proplan\/wp-json\/wp\/v2\/pages\/762\/revisions"}],"up":[{"embeddable":true,"href":"https:\/\/www3.unicentro.br\/proplan\/wp-json\/wp\/v2\/pages\/55"}],"wp:attachment":[{"href":"https:\/\/www3.unicentro.br\/proplan\/wp-json\/wp\/v2\/media?parent=762"}],"curies":[{"name":"wp","href":"https:\/\/api.w.org\/{rel}","templated":true}]}}