{"id":734,"date":"2017-06-23T15:00:24","date_gmt":"2017-06-23T18:00:24","guid":{"rendered":"https:\/\/www3.unicentro.br\/proplan\/?page_id=734"},"modified":"2017-12-06T15:36:37","modified_gmt":"2017-12-06T17:36:37","slug":"duvidas-frequentes","status":"publish","type":"page","link":"https:\/\/www3.unicentro.br\/proplan\/projeto-integracao\/duvidas-frequentes\/","title":{"rendered":"D\u00favidas frequentes"},"content":{"rendered":"<div class=\"wpb-content-wrapper\"><p>[vc_row][vc_column][vc_column_text]<\/p>\n<table style=\"height: 653px\" border=\"0\" width=\"921\" cellspacing=\"7\" cellpadding=\"2\">\n<thead>\n<tr>\n<td class=\"p_gray_dotted_bottom\" align=\"center\" width=\"40%\">\n<div class=\"grbx_table_text\"><span style=\"font-family: arial, helvetica, sans-serif\"><b>PERGUNTAS<\/b><\/span><\/div>\n<\/td>\n<td class=\"p_gray_dotted_bottom\" align=\"center\" width=\"60%\">\n<div class=\"grbx_table_text\"><span style=\"font-family: arial, helvetica, sans-serif\"><b>RESPOSTAS<\/b><\/span><\/div>\n<\/td>\n<\/tr>\n<\/thead>\n<tbody>\n<tr>\n<td class=\"p_gray_dotted_bottom\" style=\"text-align: justify\" align=\"center\" width=\"40%\"><span style=\"font-family: arial, helvetica, sans-serif\">Qual o local de funcionamento das oficinas?<\/span><\/td>\n<td class=\"p_gray_dotted_bottom\" style=\"text-align: justify\" align=\"center\" width=\"60%\"><span style=\"font-family: arial, helvetica, sans-serif\">Isso deve ser verificado na Programa\u00e7\u00e3o, pois cada oficina pode ser realizada em um local diferente, de modo a contemplar, em Guarapuava, os p\u00fablicos dos Campi Santa Cruz e Cedeteg. Em Irati dever\u00e3o ocorrer na Sala de Reuni\u00f5es e V\u00eddeoconfer\u00eancia do\u00a0<i>Campus<\/i>.<\/span><\/td>\n<\/tr>\n<tr>\n<td class=\"p_gray_dotted_bottom\" style=\"text-align: justify\" align=\"center\" width=\"40%\"><span style=\"font-family: arial, helvetica, sans-serif\">Quando ser\u00e1 expedido o certificado de participa\u00e7\u00e3o?<\/span><\/td>\n<td class=\"p_gray_dotted_bottom\" style=\"text-align: justify\" align=\"center\" width=\"60%\"><span style=\"font-family: arial, helvetica, sans-serif\">Quando o\/a professor\/a completar o ciclo de participa\u00e7\u00e3o nas oficinas ofertadas pelo Projeto Integra\u00e7\u00e3o.<\/span><\/td>\n<\/tr>\n<tr>\n<td class=\"p_gray_dotted_bottom\" style=\"text-align: justify\" align=\"center\" width=\"40%\"><span style=\"font-family: arial, helvetica, sans-serif\">Se eu perder uma oficina, como devo proceder?<\/span><\/td>\n<td class=\"p_gray_dotted_bottom\" style=\"text-align: justify\" align=\"center\" width=\"60%\"><span style=\"font-family: arial, helvetica, sans-serif\">Participar da oficina na sua pr\u00f3xima oferta. \u00c9 importante que a participa\u00e7\u00e3o ocorra na primeira oportunidade logo ap\u00f3s o ingresso na Unicentro e antes do t\u00e9rmino do est\u00e1gio probat\u00f3rio.<\/span><\/td>\n<\/tr>\n<tr>\n<td class=\"p_gray_dotted_bottom\" style=\"text-align: justify\" align=\"center\" width=\"40%\"><span style=\"font-family: arial, helvetica, sans-serif\">Quantas oficinas o Projeto Integra\u00e7\u00e3o prev\u00ea?<\/span><\/td>\n<td class=\"p_gray_dotted_bottom\" style=\"text-align: justify\" align=\"center\" width=\"60%\"><span style=\"font-family: arial, helvetica, sans-serif\">Inicialmente o Projeto prev\u00ea 6 oficinas.<\/span><\/td>\n<\/tr>\n<tr>\n<td class=\"p_gray_dotted_bottom\" style=\"text-align: justify\" align=\"center\" width=\"40%\"><span style=\"font-family: arial, helvetica, sans-serif\">Qual o hor\u00e1rio de funcionamento das oficinas?<\/span><\/td>\n<td class=\"p_gray_dotted_bottom\" style=\"text-align: justify\" align=\"center\" width=\"60%\"><span style=\"font-family: arial, helvetica, sans-serif\">Neste ano de 2018 as oficinas do Projeto Integra\u00e7\u00e3o: conhecendo a UNICENTRO ser\u00e3o realizadas na Sala dos Conselhos do\u00a0<i>Campus<\/i>\u00a0Santa Cruz com transmiss\u00e3o por v\u00eddeoconfer\u00eancia para o\u00a0<i>Campus\u00a0<\/i>Irati,\u00a0durante os dias da semana no per\u00edodo da tarde, das 13h30 \u00e0s 17h30, conforme programa\u00e7\u00e3o e datas previstas no calend\u00e1rio Universit\u00e1rio.<br \/>\n<\/span><\/td>\n<\/tr>\n<\/tbody>\n<\/table>\n<p>[\/vc_column_text][\/vc_column][\/vc_row]<\/p>\n<\/div>","protected":false},"excerpt":{"rendered":"<p>[vc_row][vc_column][vc_column_text] PERGUNTAS RESPOSTAS Qual o local de funcionamento das oficinas? Isso deve ser verificado na Programa\u00e7\u00e3o, pois cada oficina pode ser realizada em um local diferente, de modo a contemplar, em Guarapuava, os p\u00fablicos dos Campi Santa Cruz e Cedeteg. Em Irati dever\u00e3o ocorrer na Sala de Reuni\u00f5es e V\u00eddeoconfer\u00eancia do\u00a0Campus. Quando ser\u00e1 expedido o [&hellip;]<\/p>\n","protected":false},"author":6,"featured_media":0,"parent":635,"menu_order":0,"comment_status":"closed","ping_status":"closed","template":"","meta":{"_exactmetrics_skip_tracking":false,"_exactmetrics_sitenote_active":false,"_exactmetrics_sitenote_note":"","_exactmetrics_sitenote_category":0,"footnotes":"","_links_to":"","_links_to_target":""},"class_list":["post-734","page","type-page","status-publish","hentry"],"publishpress_future_action":{"enabled":false,"date":"2026-04-18 03:39:44","action":"change-status","newStatus":"draft","terms":[],"taxonomy":"","extraData":[]},"publishpress_future_workflow_manual_trigger":{"enabledWorkflows":[]},"_links":{"self":[{"href":"https:\/\/www3.unicentro.br\/proplan\/wp-json\/wp\/v2\/pages\/734","targetHints":{"allow":["GET"]}}],"collection":[{"href":"https:\/\/www3.unicentro.br\/proplan\/wp-json\/wp\/v2\/pages"}],"about":[{"href":"https:\/\/www3.unicentro.br\/proplan\/wp-json\/wp\/v2\/types\/page"}],"author":[{"embeddable":true,"href":"https:\/\/www3.unicentro.br\/proplan\/wp-json\/wp\/v2\/users\/6"}],"replies":[{"embeddable":true,"href":"https:\/\/www3.unicentro.br\/proplan\/wp-json\/wp\/v2\/comments?post=734"}],"version-history":[{"count":0,"href":"https:\/\/www3.unicentro.br\/proplan\/wp-json\/wp\/v2\/pages\/734\/revisions"}],"up":[{"embeddable":true,"href":"https:\/\/www3.unicentro.br\/proplan\/wp-json\/wp\/v2\/pages\/635"}],"wp:attachment":[{"href":"https:\/\/www3.unicentro.br\/proplan\/wp-json\/wp\/v2\/media?parent=734"}],"curies":[{"name":"wp","href":"https:\/\/api.w.org\/{rel}","templated":true}]}}